{"id":915,"date":"2024-11-04T14:39:41","date_gmt":"2024-11-04T14:39:41","guid":{"rendered":"https:\/\/www.rxbriefcase.com\/product\/being-a-fertility-nurse-a-skills-based-approach\/?courseid="},"modified":"2026-04-13T12:47:01","modified_gmt":"2026-04-13T17:47:01","slug":"etre-infirmiere-en-fertilite-une-approche-basee-sur-les-competences","status":"publish","type":"product","link":"https:\/\/www.rxbriefcase.com\/fr\/product\/being-a-fertility-nurse-a-skills-based-approach\/?courseid=","title":{"rendered":"\u00catre infirmi\u00e8re en fertilit\u00e9 : une approche bas\u00e9e sur les comp\u00e9tences"},"content":{"rendered":"<p>L&#039;infertilit\u00e9 est un probl\u00e8me de sant\u00e9 publique croissant qui touche un couple sur huit et plus de 180 millions de personnes dans le monde. Parmi les traitements de fertilit\u00e9 actuellement disponibles, la f\u00e9condation in vitro (FIV) est la plus efficace et la plus courante, avec plus de 2 millions de cycles de FIV r\u00e9alis\u00e9s chaque ann\u00e9e dans le monde. Dans une clinique de FIV, une infirmi\u00e8re sp\u00e9cialis\u00e9e en fertilit\u00e9 peut \u00eatre impliqu\u00e9e dans divers aspects du champ de pratique de l&#039;\u00e9quipe multidisciplinaire. Cette s\u00e9rie de vid\u00e9os aborde les r\u00f4les et responsabilit\u00e9s des infirmi\u00e8res en FIV, le soutien infirmier des patients dans leur parcours de FIV, les consid\u00e9rations physiques, \u00e9motionnelles et juridiques pour les infirmi\u00e8res en FIV, les r\u00f4les et responsabilit\u00e9s de l&#039;\u00e9quipe multidisciplinaire et les consid\u00e9rations \u00e9thiques en mati\u00e8re de FIV.<\/p>\n<hr>\n<p>Ce programme a re\u00e7u une subvention \u00e9ducative sans restriction ou un soutien en nature d\u2019Organon.<\/p>","protected":false},"excerpt":{"rendered":"<p>Infertility is an increasing public health concern that affects one in eight couples and over 180 million people worldwide. Among currently available fertility treatments, in vitro fertilization (IVF) is the most successful and common with more than 2 million IVF cycles performed globally each year. In an IVF clinic, a fertility nurse may be involved [&hellip;]<\/p>\n","protected":false},"featured_media":0,"comment_status":"open","ping_status":"closed","template":"","meta":{"_acf_changed":false,"inline_featured_image":false},"product_brand":[],"product_cat":[],"product_tag":[],"class_list":{"0":"post-915","1":"product","2":"type-product","3":"status-publish","6":"first","7":"instock","8":"downloadable","9":"virtual","10":"taxable","11":"purchasable","12":"product-type-simple"},"acf":[],"yoast_head":"<!-- This site is optimized with the Yoast SEO plugin v27.2 - https:\/\/yoast.com\/product\/yoast-seo-wordpress\/ -->\n<title>Being a fertility nurse: a skills-based approach - RxBriefCase<\/title>\n<meta name=\"robots\" content=\"noindex, follow\" \/>\n<meta property=\"og:locale\" content=\"fr_CA\" \/>\n<meta property=\"og:type\" content=\"article\" \/>\n<meta property=\"og:title\" content=\"Being a fertility nurse: a skills-based approach - RxBriefCase\" \/>\n<meta property=\"og:description\" content=\"Infertility is an increasing public health concern that affects one in eight couples and over 180 million people worldwide. Among currently available fertility treatments, in vitro fertilization (IVF) is the most successful and common with more than 2 million IVF cycles performed globally each year. In an IVF clinic, a fertility nurse may be involved [&hellip;]\" \/>\n<meta property=\"og:url\" content=\"https:\/\/www.rxbriefcase.com\/fr\/product\/etre-infirmiere-en-fertilite-une-approche-basee-sur-les-competences\/?courseid=\" \/>\n<meta property=\"og:site_name\" content=\"RxBriefCase\" \/>\n<meta property=\"article:modified_time\" content=\"2026-04-13T17:47:01+00:00\" \/>\n<meta name=\"twitter:card\" content=\"summary_large_image\" \/>\n<meta name=\"twitter:label1\" content=\"Est. reading time\" \/>\n\t<meta name=\"twitter:data1\" content=\"1 minute\" \/>\n<script type=\"application\/ld+json\" class=\"yoast-schema-graph\">{\"@context\":\"https:\/\/schema.org\",\"@graph\":[{\"@type\":\"WebPage\",\"@id\":\"https:\/\/www.rxbriefcase.com\/product\/being-a-fertility-nurse-a-skills-based-approach\/?courseid=\",\"url\":\"https:\/\/www.rxbriefcase.com\/product\/being-a-fertility-nurse-a-skills-based-approach\/?courseid=\",\"name\":\"Being a fertility nurse: a skills-based approach - RxBriefCase\",\"isPartOf\":{\"@id\":\"https:\/\/www.rxbriefcase.com\/#website\"},\"datePublished\":\"2024-11-04T14:39:41+00:00\",\"dateModified\":\"2026-04-13T17:47:01+00:00\",\"breadcrumb\":{\"@id\":\"https:\/\/www.rxbriefcase.com\/product\/being-a-fertility-nurse-a-skills-based-approach\/?courseid=#breadcrumb\"},\"inLanguage\":\"fr-CA\",\"potentialAction\":[{\"@type\":\"ReadAction\",\"target\":[\"https:\/\/www.rxbriefcase.com\/product\/being-a-fertility-nurse-a-skills-based-approach\/?courseid=\"]}]},{\"@type\":\"BreadcrumbList\",\"@id\":\"https:\/\/www.rxbriefcase.com\/product\/being-a-fertility-nurse-a-skills-based-approach\/?courseid=#breadcrumb\",\"itemListElement\":[{\"@type\":\"ListItem\",\"position\":1,\"name\":\"Home\",\"item\":\"https:\/\/www.rxbriefcase.com\/\"},{\"@type\":\"ListItem\",\"position\":2,\"name\":\"Shop\",\"item\":\"https:\/\/www.rxbriefcase.com\/shop\/\"},{\"@type\":\"ListItem\",\"position\":3,\"name\":\"Being a fertility nurse: a skills-based approach\"}]},{\"@type\":\"WebSite\",\"@id\":\"https:\/\/www.rxbriefcase.com\/#website\",\"url\":\"https:\/\/www.rxbriefcase.com\/\",\"name\":\"RxBriefCase\",\"description\":\"\",\"publisher\":{\"@id\":\"https:\/\/www.rxbriefcase.com\/#organization\"},\"potentialAction\":[{\"@type\":\"SearchAction\",\"target\":{\"@type\":\"EntryPoint\",\"urlTemplate\":\"https:\/\/www.rxbriefcase.com\/?s={search_term_string}\"},\"query-input\":{\"@type\":\"PropertyValueSpecification\",\"valueRequired\":true,\"valueName\":\"search_term_string\"}}],\"inLanguage\":\"fr-CA\"},{\"@type\":\"Organization\",\"@id\":\"https:\/\/www.rxbriefcase.com\/#organization\",\"name\":\"RxBriefCase\",\"url\":\"https:\/\/www.rxbriefcase.com\/\",\"logo\":{\"@type\":\"ImageObject\",\"inLanguage\":\"fr-CA\",\"@id\":\"https:\/\/www.rxbriefcase.com\/#\/schema\/logo\/image\/\",\"url\":\"https:\/\/www.rxbriefcase.com\/wp-content\/uploads\/2024\/07\/logo.webp\",\"contentUrl\":\"https:\/\/www.rxbriefcase.com\/wp-content\/uploads\/2024\/07\/logo.webp\",\"width\":190,\"height\":36,\"caption\":\"RxBriefCase\"},\"image\":{\"@id\":\"https:\/\/www.rxbriefcase.com\/#\/schema\/logo\/image\/\"}}]}<\/script>\n<!-- \/ Yoast SEO plugin. -->","yoast_head_json":{"title":"\u00catre infirmi\u00e8re en fertilit\u00e9 : une approche bas\u00e9e sur les comp\u00e9tences - RxBriefCase","robots":{"index":"noindex","follow":"follow"},"og_locale":"fr_CA","og_type":"article","og_title":"Being a fertility nurse: a skills-based approach - RxBriefCase","og_description":"Infertility is an increasing public health concern that affects one in eight couples and over 180 million people worldwide. Among currently available fertility treatments, in vitro fertilization (IVF) is the most successful and common with more than 2 million IVF cycles performed globally each year. In an IVF clinic, a fertility nurse may be involved [&hellip;]","og_url":"https:\/\/www.rxbriefcase.com\/fr\/product\/etre-infirmiere-en-fertilite-une-approche-basee-sur-les-competences\/?courseid=","og_site_name":"RxBriefCase","article_modified_time":"2026-04-13T17:47:01+00:00","twitter_card":"summary_large_image","twitter_misc":{"Est. reading time":"1 minute"},"schema":{"@context":"https:\/\/schema.org","@graph":[{"@type":"WebPage","@id":"https:\/\/www.rxbriefcase.com\/product\/being-a-fertility-nurse-a-skills-based-approach\/?courseid=","url":"https:\/\/www.rxbriefcase.com\/product\/being-a-fertility-nurse-a-skills-based-approach\/?courseid=","name":"\u00catre infirmi\u00e8re en fertilit\u00e9 : une approche bas\u00e9e sur les comp\u00e9tences - RxBriefCase","isPartOf":{"@id":"https:\/\/www.rxbriefcase.com\/#website"},"datePublished":"2024-11-04T14:39:41+00:00","dateModified":"2026-04-13T17:47:01+00:00","breadcrumb":{"@id":"https:\/\/www.rxbriefcase.com\/product\/being-a-fertility-nurse-a-skills-based-approach\/?courseid=#breadcrumb"},"inLanguage":"fr-CA","potentialAction":[{"@type":"ReadAction","target":["https:\/\/www.rxbriefcase.com\/product\/being-a-fertility-nurse-a-skills-based-approach\/?courseid="]}]},{"@type":"BreadcrumbList","@id":"https:\/\/www.rxbriefcase.com\/product\/being-a-fertility-nurse-a-skills-based-approach\/?courseid=#breadcrumb","itemListElement":[{"@type":"ListItem","position":1,"name":"Home","item":"https:\/\/www.rxbriefcase.com\/"},{"@type":"ListItem","position":2,"name":"Shop","item":"https:\/\/www.rxbriefcase.com\/shop\/"},{"@type":"ListItem","position":3,"name":"Being a fertility nurse: a skills-based approach"}]},{"@type":"WebSite","@id":"https:\/\/www.rxbriefcase.com\/#website","url":"https:\/\/www.rxbriefcase.com\/","name":"Mallette Rx","description":"","publisher":{"@id":"https:\/\/www.rxbriefcase.com\/#organization"},"potentialAction":[{"@type":"SearchAction","target":{"@type":"EntryPoint","urlTemplate":"https:\/\/www.rxbriefcase.com\/?s={search_term_string}"},"query-input":{"@type":"PropertyValueSpecification","valueRequired":true,"valueName":"search_term_string"}}],"inLanguage":"fr-CA"},{"@type":"Organization","@id":"https:\/\/www.rxbriefcase.com\/#organization","name":"Mallette Rx","url":"https:\/\/www.rxbriefcase.com\/","logo":{"@type":"ImageObject","inLanguage":"fr-CA","@id":"https:\/\/www.rxbriefcase.com\/#\/schema\/logo\/image\/","url":"https:\/\/www.rxbriefcase.com\/wp-content\/uploads\/2024\/07\/logo.webp","contentUrl":"https:\/\/www.rxbriefcase.com\/wp-content\/uploads\/2024\/07\/logo.webp","width":190,"height":36,"caption":"RxBriefCase"},"image":{"@id":"https:\/\/www.rxbriefcase.com\/#\/schema\/logo\/image\/"}}]}},"_links":{"self":[{"href":"https:\/\/www.rxbriefcase.com\/fr\/wp-json\/wp\/v2\/product\/915","targetHints":{"allow":["GET"]}}],"collection":[{"href":"https:\/\/www.rxbriefcase.com\/fr\/wp-json\/wp\/v2\/product"}],"about":[{"href":"https:\/\/www.rxbriefcase.com\/fr\/wp-json\/wp\/v2\/types\/product"}],"replies":[{"embeddable":true,"href":"https:\/\/www.rxbriefcase.com\/fr\/wp-json\/wp\/v2\/comments?post=915"}],"wp:attachment":[{"href":"https:\/\/www.rxbriefcase.com\/fr\/wp-json\/wp\/v2\/media?parent=915"}],"wp:term":[{"taxonomy":"product_brand","embeddable":true,"href":"https:\/\/www.rxbriefcase.com\/fr\/wp-json\/wp\/v2\/product_brand?post=915"},{"taxonomy":"product_cat","embeddable":true,"href":"https:\/\/www.rxbriefcase.com\/fr\/wp-json\/wp\/v2\/product_cat?post=915"},{"taxonomy":"product_tag","embeddable":true,"href":"https:\/\/www.rxbriefcase.com\/fr\/wp-json\/wp\/v2\/product_tag?post=915"}],"curies":[{"name":"wp","href":"https:\/\/api.w.org\/{rel}","templated":true}]}}