{"id":8160,"date":"2025-06-03T23:34:08","date_gmt":"2025-06-04T04:34:08","guid":{"rendered":"https:\/\/www.rxbriefcase.com\/product\/de-symptomes-en-solutions-nouvelles-strategies-pour-composer-avec-le-syndrome-genito-urinaire-de-la-menopause\/?courseid="},"modified":"2026-04-13T12:47:13","modified_gmt":"2026-04-13T17:47:13","slug":"de-symptomes-en-solutions-nouvelles-strategies-pour-composer-avec-le-syndrome-genito-urinaire-de-la-menopause","status":"publish","type":"product","link":"https:\/\/www.rxbriefcase.com\/fr\/product\/de-symptomes-en-solutions-nouvelles-strategies-pour-composer-avec-le-syndrome-genito-urinaire-de-la-menopause\/?courseid=","title":{"rendered":"De sympt\u00f4mes en solutions : Nouvelles strat\u00e9gies pour composer avec le syndrome g\u00e9nito-urinaire de la m\u00e9nopause"},"content":{"rendered":"<p dir=\"ltr\" style=\"text-align: left\">Le syndrome g\u00e9nito-urinaire de la m\u00e9nopause (SGUM) affecte jusqu\u2019\u00e0 80 % des femmes post-m\u00e9nopaus\u00e9es. Il se manifeste par une gamme de sympt\u00f4mes vulvo-vaginaux qui peuvent avoir un impact d\u00e9l\u00e9t\u00e8re notable sur la qualit\u00e9 de vie, la sant\u00e9 sexuelle et le bien-\u00eatre en g\u00e9n\u00e9ral. En d\u00e9pit de sa grande pr\u00e9valence, le SGUM et les sympt\u00f4mes qui s\u2019y associent demeurent souvent sous-diagnostiqu\u00e9s et sous-trait\u00e9s. Ce programme de formation a pour but de sensibiliser les prestataires de soins de sant\u00e9 sur l\u2019influence des hormones sur la sant\u00e9 vulvovaginale, et leur donner des renseignements complets sur le SGUM. Il leur fournit des conseils pratiques sur la prise en charge tant hormonale que non-hormonale des sympt\u00f4mes vulvovaginaux, incluant deux traitements efficaces r\u00e9cemment approuv\u00e9s par Sant\u00e9 Canada : la prast\u00e9rone, un pr\u00e9curseur inactif d\u2019hormones sexuelles qui p\u00e9n\u00e8tre dans les cellules vaginales, et l\u2019osp\u00e9mif\u00e8ne, un modulateur s\u00e9lectif des r\u00e9cepteurs aux \u0153strog\u00e8nes (MSRE). Apr\u00e8s avoir compl\u00e9t\u00e9 cette formation, les participants seront en possession des outils n\u00e9cessaires pour am\u00e9liorer les r\u00e9sultats pour leurs patientes, gr\u00e2ce \u00e0 la reconnaissance du SGUM en temps opportun et la mise en \u0153uvre d\u2019une intervention appropri\u00e9e.<\/p>\n<hr>\n<p>Ce programme a re\u00e7u le soutien financier de Lupin Pharma Canada sous la forme d&#8217;une subvention \u00e9ducative sans restriction.<\/p>","protected":false},"excerpt":{"rendered":"<p>Le syndrome g\u00e9nito-urinaire de la m\u00e9nopause (SGUM) affecte jusqu\u2019\u00e0 80 % des femmes post-m\u00e9nopaus\u00e9es. Il se manifeste par une gamme de sympt\u00f4mes vulvo-vaginaux qui peuvent avoir un impact d\u00e9l\u00e9t\u00e8re notable sur la qualit\u00e9 de vie, la sant\u00e9 sexuelle et le bien-\u00eatre en g\u00e9n\u00e9ral. En d\u00e9pit de sa grande pr\u00e9valence, le SGUM et les sympt\u00f4mes qui [&hellip;]<\/p>\n","protected":false},"featured_media":0,"comment_status":"closed","ping_status":"closed","template":"","meta":{"_acf_changed":false,"inline_featured_image":false},"product_brand":[],"product_cat":[],"product_tag":[],"class_list":{"0":"post-8160","1":"product","2":"type-product","3":"status-publish","6":"first","7":"instock","8":"downloadable","9":"virtual","10":"taxable","11":"purchasable","12":"product-type-simple"},"acf":[],"yoast_head":"<!-- This site is optimized with the Yoast SEO plugin v27.2 - https:\/\/yoast.com\/product\/yoast-seo-wordpress\/ -->\n<title>De sympt\u00f4mes en solutions : Nouvelles strat\u00e9gies pour composer avec le syndrome g\u00e9nito-urinaire de la m\u00e9nopause - RxBriefCase<\/title>\n<meta name=\"robots\" content=\"noindex, follow\" \/>\n<meta property=\"og:locale\" content=\"fr_CA\" \/>\n<meta property=\"og:type\" content=\"article\" \/>\n<meta property=\"og:title\" content=\"De sympt\u00f4mes en solutions : Nouvelles strat\u00e9gies pour composer avec le syndrome g\u00e9nito-urinaire de la m\u00e9nopause - RxBriefCase\" \/>\n<meta property=\"og:description\" content=\"Le syndrome g\u00e9nito-urinaire de la m\u00e9nopause (SGUM) affecte jusqu\u2019\u00e0 80 % des femmes post-m\u00e9nopaus\u00e9es. Il se manifeste par une gamme de sympt\u00f4mes vulvo-vaginaux qui peuvent avoir un impact d\u00e9l\u00e9t\u00e8re notable sur la qualit\u00e9 de vie, la sant\u00e9 sexuelle et le bien-\u00eatre en g\u00e9n\u00e9ral. En d\u00e9pit de sa grande pr\u00e9valence, le SGUM et les sympt\u00f4mes qui [&hellip;]\" \/>\n<meta property=\"og:url\" content=\"https:\/\/www.rxbriefcase.com\/fr\/product\/de-symptomes-en-solutions-nouvelles-strategies-pour-composer-avec-le-syndrome-genito-urinaire-de-la-menopause\/?courseid=\" \/>\n<meta property=\"og:site_name\" content=\"RxBriefCase\" \/>\n<meta property=\"article:modified_time\" content=\"2026-04-13T17:47:13+00:00\" \/>\n<meta name=\"twitter:card\" content=\"summary_large_image\" \/>\n<meta name=\"twitter:label1\" content=\"Est. reading time\" \/>\n\t<meta name=\"twitter:data1\" content=\"1 minute\" \/>\n<script type=\"application\/ld+json\" class=\"yoast-schema-graph\">{\"@context\":\"https:\/\/schema.org\",\"@graph\":[{\"@type\":\"WebPage\",\"@id\":\"https:\/\/www.rxbriefcase.com\/product\/de-symptomes-en-solutions-nouvelles-strategies-pour-composer-avec-le-syndrome-genito-urinaire-de-la-menopause\/?courseid=\",\"url\":\"https:\/\/www.rxbriefcase.com\/product\/de-symptomes-en-solutions-nouvelles-strategies-pour-composer-avec-le-syndrome-genito-urinaire-de-la-menopause\/?courseid=\",\"name\":\"De sympt\u00f4mes en solutions : Nouvelles strat\u00e9gies pour composer avec le syndrome g\u00e9nito-urinaire de la m\u00e9nopause - RxBriefCase\",\"isPartOf\":{\"@id\":\"https:\/\/www.rxbriefcase.com\/#website\"},\"datePublished\":\"2025-06-04T04:34:08+00:00\",\"dateModified\":\"2026-04-13T17:47:13+00:00\",\"breadcrumb\":{\"@id\":\"https:\/\/www.rxbriefcase.com\/product\/de-symptomes-en-solutions-nouvelles-strategies-pour-composer-avec-le-syndrome-genito-urinaire-de-la-menopause\/?courseid=#breadcrumb\"},\"inLanguage\":\"fr-CA\",\"potentialAction\":[{\"@type\":\"ReadAction\",\"target\":[\"https:\/\/www.rxbriefcase.com\/product\/de-symptomes-en-solutions-nouvelles-strategies-pour-composer-avec-le-syndrome-genito-urinaire-de-la-menopause\/?courseid=\"]}]},{\"@type\":\"BreadcrumbList\",\"@id\":\"https:\/\/www.rxbriefcase.com\/product\/de-symptomes-en-solutions-nouvelles-strategies-pour-composer-avec-le-syndrome-genito-urinaire-de-la-menopause\/?courseid=#breadcrumb\",\"itemListElement\":[{\"@type\":\"ListItem\",\"position\":1,\"name\":\"Home\",\"item\":\"https:\/\/www.rxbriefcase.com\/\"},{\"@type\":\"ListItem\",\"position\":2,\"name\":\"Shop\",\"item\":\"https:\/\/www.rxbriefcase.com\/shop\/\"},{\"@type\":\"ListItem\",\"position\":3,\"name\":\"De sympt\u00f4mes en solutions : Nouvelles strat\u00e9gies pour composer avec le syndrome g\u00e9nito-urinaire de la m\u00e9nopause\"}]},{\"@type\":\"WebSite\",\"@id\":\"https:\/\/www.rxbriefcase.com\/#website\",\"url\":\"https:\/\/www.rxbriefcase.com\/\",\"name\":\"RxBriefCase\",\"description\":\"\",\"publisher\":{\"@id\":\"https:\/\/www.rxbriefcase.com\/#organization\"},\"potentialAction\":[{\"@type\":\"SearchAction\",\"target\":{\"@type\":\"EntryPoint\",\"urlTemplate\":\"https:\/\/www.rxbriefcase.com\/?s={search_term_string}\"},\"query-input\":{\"@type\":\"PropertyValueSpecification\",\"valueRequired\":true,\"valueName\":\"search_term_string\"}}],\"inLanguage\":\"fr-CA\"},{\"@type\":\"Organization\",\"@id\":\"https:\/\/www.rxbriefcase.com\/#organization\",\"name\":\"RxBriefCase\",\"url\":\"https:\/\/www.rxbriefcase.com\/\",\"logo\":{\"@type\":\"ImageObject\",\"inLanguage\":\"fr-CA\",\"@id\":\"https:\/\/www.rxbriefcase.com\/#\/schema\/logo\/image\/\",\"url\":\"https:\/\/www.rxbriefcase.com\/wp-content\/uploads\/2024\/07\/logo.webp\",\"contentUrl\":\"https:\/\/www.rxbriefcase.com\/wp-content\/uploads\/2024\/07\/logo.webp\",\"width\":190,\"height\":36,\"caption\":\"RxBriefCase\"},\"image\":{\"@id\":\"https:\/\/www.rxbriefcase.com\/#\/schema\/logo\/image\/\"}}]}<\/script>\n<!-- \/ Yoast SEO plugin. -->","yoast_head_json":{"title":"De sympt\u00f4mes en solutions : Nouvelles strat\u00e9gies pour composer avec le syndrome g\u00e9nito-urinaire de la m\u00e9nopause - RxBriefCase","robots":{"index":"noindex","follow":"follow"},"og_locale":"fr_CA","og_type":"article","og_title":"De sympt\u00f4mes en solutions : Nouvelles strat\u00e9gies pour composer avec le syndrome g\u00e9nito-urinaire de la m\u00e9nopause - RxBriefCase","og_description":"Le syndrome g\u00e9nito-urinaire de la m\u00e9nopause (SGUM) affecte jusqu\u2019\u00e0 80 % des femmes post-m\u00e9nopaus\u00e9es. Il se manifeste par une gamme de sympt\u00f4mes vulvo-vaginaux qui peuvent avoir un impact d\u00e9l\u00e9t\u00e8re notable sur la qualit\u00e9 de vie, la sant\u00e9 sexuelle et le bien-\u00eatre en g\u00e9n\u00e9ral. En d\u00e9pit de sa grande pr\u00e9valence, le SGUM et les sympt\u00f4mes qui [&hellip;]","og_url":"https:\/\/www.rxbriefcase.com\/fr\/product\/de-symptomes-en-solutions-nouvelles-strategies-pour-composer-avec-le-syndrome-genito-urinaire-de-la-menopause\/?courseid=","og_site_name":"RxBriefCase","article_modified_time":"2026-04-13T17:47:13+00:00","twitter_card":"summary_large_image","twitter_misc":{"Est. reading time":"1 minute"},"schema":{"@context":"https:\/\/schema.org","@graph":[{"@type":"WebPage","@id":"https:\/\/www.rxbriefcase.com\/product\/de-symptomes-en-solutions-nouvelles-strategies-pour-composer-avec-le-syndrome-genito-urinaire-de-la-menopause\/?courseid=","url":"https:\/\/www.rxbriefcase.com\/product\/de-symptomes-en-solutions-nouvelles-strategies-pour-composer-avec-le-syndrome-genito-urinaire-de-la-menopause\/?courseid=","name":"De sympt\u00f4mes en solutions : Nouvelles strat\u00e9gies pour composer avec le syndrome g\u00e9nito-urinaire de la m\u00e9nopause - RxBriefCase","isPartOf":{"@id":"https:\/\/www.rxbriefcase.com\/#website"},"datePublished":"2025-06-04T04:34:08+00:00","dateModified":"2026-04-13T17:47:13+00:00","breadcrumb":{"@id":"https:\/\/www.rxbriefcase.com\/product\/de-symptomes-en-solutions-nouvelles-strategies-pour-composer-avec-le-syndrome-genito-urinaire-de-la-menopause\/?courseid=#breadcrumb"},"inLanguage":"fr-CA","potentialAction":[{"@type":"ReadAction","target":["https:\/\/www.rxbriefcase.com\/product\/de-symptomes-en-solutions-nouvelles-strategies-pour-composer-avec-le-syndrome-genito-urinaire-de-la-menopause\/?courseid="]}]},{"@type":"BreadcrumbList","@id":"https:\/\/www.rxbriefcase.com\/product\/de-symptomes-en-solutions-nouvelles-strategies-pour-composer-avec-le-syndrome-genito-urinaire-de-la-menopause\/?courseid=#breadcrumb","itemListElement":[{"@type":"ListItem","position":1,"name":"Home","item":"https:\/\/www.rxbriefcase.com\/"},{"@type":"ListItem","position":2,"name":"Shop","item":"https:\/\/www.rxbriefcase.com\/shop\/"},{"@type":"ListItem","position":3,"name":"De sympt\u00f4mes en solutions : Nouvelles strat\u00e9gies pour composer avec le syndrome g\u00e9nito-urinaire de la m\u00e9nopause"}]},{"@type":"WebSite","@id":"https:\/\/www.rxbriefcase.com\/#website","url":"https:\/\/www.rxbriefcase.com\/","name":"Mallette Rx","description":"","publisher":{"@id":"https:\/\/www.rxbriefcase.com\/#organization"},"potentialAction":[{"@type":"SearchAction","target":{"@type":"EntryPoint","urlTemplate":"https:\/\/www.rxbriefcase.com\/?s={search_term_string}"},"query-input":{"@type":"PropertyValueSpecification","valueRequired":true,"valueName":"search_term_string"}}],"inLanguage":"fr-CA"},{"@type":"Organization","@id":"https:\/\/www.rxbriefcase.com\/#organization","name":"Mallette Rx","url":"https:\/\/www.rxbriefcase.com\/","logo":{"@type":"ImageObject","inLanguage":"fr-CA","@id":"https:\/\/www.rxbriefcase.com\/#\/schema\/logo\/image\/","url":"https:\/\/www.rxbriefcase.com\/wp-content\/uploads\/2024\/07\/logo.webp","contentUrl":"https:\/\/www.rxbriefcase.com\/wp-content\/uploads\/2024\/07\/logo.webp","width":190,"height":36,"caption":"RxBriefCase"},"image":{"@id":"https:\/\/www.rxbriefcase.com\/#\/schema\/logo\/image\/"}}]}},"_links":{"self":[{"href":"https:\/\/www.rxbriefcase.com\/fr\/wp-json\/wp\/v2\/product\/8160","targetHints":{"allow":["GET"]}}],"collection":[{"href":"https:\/\/www.rxbriefcase.com\/fr\/wp-json\/wp\/v2\/product"}],"about":[{"href":"https:\/\/www.rxbriefcase.com\/fr\/wp-json\/wp\/v2\/types\/product"}],"replies":[{"embeddable":true,"href":"https:\/\/www.rxbriefcase.com\/fr\/wp-json\/wp\/v2\/comments?post=8160"}],"wp:attachment":[{"href":"https:\/\/www.rxbriefcase.com\/fr\/wp-json\/wp\/v2\/media?parent=8160"}],"wp:term":[{"taxonomy":"product_brand","embeddable":true,"href":"https:\/\/www.rxbriefcase.com\/fr\/wp-json\/wp\/v2\/product_brand?post=8160"},{"taxonomy":"product_cat","embeddable":true,"href":"https:\/\/www.rxbriefcase.com\/fr\/wp-json\/wp\/v2\/product_cat?post=8160"},{"taxonomy":"product_tag","embeddable":true,"href":"https:\/\/www.rxbriefcase.com\/fr\/wp-json\/wp\/v2\/product_tag?post=8160"}],"curies":[{"name":"wp","href":"https:\/\/api.w.org\/{rel}","templated":true}]}}