{"id":8158,"date":"2025-06-03T23:34:08","date_gmt":"2025-06-04T04:34:08","guid":{"rendered":"https:\/\/www.rxbriefcase.com\/product\/combattre-la-grippe-chez-les-adultes-plus-ages-grace-aux-donnees-cliniques-et-aux-vaccins\/?courseid="},"modified":"2026-04-13T12:47:12","modified_gmt":"2026-04-13T17:47:12","slug":"combattre-la-grippe-chez-les-adultes-plus-ages-grace-aux-donnees-cliniques-et-aux-vaccins","status":"publish","type":"product","link":"https:\/\/www.rxbriefcase.com\/fr\/product\/combattre-la-grippe-chez-les-adultes-plus-ages-grace-aux-donnees-cliniques-et-aux-vaccins\/?courseid=","title":{"rendered":"Combattre la grippe chez les adultes plus \u00e2g\u00e9s gr\u00e2ce aux donn\u00e9es cliniques et aux vaccins"},"content":{"rendered":"<p dir=\"ltr\" style=\"text-align: left\">La grippe repr\u00e9sente une menace importante pour les canadiens \u00e2g\u00e9s de 65 ans et plus, car ce groupe constitue la majorit\u00e9 des personnes hospitalis\u00e9es, admises aux soins intensifs et d\u00e9c\u00e9d\u00e9es en raison du virus de l\u2019influenza. La vaccination contre la grippe est essentielle parmi ce groupe d\u2019\u00e2ge, car elle renforce la r\u00e9ponse immunitaire contre le virus et r\u00e9duit la probabilit\u00e9 de maladie grave, d\u2019hospitalisation et de d\u00e9c\u00e8s. En raison de leur risque accru face \u00e0 ce virus, les adultes \u00e2g\u00e9s de 65 ans et plus sont prioritaires pour recevoir un vaccin antigrippal. Les vaccins inactiv\u00e9s \u00e0 haute dose, avec adjuvant ou recombinants sont recommand\u00e9s de pr\u00e9f\u00e9rence pour cette population. Le pr\u00e9sent programme de formation pr\u00e9sente les informations essentielles au sujet des vaccins qui sont indiqu\u00e9s pour les adultes plus \u00e2g\u00e9s; il passe en revue les donn\u00e9es probantes \u00e0 l\u2019appui de leur utilisation pr\u00e9f\u00e9rentielle et il aborde la question de l\u2019administration de vaccins antigrippaux en concomitance avec d\u2019autres vaccins.&nbsp;<\/p>\n<hr>\n<p>Ce programme a b\u00e9n\u00e9fici\u00e9 d\u2019un soutien financier de la part de Sanofi sous forme d\u2019une bourse \u00e0 vis\u00e9e \u00e9ducative sans restriction.&nbsp;<\/p>","protected":false},"excerpt":{"rendered":"<p>La grippe repr\u00e9sente une menace importante pour les canadiens \u00e2g\u00e9s de 65 ans et plus, car ce groupe constitue la majorit\u00e9 des personnes hospitalis\u00e9es, admises aux soins intensifs et d\u00e9c\u00e9d\u00e9es en raison du virus de l\u2019influenza. La vaccination contre la grippe est essentielle parmi ce groupe d\u2019\u00e2ge, car elle renforce la r\u00e9ponse immunitaire contre le [&hellip;]<\/p>\n","protected":false},"featured_media":0,"comment_status":"closed","ping_status":"closed","template":"","meta":{"_acf_changed":false,"inline_featured_image":false},"product_brand":[],"product_cat":[],"product_tag":[],"class_list":{"0":"post-8158","1":"product","2":"type-product","3":"status-publish","6":"first","7":"instock","8":"downloadable","9":"virtual","10":"taxable","11":"purchasable","12":"product-type-simple"},"acf":[],"yoast_head":"<!-- This site is optimized with the Yoast SEO plugin v27.2 - https:\/\/yoast.com\/product\/yoast-seo-wordpress\/ -->\n<title>Combattre la grippe chez les adultes plus \u00e2g\u00e9s gr\u00e2ce aux donn\u00e9es cliniques et aux vaccins - RxBriefCase<\/title>\n<meta name=\"robots\" content=\"noindex, follow\" \/>\n<meta property=\"og:locale\" content=\"fr_CA\" \/>\n<meta property=\"og:type\" content=\"article\" \/>\n<meta property=\"og:title\" content=\"Combattre la grippe chez les adultes plus \u00e2g\u00e9s gr\u00e2ce aux donn\u00e9es cliniques et aux vaccins - RxBriefCase\" \/>\n<meta property=\"og:description\" content=\"La grippe repr\u00e9sente une menace importante pour les canadiens \u00e2g\u00e9s de 65 ans et plus, car ce groupe constitue la majorit\u00e9 des personnes hospitalis\u00e9es, admises aux soins intensifs et d\u00e9c\u00e9d\u00e9es en raison du virus de l\u2019influenza. La vaccination contre la grippe est essentielle parmi ce groupe d\u2019\u00e2ge, car elle renforce la r\u00e9ponse immunitaire contre le [&hellip;]\" \/>\n<meta property=\"og:url\" content=\"https:\/\/www.rxbriefcase.com\/fr\/product\/combattre-la-grippe-chez-les-adultes-plus-ages-grace-aux-donnees-cliniques-et-aux-vaccins\/?courseid=\" \/>\n<meta property=\"og:site_name\" content=\"RxBriefCase\" \/>\n<meta property=\"article:modified_time\" content=\"2026-04-13T17:47:12+00:00\" \/>\n<meta name=\"twitter:card\" content=\"summary_large_image\" \/>\n<meta name=\"twitter:label1\" content=\"Est. reading time\" \/>\n\t<meta name=\"twitter:data1\" content=\"1 minute\" \/>\n<script type=\"application\/ld+json\" class=\"yoast-schema-graph\">{\"@context\":\"https:\/\/schema.org\",\"@graph\":[{\"@type\":\"WebPage\",\"@id\":\"https:\/\/www.rxbriefcase.com\/product\/combattre-la-grippe-chez-les-adultes-plus-ages-grace-aux-donnees-cliniques-et-aux-vaccins\/?courseid=\",\"url\":\"https:\/\/www.rxbriefcase.com\/product\/combattre-la-grippe-chez-les-adultes-plus-ages-grace-aux-donnees-cliniques-et-aux-vaccins\/?courseid=\",\"name\":\"Combattre la grippe chez les adultes plus \u00e2g\u00e9s gr\u00e2ce aux donn\u00e9es cliniques et aux vaccins - RxBriefCase\",\"isPartOf\":{\"@id\":\"https:\/\/www.rxbriefcase.com\/#website\"},\"datePublished\":\"2025-06-04T04:34:08+00:00\",\"dateModified\":\"2026-04-13T17:47:12+00:00\",\"breadcrumb\":{\"@id\":\"https:\/\/www.rxbriefcase.com\/product\/combattre-la-grippe-chez-les-adultes-plus-ages-grace-aux-donnees-cliniques-et-aux-vaccins\/?courseid=#breadcrumb\"},\"inLanguage\":\"fr-CA\",\"potentialAction\":[{\"@type\":\"ReadAction\",\"target\":[\"https:\/\/www.rxbriefcase.com\/product\/combattre-la-grippe-chez-les-adultes-plus-ages-grace-aux-donnees-cliniques-et-aux-vaccins\/?courseid=\"]}]},{\"@type\":\"BreadcrumbList\",\"@id\":\"https:\/\/www.rxbriefcase.com\/product\/combattre-la-grippe-chez-les-adultes-plus-ages-grace-aux-donnees-cliniques-et-aux-vaccins\/?courseid=#breadcrumb\",\"itemListElement\":[{\"@type\":\"ListItem\",\"position\":1,\"name\":\"Home\",\"item\":\"https:\/\/www.rxbriefcase.com\/\"},{\"@type\":\"ListItem\",\"position\":2,\"name\":\"Shop\",\"item\":\"https:\/\/www.rxbriefcase.com\/shop\/\"},{\"@type\":\"ListItem\",\"position\":3,\"name\":\"Combattre la grippe chez les adultes plus \u00e2g\u00e9s gr\u00e2ce aux donn\u00e9es cliniques et aux vaccins\"}]},{\"@type\":\"WebSite\",\"@id\":\"https:\/\/www.rxbriefcase.com\/#website\",\"url\":\"https:\/\/www.rxbriefcase.com\/\",\"name\":\"RxBriefCase\",\"description\":\"\",\"publisher\":{\"@id\":\"https:\/\/www.rxbriefcase.com\/#organization\"},\"potentialAction\":[{\"@type\":\"SearchAction\",\"target\":{\"@type\":\"EntryPoint\",\"urlTemplate\":\"https:\/\/www.rxbriefcase.com\/?s={search_term_string}\"},\"query-input\":{\"@type\":\"PropertyValueSpecification\",\"valueRequired\":true,\"valueName\":\"search_term_string\"}}],\"inLanguage\":\"fr-CA\"},{\"@type\":\"Organization\",\"@id\":\"https:\/\/www.rxbriefcase.com\/#organization\",\"name\":\"RxBriefCase\",\"url\":\"https:\/\/www.rxbriefcase.com\/\",\"logo\":{\"@type\":\"ImageObject\",\"inLanguage\":\"fr-CA\",\"@id\":\"https:\/\/www.rxbriefcase.com\/#\/schema\/logo\/image\/\",\"url\":\"https:\/\/www.rxbriefcase.com\/wp-content\/uploads\/2024\/07\/logo.webp\",\"contentUrl\":\"https:\/\/www.rxbriefcase.com\/wp-content\/uploads\/2024\/07\/logo.webp\",\"width\":190,\"height\":36,\"caption\":\"RxBriefCase\"},\"image\":{\"@id\":\"https:\/\/www.rxbriefcase.com\/#\/schema\/logo\/image\/\"}}]}<\/script>\n<!-- \/ Yoast SEO plugin. -->","yoast_head_json":{"title":"Combattre la grippe chez les adultes plus \u00e2g\u00e9s gr\u00e2ce aux donn\u00e9es cliniques et aux vaccins - RxBriefCase","robots":{"index":"noindex","follow":"follow"},"og_locale":"fr_CA","og_type":"article","og_title":"Combattre la grippe chez les adultes plus \u00e2g\u00e9s gr\u00e2ce aux donn\u00e9es cliniques et aux vaccins - RxBriefCase","og_description":"La grippe repr\u00e9sente une menace importante pour les canadiens \u00e2g\u00e9s de 65 ans et plus, car ce groupe constitue la majorit\u00e9 des personnes hospitalis\u00e9es, admises aux soins intensifs et d\u00e9c\u00e9d\u00e9es en raison du virus de l\u2019influenza. La vaccination contre la grippe est essentielle parmi ce groupe d\u2019\u00e2ge, car elle renforce la r\u00e9ponse immunitaire contre le [&hellip;]","og_url":"https:\/\/www.rxbriefcase.com\/fr\/product\/combattre-la-grippe-chez-les-adultes-plus-ages-grace-aux-donnees-cliniques-et-aux-vaccins\/?courseid=","og_site_name":"RxBriefCase","article_modified_time":"2026-04-13T17:47:12+00:00","twitter_card":"summary_large_image","twitter_misc":{"Est. reading time":"1 minute"},"schema":{"@context":"https:\/\/schema.org","@graph":[{"@type":"WebPage","@id":"https:\/\/www.rxbriefcase.com\/product\/combattre-la-grippe-chez-les-adultes-plus-ages-grace-aux-donnees-cliniques-et-aux-vaccins\/?courseid=","url":"https:\/\/www.rxbriefcase.com\/product\/combattre-la-grippe-chez-les-adultes-plus-ages-grace-aux-donnees-cliniques-et-aux-vaccins\/?courseid=","name":"Combattre la grippe chez les adultes plus \u00e2g\u00e9s gr\u00e2ce aux donn\u00e9es cliniques et aux vaccins - RxBriefCase","isPartOf":{"@id":"https:\/\/www.rxbriefcase.com\/#website"},"datePublished":"2025-06-04T04:34:08+00:00","dateModified":"2026-04-13T17:47:12+00:00","breadcrumb":{"@id":"https:\/\/www.rxbriefcase.com\/product\/combattre-la-grippe-chez-les-adultes-plus-ages-grace-aux-donnees-cliniques-et-aux-vaccins\/?courseid=#breadcrumb"},"inLanguage":"fr-CA","potentialAction":[{"@type":"ReadAction","target":["https:\/\/www.rxbriefcase.com\/product\/combattre-la-grippe-chez-les-adultes-plus-ages-grace-aux-donnees-cliniques-et-aux-vaccins\/?courseid="]}]},{"@type":"BreadcrumbList","@id":"https:\/\/www.rxbriefcase.com\/product\/combattre-la-grippe-chez-les-adultes-plus-ages-grace-aux-donnees-cliniques-et-aux-vaccins\/?courseid=#breadcrumb","itemListElement":[{"@type":"ListItem","position":1,"name":"Home","item":"https:\/\/www.rxbriefcase.com\/"},{"@type":"ListItem","position":2,"name":"Shop","item":"https:\/\/www.rxbriefcase.com\/shop\/"},{"@type":"ListItem","position":3,"name":"Combattre la grippe chez les adultes plus \u00e2g\u00e9s gr\u00e2ce aux donn\u00e9es cliniques et aux vaccins"}]},{"@type":"WebSite","@id":"https:\/\/www.rxbriefcase.com\/#website","url":"https:\/\/www.rxbriefcase.com\/","name":"Mallette Rx","description":"","publisher":{"@id":"https:\/\/www.rxbriefcase.com\/#organization"},"potentialAction":[{"@type":"SearchAction","target":{"@type":"EntryPoint","urlTemplate":"https:\/\/www.rxbriefcase.com\/?s={search_term_string}"},"query-input":{"@type":"PropertyValueSpecification","valueRequired":true,"valueName":"search_term_string"}}],"inLanguage":"fr-CA"},{"@type":"Organization","@id":"https:\/\/www.rxbriefcase.com\/#organization","name":"Mallette Rx","url":"https:\/\/www.rxbriefcase.com\/","logo":{"@type":"ImageObject","inLanguage":"fr-CA","@id":"https:\/\/www.rxbriefcase.com\/#\/schema\/logo\/image\/","url":"https:\/\/www.rxbriefcase.com\/wp-content\/uploads\/2024\/07\/logo.webp","contentUrl":"https:\/\/www.rxbriefcase.com\/wp-content\/uploads\/2024\/07\/logo.webp","width":190,"height":36,"caption":"RxBriefCase"},"image":{"@id":"https:\/\/www.rxbriefcase.com\/#\/schema\/logo\/image\/"}}]}},"_links":{"self":[{"href":"https:\/\/www.rxbriefcase.com\/fr\/wp-json\/wp\/v2\/product\/8158","targetHints":{"allow":["GET"]}}],"collection":[{"href":"https:\/\/www.rxbriefcase.com\/fr\/wp-json\/wp\/v2\/product"}],"about":[{"href":"https:\/\/www.rxbriefcase.com\/fr\/wp-json\/wp\/v2\/types\/product"}],"replies":[{"embeddable":true,"href":"https:\/\/www.rxbriefcase.com\/fr\/wp-json\/wp\/v2\/comments?post=8158"}],"wp:attachment":[{"href":"https:\/\/www.rxbriefcase.com\/fr\/wp-json\/wp\/v2\/media?parent=8158"}],"wp:term":[{"taxonomy":"product_brand","embeddable":true,"href":"https:\/\/www.rxbriefcase.com\/fr\/wp-json\/wp\/v2\/product_brand?post=8158"},{"taxonomy":"product_cat","embeddable":true,"href":"https:\/\/www.rxbriefcase.com\/fr\/wp-json\/wp\/v2\/product_cat?post=8158"},{"taxonomy":"product_tag","embeddable":true,"href":"https:\/\/www.rxbriefcase.com\/fr\/wp-json\/wp\/v2\/product_tag?post=8158"}],"curies":[{"name":"wp","href":"https:\/\/api.w.org\/{rel}","templated":true}]}}