{"id":8154,"date":"2025-06-03T23:34:07","date_gmt":"2025-06-04T04:34:07","guid":{"rendered":"https:\/\/www.rxbriefcase.com\/product\/composer-avec-lacromegalie-pratiques-exemplaires-en-contexte-de-soins-primaires\/?courseid="},"modified":"2026-05-04T11:38:03","modified_gmt":"2026-05-04T16:38:03","slug":"composer-avec-lacromegalie-pratiques-exemplaires-en-contexte-de-soins-primaires","status":"publish","type":"product","link":"https:\/\/www.rxbriefcase.com\/fr\/product\/composer-avec-lacromegalie-pratiques-exemplaires-en-contexte-de-soins-primaires\/?courseid=","title":{"rendered":"Composer avec l&#8217;acrom\u00e9galie : Pratiques exemplaires en contexte de soins primaires"},"content":{"rendered":"<p>L\u2019acrom\u00e9galie est une maladie rare qui se manifeste par des sympt\u00f4mes courants. Toutefois, si elle n\u2019est pas diagnostiqu\u00e9e, elle peut entra\u00eener des complications graves et le d\u00e9c\u00e8s pr\u00e9matur\u00e9. Le pr\u00e9sent programme de prise en charge de la sant\u00e9 des patients permettra aux m\u00e9decins d\u2019approfondir leurs connaissances pratiques pour d\u00e9tecter t\u00f4t l\u2019acrom\u00e9galie, r\u00e9duire le plus possible l\u2019\u00e9cart diagnostique et, ce faisant, prescrire un traitement pr\u00e9coce et am\u00e9liorer la qualit\u00e9 de vie des patients.  <\/p>\n<hr>\n<p>Ce programme de formation a \u00e9t\u00e9 produit gr\u00e2ce au soutien financier de <span id=\"selection-marker-1\" class=\"redactor-selection-marker\"><\/span>Ipsen Biopharmaceuticals sous forme de subvention \u00e0 l\u2019\u00e9ducation.<\/p>","protected":false},"excerpt":{"rendered":"<p>L\u2019acrom\u00e9galie est une maladie rare qui se manifeste par des sympt\u00f4mes courants. Toutefois, si elle n\u2019est pas diagnostiqu\u00e9e, elle peut entra\u00eener des complications graves et le d\u00e9c\u00e8s pr\u00e9matur\u00e9. Le pr\u00e9sent programme de prise en charge de la sant\u00e9 des patients permettra aux m\u00e9decins d\u2019approfondir leurs connaissances pratiques pour d\u00e9tecter t\u00f4t l\u2019acrom\u00e9galie, r\u00e9duire le plus possible [&hellip;]<\/p>\n","protected":false},"featured_media":0,"comment_status":"closed","ping_status":"closed","template":"","meta":{"_acf_changed":false,"inline_featured_image":false},"product_brand":[],"product_cat":[],"product_tag":[],"class_list":{"0":"post-8154","1":"product","2":"type-product","3":"status-publish","6":"first","7":"instock","8":"downloadable","9":"virtual","10":"taxable","11":"purchasable","12":"product-type-simple"},"acf":[],"yoast_head":"<!-- This site is optimized with the Yoast SEO plugin v27.2 - https:\/\/yoast.com\/product\/yoast-seo-wordpress\/ -->\n<title>Composer avec l&#039;acrom\u00e9galie : Pratiques exemplaires en contexte de soins primaires - RxBriefCase<\/title>\n<meta name=\"robots\" content=\"noindex, follow\" \/>\n<meta property=\"og:locale\" content=\"fr_CA\" \/>\n<meta property=\"og:type\" content=\"article\" \/>\n<meta property=\"og:title\" content=\"Composer avec l&#039;acrom\u00e9galie : Pratiques exemplaires en contexte de soins primaires - RxBriefCase\" \/>\n<meta property=\"og:description\" content=\"L\u2019acrom\u00e9galie est une maladie rare qui se manifeste par des sympt\u00f4mes courants. Toutefois, si elle n\u2019est pas diagnostiqu\u00e9e, elle peut entra\u00eener des complications graves et le d\u00e9c\u00e8s pr\u00e9matur\u00e9. Le pr\u00e9sent programme de prise en charge de la sant\u00e9 des patients permettra aux m\u00e9decins d\u2019approfondir leurs connaissances pratiques pour d\u00e9tecter t\u00f4t l\u2019acrom\u00e9galie, r\u00e9duire le plus possible [&hellip;]\" \/>\n<meta property=\"og:url\" content=\"https:\/\/www.rxbriefcase.com\/fr\/product\/composer-avec-lacromegalie-pratiques-exemplaires-en-contexte-de-soins-primaires\/?courseid=\" \/>\n<meta property=\"og:site_name\" content=\"RxBriefCase\" \/>\n<meta property=\"article:modified_time\" content=\"2026-05-04T16:38:03+00:00\" \/>\n<meta name=\"twitter:card\" content=\"summary_large_image\" \/>\n<meta name=\"twitter:label1\" content=\"Est. reading time\" \/>\n\t<meta name=\"twitter:data1\" content=\"1 minute\" \/>\n<script type=\"application\/ld+json\" class=\"yoast-schema-graph\">{\"@context\":\"https:\/\/schema.org\",\"@graph\":[{\"@type\":\"WebPage\",\"@id\":\"https:\/\/www.rxbriefcase.com\/product\/composer-avec-lacromegalie-pratiques-exemplaires-en-contexte-de-soins-primaires\/?courseid=\",\"url\":\"https:\/\/www.rxbriefcase.com\/product\/composer-avec-lacromegalie-pratiques-exemplaires-en-contexte-de-soins-primaires\/?courseid=\",\"name\":\"Composer avec l'acrom\u00e9galie : Pratiques exemplaires en contexte de soins primaires - RxBriefCase\",\"isPartOf\":{\"@id\":\"https:\/\/www.rxbriefcase.com\/#website\"},\"datePublished\":\"2025-06-04T04:34:07+00:00\",\"dateModified\":\"2026-05-04T16:38:03+00:00\",\"breadcrumb\":{\"@id\":\"https:\/\/www.rxbriefcase.com\/product\/composer-avec-lacromegalie-pratiques-exemplaires-en-contexte-de-soins-primaires\/?courseid=#breadcrumb\"},\"inLanguage\":\"fr-CA\",\"potentialAction\":[{\"@type\":\"ReadAction\",\"target\":[\"https:\/\/www.rxbriefcase.com\/product\/composer-avec-lacromegalie-pratiques-exemplaires-en-contexte-de-soins-primaires\/?courseid=\"]}]},{\"@type\":\"BreadcrumbList\",\"@id\":\"https:\/\/www.rxbriefcase.com\/product\/composer-avec-lacromegalie-pratiques-exemplaires-en-contexte-de-soins-primaires\/?courseid=#breadcrumb\",\"itemListElement\":[{\"@type\":\"ListItem\",\"position\":1,\"name\":\"Home\",\"item\":\"https:\/\/www.rxbriefcase.com\/\"},{\"@type\":\"ListItem\",\"position\":2,\"name\":\"Shop\",\"item\":\"https:\/\/www.rxbriefcase.com\/shop\/\"},{\"@type\":\"ListItem\",\"position\":3,\"name\":\"Composer avec l&#8217;acrom\u00e9galie : Pratiques exemplaires en contexte de soins primaires\"}]},{\"@type\":\"WebSite\",\"@id\":\"https:\/\/www.rxbriefcase.com\/#website\",\"url\":\"https:\/\/www.rxbriefcase.com\/\",\"name\":\"RxBriefCase\",\"description\":\"\",\"publisher\":{\"@id\":\"https:\/\/www.rxbriefcase.com\/#organization\"},\"potentialAction\":[{\"@type\":\"SearchAction\",\"target\":{\"@type\":\"EntryPoint\",\"urlTemplate\":\"https:\/\/www.rxbriefcase.com\/?s={search_term_string}\"},\"query-input\":{\"@type\":\"PropertyValueSpecification\",\"valueRequired\":true,\"valueName\":\"search_term_string\"}}],\"inLanguage\":\"fr-CA\"},{\"@type\":\"Organization\",\"@id\":\"https:\/\/www.rxbriefcase.com\/#organization\",\"name\":\"RxBriefCase\",\"url\":\"https:\/\/www.rxbriefcase.com\/\",\"logo\":{\"@type\":\"ImageObject\",\"inLanguage\":\"fr-CA\",\"@id\":\"https:\/\/www.rxbriefcase.com\/#\/schema\/logo\/image\/\",\"url\":\"https:\/\/www.rxbriefcase.com\/wp-content\/uploads\/2024\/07\/logo.webp\",\"contentUrl\":\"https:\/\/www.rxbriefcase.com\/wp-content\/uploads\/2024\/07\/logo.webp\",\"width\":190,\"height\":36,\"caption\":\"RxBriefCase\"},\"image\":{\"@id\":\"https:\/\/www.rxbriefcase.com\/#\/schema\/logo\/image\/\"}}]}<\/script>\n<!-- \/ Yoast SEO plugin. -->","yoast_head_json":{"title":"Composer avec l'acrom\u00e9galie : Pratiques exemplaires en contexte de soins primaires - RxBriefCase","robots":{"index":"noindex","follow":"follow"},"og_locale":"fr_CA","og_type":"article","og_title":"Composer avec l'acrom\u00e9galie : Pratiques exemplaires en contexte de soins primaires - RxBriefCase","og_description":"L\u2019acrom\u00e9galie est une maladie rare qui se manifeste par des sympt\u00f4mes courants. Toutefois, si elle n\u2019est pas diagnostiqu\u00e9e, elle peut entra\u00eener des complications graves et le d\u00e9c\u00e8s pr\u00e9matur\u00e9. Le pr\u00e9sent programme de prise en charge de la sant\u00e9 des patients permettra aux m\u00e9decins d\u2019approfondir leurs connaissances pratiques pour d\u00e9tecter t\u00f4t l\u2019acrom\u00e9galie, r\u00e9duire le plus possible [&hellip;]","og_url":"https:\/\/www.rxbriefcase.com\/fr\/product\/composer-avec-lacromegalie-pratiques-exemplaires-en-contexte-de-soins-primaires\/?courseid=","og_site_name":"RxBriefCase","article_modified_time":"2026-05-04T16:38:03+00:00","twitter_card":"summary_large_image","twitter_misc":{"Est. reading time":"1 minute"},"schema":{"@context":"https:\/\/schema.org","@graph":[{"@type":"WebPage","@id":"https:\/\/www.rxbriefcase.com\/product\/composer-avec-lacromegalie-pratiques-exemplaires-en-contexte-de-soins-primaires\/?courseid=","url":"https:\/\/www.rxbriefcase.com\/product\/composer-avec-lacromegalie-pratiques-exemplaires-en-contexte-de-soins-primaires\/?courseid=","name":"Composer avec l'acrom\u00e9galie : Pratiques exemplaires en contexte de soins primaires - RxBriefCase","isPartOf":{"@id":"https:\/\/www.rxbriefcase.com\/#website"},"datePublished":"2025-06-04T04:34:07+00:00","dateModified":"2026-05-04T16:38:03+00:00","breadcrumb":{"@id":"https:\/\/www.rxbriefcase.com\/product\/composer-avec-lacromegalie-pratiques-exemplaires-en-contexte-de-soins-primaires\/?courseid=#breadcrumb"},"inLanguage":"fr-CA","potentialAction":[{"@type":"ReadAction","target":["https:\/\/www.rxbriefcase.com\/product\/composer-avec-lacromegalie-pratiques-exemplaires-en-contexte-de-soins-primaires\/?courseid="]}]},{"@type":"BreadcrumbList","@id":"https:\/\/www.rxbriefcase.com\/product\/composer-avec-lacromegalie-pratiques-exemplaires-en-contexte-de-soins-primaires\/?courseid=#breadcrumb","itemListElement":[{"@type":"ListItem","position":1,"name":"Home","item":"https:\/\/www.rxbriefcase.com\/"},{"@type":"ListItem","position":2,"name":"Shop","item":"https:\/\/www.rxbriefcase.com\/shop\/"},{"@type":"ListItem","position":3,"name":"Composer avec l&#8217;acrom\u00e9galie : Pratiques exemplaires en contexte de soins primaires"}]},{"@type":"WebSite","@id":"https:\/\/www.rxbriefcase.com\/#website","url":"https:\/\/www.rxbriefcase.com\/","name":"Mallette Rx","description":"","publisher":{"@id":"https:\/\/www.rxbriefcase.com\/#organization"},"potentialAction":[{"@type":"SearchAction","target":{"@type":"EntryPoint","urlTemplate":"https:\/\/www.rxbriefcase.com\/?s={search_term_string}"},"query-input":{"@type":"PropertyValueSpecification","valueRequired":true,"valueName":"search_term_string"}}],"inLanguage":"fr-CA"},{"@type":"Organization","@id":"https:\/\/www.rxbriefcase.com\/#organization","name":"Mallette Rx","url":"https:\/\/www.rxbriefcase.com\/","logo":{"@type":"ImageObject","inLanguage":"fr-CA","@id":"https:\/\/www.rxbriefcase.com\/#\/schema\/logo\/image\/","url":"https:\/\/www.rxbriefcase.com\/wp-content\/uploads\/2024\/07\/logo.webp","contentUrl":"https:\/\/www.rxbriefcase.com\/wp-content\/uploads\/2024\/07\/logo.webp","width":190,"height":36,"caption":"RxBriefCase"},"image":{"@id":"https:\/\/www.rxbriefcase.com\/#\/schema\/logo\/image\/"}}]}},"_links":{"self":[{"href":"https:\/\/www.rxbriefcase.com\/fr\/wp-json\/wp\/v2\/product\/8154","targetHints":{"allow":["GET"]}}],"collection":[{"href":"https:\/\/www.rxbriefcase.com\/fr\/wp-json\/wp\/v2\/product"}],"about":[{"href":"https:\/\/www.rxbriefcase.com\/fr\/wp-json\/wp\/v2\/types\/product"}],"replies":[{"embeddable":true,"href":"https:\/\/www.rxbriefcase.com\/fr\/wp-json\/wp\/v2\/comments?post=8154"}],"wp:attachment":[{"href":"https:\/\/www.rxbriefcase.com\/fr\/wp-json\/wp\/v2\/media?parent=8154"}],"wp:term":[{"taxonomy":"product_brand","embeddable":true,"href":"https:\/\/www.rxbriefcase.com\/fr\/wp-json\/wp\/v2\/product_brand?post=8154"},{"taxonomy":"product_cat","embeddable":true,"href":"https:\/\/www.rxbriefcase.com\/fr\/wp-json\/wp\/v2\/product_cat?post=8154"},{"taxonomy":"product_tag","embeddable":true,"href":"https:\/\/www.rxbriefcase.com\/fr\/wp-json\/wp\/v2\/product_tag?post=8154"}],"curies":[{"name":"wp","href":"https:\/\/api.w.org\/{rel}","templated":true}]}}