{"id":8150,"date":"2025-06-03T23:34:06","date_gmt":"2025-06-04T04:34:06","guid":{"rendered":"https:\/\/www.rxbriefcase.com\/product\/prevention-du-vrs-pour-tous-les-nourrissons\/?courseid="},"modified":"2026-05-04T11:38:03","modified_gmt":"2026-05-04T16:38:03","slug":"prevention-du-vrs-pour-tous-les-nourrissons","status":"publish","type":"product","link":"https:\/\/www.rxbriefcase.com\/fr\/product\/prevention-du-vrs-pour-tous-les-nourrissons\/?courseid=","title":{"rendered":"Pr\u00e9vention du VRS pour tous les nourrissons"},"content":{"rendered":"<p>Le virus respiratoire syncytial (VRS) est un des virus respiratoires les plus courants chez les nourrissons et les jeunes enfants; presque tous les enfants auront contract\u00e9 ce virus avant l\u2019\u00e2ge de deux ans. En raison du nombre croissant de consultations en service d\u2019urgence dans les \u00e9tablissements de soins de sant\u00e9 au cours des derni\u00e8res ann\u00e9es, et de l\u2019\u00e9mergence de nouvelles souches virales comme celles causant la COVID-19, le besoin de fait sentir de prot\u00e9ger tous les nouveau-n\u00e9s et nourrissons contre la maladie grave caus\u00e9e par l\u2019infection au VRS. En 2023, deux nouveaux produits ont \u00e9t\u00e9 autoris\u00e9s par Sant\u00e9 Canada pour un usage en programme d\u2019immunisation contre le VRS&nbsp;: le nirs\u00e9vimab, un anticorps monoclonal \u00e0 longue dur\u00e9e d\u2019action, et le RSVpreF, un vaccin maternel. L\u2019INESSS recommande d\u2019inclure le nirs\u00e9vimab sur la liste des produits d\u2019immunoprophylaxie contre le VRS pour tous les nouveau-n\u00e9s et nourrissons \u00e2g\u00e9s de 8 mois et moins, ainsi que pour la population d\u2019enfants qui reste vuln\u00e9rable et susceptible de contracter une maladie grave durant leur deuxi\u00e8me saison VRS.\n<\/p>\n<hr>\n<p>Ce programme a re\u00e7u une subvention \u00e9ducative ou un soutien en nature de Sanofi.<\/p>","protected":false},"excerpt":{"rendered":"<p>Le virus respiratoire syncytial (VRS) est un des virus respiratoires les plus courants chez les nourrissons et les jeunes enfants; presque tous les enfants auront contract\u00e9 ce virus avant l\u2019\u00e2ge de deux ans. En raison du nombre croissant de consultations en service d\u2019urgence dans les \u00e9tablissements de soins de sant\u00e9 au cours des derni\u00e8res ann\u00e9es, [&hellip;]<\/p>\n","protected":false},"featured_media":0,"comment_status":"closed","ping_status":"closed","template":"","meta":{"_acf_changed":false,"inline_featured_image":false},"product_brand":[],"product_cat":[],"product_tag":[],"class_list":{"0":"post-8150","1":"product","2":"type-product","3":"status-publish","6":"first","7":"instock","8":"downloadable","9":"virtual","10":"taxable","11":"purchasable","12":"product-type-simple"},"acf":[],"yoast_head":"<!-- This site is optimized with the Yoast SEO plugin v27.2 - https:\/\/yoast.com\/product\/yoast-seo-wordpress\/ -->\n<title>Pr\u00e9vention du VRS pour tous les nourrissons - RxBriefCase<\/title>\n<meta name=\"robots\" content=\"noindex, follow\" \/>\n<meta property=\"og:locale\" content=\"fr_CA\" \/>\n<meta property=\"og:type\" content=\"article\" \/>\n<meta property=\"og:title\" content=\"Pr\u00e9vention du VRS pour tous les nourrissons - RxBriefCase\" \/>\n<meta property=\"og:description\" content=\"Le virus respiratoire syncytial (VRS) est un des virus respiratoires les plus courants chez les nourrissons et les jeunes enfants; presque tous les enfants auront contract\u00e9 ce virus avant l\u2019\u00e2ge de deux ans. En raison du nombre croissant de consultations en service d\u2019urgence dans les \u00e9tablissements de soins de sant\u00e9 au cours des derni\u00e8res ann\u00e9es, [&hellip;]\" \/>\n<meta property=\"og:url\" content=\"https:\/\/www.rxbriefcase.com\/fr\/product\/prevention-du-vrs-pour-tous-les-nourrissons\/?courseid=\" \/>\n<meta property=\"og:site_name\" content=\"RxBriefCase\" \/>\n<meta property=\"article:modified_time\" content=\"2026-05-04T16:38:03+00:00\" \/>\n<meta name=\"twitter:card\" content=\"summary_large_image\" \/>\n<meta name=\"twitter:label1\" content=\"Est. reading time\" \/>\n\t<meta name=\"twitter:data1\" content=\"1 minute\" \/>\n<script type=\"application\/ld+json\" class=\"yoast-schema-graph\">{\"@context\":\"https:\/\/schema.org\",\"@graph\":[{\"@type\":\"WebPage\",\"@id\":\"https:\/\/www.rxbriefcase.com\/product\/prevention-du-vrs-pour-tous-les-nourrissons\/?courseid=\",\"url\":\"https:\/\/www.rxbriefcase.com\/product\/prevention-du-vrs-pour-tous-les-nourrissons\/?courseid=\",\"name\":\"Pr\u00e9vention du VRS pour tous les nourrissons - RxBriefCase\",\"isPartOf\":{\"@id\":\"https:\/\/www.rxbriefcase.com\/#website\"},\"datePublished\":\"2025-06-04T04:34:06+00:00\",\"dateModified\":\"2026-05-04T16:38:03+00:00\",\"breadcrumb\":{\"@id\":\"https:\/\/www.rxbriefcase.com\/product\/prevention-du-vrs-pour-tous-les-nourrissons\/?courseid=#breadcrumb\"},\"inLanguage\":\"fr-CA\",\"potentialAction\":[{\"@type\":\"ReadAction\",\"target\":[\"https:\/\/www.rxbriefcase.com\/product\/prevention-du-vrs-pour-tous-les-nourrissons\/?courseid=\"]}]},{\"@type\":\"BreadcrumbList\",\"@id\":\"https:\/\/www.rxbriefcase.com\/product\/prevention-du-vrs-pour-tous-les-nourrissons\/?courseid=#breadcrumb\",\"itemListElement\":[{\"@type\":\"ListItem\",\"position\":1,\"name\":\"Home\",\"item\":\"https:\/\/www.rxbriefcase.com\/\"},{\"@type\":\"ListItem\",\"position\":2,\"name\":\"Shop\",\"item\":\"https:\/\/www.rxbriefcase.com\/shop\/\"},{\"@type\":\"ListItem\",\"position\":3,\"name\":\"Pr\u00e9vention du VRS pour tous les nourrissons\"}]},{\"@type\":\"WebSite\",\"@id\":\"https:\/\/www.rxbriefcase.com\/#website\",\"url\":\"https:\/\/www.rxbriefcase.com\/\",\"name\":\"RxBriefCase\",\"description\":\"\",\"publisher\":{\"@id\":\"https:\/\/www.rxbriefcase.com\/#organization\"},\"potentialAction\":[{\"@type\":\"SearchAction\",\"target\":{\"@type\":\"EntryPoint\",\"urlTemplate\":\"https:\/\/www.rxbriefcase.com\/?s={search_term_string}\"},\"query-input\":{\"@type\":\"PropertyValueSpecification\",\"valueRequired\":true,\"valueName\":\"search_term_string\"}}],\"inLanguage\":\"fr-CA\"},{\"@type\":\"Organization\",\"@id\":\"https:\/\/www.rxbriefcase.com\/#organization\",\"name\":\"RxBriefCase\",\"url\":\"https:\/\/www.rxbriefcase.com\/\",\"logo\":{\"@type\":\"ImageObject\",\"inLanguage\":\"fr-CA\",\"@id\":\"https:\/\/www.rxbriefcase.com\/#\/schema\/logo\/image\/\",\"url\":\"https:\/\/www.rxbriefcase.com\/wp-content\/uploads\/2024\/07\/logo.webp\",\"contentUrl\":\"https:\/\/www.rxbriefcase.com\/wp-content\/uploads\/2024\/07\/logo.webp\",\"width\":190,\"height\":36,\"caption\":\"RxBriefCase\"},\"image\":{\"@id\":\"https:\/\/www.rxbriefcase.com\/#\/schema\/logo\/image\/\"}}]}<\/script>\n<!-- \/ Yoast SEO plugin. -->","yoast_head_json":{"title":"Pr\u00e9vention du VRS pour tous les nourrissons - RxBriefCase","robots":{"index":"noindex","follow":"follow"},"og_locale":"fr_CA","og_type":"article","og_title":"Pr\u00e9vention du VRS pour tous les nourrissons - RxBriefCase","og_description":"Le virus respiratoire syncytial (VRS) est un des virus respiratoires les plus courants chez les nourrissons et les jeunes enfants; presque tous les enfants auront contract\u00e9 ce virus avant l\u2019\u00e2ge de deux ans. En raison du nombre croissant de consultations en service d\u2019urgence dans les \u00e9tablissements de soins de sant\u00e9 au cours des derni\u00e8res ann\u00e9es, [&hellip;]","og_url":"https:\/\/www.rxbriefcase.com\/fr\/product\/prevention-du-vrs-pour-tous-les-nourrissons\/?courseid=","og_site_name":"RxBriefCase","article_modified_time":"2026-05-04T16:38:03+00:00","twitter_card":"summary_large_image","twitter_misc":{"Est. reading time":"1 minute"},"schema":{"@context":"https:\/\/schema.org","@graph":[{"@type":"WebPage","@id":"https:\/\/www.rxbriefcase.com\/product\/prevention-du-vrs-pour-tous-les-nourrissons\/?courseid=","url":"https:\/\/www.rxbriefcase.com\/product\/prevention-du-vrs-pour-tous-les-nourrissons\/?courseid=","name":"Pr\u00e9vention du VRS pour tous les nourrissons - RxBriefCase","isPartOf":{"@id":"https:\/\/www.rxbriefcase.com\/#website"},"datePublished":"2025-06-04T04:34:06+00:00","dateModified":"2026-05-04T16:38:03+00:00","breadcrumb":{"@id":"https:\/\/www.rxbriefcase.com\/product\/prevention-du-vrs-pour-tous-les-nourrissons\/?courseid=#breadcrumb"},"inLanguage":"fr-CA","potentialAction":[{"@type":"ReadAction","target":["https:\/\/www.rxbriefcase.com\/product\/prevention-du-vrs-pour-tous-les-nourrissons\/?courseid="]}]},{"@type":"BreadcrumbList","@id":"https:\/\/www.rxbriefcase.com\/product\/prevention-du-vrs-pour-tous-les-nourrissons\/?courseid=#breadcrumb","itemListElement":[{"@type":"ListItem","position":1,"name":"Home","item":"https:\/\/www.rxbriefcase.com\/"},{"@type":"ListItem","position":2,"name":"Shop","item":"https:\/\/www.rxbriefcase.com\/shop\/"},{"@type":"ListItem","position":3,"name":"Pr\u00e9vention du VRS pour tous les nourrissons"}]},{"@type":"WebSite","@id":"https:\/\/www.rxbriefcase.com\/#website","url":"https:\/\/www.rxbriefcase.com\/","name":"Mallette Rx","description":"","publisher":{"@id":"https:\/\/www.rxbriefcase.com\/#organization"},"potentialAction":[{"@type":"SearchAction","target":{"@type":"EntryPoint","urlTemplate":"https:\/\/www.rxbriefcase.com\/?s={search_term_string}"},"query-input":{"@type":"PropertyValueSpecification","valueRequired":true,"valueName":"search_term_string"}}],"inLanguage":"fr-CA"},{"@type":"Organization","@id":"https:\/\/www.rxbriefcase.com\/#organization","name":"Mallette Rx","url":"https:\/\/www.rxbriefcase.com\/","logo":{"@type":"ImageObject","inLanguage":"fr-CA","@id":"https:\/\/www.rxbriefcase.com\/#\/schema\/logo\/image\/","url":"https:\/\/www.rxbriefcase.com\/wp-content\/uploads\/2024\/07\/logo.webp","contentUrl":"https:\/\/www.rxbriefcase.com\/wp-content\/uploads\/2024\/07\/logo.webp","width":190,"height":36,"caption":"RxBriefCase"},"image":{"@id":"https:\/\/www.rxbriefcase.com\/#\/schema\/logo\/image\/"}}]}},"_links":{"self":[{"href":"https:\/\/www.rxbriefcase.com\/fr\/wp-json\/wp\/v2\/product\/8150","targetHints":{"allow":["GET"]}}],"collection":[{"href":"https:\/\/www.rxbriefcase.com\/fr\/wp-json\/wp\/v2\/product"}],"about":[{"href":"https:\/\/www.rxbriefcase.com\/fr\/wp-json\/wp\/v2\/types\/product"}],"replies":[{"embeddable":true,"href":"https:\/\/www.rxbriefcase.com\/fr\/wp-json\/wp\/v2\/comments?post=8150"}],"wp:attachment":[{"href":"https:\/\/www.rxbriefcase.com\/fr\/wp-json\/wp\/v2\/media?parent=8150"}],"wp:term":[{"taxonomy":"product_brand","embeddable":true,"href":"https:\/\/www.rxbriefcase.com\/fr\/wp-json\/wp\/v2\/product_brand?post=8150"},{"taxonomy":"product_cat","embeddable":true,"href":"https:\/\/www.rxbriefcase.com\/fr\/wp-json\/wp\/v2\/product_cat?post=8150"},{"taxonomy":"product_tag","embeddable":true,"href":"https:\/\/www.rxbriefcase.com\/fr\/wp-json\/wp\/v2\/product_tag?post=8150"}],"curies":[{"name":"wp","href":"https:\/\/api.w.org\/{rel}","templated":true}]}}