{"id":8142,"date":"2025-06-03T23:34:04","date_gmt":"2025-06-04T04:34:04","guid":{"rendered":"https:\/\/www.rxbriefcase.com\/product\/traitement-des-affections-communes-en-pharmacie-communautaire-une-approche-collaborative-de-soins\/?courseid="},"modified":"2026-05-04T11:38:01","modified_gmt":"2026-05-04T16:38:01","slug":"traitement-des-affections-communes-en-pharmacie-communautaire-une-approche-collaborative-de-soins","status":"publish","type":"product","link":"https:\/\/www.rxbriefcase.com\/fr\/product\/traitement-des-affections-communes-en-pharmacie-communautaire-une-approche-collaborative-de-soins\/?courseid=","title":{"rendered":"Traitement des affections communes en pharmacie communautaire : Une approche collaborative de soins"},"content":{"rendered":"<p>Ce programme de formation m\u00e9dicale continue de 30 minutes a re\u00e7u l\u2019agr\u00e9ment du CCCEP et s\u2019adresse aux pharmaciens et autres professionnels de la sant\u00e9 canadiens. Il a pour but d\u2019offrir un enseignement sur l\u2019\u00e9largissement du champ d\u2019exercice des pharmaciens \u00e0 travers le Canada, avec une emphase particuli\u00e8re sur les consid\u00e9rations pratiques pour la prise en charge des affections communes. Ce programme offre un aper\u00e7u d\u00e9taill\u00e9 de l\u2019\u00e9volution du r\u00f4le des pharmaciens dans les soins prodigu\u00e9s aux patients, des strat\u00e9gies pratiques pour traiter les affections communes et les \u00e9tapes \u00e0 prendre pour int\u00e9grer le traitement des affections communes dans votre pratique clinique.<\/p>","protected":false},"excerpt":{"rendered":"<p>Ce programme de formation m\u00e9dicale continue de 30 minutes a re\u00e7u l\u2019agr\u00e9ment du CCCEP et s\u2019adresse aux pharmaciens et autres professionnels de la sant\u00e9 canadiens. Il a pour but d\u2019offrir un enseignement sur l\u2019\u00e9largissement du champ d\u2019exercice des pharmaciens \u00e0 travers le Canada, avec une emphase particuli\u00e8re sur les consid\u00e9rations pratiques pour la prise en [&hellip;]<\/p>\n","protected":false},"featured_media":0,"comment_status":"closed","ping_status":"closed","template":"","meta":{"_acf_changed":false,"inline_featured_image":false},"product_brand":[],"product_cat":[],"product_tag":[],"class_list":{"0":"post-8142","1":"product","2":"type-product","3":"status-publish","6":"first","7":"instock","8":"downloadable","9":"virtual","10":"taxable","11":"purchasable","12":"product-type-simple"},"acf":[],"yoast_head":"<!-- This site is optimized with the Yoast SEO plugin v27.2 - https:\/\/yoast.com\/product\/yoast-seo-wordpress\/ -->\n<title>Traitement des affections communes en pharmacie communautaire : Une approche collaborative de soins - RxBriefCase<\/title>\n<meta name=\"robots\" content=\"noindex, follow\" \/>\n<meta property=\"og:locale\" content=\"fr_CA\" \/>\n<meta property=\"og:type\" content=\"article\" \/>\n<meta property=\"og:title\" content=\"Traitement des affections communes en pharmacie communautaire : Une approche collaborative de soins - RxBriefCase\" \/>\n<meta property=\"og:description\" content=\"Ce programme de formation m\u00e9dicale continue de 30 minutes a re\u00e7u l\u2019agr\u00e9ment du CCCEP et s\u2019adresse aux pharmaciens et autres professionnels de la sant\u00e9 canadiens. Il a pour but d\u2019offrir un enseignement sur l\u2019\u00e9largissement du champ d\u2019exercice des pharmaciens \u00e0 travers le Canada, avec une emphase particuli\u00e8re sur les consid\u00e9rations pratiques pour la prise en [&hellip;]\" \/>\n<meta property=\"og:url\" content=\"https:\/\/www.rxbriefcase.com\/fr\/product\/traitement-des-affections-communes-en-pharmacie-communautaire-une-approche-collaborative-de-soins\/?courseid=\" \/>\n<meta property=\"og:site_name\" content=\"RxBriefCase\" \/>\n<meta property=\"article:modified_time\" content=\"2026-05-04T16:38:01+00:00\" \/>\n<meta name=\"twitter:card\" content=\"summary_large_image\" \/>\n<meta name=\"twitter:label1\" content=\"Est. reading time\" \/>\n\t<meta name=\"twitter:data1\" content=\"1 minute\" \/>\n<script type=\"application\/ld+json\" class=\"yoast-schema-graph\">{\"@context\":\"https:\/\/schema.org\",\"@graph\":[{\"@type\":\"WebPage\",\"@id\":\"https:\/\/www.rxbriefcase.com\/product\/traitement-des-affections-communes-en-pharmacie-communautaire-une-approche-collaborative-de-soins\/?courseid=\",\"url\":\"https:\/\/www.rxbriefcase.com\/product\/traitement-des-affections-communes-en-pharmacie-communautaire-une-approche-collaborative-de-soins\/?courseid=\",\"name\":\"Traitement des affections communes en pharmacie communautaire : Une approche collaborative de soins - RxBriefCase\",\"isPartOf\":{\"@id\":\"https:\/\/www.rxbriefcase.com\/#website\"},\"datePublished\":\"2025-06-04T04:34:04+00:00\",\"dateModified\":\"2026-05-04T16:38:01+00:00\",\"breadcrumb\":{\"@id\":\"https:\/\/www.rxbriefcase.com\/product\/traitement-des-affections-communes-en-pharmacie-communautaire-une-approche-collaborative-de-soins\/?courseid=#breadcrumb\"},\"inLanguage\":\"fr-CA\",\"potentialAction\":[{\"@type\":\"ReadAction\",\"target\":[\"https:\/\/www.rxbriefcase.com\/product\/traitement-des-affections-communes-en-pharmacie-communautaire-une-approche-collaborative-de-soins\/?courseid=\"]}]},{\"@type\":\"BreadcrumbList\",\"@id\":\"https:\/\/www.rxbriefcase.com\/product\/traitement-des-affections-communes-en-pharmacie-communautaire-une-approche-collaborative-de-soins\/?courseid=#breadcrumb\",\"itemListElement\":[{\"@type\":\"ListItem\",\"position\":1,\"name\":\"Home\",\"item\":\"https:\/\/www.rxbriefcase.com\/\"},{\"@type\":\"ListItem\",\"position\":2,\"name\":\"Shop\",\"item\":\"https:\/\/www.rxbriefcase.com\/shop\/\"},{\"@type\":\"ListItem\",\"position\":3,\"name\":\"Traitement des affections communes en pharmacie communautaire : Une approche collaborative de soins\"}]},{\"@type\":\"WebSite\",\"@id\":\"https:\/\/www.rxbriefcase.com\/#website\",\"url\":\"https:\/\/www.rxbriefcase.com\/\",\"name\":\"RxBriefCase\",\"description\":\"\",\"publisher\":{\"@id\":\"https:\/\/www.rxbriefcase.com\/#organization\"},\"potentialAction\":[{\"@type\":\"SearchAction\",\"target\":{\"@type\":\"EntryPoint\",\"urlTemplate\":\"https:\/\/www.rxbriefcase.com\/?s={search_term_string}\"},\"query-input\":{\"@type\":\"PropertyValueSpecification\",\"valueRequired\":true,\"valueName\":\"search_term_string\"}}],\"inLanguage\":\"fr-CA\"},{\"@type\":\"Organization\",\"@id\":\"https:\/\/www.rxbriefcase.com\/#organization\",\"name\":\"RxBriefCase\",\"url\":\"https:\/\/www.rxbriefcase.com\/\",\"logo\":{\"@type\":\"ImageObject\",\"inLanguage\":\"fr-CA\",\"@id\":\"https:\/\/www.rxbriefcase.com\/#\/schema\/logo\/image\/\",\"url\":\"https:\/\/www.rxbriefcase.com\/wp-content\/uploads\/2024\/07\/logo.webp\",\"contentUrl\":\"https:\/\/www.rxbriefcase.com\/wp-content\/uploads\/2024\/07\/logo.webp\",\"width\":190,\"height\":36,\"caption\":\"RxBriefCase\"},\"image\":{\"@id\":\"https:\/\/www.rxbriefcase.com\/#\/schema\/logo\/image\/\"}}]}<\/script>\n<!-- \/ Yoast SEO plugin. -->","yoast_head_json":{"title":"Traitement des affections communes en pharmacie communautaire : Une approche collaborative de soins - RxBriefCase","robots":{"index":"noindex","follow":"follow"},"og_locale":"fr_CA","og_type":"article","og_title":"Traitement des affections communes en pharmacie communautaire : Une approche collaborative de soins - RxBriefCase","og_description":"Ce programme de formation m\u00e9dicale continue de 30 minutes a re\u00e7u l\u2019agr\u00e9ment du CCCEP et s\u2019adresse aux pharmaciens et autres professionnels de la sant\u00e9 canadiens. Il a pour but d\u2019offrir un enseignement sur l\u2019\u00e9largissement du champ d\u2019exercice des pharmaciens \u00e0 travers le Canada, avec une emphase particuli\u00e8re sur les consid\u00e9rations pratiques pour la prise en [&hellip;]","og_url":"https:\/\/www.rxbriefcase.com\/fr\/product\/traitement-des-affections-communes-en-pharmacie-communautaire-une-approche-collaborative-de-soins\/?courseid=","og_site_name":"RxBriefCase","article_modified_time":"2026-05-04T16:38:01+00:00","twitter_card":"summary_large_image","twitter_misc":{"Est. reading time":"1 minute"},"schema":{"@context":"https:\/\/schema.org","@graph":[{"@type":"WebPage","@id":"https:\/\/www.rxbriefcase.com\/product\/traitement-des-affections-communes-en-pharmacie-communautaire-une-approche-collaborative-de-soins\/?courseid=","url":"https:\/\/www.rxbriefcase.com\/product\/traitement-des-affections-communes-en-pharmacie-communautaire-une-approche-collaborative-de-soins\/?courseid=","name":"Traitement des affections communes en pharmacie communautaire : Une approche collaborative de soins - RxBriefCase","isPartOf":{"@id":"https:\/\/www.rxbriefcase.com\/#website"},"datePublished":"2025-06-04T04:34:04+00:00","dateModified":"2026-05-04T16:38:01+00:00","breadcrumb":{"@id":"https:\/\/www.rxbriefcase.com\/product\/traitement-des-affections-communes-en-pharmacie-communautaire-une-approche-collaborative-de-soins\/?courseid=#breadcrumb"},"inLanguage":"fr-CA","potentialAction":[{"@type":"ReadAction","target":["https:\/\/www.rxbriefcase.com\/product\/traitement-des-affections-communes-en-pharmacie-communautaire-une-approche-collaborative-de-soins\/?courseid="]}]},{"@type":"BreadcrumbList","@id":"https:\/\/www.rxbriefcase.com\/product\/traitement-des-affections-communes-en-pharmacie-communautaire-une-approche-collaborative-de-soins\/?courseid=#breadcrumb","itemListElement":[{"@type":"ListItem","position":1,"name":"Home","item":"https:\/\/www.rxbriefcase.com\/"},{"@type":"ListItem","position":2,"name":"Shop","item":"https:\/\/www.rxbriefcase.com\/shop\/"},{"@type":"ListItem","position":3,"name":"Traitement des affections communes en pharmacie communautaire : Une approche collaborative de soins"}]},{"@type":"WebSite","@id":"https:\/\/www.rxbriefcase.com\/#website","url":"https:\/\/www.rxbriefcase.com\/","name":"Mallette Rx","description":"","publisher":{"@id":"https:\/\/www.rxbriefcase.com\/#organization"},"potentialAction":[{"@type":"SearchAction","target":{"@type":"EntryPoint","urlTemplate":"https:\/\/www.rxbriefcase.com\/?s={search_term_string}"},"query-input":{"@type":"PropertyValueSpecification","valueRequired":true,"valueName":"search_term_string"}}],"inLanguage":"fr-CA"},{"@type":"Organization","@id":"https:\/\/www.rxbriefcase.com\/#organization","name":"Mallette Rx","url":"https:\/\/www.rxbriefcase.com\/","logo":{"@type":"ImageObject","inLanguage":"fr-CA","@id":"https:\/\/www.rxbriefcase.com\/#\/schema\/logo\/image\/","url":"https:\/\/www.rxbriefcase.com\/wp-content\/uploads\/2024\/07\/logo.webp","contentUrl":"https:\/\/www.rxbriefcase.com\/wp-content\/uploads\/2024\/07\/logo.webp","width":190,"height":36,"caption":"RxBriefCase"},"image":{"@id":"https:\/\/www.rxbriefcase.com\/#\/schema\/logo\/image\/"}}]}},"_links":{"self":[{"href":"https:\/\/www.rxbriefcase.com\/fr\/wp-json\/wp\/v2\/product\/8142","targetHints":{"allow":["GET"]}}],"collection":[{"href":"https:\/\/www.rxbriefcase.com\/fr\/wp-json\/wp\/v2\/product"}],"about":[{"href":"https:\/\/www.rxbriefcase.com\/fr\/wp-json\/wp\/v2\/types\/product"}],"replies":[{"embeddable":true,"href":"https:\/\/www.rxbriefcase.com\/fr\/wp-json\/wp\/v2\/comments?post=8142"}],"wp:attachment":[{"href":"https:\/\/www.rxbriefcase.com\/fr\/wp-json\/wp\/v2\/media?parent=8142"}],"wp:term":[{"taxonomy":"product_brand","embeddable":true,"href":"https:\/\/www.rxbriefcase.com\/fr\/wp-json\/wp\/v2\/product_brand?post=8142"},{"taxonomy":"product_cat","embeddable":true,"href":"https:\/\/www.rxbriefcase.com\/fr\/wp-json\/wp\/v2\/product_cat?post=8142"},{"taxonomy":"product_tag","embeddable":true,"href":"https:\/\/www.rxbriefcase.com\/fr\/wp-json\/wp\/v2\/product_tag?post=8142"}],"curies":[{"name":"wp","href":"https:\/\/api.w.org\/{rel}","templated":true}]}}