{"id":8129,"date":"2025-06-03T23:34:01","date_gmt":"2025-06-04T04:34:01","guid":{"rendered":"https:\/\/www.rxbriefcase.com\/product\/composer-avec-labsence-deffet-strategies-en-cas-de-faible-reponse-aux-antidepresseurs\/?courseid="},"modified":"2026-04-13T12:47:08","modified_gmt":"2026-04-13T17:47:08","slug":"composer-avec-labsence-deffet-strategies-en-cas-de-faible-reponse-aux-antidepresseurs","status":"publish","type":"product","link":"https:\/\/www.rxbriefcase.com\/fr\/product\/composer-avec-labsence-deffet-strategies-en-cas-de-faible-reponse-aux-antidepresseurs\/?courseid=","title":{"rendered":"Composer avec l\u2019absence d\u2019effet : Strat\u00e9gies en cas de faible r\u00e9ponse aux antid\u00e9presseurs"},"content":{"rendered":"<p dir=\"ltr\" style=\"text-align: left\">La prise en charge des patients qui n\u2019obtiennent qu\u2019une faible r\u00e9ponse au traitement antid\u00e9pressif est une situation clinique courante qui pose un d\u00e9fi consid\u00e9rable. Ce court programme de micro-apprentissage a pour but de soutenir les cliniciens lorsqu\u2019ils doivent composer avec les complexit\u00e9s de la d\u00e9pression r\u00e9sistante au traitement, gr\u00e2ce \u00e0 des strat\u00e9gies con\u00e7ues pour optimiser le traitement des patients concern\u00e9s. Globalement, ce programme vise \u00e0 rehausser la confiance des cliniciens lorsqu\u2019il s\u2019agit de prendre en charge les cas de pi\u00e8tre r\u00e9ponse aux antid\u00e9presseurs, dans le but ultime d\u2019am\u00e9liorer les r\u00e9sultats que peuvent obtenir les patients et d\u2019am\u00e9liorer leur qualit\u00e9 de vie.\u00a0<\/p>","protected":false},"excerpt":{"rendered":"<p>La prise en charge des patients qui n\u2019obtiennent qu\u2019une faible r\u00e9ponse au traitement antid\u00e9pressif est une situation clinique courante qui pose un d\u00e9fi consid\u00e9rable. Ce court programme de micro-apprentissage a pour but de soutenir les cliniciens lorsqu\u2019ils doivent composer avec les complexit\u00e9s de la d\u00e9pression r\u00e9sistante au traitement, gr\u00e2ce \u00e0 des strat\u00e9gies con\u00e7ues pour optimiser [&hellip;]<\/p>\n","protected":false},"featured_media":0,"comment_status":"closed","ping_status":"closed","template":"","meta":{"_acf_changed":false,"inline_featured_image":false},"product_brand":[],"product_cat":[],"product_tag":[],"class_list":{"0":"post-8129","1":"product","2":"type-product","3":"status-publish","6":"first","7":"instock","8":"downloadable","9":"virtual","10":"taxable","11":"purchasable","12":"product-type-simple"},"acf":[],"yoast_head":"<!-- This site is optimized with the Yoast SEO plugin v27.2 - https:\/\/yoast.com\/product\/yoast-seo-wordpress\/ -->\n<title>Composer avec l\u2019absence d\u2019effet : Strat\u00e9gies en cas de faible r\u00e9ponse aux antid\u00e9presseurs - RxBriefCase<\/title>\n<meta name=\"robots\" content=\"noindex, follow\" \/>\n<meta property=\"og:locale\" content=\"fr_CA\" \/>\n<meta property=\"og:type\" content=\"article\" \/>\n<meta property=\"og:title\" content=\"Composer avec l\u2019absence d\u2019effet : Strat\u00e9gies en cas de faible r\u00e9ponse aux antid\u00e9presseurs - RxBriefCase\" \/>\n<meta property=\"og:description\" content=\"La prise en charge des patients qui n\u2019obtiennent qu\u2019une faible r\u00e9ponse au traitement antid\u00e9pressif est une situation clinique courante qui pose un d\u00e9fi consid\u00e9rable. Ce court programme de micro-apprentissage a pour but de soutenir les cliniciens lorsqu\u2019ils doivent composer avec les complexit\u00e9s de la d\u00e9pression r\u00e9sistante au traitement, gr\u00e2ce \u00e0 des strat\u00e9gies con\u00e7ues pour optimiser [&hellip;]\" \/>\n<meta property=\"og:url\" content=\"https:\/\/www.rxbriefcase.com\/fr\/product\/composer-avec-labsence-deffet-strategies-en-cas-de-faible-reponse-aux-antidepresseurs\/?courseid=\" \/>\n<meta property=\"og:site_name\" content=\"RxBriefCase\" \/>\n<meta property=\"article:modified_time\" content=\"2026-04-13T17:47:08+00:00\" \/>\n<meta name=\"twitter:card\" content=\"summary_large_image\" \/>\n<meta name=\"twitter:label1\" content=\"Est. reading time\" \/>\n\t<meta name=\"twitter:data1\" content=\"1 minute\" \/>\n<script type=\"application\/ld+json\" class=\"yoast-schema-graph\">{\"@context\":\"https:\/\/schema.org\",\"@graph\":[{\"@type\":\"WebPage\",\"@id\":\"https:\/\/www.rxbriefcase.com\/product\/composer-avec-labsence-deffet-strategies-en-cas-de-faible-reponse-aux-antidepresseurs\/?courseid=\",\"url\":\"https:\/\/www.rxbriefcase.com\/product\/composer-avec-labsence-deffet-strategies-en-cas-de-faible-reponse-aux-antidepresseurs\/?courseid=\",\"name\":\"Composer avec l\u2019absence d\u2019effet : Strat\u00e9gies en cas de faible r\u00e9ponse aux antid\u00e9presseurs - RxBriefCase\",\"isPartOf\":{\"@id\":\"https:\/\/www.rxbriefcase.com\/#website\"},\"datePublished\":\"2025-06-04T04:34:01+00:00\",\"dateModified\":\"2026-04-13T17:47:08+00:00\",\"breadcrumb\":{\"@id\":\"https:\/\/www.rxbriefcase.com\/product\/composer-avec-labsence-deffet-strategies-en-cas-de-faible-reponse-aux-antidepresseurs\/?courseid=#breadcrumb\"},\"inLanguage\":\"fr-CA\",\"potentialAction\":[{\"@type\":\"ReadAction\",\"target\":[\"https:\/\/www.rxbriefcase.com\/product\/composer-avec-labsence-deffet-strategies-en-cas-de-faible-reponse-aux-antidepresseurs\/?courseid=\"]}]},{\"@type\":\"BreadcrumbList\",\"@id\":\"https:\/\/www.rxbriefcase.com\/product\/composer-avec-labsence-deffet-strategies-en-cas-de-faible-reponse-aux-antidepresseurs\/?courseid=#breadcrumb\",\"itemListElement\":[{\"@type\":\"ListItem\",\"position\":1,\"name\":\"Home\",\"item\":\"https:\/\/www.rxbriefcase.com\/\"},{\"@type\":\"ListItem\",\"position\":2,\"name\":\"Shop\",\"item\":\"https:\/\/www.rxbriefcase.com\/shop\/\"},{\"@type\":\"ListItem\",\"position\":3,\"name\":\"Composer avec l\u2019absence d\u2019effet : Strat\u00e9gies en cas de faible r\u00e9ponse aux antid\u00e9presseurs\"}]},{\"@type\":\"WebSite\",\"@id\":\"https:\/\/www.rxbriefcase.com\/#website\",\"url\":\"https:\/\/www.rxbriefcase.com\/\",\"name\":\"RxBriefCase\",\"description\":\"\",\"publisher\":{\"@id\":\"https:\/\/www.rxbriefcase.com\/#organization\"},\"potentialAction\":[{\"@type\":\"SearchAction\",\"target\":{\"@type\":\"EntryPoint\",\"urlTemplate\":\"https:\/\/www.rxbriefcase.com\/?s={search_term_string}\"},\"query-input\":{\"@type\":\"PropertyValueSpecification\",\"valueRequired\":true,\"valueName\":\"search_term_string\"}}],\"inLanguage\":\"fr-CA\"},{\"@type\":\"Organization\",\"@id\":\"https:\/\/www.rxbriefcase.com\/#organization\",\"name\":\"RxBriefCase\",\"url\":\"https:\/\/www.rxbriefcase.com\/\",\"logo\":{\"@type\":\"ImageObject\",\"inLanguage\":\"fr-CA\",\"@id\":\"https:\/\/www.rxbriefcase.com\/#\/schema\/logo\/image\/\",\"url\":\"https:\/\/www.rxbriefcase.com\/wp-content\/uploads\/2024\/07\/logo.webp\",\"contentUrl\":\"https:\/\/www.rxbriefcase.com\/wp-content\/uploads\/2024\/07\/logo.webp\",\"width\":190,\"height\":36,\"caption\":\"RxBriefCase\"},\"image\":{\"@id\":\"https:\/\/www.rxbriefcase.com\/#\/schema\/logo\/image\/\"}}]}<\/script>\n<!-- \/ Yoast SEO plugin. -->","yoast_head_json":{"title":"Composer avec l\u2019absence d\u2019effet : Strat\u00e9gies en cas de faible r\u00e9ponse aux antid\u00e9presseurs - RxBriefCase","robots":{"index":"noindex","follow":"follow"},"og_locale":"fr_CA","og_type":"article","og_title":"Composer avec l\u2019absence d\u2019effet : Strat\u00e9gies en cas de faible r\u00e9ponse aux antid\u00e9presseurs - RxBriefCase","og_description":"La prise en charge des patients qui n\u2019obtiennent qu\u2019une faible r\u00e9ponse au traitement antid\u00e9pressif est une situation clinique courante qui pose un d\u00e9fi consid\u00e9rable. Ce court programme de micro-apprentissage a pour but de soutenir les cliniciens lorsqu\u2019ils doivent composer avec les complexit\u00e9s de la d\u00e9pression r\u00e9sistante au traitement, gr\u00e2ce \u00e0 des strat\u00e9gies con\u00e7ues pour optimiser [&hellip;]","og_url":"https:\/\/www.rxbriefcase.com\/fr\/product\/composer-avec-labsence-deffet-strategies-en-cas-de-faible-reponse-aux-antidepresseurs\/?courseid=","og_site_name":"RxBriefCase","article_modified_time":"2026-04-13T17:47:08+00:00","twitter_card":"summary_large_image","twitter_misc":{"Est. reading time":"1 minute"},"schema":{"@context":"https:\/\/schema.org","@graph":[{"@type":"WebPage","@id":"https:\/\/www.rxbriefcase.com\/product\/composer-avec-labsence-deffet-strategies-en-cas-de-faible-reponse-aux-antidepresseurs\/?courseid=","url":"https:\/\/www.rxbriefcase.com\/product\/composer-avec-labsence-deffet-strategies-en-cas-de-faible-reponse-aux-antidepresseurs\/?courseid=","name":"Composer avec l\u2019absence d\u2019effet : Strat\u00e9gies en cas de faible r\u00e9ponse aux antid\u00e9presseurs - RxBriefCase","isPartOf":{"@id":"https:\/\/www.rxbriefcase.com\/#website"},"datePublished":"2025-06-04T04:34:01+00:00","dateModified":"2026-04-13T17:47:08+00:00","breadcrumb":{"@id":"https:\/\/www.rxbriefcase.com\/product\/composer-avec-labsence-deffet-strategies-en-cas-de-faible-reponse-aux-antidepresseurs\/?courseid=#breadcrumb"},"inLanguage":"fr-CA","potentialAction":[{"@type":"ReadAction","target":["https:\/\/www.rxbriefcase.com\/product\/composer-avec-labsence-deffet-strategies-en-cas-de-faible-reponse-aux-antidepresseurs\/?courseid="]}]},{"@type":"BreadcrumbList","@id":"https:\/\/www.rxbriefcase.com\/product\/composer-avec-labsence-deffet-strategies-en-cas-de-faible-reponse-aux-antidepresseurs\/?courseid=#breadcrumb","itemListElement":[{"@type":"ListItem","position":1,"name":"Home","item":"https:\/\/www.rxbriefcase.com\/"},{"@type":"ListItem","position":2,"name":"Shop","item":"https:\/\/www.rxbriefcase.com\/shop\/"},{"@type":"ListItem","position":3,"name":"Composer avec l\u2019absence d\u2019effet : Strat\u00e9gies en cas de faible r\u00e9ponse aux antid\u00e9presseurs"}]},{"@type":"WebSite","@id":"https:\/\/www.rxbriefcase.com\/#website","url":"https:\/\/www.rxbriefcase.com\/","name":"Mallette Rx","description":"","publisher":{"@id":"https:\/\/www.rxbriefcase.com\/#organization"},"potentialAction":[{"@type":"SearchAction","target":{"@type":"EntryPoint","urlTemplate":"https:\/\/www.rxbriefcase.com\/?s={search_term_string}"},"query-input":{"@type":"PropertyValueSpecification","valueRequired":true,"valueName":"search_term_string"}}],"inLanguage":"fr-CA"},{"@type":"Organization","@id":"https:\/\/www.rxbriefcase.com\/#organization","name":"Mallette Rx","url":"https:\/\/www.rxbriefcase.com\/","logo":{"@type":"ImageObject","inLanguage":"fr-CA","@id":"https:\/\/www.rxbriefcase.com\/#\/schema\/logo\/image\/","url":"https:\/\/www.rxbriefcase.com\/wp-content\/uploads\/2024\/07\/logo.webp","contentUrl":"https:\/\/www.rxbriefcase.com\/wp-content\/uploads\/2024\/07\/logo.webp","width":190,"height":36,"caption":"RxBriefCase"},"image":{"@id":"https:\/\/www.rxbriefcase.com\/#\/schema\/logo\/image\/"}}]}},"_links":{"self":[{"href":"https:\/\/www.rxbriefcase.com\/fr\/wp-json\/wp\/v2\/product\/8129","targetHints":{"allow":["GET"]}}],"collection":[{"href":"https:\/\/www.rxbriefcase.com\/fr\/wp-json\/wp\/v2\/product"}],"about":[{"href":"https:\/\/www.rxbriefcase.com\/fr\/wp-json\/wp\/v2\/types\/product"}],"replies":[{"embeddable":true,"href":"https:\/\/www.rxbriefcase.com\/fr\/wp-json\/wp\/v2\/comments?post=8129"}],"wp:attachment":[{"href":"https:\/\/www.rxbriefcase.com\/fr\/wp-json\/wp\/v2\/media?parent=8129"}],"wp:term":[{"taxonomy":"product_brand","embeddable":true,"href":"https:\/\/www.rxbriefcase.com\/fr\/wp-json\/wp\/v2\/product_brand?post=8129"},{"taxonomy":"product_cat","embeddable":true,"href":"https:\/\/www.rxbriefcase.com\/fr\/wp-json\/wp\/v2\/product_cat?post=8129"},{"taxonomy":"product_tag","embeddable":true,"href":"https:\/\/www.rxbriefcase.com\/fr\/wp-json\/wp\/v2\/product_tag?post=8129"}],"curies":[{"name":"wp","href":"https:\/\/api.w.org\/{rel}","templated":true}]}}