{"id":67474,"date":"2026-03-19T15:00:01","date_gmt":"2026-03-19T20:00:01","guid":{"rendered":"https:\/\/www.rxbriefcase.com\/product\/revenir-aux-fondements-traitement-holistique-de-la-dermatite-atopique-chez-diverses-populations-grace-aux-soins-cutanes-a-base-de-ceramides\/?courseid="},"modified":"2026-04-13T12:47:41","modified_gmt":"2026-04-13T17:47:41","slug":"revenir-aux-fondements-traitement-holistique-de-la-dermatite-atopique-chez-diverses-populations-grace-aux-soins-cutanes-a-base-de-ceramides","status":"publish","type":"product","link":"https:\/\/www.rxbriefcase.com\/fr\/product\/revenir-aux-fondements-traitement-holistique-de-la-dermatite-atopique-chez-diverses-populations-grace-aux-soins-cutanes-a-base-de-ceramides\/?courseid=","title":{"rendered":"Revenir aux fondements : Traitement holistique de la dermatite atopique chez diverses populations gr\u00e2ce aux soins cutan\u00e9s \u00e0 base de c\u00e9ramides"},"content":{"rendered":"<p>La dermatite atopique (DA) affecte jusqu\u2019\u00e0 10 % des adultes \u00e0 l\u2019\u00e9chelle mondiale, avec une plus grande pr\u00e9valence et plus s\u00e9v\u00e8rement chez les personnes de couleur. Cette pr\u00e9valence est un facteur essentiel \u00e0 consid\u00e9rer au sein la population tr\u00e8s diversifi\u00e9e du Canada. De nombreux patients demeurent symptomatiques en d\u00e9pit d\u2019un traitement topique d\u2019ordonnance, souvent en raison de pratiques sous-optimales de soins fondamentaux de la peau plut\u00f4t que d\u2019une pharmacoth\u00e9rapie inad\u00e9quate. Ce programme de formation bas\u00e9 sur un cas de patient vise \u00e0 outiller les cliniciens de soins primaires en leur proposant des strat\u00e9gies pratiques pour optimiser la prise en charge de la DA au moyen d\u2019un r\u00e9gime de soins adjuvants de la peau bas\u00e9 sur les donn\u00e9es probantes, avec une emphase sur le r\u00f4le des formulations \u00e0 base de c\u00e9ramides, pour restaurer la fonction de barri\u00e8re cutan\u00e9e chez des personnes pr\u00e9sentant divers types de peau.\u00a0<\/p>\n<p>Les participants pourront explorer la pathogen\u00e8se de la DA, revoir les donn\u00e9es cliniques appuyant les th\u00e9rapies \u00e0 base de c\u00e9ramides et d\u00e9velopper des habilet\u00e9s pratiques qu\u2019ils pourront appliquer dans l\u2019imm\u00e9diat pour conseiller les patients afin d\u2019am\u00e9liorer leurs r\u00e9sultats et ainsi que leur qualit\u00e9 de vie.<\/p>\n<hr style=\"margin-top: 20px;margin-bottom: 20px;border: 0;border-top: 1px solid #ccc\">\n<p>Ce programme a re\u00e7u le soutien financier de L&#8217;Or\u00e9al sous la forme d\u2019une subvention \u00e9ducative sans restriction.<\/p>","protected":false},"excerpt":{"rendered":"<p>La dermatite atopique (DA) affecte jusqu\u2019\u00e0 10 % des adultes \u00e0 l\u2019\u00e9chelle mondiale, avec une plus grande pr\u00e9valence et plus s\u00e9v\u00e8rement chez les personnes de couleur. Cette pr\u00e9valence est un facteur essentiel \u00e0 consid\u00e9rer au sein la population tr\u00e8s diversifi\u00e9e du Canada. De nombreux patients demeurent symptomatiques en d\u00e9pit d\u2019un traitement topique d\u2019ordonnance, souvent en [&hellip;]<\/p>\n","protected":false},"featured_media":0,"comment_status":"closed","ping_status":"closed","template":"","meta":{"_acf_changed":false,"inline_featured_image":false},"product_brand":[],"product_cat":[],"product_tag":[],"class_list":{"0":"post-67474","1":"product","2":"type-product","3":"status-publish","6":"first","7":"instock","8":"downloadable","9":"virtual","10":"taxable","11":"purchasable","12":"product-type-simple"},"acf":[],"yoast_head":"<!-- This site is optimized with the Yoast SEO plugin v27.2 - https:\/\/yoast.com\/product\/yoast-seo-wordpress\/ -->\n<title>Revenir aux fondements : Traitement holistique de la dermatite atopique chez diverses populations gr\u00e2ce aux soins cutan\u00e9s \u00e0 base de c\u00e9ramides - RxBriefCase<\/title>\n<meta name=\"robots\" content=\"noindex, follow\" \/>\n<meta property=\"og:locale\" content=\"fr_CA\" \/>\n<meta property=\"og:type\" content=\"article\" \/>\n<meta property=\"og:title\" content=\"Revenir aux fondements : Traitement holistique de la dermatite atopique chez diverses populations gr\u00e2ce aux soins cutan\u00e9s \u00e0 base de c\u00e9ramides - RxBriefCase\" \/>\n<meta property=\"og:description\" content=\"La dermatite atopique (DA) affecte jusqu\u2019\u00e0 10 % des adultes \u00e0 l\u2019\u00e9chelle mondiale, avec une plus grande pr\u00e9valence et plus s\u00e9v\u00e8rement chez les personnes de couleur. Cette pr\u00e9valence est un facteur essentiel \u00e0 consid\u00e9rer au sein la population tr\u00e8s diversifi\u00e9e du Canada. De nombreux patients demeurent symptomatiques en d\u00e9pit d\u2019un traitement topique d\u2019ordonnance, souvent en [&hellip;]\" \/>\n<meta property=\"og:url\" content=\"https:\/\/www.rxbriefcase.com\/fr\/product\/revenir-aux-fondements-traitement-holistique-de-la-dermatite-atopique-chez-diverses-populations-grace-aux-soins-cutanes-a-base-de-ceramides\/?courseid=\" \/>\n<meta property=\"og:site_name\" content=\"RxBriefCase\" \/>\n<meta property=\"article:modified_time\" content=\"2026-04-13T17:47:41+00:00\" \/>\n<meta name=\"twitter:card\" content=\"summary_large_image\" \/>\n<meta name=\"twitter:label1\" content=\"Est. reading time\" \/>\n\t<meta name=\"twitter:data1\" content=\"1 minute\" \/>\n<script type=\"application\/ld+json\" class=\"yoast-schema-graph\">{\"@context\":\"https:\/\/schema.org\",\"@graph\":[{\"@type\":\"WebPage\",\"@id\":\"https:\/\/www.rxbriefcase.com\/product\/revenir-aux-fondements-traitement-holistique-de-la-dermatite-atopique-chez-diverses-populations-grace-aux-soins-cutanes-a-base-de-ceramides\/?courseid=\",\"url\":\"https:\/\/www.rxbriefcase.com\/product\/revenir-aux-fondements-traitement-holistique-de-la-dermatite-atopique-chez-diverses-populations-grace-aux-soins-cutanes-a-base-de-ceramides\/?courseid=\",\"name\":\"Revenir aux fondements : Traitement holistique de la dermatite atopique chez diverses populations gr\u00e2ce aux soins cutan\u00e9s \u00e0 base de c\u00e9ramides - RxBriefCase\",\"isPartOf\":{\"@id\":\"https:\/\/www.rxbriefcase.com\/#website\"},\"datePublished\":\"2026-03-19T20:00:01+00:00\",\"dateModified\":\"2026-04-13T17:47:41+00:00\",\"breadcrumb\":{\"@id\":\"https:\/\/www.rxbriefcase.com\/product\/revenir-aux-fondements-traitement-holistique-de-la-dermatite-atopique-chez-diverses-populations-grace-aux-soins-cutanes-a-base-de-ceramides\/?courseid=#breadcrumb\"},\"inLanguage\":\"fr-CA\",\"potentialAction\":[{\"@type\":\"ReadAction\",\"target\":[\"https:\/\/www.rxbriefcase.com\/product\/revenir-aux-fondements-traitement-holistique-de-la-dermatite-atopique-chez-diverses-populations-grace-aux-soins-cutanes-a-base-de-ceramides\/?courseid=\"]}]},{\"@type\":\"BreadcrumbList\",\"@id\":\"https:\/\/www.rxbriefcase.com\/product\/revenir-aux-fondements-traitement-holistique-de-la-dermatite-atopique-chez-diverses-populations-grace-aux-soins-cutanes-a-base-de-ceramides\/?courseid=#breadcrumb\",\"itemListElement\":[{\"@type\":\"ListItem\",\"position\":1,\"name\":\"Home\",\"item\":\"https:\/\/www.rxbriefcase.com\/\"},{\"@type\":\"ListItem\",\"position\":2,\"name\":\"Shop\",\"item\":\"https:\/\/www.rxbriefcase.com\/shop\/\"},{\"@type\":\"ListItem\",\"position\":3,\"name\":\"Revenir aux fondements : Traitement holistique de la dermatite atopique chez diverses populations gr\u00e2ce aux soins cutan\u00e9s \u00e0 base de c\u00e9ramides\"}]},{\"@type\":\"WebSite\",\"@id\":\"https:\/\/www.rxbriefcase.com\/#website\",\"url\":\"https:\/\/www.rxbriefcase.com\/\",\"name\":\"RxBriefCase\",\"description\":\"\",\"publisher\":{\"@id\":\"https:\/\/www.rxbriefcase.com\/#organization\"},\"potentialAction\":[{\"@type\":\"SearchAction\",\"target\":{\"@type\":\"EntryPoint\",\"urlTemplate\":\"https:\/\/www.rxbriefcase.com\/?s={search_term_string}\"},\"query-input\":{\"@type\":\"PropertyValueSpecification\",\"valueRequired\":true,\"valueName\":\"search_term_string\"}}],\"inLanguage\":\"fr-CA\"},{\"@type\":\"Organization\",\"@id\":\"https:\/\/www.rxbriefcase.com\/#organization\",\"name\":\"RxBriefCase\",\"url\":\"https:\/\/www.rxbriefcase.com\/\",\"logo\":{\"@type\":\"ImageObject\",\"inLanguage\":\"fr-CA\",\"@id\":\"https:\/\/www.rxbriefcase.com\/#\/schema\/logo\/image\/\",\"url\":\"https:\/\/www.rxbriefcase.com\/wp-content\/uploads\/2024\/07\/logo.webp\",\"contentUrl\":\"https:\/\/www.rxbriefcase.com\/wp-content\/uploads\/2024\/07\/logo.webp\",\"width\":190,\"height\":36,\"caption\":\"RxBriefCase\"},\"image\":{\"@id\":\"https:\/\/www.rxbriefcase.com\/#\/schema\/logo\/image\/\"}}]}<\/script>\n<!-- \/ Yoast SEO plugin. -->","yoast_head_json":{"title":"Revenir aux fondements : Traitement holistique de la dermatite atopique chez diverses populations gr\u00e2ce aux soins cutan\u00e9s \u00e0 base de c\u00e9ramides - RxBriefCase","robots":{"index":"noindex","follow":"follow"},"og_locale":"fr_CA","og_type":"article","og_title":"Revenir aux fondements : Traitement holistique de la dermatite atopique chez diverses populations gr\u00e2ce aux soins cutan\u00e9s \u00e0 base de c\u00e9ramides - RxBriefCase","og_description":"La dermatite atopique (DA) affecte jusqu\u2019\u00e0 10 % des adultes \u00e0 l\u2019\u00e9chelle mondiale, avec une plus grande pr\u00e9valence et plus s\u00e9v\u00e8rement chez les personnes de couleur. Cette pr\u00e9valence est un facteur essentiel \u00e0 consid\u00e9rer au sein la population tr\u00e8s diversifi\u00e9e du Canada. De nombreux patients demeurent symptomatiques en d\u00e9pit d\u2019un traitement topique d\u2019ordonnance, souvent en [&hellip;]","og_url":"https:\/\/www.rxbriefcase.com\/fr\/product\/revenir-aux-fondements-traitement-holistique-de-la-dermatite-atopique-chez-diverses-populations-grace-aux-soins-cutanes-a-base-de-ceramides\/?courseid=","og_site_name":"RxBriefCase","article_modified_time":"2026-04-13T17:47:41+00:00","twitter_card":"summary_large_image","twitter_misc":{"Est. reading time":"1 minute"},"schema":{"@context":"https:\/\/schema.org","@graph":[{"@type":"WebPage","@id":"https:\/\/www.rxbriefcase.com\/product\/revenir-aux-fondements-traitement-holistique-de-la-dermatite-atopique-chez-diverses-populations-grace-aux-soins-cutanes-a-base-de-ceramides\/?courseid=","url":"https:\/\/www.rxbriefcase.com\/product\/revenir-aux-fondements-traitement-holistique-de-la-dermatite-atopique-chez-diverses-populations-grace-aux-soins-cutanes-a-base-de-ceramides\/?courseid=","name":"Revenir aux fondements : Traitement holistique de la dermatite atopique chez diverses populations gr\u00e2ce aux soins cutan\u00e9s \u00e0 base de c\u00e9ramides - RxBriefCase","isPartOf":{"@id":"https:\/\/www.rxbriefcase.com\/#website"},"datePublished":"2026-03-19T20:00:01+00:00","dateModified":"2026-04-13T17:47:41+00:00","breadcrumb":{"@id":"https:\/\/www.rxbriefcase.com\/product\/revenir-aux-fondements-traitement-holistique-de-la-dermatite-atopique-chez-diverses-populations-grace-aux-soins-cutanes-a-base-de-ceramides\/?courseid=#breadcrumb"},"inLanguage":"fr-CA","potentialAction":[{"@type":"ReadAction","target":["https:\/\/www.rxbriefcase.com\/product\/revenir-aux-fondements-traitement-holistique-de-la-dermatite-atopique-chez-diverses-populations-grace-aux-soins-cutanes-a-base-de-ceramides\/?courseid="]}]},{"@type":"BreadcrumbList","@id":"https:\/\/www.rxbriefcase.com\/product\/revenir-aux-fondements-traitement-holistique-de-la-dermatite-atopique-chez-diverses-populations-grace-aux-soins-cutanes-a-base-de-ceramides\/?courseid=#breadcrumb","itemListElement":[{"@type":"ListItem","position":1,"name":"Home","item":"https:\/\/www.rxbriefcase.com\/"},{"@type":"ListItem","position":2,"name":"Shop","item":"https:\/\/www.rxbriefcase.com\/shop\/"},{"@type":"ListItem","position":3,"name":"Revenir aux fondements : Traitement holistique de la dermatite atopique chez diverses populations gr\u00e2ce aux soins cutan\u00e9s \u00e0 base de c\u00e9ramides"}]},{"@type":"WebSite","@id":"https:\/\/www.rxbriefcase.com\/#website","url":"https:\/\/www.rxbriefcase.com\/","name":"Mallette Rx","description":"","publisher":{"@id":"https:\/\/www.rxbriefcase.com\/#organization"},"potentialAction":[{"@type":"SearchAction","target":{"@type":"EntryPoint","urlTemplate":"https:\/\/www.rxbriefcase.com\/?s={search_term_string}"},"query-input":{"@type":"PropertyValueSpecification","valueRequired":true,"valueName":"search_term_string"}}],"inLanguage":"fr-CA"},{"@type":"Organization","@id":"https:\/\/www.rxbriefcase.com\/#organization","name":"Mallette Rx","url":"https:\/\/www.rxbriefcase.com\/","logo":{"@type":"ImageObject","inLanguage":"fr-CA","@id":"https:\/\/www.rxbriefcase.com\/#\/schema\/logo\/image\/","url":"https:\/\/www.rxbriefcase.com\/wp-content\/uploads\/2024\/07\/logo.webp","contentUrl":"https:\/\/www.rxbriefcase.com\/wp-content\/uploads\/2024\/07\/logo.webp","width":190,"height":36,"caption":"RxBriefCase"},"image":{"@id":"https:\/\/www.rxbriefcase.com\/#\/schema\/logo\/image\/"}}]}},"_links":{"self":[{"href":"https:\/\/www.rxbriefcase.com\/fr\/wp-json\/wp\/v2\/product\/67474","targetHints":{"allow":["GET"]}}],"collection":[{"href":"https:\/\/www.rxbriefcase.com\/fr\/wp-json\/wp\/v2\/product"}],"about":[{"href":"https:\/\/www.rxbriefcase.com\/fr\/wp-json\/wp\/v2\/types\/product"}],"replies":[{"embeddable":true,"href":"https:\/\/www.rxbriefcase.com\/fr\/wp-json\/wp\/v2\/comments?post=67474"}],"wp:attachment":[{"href":"https:\/\/www.rxbriefcase.com\/fr\/wp-json\/wp\/v2\/media?parent=67474"}],"wp:term":[{"taxonomy":"product_brand","embeddable":true,"href":"https:\/\/www.rxbriefcase.com\/fr\/wp-json\/wp\/v2\/product_brand?post=67474"},{"taxonomy":"product_cat","embeddable":true,"href":"https:\/\/www.rxbriefcase.com\/fr\/wp-json\/wp\/v2\/product_cat?post=67474"},{"taxonomy":"product_tag","embeddable":true,"href":"https:\/\/www.rxbriefcase.com\/fr\/wp-json\/wp\/v2\/product_tag?post=67474"}],"curies":[{"name":"wp","href":"https:\/\/api.w.org\/{rel}","templated":true}]}}