{"id":39586,"date":"2025-12-23T17:37:44","date_gmt":"2025-12-23T22:37:44","guid":{"rendered":"https:\/\/www.rxbriefcase.com\/product\/optimiser-la-vaccination-contre-linfluenza-chez-les-adultes-de-65-ans-et-plus-choisir-le-bon-vaccin-pour-une-protection-accrue\/?courseid="},"modified":"2026-04-13T12:47:36","modified_gmt":"2026-04-13T17:47:36","slug":"optimiser-la-vaccination-contre-linfluenza-chez-les-adultes-de-65-ans-et-plus-choisir-le-bon-vaccin-pour-une-protection-accrue","status":"publish","type":"product","link":"https:\/\/www.rxbriefcase.com\/fr\/product\/optimiser-la-vaccination-contre-linfluenza-chez-les-adultes-de-65-ans-et-plus-choisir-le-bon-vaccin-pour-une-protection-accrue\/?courseid=","title":{"rendered":"Optimiser la vaccination contre l\u2019influenza chez les adultes de 65 ans et plus : choisir le bon vaccin pour une protection accrue"},"content":{"rendered":"<p>Cet expos\u00e9 d\u2019experts explique pourquoi les adultes de 65 ans et plus sont particuli\u00e8rement \u00e0 risque de pr\u00e9senter des complications graves li\u00e9es \u00e0 l\u2019influenza et souligne l\u2019importance d\u2019utiliser des vaccins am\u00e9lior\u00e9s dans cette population. Il d\u00e9crit comment l\u2019immunos\u00e9nescence et la pr\u00e9sence de multiples comorbidit\u00e9s augmentent leur vuln\u00e9rabilit\u00e9, et r\u00e9sume les donn\u00e9es d\u00e9montrant que les vaccins contre l\u2019influenza \u00e0 forte dose offrent la meilleure protection contre les hospitalisations et les complications associ\u00e9es. La s\u00e9ance pr\u00e9sente \u00e9galement les recommandations actuelles du CCNI et propose des strat\u00e9gies pratiques pour am\u00e9liorer la couverture vaccinale, notamment l\u2019utilisation d\u2019alertes dans les DME, l\u2019administration du vaccin \u00e0 chaque point de contact clinique, et l\u2019emploi d\u2019un langage clair et pr\u00e9somptif pour orienter la d\u00e9cision des patients.\u00a0<\/p>\n<hr>\n<p>Ce programme a b\u00e9n\u00e9fici\u00e9 d\u2019un soutien financier de la part de Sanofi Canada sous forme de bourse \u00e0 vis\u00e9e \u00e9ducative sans restriction.<\/p>","protected":false},"excerpt":{"rendered":"<p>Cet expos\u00e9 d\u2019experts explique pourquoi les adultes de 65 ans et plus sont particuli\u00e8rement \u00e0 risque de pr\u00e9senter des complications graves li\u00e9es \u00e0 l\u2019influenza et souligne l\u2019importance d\u2019utiliser des vaccins am\u00e9lior\u00e9s dans cette population. Il d\u00e9crit comment l\u2019immunos\u00e9nescence et la pr\u00e9sence de multiples comorbidit\u00e9s augmentent leur vuln\u00e9rabilit\u00e9, et r\u00e9sume les donn\u00e9es d\u00e9montrant que les vaccins [&hellip;]<\/p>\n","protected":false},"featured_media":0,"comment_status":"closed","ping_status":"closed","template":"","meta":{"_acf_changed":false,"inline_featured_image":false},"product_brand":[],"product_cat":[],"product_tag":[],"class_list":{"0":"post-39586","1":"product","2":"type-product","3":"status-publish","6":"first","7":"instock","8":"downloadable","9":"virtual","10":"taxable","11":"purchasable","12":"product-type-simple"},"acf":[],"yoast_head":"<!-- This site is optimized with the Yoast SEO plugin v27.2 - https:\/\/yoast.com\/product\/yoast-seo-wordpress\/ -->\n<title>Optimiser la vaccination contre l\u2019influenza chez les adultes de 65 ans et plus : choisir le bon vaccin pour une protection accrue - RxBriefCase<\/title>\n<meta name=\"robots\" content=\"noindex, follow\" \/>\n<meta property=\"og:locale\" content=\"fr_CA\" \/>\n<meta property=\"og:type\" content=\"article\" \/>\n<meta property=\"og:title\" content=\"Optimiser la vaccination contre l\u2019influenza chez les adultes de 65 ans et plus : choisir le bon vaccin pour une protection accrue - RxBriefCase\" \/>\n<meta property=\"og:description\" content=\"Cet expos\u00e9 d\u2019experts explique pourquoi les adultes de 65 ans et plus sont particuli\u00e8rement \u00e0 risque de pr\u00e9senter des complications graves li\u00e9es \u00e0 l\u2019influenza et souligne l\u2019importance d\u2019utiliser des vaccins am\u00e9lior\u00e9s dans cette population. Il d\u00e9crit comment l\u2019immunos\u00e9nescence et la pr\u00e9sence de multiples comorbidit\u00e9s augmentent leur vuln\u00e9rabilit\u00e9, et r\u00e9sume les donn\u00e9es d\u00e9montrant que les vaccins [&hellip;]\" \/>\n<meta property=\"og:url\" content=\"https:\/\/www.rxbriefcase.com\/fr\/product\/optimiser-la-vaccination-contre-linfluenza-chez-les-adultes-de-65-ans-et-plus-choisir-le-bon-vaccin-pour-une-protection-accrue\/?courseid=\" \/>\n<meta property=\"og:site_name\" content=\"RxBriefCase\" \/>\n<meta property=\"article:modified_time\" content=\"2026-04-13T17:47:36+00:00\" \/>\n<meta name=\"twitter:card\" content=\"summary_large_image\" \/>\n<meta name=\"twitter:label1\" content=\"Est. reading time\" \/>\n\t<meta name=\"twitter:data1\" content=\"1 minute\" \/>\n<script type=\"application\/ld+json\" class=\"yoast-schema-graph\">{\"@context\":\"https:\/\/schema.org\",\"@graph\":[{\"@type\":\"WebPage\",\"@id\":\"https:\/\/www.rxbriefcase.com\/product\/optimiser-la-vaccination-contre-linfluenza-chez-les-adultes-de-65-ans-et-plus-choisir-le-bon-vaccin-pour-une-protection-accrue\/?courseid=\",\"url\":\"https:\/\/www.rxbriefcase.com\/product\/optimiser-la-vaccination-contre-linfluenza-chez-les-adultes-de-65-ans-et-plus-choisir-le-bon-vaccin-pour-une-protection-accrue\/?courseid=\",\"name\":\"Optimiser la vaccination contre l\u2019influenza chez les adultes de 65 ans et plus : choisir le bon vaccin pour une protection accrue - RxBriefCase\",\"isPartOf\":{\"@id\":\"https:\/\/www.rxbriefcase.com\/#website\"},\"datePublished\":\"2025-12-23T22:37:44+00:00\",\"dateModified\":\"2026-04-13T17:47:36+00:00\",\"breadcrumb\":{\"@id\":\"https:\/\/www.rxbriefcase.com\/product\/optimiser-la-vaccination-contre-linfluenza-chez-les-adultes-de-65-ans-et-plus-choisir-le-bon-vaccin-pour-une-protection-accrue\/?courseid=#breadcrumb\"},\"inLanguage\":\"fr-CA\",\"potentialAction\":[{\"@type\":\"ReadAction\",\"target\":[\"https:\/\/www.rxbriefcase.com\/product\/optimiser-la-vaccination-contre-linfluenza-chez-les-adultes-de-65-ans-et-plus-choisir-le-bon-vaccin-pour-une-protection-accrue\/?courseid=\"]}]},{\"@type\":\"BreadcrumbList\",\"@id\":\"https:\/\/www.rxbriefcase.com\/product\/optimiser-la-vaccination-contre-linfluenza-chez-les-adultes-de-65-ans-et-plus-choisir-le-bon-vaccin-pour-une-protection-accrue\/?courseid=#breadcrumb\",\"itemListElement\":[{\"@type\":\"ListItem\",\"position\":1,\"name\":\"Home\",\"item\":\"https:\/\/www.rxbriefcase.com\/\"},{\"@type\":\"ListItem\",\"position\":2,\"name\":\"Shop\",\"item\":\"https:\/\/www.rxbriefcase.com\/shop\/\"},{\"@type\":\"ListItem\",\"position\":3,\"name\":\"Optimiser la vaccination contre l\u2019influenza chez les adultes de 65 ans et plus : choisir le bon vaccin pour une protection accrue\"}]},{\"@type\":\"WebSite\",\"@id\":\"https:\/\/www.rxbriefcase.com\/#website\",\"url\":\"https:\/\/www.rxbriefcase.com\/\",\"name\":\"RxBriefCase\",\"description\":\"\",\"publisher\":{\"@id\":\"https:\/\/www.rxbriefcase.com\/#organization\"},\"potentialAction\":[{\"@type\":\"SearchAction\",\"target\":{\"@type\":\"EntryPoint\",\"urlTemplate\":\"https:\/\/www.rxbriefcase.com\/?s={search_term_string}\"},\"query-input\":{\"@type\":\"PropertyValueSpecification\",\"valueRequired\":true,\"valueName\":\"search_term_string\"}}],\"inLanguage\":\"fr-CA\"},{\"@type\":\"Organization\",\"@id\":\"https:\/\/www.rxbriefcase.com\/#organization\",\"name\":\"RxBriefCase\",\"url\":\"https:\/\/www.rxbriefcase.com\/\",\"logo\":{\"@type\":\"ImageObject\",\"inLanguage\":\"fr-CA\",\"@id\":\"https:\/\/www.rxbriefcase.com\/#\/schema\/logo\/image\/\",\"url\":\"https:\/\/www.rxbriefcase.com\/wp-content\/uploads\/2024\/07\/logo.webp\",\"contentUrl\":\"https:\/\/www.rxbriefcase.com\/wp-content\/uploads\/2024\/07\/logo.webp\",\"width\":190,\"height\":36,\"caption\":\"RxBriefCase\"},\"image\":{\"@id\":\"https:\/\/www.rxbriefcase.com\/#\/schema\/logo\/image\/\"}}]}<\/script>\n<!-- \/ Yoast SEO plugin. -->","yoast_head_json":{"title":"Optimiser la vaccination contre l\u2019influenza chez les adultes de 65 ans et plus : choisir le bon vaccin pour une protection accrue - RxBriefCase","robots":{"index":"noindex","follow":"follow"},"og_locale":"fr_CA","og_type":"article","og_title":"Optimiser la vaccination contre l\u2019influenza chez les adultes de 65 ans et plus : choisir le bon vaccin pour une protection accrue - RxBriefCase","og_description":"Cet expos\u00e9 d\u2019experts explique pourquoi les adultes de 65 ans et plus sont particuli\u00e8rement \u00e0 risque de pr\u00e9senter des complications graves li\u00e9es \u00e0 l\u2019influenza et souligne l\u2019importance d\u2019utiliser des vaccins am\u00e9lior\u00e9s dans cette population. Il d\u00e9crit comment l\u2019immunos\u00e9nescence et la pr\u00e9sence de multiples comorbidit\u00e9s augmentent leur vuln\u00e9rabilit\u00e9, et r\u00e9sume les donn\u00e9es d\u00e9montrant que les vaccins [&hellip;]","og_url":"https:\/\/www.rxbriefcase.com\/fr\/product\/optimiser-la-vaccination-contre-linfluenza-chez-les-adultes-de-65-ans-et-plus-choisir-le-bon-vaccin-pour-une-protection-accrue\/?courseid=","og_site_name":"RxBriefCase","article_modified_time":"2026-04-13T17:47:36+00:00","twitter_card":"summary_large_image","twitter_misc":{"Est. reading time":"1 minute"},"schema":{"@context":"https:\/\/schema.org","@graph":[{"@type":"WebPage","@id":"https:\/\/www.rxbriefcase.com\/product\/optimiser-la-vaccination-contre-linfluenza-chez-les-adultes-de-65-ans-et-plus-choisir-le-bon-vaccin-pour-une-protection-accrue\/?courseid=","url":"https:\/\/www.rxbriefcase.com\/product\/optimiser-la-vaccination-contre-linfluenza-chez-les-adultes-de-65-ans-et-plus-choisir-le-bon-vaccin-pour-une-protection-accrue\/?courseid=","name":"Optimiser la vaccination contre l\u2019influenza chez les adultes de 65 ans et plus : choisir le bon vaccin pour une protection accrue - RxBriefCase","isPartOf":{"@id":"https:\/\/www.rxbriefcase.com\/#website"},"datePublished":"2025-12-23T22:37:44+00:00","dateModified":"2026-04-13T17:47:36+00:00","breadcrumb":{"@id":"https:\/\/www.rxbriefcase.com\/product\/optimiser-la-vaccination-contre-linfluenza-chez-les-adultes-de-65-ans-et-plus-choisir-le-bon-vaccin-pour-une-protection-accrue\/?courseid=#breadcrumb"},"inLanguage":"fr-CA","potentialAction":[{"@type":"ReadAction","target":["https:\/\/www.rxbriefcase.com\/product\/optimiser-la-vaccination-contre-linfluenza-chez-les-adultes-de-65-ans-et-plus-choisir-le-bon-vaccin-pour-une-protection-accrue\/?courseid="]}]},{"@type":"BreadcrumbList","@id":"https:\/\/www.rxbriefcase.com\/product\/optimiser-la-vaccination-contre-linfluenza-chez-les-adultes-de-65-ans-et-plus-choisir-le-bon-vaccin-pour-une-protection-accrue\/?courseid=#breadcrumb","itemListElement":[{"@type":"ListItem","position":1,"name":"Home","item":"https:\/\/www.rxbriefcase.com\/"},{"@type":"ListItem","position":2,"name":"Shop","item":"https:\/\/www.rxbriefcase.com\/shop\/"},{"@type":"ListItem","position":3,"name":"Optimiser la vaccination contre l\u2019influenza chez les adultes de 65 ans et plus : choisir le bon vaccin pour une protection accrue"}]},{"@type":"WebSite","@id":"https:\/\/www.rxbriefcase.com\/#website","url":"https:\/\/www.rxbriefcase.com\/","name":"Mallette Rx","description":"","publisher":{"@id":"https:\/\/www.rxbriefcase.com\/#organization"},"potentialAction":[{"@type":"SearchAction","target":{"@type":"EntryPoint","urlTemplate":"https:\/\/www.rxbriefcase.com\/?s={search_term_string}"},"query-input":{"@type":"PropertyValueSpecification","valueRequired":true,"valueName":"search_term_string"}}],"inLanguage":"fr-CA"},{"@type":"Organization","@id":"https:\/\/www.rxbriefcase.com\/#organization","name":"Mallette Rx","url":"https:\/\/www.rxbriefcase.com\/","logo":{"@type":"ImageObject","inLanguage":"fr-CA","@id":"https:\/\/www.rxbriefcase.com\/#\/schema\/logo\/image\/","url":"https:\/\/www.rxbriefcase.com\/wp-content\/uploads\/2024\/07\/logo.webp","contentUrl":"https:\/\/www.rxbriefcase.com\/wp-content\/uploads\/2024\/07\/logo.webp","width":190,"height":36,"caption":"RxBriefCase"},"image":{"@id":"https:\/\/www.rxbriefcase.com\/#\/schema\/logo\/image\/"}}]}},"_links":{"self":[{"href":"https:\/\/www.rxbriefcase.com\/fr\/wp-json\/wp\/v2\/product\/39586","targetHints":{"allow":["GET"]}}],"collection":[{"href":"https:\/\/www.rxbriefcase.com\/fr\/wp-json\/wp\/v2\/product"}],"about":[{"href":"https:\/\/www.rxbriefcase.com\/fr\/wp-json\/wp\/v2\/types\/product"}],"replies":[{"embeddable":true,"href":"https:\/\/www.rxbriefcase.com\/fr\/wp-json\/wp\/v2\/comments?post=39586"}],"wp:attachment":[{"href":"https:\/\/www.rxbriefcase.com\/fr\/wp-json\/wp\/v2\/media?parent=39586"}],"wp:term":[{"taxonomy":"product_brand","embeddable":true,"href":"https:\/\/www.rxbriefcase.com\/fr\/wp-json\/wp\/v2\/product_brand?post=39586"},{"taxonomy":"product_cat","embeddable":true,"href":"https:\/\/www.rxbriefcase.com\/fr\/wp-json\/wp\/v2\/product_cat?post=39586"},{"taxonomy":"product_tag","embeddable":true,"href":"https:\/\/www.rxbriefcase.com\/fr\/wp-json\/wp\/v2\/product_tag?post=39586"}],"curies":[{"name":"wp","href":"https:\/\/api.w.org\/{rel}","templated":true}]}}