{"id":38525,"date":"2025-12-15T15:55:07","date_gmt":"2025-12-15T20:55:07","guid":{"rendered":"https:\/\/www.rxbriefcase.com\/product\/faire-la-part-des-choses-un-cadre-de-reference-pour-les-cliniciens-canadiens\/?courseid="},"modified":"2026-04-13T12:47:36","modified_gmt":"2026-04-13T17:47:36","slug":"faire-la-part-des-choses-un-cadre-de-reference-pour-les-cliniciens-canadiens","status":"publish","type":"product","link":"https:\/\/www.rxbriefcase.com\/fr\/product\/faire-la-part-des-choses-un-cadre-de-reference-pour-les-cliniciens-canadiens\/?courseid=","title":{"rendered":"Faire la part des choses : un cadre de r\u00e9f\u00e9rence pour les cliniciens canadiens"},"content":{"rendered":"<p>Ce webinaire pr\u00e9sente un cadre \u00e9thique pratique pour comprendre comment l\u2019IA transforme les soins de sant\u00e9, en particulier la pratique clinique et la documentation m\u00e9dicale. \u00c0 l\u2019aide du mod\u00e8le SPECTRAILS, la s\u00e9ance explore des dimensions interconnect\u00e9es telles que la vie priv\u00e9e, la transparence, l\u2019\u00e9quit\u00e9, la responsabilit\u00e9 et le travail, et d\u00e9montre comment ces \u00e9l\u00e9ments se manifestent dans des exemples r\u00e9els. Les participants examineront les compromis entre l\u2019efficacit\u00e9 et le jugement clinique, notamment dans l\u2019utilisation d\u2019outils d\u2019IA comme les scribes cliniques, et r\u00e9fl\u00e9chiront \u00e0 la fa\u00e7on dont l\u2019IA peut \u00e0 la fois soutenir et parfois compromettre les soins centr\u00e9s sur le patient. L\u2019objectif est d\u2019offrir aux cliniciens et aux dirigeants un cadre structur\u00e9 pour identifier, analyser et justifier les d\u00e9cisions \u00e9thiques li\u00e9es \u00e0 l\u2019adoption de l\u2019IA dans leur propre contexte.<\/p>","protected":false},"excerpt":{"rendered":"<p>Ce webinaire pr\u00e9sente un cadre \u00e9thique pratique pour comprendre comment l\u2019IA transforme les soins de sant\u00e9, en particulier la pratique clinique et la documentation m\u00e9dicale. \u00c0 l\u2019aide du mod\u00e8le SPECTRAILS, la s\u00e9ance explore des dimensions interconnect\u00e9es telles que la vie priv\u00e9e, la transparence, l\u2019\u00e9quit\u00e9, la responsabilit\u00e9 et le travail, et d\u00e9montre comment ces \u00e9l\u00e9ments se [&hellip;]<\/p>\n","protected":false},"featured_media":0,"comment_status":"closed","ping_status":"closed","template":"","meta":{"_acf_changed":false,"inline_featured_image":false},"product_brand":[],"product_cat":[],"product_tag":[],"class_list":{"0":"post-38525","1":"product","2":"type-product","3":"status-publish","6":"first","7":"instock","8":"downloadable","9":"virtual","10":"taxable","11":"purchasable","12":"product-type-simple"},"acf":[],"yoast_head":"<!-- This site is optimized with the Yoast SEO plugin v27.2 - https:\/\/yoast.com\/product\/yoast-seo-wordpress\/ -->\n<title>Faire la part des choses : un cadre de r\u00e9f\u00e9rence pour les cliniciens canadiens - RxBriefCase<\/title>\n<meta name=\"robots\" content=\"noindex, follow\" \/>\n<meta property=\"og:locale\" content=\"fr_CA\" \/>\n<meta property=\"og:type\" content=\"article\" \/>\n<meta property=\"og:title\" content=\"Faire la part des choses : un cadre de r\u00e9f\u00e9rence pour les cliniciens canadiens - RxBriefCase\" \/>\n<meta property=\"og:description\" content=\"Ce webinaire pr\u00e9sente un cadre \u00e9thique pratique pour comprendre comment l\u2019IA transforme les soins de sant\u00e9, en particulier la pratique clinique et la documentation m\u00e9dicale. \u00c0 l\u2019aide du mod\u00e8le SPECTRAILS, la s\u00e9ance explore des dimensions interconnect\u00e9es telles que la vie priv\u00e9e, la transparence, l\u2019\u00e9quit\u00e9, la responsabilit\u00e9 et le travail, et d\u00e9montre comment ces \u00e9l\u00e9ments se [&hellip;]\" \/>\n<meta property=\"og:url\" content=\"https:\/\/www.rxbriefcase.com\/fr\/product\/faire-la-part-des-choses-un-cadre-de-reference-pour-les-cliniciens-canadiens\/?courseid=\" \/>\n<meta property=\"og:site_name\" content=\"RxBriefCase\" \/>\n<meta property=\"article:modified_time\" content=\"2026-04-13T17:47:36+00:00\" \/>\n<meta name=\"twitter:card\" content=\"summary_large_image\" \/>\n<meta name=\"twitter:label1\" content=\"Est. reading time\" \/>\n\t<meta name=\"twitter:data1\" content=\"1 minute\" \/>\n<script type=\"application\/ld+json\" class=\"yoast-schema-graph\">{\"@context\":\"https:\/\/schema.org\",\"@graph\":[{\"@type\":\"WebPage\",\"@id\":\"https:\/\/www.rxbriefcase.com\/product\/faire-la-part-des-choses-un-cadre-de-reference-pour-les-cliniciens-canadiens\/?courseid=\",\"url\":\"https:\/\/www.rxbriefcase.com\/product\/faire-la-part-des-choses-un-cadre-de-reference-pour-les-cliniciens-canadiens\/?courseid=\",\"name\":\"Faire la part des choses : un cadre de r\u00e9f\u00e9rence pour les cliniciens canadiens - RxBriefCase\",\"isPartOf\":{\"@id\":\"https:\/\/www.rxbriefcase.com\/#website\"},\"datePublished\":\"2025-12-15T20:55:07+00:00\",\"dateModified\":\"2026-04-13T17:47:36+00:00\",\"breadcrumb\":{\"@id\":\"https:\/\/www.rxbriefcase.com\/product\/faire-la-part-des-choses-un-cadre-de-reference-pour-les-cliniciens-canadiens\/?courseid=#breadcrumb\"},\"inLanguage\":\"fr-CA\",\"potentialAction\":[{\"@type\":\"ReadAction\",\"target\":[\"https:\/\/www.rxbriefcase.com\/product\/faire-la-part-des-choses-un-cadre-de-reference-pour-les-cliniciens-canadiens\/?courseid=\"]}]},{\"@type\":\"BreadcrumbList\",\"@id\":\"https:\/\/www.rxbriefcase.com\/product\/faire-la-part-des-choses-un-cadre-de-reference-pour-les-cliniciens-canadiens\/?courseid=#breadcrumb\",\"itemListElement\":[{\"@type\":\"ListItem\",\"position\":1,\"name\":\"Home\",\"item\":\"https:\/\/www.rxbriefcase.com\/\"},{\"@type\":\"ListItem\",\"position\":2,\"name\":\"Shop\",\"item\":\"https:\/\/www.rxbriefcase.com\/shop\/\"},{\"@type\":\"ListItem\",\"position\":3,\"name\":\"Faire la part des choses : un cadre de r\u00e9f\u00e9rence pour les cliniciens canadiens\"}]},{\"@type\":\"WebSite\",\"@id\":\"https:\/\/www.rxbriefcase.com\/#website\",\"url\":\"https:\/\/www.rxbriefcase.com\/\",\"name\":\"RxBriefCase\",\"description\":\"\",\"publisher\":{\"@id\":\"https:\/\/www.rxbriefcase.com\/#organization\"},\"potentialAction\":[{\"@type\":\"SearchAction\",\"target\":{\"@type\":\"EntryPoint\",\"urlTemplate\":\"https:\/\/www.rxbriefcase.com\/?s={search_term_string}\"},\"query-input\":{\"@type\":\"PropertyValueSpecification\",\"valueRequired\":true,\"valueName\":\"search_term_string\"}}],\"inLanguage\":\"fr-CA\"},{\"@type\":\"Organization\",\"@id\":\"https:\/\/www.rxbriefcase.com\/#organization\",\"name\":\"RxBriefCase\",\"url\":\"https:\/\/www.rxbriefcase.com\/\",\"logo\":{\"@type\":\"ImageObject\",\"inLanguage\":\"fr-CA\",\"@id\":\"https:\/\/www.rxbriefcase.com\/#\/schema\/logo\/image\/\",\"url\":\"https:\/\/www.rxbriefcase.com\/wp-content\/uploads\/2024\/07\/logo.webp\",\"contentUrl\":\"https:\/\/www.rxbriefcase.com\/wp-content\/uploads\/2024\/07\/logo.webp\",\"width\":190,\"height\":36,\"caption\":\"RxBriefCase\"},\"image\":{\"@id\":\"https:\/\/www.rxbriefcase.com\/#\/schema\/logo\/image\/\"}}]}<\/script>\n<!-- \/ Yoast SEO plugin. -->","yoast_head_json":{"title":"Faire la part des choses : un cadre de r\u00e9f\u00e9rence pour les cliniciens canadiens - RxBriefCase","robots":{"index":"noindex","follow":"follow"},"og_locale":"fr_CA","og_type":"article","og_title":"Faire la part des choses : un cadre de r\u00e9f\u00e9rence pour les cliniciens canadiens - RxBriefCase","og_description":"Ce webinaire pr\u00e9sente un cadre \u00e9thique pratique pour comprendre comment l\u2019IA transforme les soins de sant\u00e9, en particulier la pratique clinique et la documentation m\u00e9dicale. \u00c0 l\u2019aide du mod\u00e8le SPECTRAILS, la s\u00e9ance explore des dimensions interconnect\u00e9es telles que la vie priv\u00e9e, la transparence, l\u2019\u00e9quit\u00e9, la responsabilit\u00e9 et le travail, et d\u00e9montre comment ces \u00e9l\u00e9ments se [&hellip;]","og_url":"https:\/\/www.rxbriefcase.com\/fr\/product\/faire-la-part-des-choses-un-cadre-de-reference-pour-les-cliniciens-canadiens\/?courseid=","og_site_name":"RxBriefCase","article_modified_time":"2026-04-13T17:47:36+00:00","twitter_card":"summary_large_image","twitter_misc":{"Est. reading time":"1 minute"},"schema":{"@context":"https:\/\/schema.org","@graph":[{"@type":"WebPage","@id":"https:\/\/www.rxbriefcase.com\/product\/faire-la-part-des-choses-un-cadre-de-reference-pour-les-cliniciens-canadiens\/?courseid=","url":"https:\/\/www.rxbriefcase.com\/product\/faire-la-part-des-choses-un-cadre-de-reference-pour-les-cliniciens-canadiens\/?courseid=","name":"Faire la part des choses : un cadre de r\u00e9f\u00e9rence pour les cliniciens canadiens - RxBriefCase","isPartOf":{"@id":"https:\/\/www.rxbriefcase.com\/#website"},"datePublished":"2025-12-15T20:55:07+00:00","dateModified":"2026-04-13T17:47:36+00:00","breadcrumb":{"@id":"https:\/\/www.rxbriefcase.com\/product\/faire-la-part-des-choses-un-cadre-de-reference-pour-les-cliniciens-canadiens\/?courseid=#breadcrumb"},"inLanguage":"fr-CA","potentialAction":[{"@type":"ReadAction","target":["https:\/\/www.rxbriefcase.com\/product\/faire-la-part-des-choses-un-cadre-de-reference-pour-les-cliniciens-canadiens\/?courseid="]}]},{"@type":"BreadcrumbList","@id":"https:\/\/www.rxbriefcase.com\/product\/faire-la-part-des-choses-un-cadre-de-reference-pour-les-cliniciens-canadiens\/?courseid=#breadcrumb","itemListElement":[{"@type":"ListItem","position":1,"name":"Home","item":"https:\/\/www.rxbriefcase.com\/"},{"@type":"ListItem","position":2,"name":"Shop","item":"https:\/\/www.rxbriefcase.com\/shop\/"},{"@type":"ListItem","position":3,"name":"Faire la part des choses : un cadre de r\u00e9f\u00e9rence pour les cliniciens canadiens"}]},{"@type":"WebSite","@id":"https:\/\/www.rxbriefcase.com\/#website","url":"https:\/\/www.rxbriefcase.com\/","name":"Mallette Rx","description":"","publisher":{"@id":"https:\/\/www.rxbriefcase.com\/#organization"},"potentialAction":[{"@type":"SearchAction","target":{"@type":"EntryPoint","urlTemplate":"https:\/\/www.rxbriefcase.com\/?s={search_term_string}"},"query-input":{"@type":"PropertyValueSpecification","valueRequired":true,"valueName":"search_term_string"}}],"inLanguage":"fr-CA"},{"@type":"Organization","@id":"https:\/\/www.rxbriefcase.com\/#organization","name":"Mallette Rx","url":"https:\/\/www.rxbriefcase.com\/","logo":{"@type":"ImageObject","inLanguage":"fr-CA","@id":"https:\/\/www.rxbriefcase.com\/#\/schema\/logo\/image\/","url":"https:\/\/www.rxbriefcase.com\/wp-content\/uploads\/2024\/07\/logo.webp","contentUrl":"https:\/\/www.rxbriefcase.com\/wp-content\/uploads\/2024\/07\/logo.webp","width":190,"height":36,"caption":"RxBriefCase"},"image":{"@id":"https:\/\/www.rxbriefcase.com\/#\/schema\/logo\/image\/"}}]}},"_links":{"self":[{"href":"https:\/\/www.rxbriefcase.com\/fr\/wp-json\/wp\/v2\/product\/38525","targetHints":{"allow":["GET"]}}],"collection":[{"href":"https:\/\/www.rxbriefcase.com\/fr\/wp-json\/wp\/v2\/product"}],"about":[{"href":"https:\/\/www.rxbriefcase.com\/fr\/wp-json\/wp\/v2\/types\/product"}],"replies":[{"embeddable":true,"href":"https:\/\/www.rxbriefcase.com\/fr\/wp-json\/wp\/v2\/comments?post=38525"}],"wp:attachment":[{"href":"https:\/\/www.rxbriefcase.com\/fr\/wp-json\/wp\/v2\/media?parent=38525"}],"wp:term":[{"taxonomy":"product_brand","embeddable":true,"href":"https:\/\/www.rxbriefcase.com\/fr\/wp-json\/wp\/v2\/product_brand?post=38525"},{"taxonomy":"product_cat","embeddable":true,"href":"https:\/\/www.rxbriefcase.com\/fr\/wp-json\/wp\/v2\/product_cat?post=38525"},{"taxonomy":"product_tag","embeddable":true,"href":"https:\/\/www.rxbriefcase.com\/fr\/wp-json\/wp\/v2\/product_tag?post=38525"}],"curies":[{"name":"wp","href":"https:\/\/api.w.org\/{rel}","templated":true}]}}