{"id":36751,"date":"2025-12-01T13:19:07","date_gmt":"2025-12-01T18:19:07","guid":{"rendered":"https:\/\/www.rxbriefcase.com\/product\/composer-avec-la-surcharge-medicamenteuse-strategies-pour-le-traitement-securitaire-de-la-douleur\/?courseid="},"modified":"2026-04-13T12:47:34","modified_gmt":"2026-04-13T17:47:34","slug":"composer-avec-la-surcharge-medicamenteuse-strategies-pour-le-traitement-securitaire-de-la-douleur","status":"publish","type":"product","link":"https:\/\/www.rxbriefcase.com\/fr\/product\/composer-avec-la-surcharge-medicamenteuse-strategies-pour-le-traitement-securitaire-de-la-douleur\/?courseid=","title":{"rendered":"Composer avec la surcharge m\u00e9dicamenteuse : Strat\u00e9gies pour le traitement s\u00e9curitaire de la douleur"},"content":{"rendered":"<p>Ce micro-apprentissage a \u00e9t\u00e9 con\u00e7u pour offrir aux fournisseurs de soins les connaissances et strat\u00e9gies essentielles permettant de composer avec la polypharmacie dans la prise en charge de la douleur chronique. Le programme d\u00e9crit comment optimiser l\u2019utilisation des m\u00e9dicaments tout en minimisant les risques, et aussi comment int\u00e9grer des approches non-pharmacologiques, afin d\u2019am\u00e9liorer les r\u00e9sultats pour les patients.<\/p>","protected":false},"excerpt":{"rendered":"<p>Ce micro-apprentissage a \u00e9t\u00e9 con\u00e7u pour offrir aux fournisseurs de soins les connaissances et strat\u00e9gies essentielles permettant de composer avec la polypharmacie dans la prise en charge de la douleur chronique. Le programme d\u00e9crit comment optimiser l\u2019utilisation des m\u00e9dicaments tout en minimisant les risques, et aussi comment int\u00e9grer des approches non-pharmacologiques, afin d\u2019am\u00e9liorer les r\u00e9sultats [&hellip;]<\/p>\n","protected":false},"featured_media":0,"comment_status":"closed","ping_status":"closed","template":"","meta":{"_acf_changed":false,"inline_featured_image":false},"product_brand":[],"product_cat":[],"product_tag":[],"class_list":{"0":"post-36751","1":"product","2":"type-product","3":"status-publish","6":"first","7":"instock","8":"downloadable","9":"virtual","10":"taxable","11":"purchasable","12":"product-type-simple"},"acf":[],"yoast_head":"<!-- This site is optimized with the Yoast SEO plugin v27.2 - https:\/\/yoast.com\/product\/yoast-seo-wordpress\/ -->\n<title>Composer avec la surcharge m\u00e9dicamenteuse : Strat\u00e9gies pour le traitement s\u00e9curitaire de la douleur - RxBriefCase<\/title>\n<meta name=\"robots\" content=\"noindex, follow\" \/>\n<meta property=\"og:locale\" content=\"fr_CA\" \/>\n<meta property=\"og:type\" content=\"article\" \/>\n<meta property=\"og:title\" content=\"Composer avec la surcharge m\u00e9dicamenteuse : Strat\u00e9gies pour le traitement s\u00e9curitaire de la douleur - RxBriefCase\" \/>\n<meta property=\"og:description\" content=\"Ce micro-apprentissage a \u00e9t\u00e9 con\u00e7u pour offrir aux fournisseurs de soins les connaissances et strat\u00e9gies essentielles permettant de composer avec la polypharmacie dans la prise en charge de la douleur chronique. Le programme d\u00e9crit comment optimiser l\u2019utilisation des m\u00e9dicaments tout en minimisant les risques, et aussi comment int\u00e9grer des approches non-pharmacologiques, afin d\u2019am\u00e9liorer les r\u00e9sultats [&hellip;]\" \/>\n<meta property=\"og:url\" content=\"https:\/\/www.rxbriefcase.com\/fr\/product\/composer-avec-la-surcharge-medicamenteuse-strategies-pour-le-traitement-securitaire-de-la-douleur\/?courseid=\" \/>\n<meta property=\"og:site_name\" content=\"RxBriefCase\" \/>\n<meta property=\"article:modified_time\" content=\"2026-04-13T17:47:34+00:00\" \/>\n<meta name=\"twitter:card\" content=\"summary_large_image\" \/>\n<script type=\"application\/ld+json\" class=\"yoast-schema-graph\">{\"@context\":\"https:\/\/schema.org\",\"@graph\":[{\"@type\":\"WebPage\",\"@id\":\"https:\/\/www.rxbriefcase.com\/product\/composer-avec-la-surcharge-medicamenteuse-strategies-pour-le-traitement-securitaire-de-la-douleur\/?courseid=\",\"url\":\"https:\/\/www.rxbriefcase.com\/product\/composer-avec-la-surcharge-medicamenteuse-strategies-pour-le-traitement-securitaire-de-la-douleur\/?courseid=\",\"name\":\"Composer avec la surcharge m\u00e9dicamenteuse : Strat\u00e9gies pour le traitement s\u00e9curitaire de la douleur - RxBriefCase\",\"isPartOf\":{\"@id\":\"https:\/\/www.rxbriefcase.com\/#website\"},\"datePublished\":\"2025-12-01T18:19:07+00:00\",\"dateModified\":\"2026-04-13T17:47:34+00:00\",\"breadcrumb\":{\"@id\":\"https:\/\/www.rxbriefcase.com\/product\/composer-avec-la-surcharge-medicamenteuse-strategies-pour-le-traitement-securitaire-de-la-douleur\/?courseid=#breadcrumb\"},\"inLanguage\":\"fr-CA\",\"potentialAction\":[{\"@type\":\"ReadAction\",\"target\":[\"https:\/\/www.rxbriefcase.com\/product\/composer-avec-la-surcharge-medicamenteuse-strategies-pour-le-traitement-securitaire-de-la-douleur\/?courseid=\"]}]},{\"@type\":\"BreadcrumbList\",\"@id\":\"https:\/\/www.rxbriefcase.com\/product\/composer-avec-la-surcharge-medicamenteuse-strategies-pour-le-traitement-securitaire-de-la-douleur\/?courseid=#breadcrumb\",\"itemListElement\":[{\"@type\":\"ListItem\",\"position\":1,\"name\":\"Home\",\"item\":\"https:\/\/www.rxbriefcase.com\/\"},{\"@type\":\"ListItem\",\"position\":2,\"name\":\"Shop\",\"item\":\"https:\/\/www.rxbriefcase.com\/shop\/\"},{\"@type\":\"ListItem\",\"position\":3,\"name\":\"Composer avec la surcharge m\u00e9dicamenteuse : Strat\u00e9gies pour le traitement s\u00e9curitaire de la douleur\"}]},{\"@type\":\"WebSite\",\"@id\":\"https:\/\/www.rxbriefcase.com\/#website\",\"url\":\"https:\/\/www.rxbriefcase.com\/\",\"name\":\"RxBriefCase\",\"description\":\"\",\"publisher\":{\"@id\":\"https:\/\/www.rxbriefcase.com\/#organization\"},\"potentialAction\":[{\"@type\":\"SearchAction\",\"target\":{\"@type\":\"EntryPoint\",\"urlTemplate\":\"https:\/\/www.rxbriefcase.com\/?s={search_term_string}\"},\"query-input\":{\"@type\":\"PropertyValueSpecification\",\"valueRequired\":true,\"valueName\":\"search_term_string\"}}],\"inLanguage\":\"fr-CA\"},{\"@type\":\"Organization\",\"@id\":\"https:\/\/www.rxbriefcase.com\/#organization\",\"name\":\"RxBriefCase\",\"url\":\"https:\/\/www.rxbriefcase.com\/\",\"logo\":{\"@type\":\"ImageObject\",\"inLanguage\":\"fr-CA\",\"@id\":\"https:\/\/www.rxbriefcase.com\/#\/schema\/logo\/image\/\",\"url\":\"https:\/\/www.rxbriefcase.com\/wp-content\/uploads\/2024\/07\/logo.webp\",\"contentUrl\":\"https:\/\/www.rxbriefcase.com\/wp-content\/uploads\/2024\/07\/logo.webp\",\"width\":190,\"height\":36,\"caption\":\"RxBriefCase\"},\"image\":{\"@id\":\"https:\/\/www.rxbriefcase.com\/#\/schema\/logo\/image\/\"}}]}<\/script>\n<!-- \/ Yoast SEO plugin. -->","yoast_head_json":{"title":"Composer avec la surcharge m\u00e9dicamenteuse : Strat\u00e9gies pour le traitement s\u00e9curitaire de la douleur - RxBriefCase","robots":{"index":"noindex","follow":"follow"},"og_locale":"fr_CA","og_type":"article","og_title":"Composer avec la surcharge m\u00e9dicamenteuse : Strat\u00e9gies pour le traitement s\u00e9curitaire de la douleur - RxBriefCase","og_description":"Ce micro-apprentissage a \u00e9t\u00e9 con\u00e7u pour offrir aux fournisseurs de soins les connaissances et strat\u00e9gies essentielles permettant de composer avec la polypharmacie dans la prise en charge de la douleur chronique. Le programme d\u00e9crit comment optimiser l\u2019utilisation des m\u00e9dicaments tout en minimisant les risques, et aussi comment int\u00e9grer des approches non-pharmacologiques, afin d\u2019am\u00e9liorer les r\u00e9sultats [&hellip;]","og_url":"https:\/\/www.rxbriefcase.com\/fr\/product\/composer-avec-la-surcharge-medicamenteuse-strategies-pour-le-traitement-securitaire-de-la-douleur\/?courseid=","og_site_name":"RxBriefCase","article_modified_time":"2026-04-13T17:47:34+00:00","twitter_card":"summary_large_image","schema":{"@context":"https:\/\/schema.org","@graph":[{"@type":"WebPage","@id":"https:\/\/www.rxbriefcase.com\/product\/composer-avec-la-surcharge-medicamenteuse-strategies-pour-le-traitement-securitaire-de-la-douleur\/?courseid=","url":"https:\/\/www.rxbriefcase.com\/product\/composer-avec-la-surcharge-medicamenteuse-strategies-pour-le-traitement-securitaire-de-la-douleur\/?courseid=","name":"Composer avec la surcharge m\u00e9dicamenteuse : Strat\u00e9gies pour le traitement s\u00e9curitaire de la douleur - RxBriefCase","isPartOf":{"@id":"https:\/\/www.rxbriefcase.com\/#website"},"datePublished":"2025-12-01T18:19:07+00:00","dateModified":"2026-04-13T17:47:34+00:00","breadcrumb":{"@id":"https:\/\/www.rxbriefcase.com\/product\/composer-avec-la-surcharge-medicamenteuse-strategies-pour-le-traitement-securitaire-de-la-douleur\/?courseid=#breadcrumb"},"inLanguage":"fr-CA","potentialAction":[{"@type":"ReadAction","target":["https:\/\/www.rxbriefcase.com\/product\/composer-avec-la-surcharge-medicamenteuse-strategies-pour-le-traitement-securitaire-de-la-douleur\/?courseid="]}]},{"@type":"BreadcrumbList","@id":"https:\/\/www.rxbriefcase.com\/product\/composer-avec-la-surcharge-medicamenteuse-strategies-pour-le-traitement-securitaire-de-la-douleur\/?courseid=#breadcrumb","itemListElement":[{"@type":"ListItem","position":1,"name":"Home","item":"https:\/\/www.rxbriefcase.com\/"},{"@type":"ListItem","position":2,"name":"Shop","item":"https:\/\/www.rxbriefcase.com\/shop\/"},{"@type":"ListItem","position":3,"name":"Composer avec la surcharge m\u00e9dicamenteuse : Strat\u00e9gies pour le traitement s\u00e9curitaire de la douleur"}]},{"@type":"WebSite","@id":"https:\/\/www.rxbriefcase.com\/#website","url":"https:\/\/www.rxbriefcase.com\/","name":"Mallette Rx","description":"","publisher":{"@id":"https:\/\/www.rxbriefcase.com\/#organization"},"potentialAction":[{"@type":"SearchAction","target":{"@type":"EntryPoint","urlTemplate":"https:\/\/www.rxbriefcase.com\/?s={search_term_string}"},"query-input":{"@type":"PropertyValueSpecification","valueRequired":true,"valueName":"search_term_string"}}],"inLanguage":"fr-CA"},{"@type":"Organization","@id":"https:\/\/www.rxbriefcase.com\/#organization","name":"Mallette Rx","url":"https:\/\/www.rxbriefcase.com\/","logo":{"@type":"ImageObject","inLanguage":"fr-CA","@id":"https:\/\/www.rxbriefcase.com\/#\/schema\/logo\/image\/","url":"https:\/\/www.rxbriefcase.com\/wp-content\/uploads\/2024\/07\/logo.webp","contentUrl":"https:\/\/www.rxbriefcase.com\/wp-content\/uploads\/2024\/07\/logo.webp","width":190,"height":36,"caption":"RxBriefCase"},"image":{"@id":"https:\/\/www.rxbriefcase.com\/#\/schema\/logo\/image\/"}}]}},"_links":{"self":[{"href":"https:\/\/www.rxbriefcase.com\/fr\/wp-json\/wp\/v2\/product\/36751","targetHints":{"allow":["GET"]}}],"collection":[{"href":"https:\/\/www.rxbriefcase.com\/fr\/wp-json\/wp\/v2\/product"}],"about":[{"href":"https:\/\/www.rxbriefcase.com\/fr\/wp-json\/wp\/v2\/types\/product"}],"replies":[{"embeddable":true,"href":"https:\/\/www.rxbriefcase.com\/fr\/wp-json\/wp\/v2\/comments?post=36751"}],"wp:attachment":[{"href":"https:\/\/www.rxbriefcase.com\/fr\/wp-json\/wp\/v2\/media?parent=36751"}],"wp:term":[{"taxonomy":"product_brand","embeddable":true,"href":"https:\/\/www.rxbriefcase.com\/fr\/wp-json\/wp\/v2\/product_brand?post=36751"},{"taxonomy":"product_cat","embeddable":true,"href":"https:\/\/www.rxbriefcase.com\/fr\/wp-json\/wp\/v2\/product_cat?post=36751"},{"taxonomy":"product_tag","embeddable":true,"href":"https:\/\/www.rxbriefcase.com\/fr\/wp-json\/wp\/v2\/product_tag?post=36751"}],"curies":[{"name":"wp","href":"https:\/\/api.w.org\/{rel}","templated":true}]}}