{"id":36732,"date":"2025-12-01T11:59:58","date_gmt":"2025-12-01T16:59:58","guid":{"rendered":"https:\/\/www.rxbriefcase.com\/product\/bien-identifier-la-fibromyalgie-etapes-cles-vers-un-diagnostic-prompt-et-precis\/?courseid="},"modified":"2026-04-13T12:47:34","modified_gmt":"2026-04-13T17:47:34","slug":"bien-identifier-la-fibromyalgie-etapes-cles-vers-un-diagnostic-prompt-et-precis","status":"publish","type":"product","link":"https:\/\/www.rxbriefcase.com\/fr\/product\/bien-identifier-la-fibromyalgie-etapes-cles-vers-un-diagnostic-prompt-et-precis\/?courseid=","title":{"rendered":"Bien identifier la fibromyalgie : \u00c9tapes cl\u00e9s vers un diagnostic prompt et pr\u00e9cis"},"content":{"rendered":"<p>Ce micro-apprentissage a \u00e9t\u00e9 con\u00e7u pour offrir aux fournisseurs de soins les connaissances et strat\u00e9gies a \u00e9t\u00e9 con\u00e7u pour offrir aux prestataires de soins les connaissances et strat\u00e9gies essentielles permettant de poser un diagnostic de fibromyalgie, de mani\u00e8re juste, pr\u00e9cise et en temps opportun. Le programme d\u00e9crit comment surmonter les d\u00e9fis li\u00e9s au diagnostic et comment mettre en \u0153uvre des approches diagnostiques efficaces.<\/p>","protected":false},"excerpt":{"rendered":"<p>Ce micro-apprentissage a \u00e9t\u00e9 con\u00e7u pour offrir aux fournisseurs de soins les connaissances et strat\u00e9gies a \u00e9t\u00e9 con\u00e7u pour offrir aux prestataires de soins les connaissances et strat\u00e9gies essentielles permettant de poser un diagnostic de fibromyalgie, de mani\u00e8re juste, pr\u00e9cise et en temps opportun. Le programme d\u00e9crit comment surmonter les d\u00e9fis li\u00e9s au diagnostic et [&hellip;]<\/p>\n","protected":false},"featured_media":0,"comment_status":"closed","ping_status":"closed","template":"","meta":{"_acf_changed":false,"inline_featured_image":false},"product_brand":[],"product_cat":[],"product_tag":[],"class_list":{"0":"post-36732","1":"product","2":"type-product","3":"status-publish","6":"first","7":"instock","8":"downloadable","9":"virtual","10":"taxable","11":"purchasable","12":"product-type-simple"},"acf":[],"yoast_head":"<!-- This site is optimized with the Yoast SEO plugin v27.2 - https:\/\/yoast.com\/product\/yoast-seo-wordpress\/ -->\n<title>Bien identifier la fibromyalgie : \u00c9tapes cl\u00e9s vers un diagnostic prompt et pr\u00e9cis - RxBriefCase<\/title>\n<meta name=\"robots\" content=\"noindex, follow\" \/>\n<meta property=\"og:locale\" content=\"fr_CA\" \/>\n<meta property=\"og:type\" content=\"article\" \/>\n<meta property=\"og:title\" content=\"Bien identifier la fibromyalgie : \u00c9tapes cl\u00e9s vers un diagnostic prompt et pr\u00e9cis - RxBriefCase\" \/>\n<meta property=\"og:description\" content=\"Ce micro-apprentissage a \u00e9t\u00e9 con\u00e7u pour offrir aux fournisseurs de soins les connaissances et strat\u00e9gies a \u00e9t\u00e9 con\u00e7u pour offrir aux prestataires de soins les connaissances et strat\u00e9gies essentielles permettant de poser un diagnostic de fibromyalgie, de mani\u00e8re juste, pr\u00e9cise et en temps opportun. Le programme d\u00e9crit comment surmonter les d\u00e9fis li\u00e9s au diagnostic et [&hellip;]\" \/>\n<meta property=\"og:url\" content=\"https:\/\/www.rxbriefcase.com\/fr\/product\/bien-identifier-la-fibromyalgie-etapes-cles-vers-un-diagnostic-prompt-et-precis\/?courseid=\" \/>\n<meta property=\"og:site_name\" content=\"RxBriefCase\" \/>\n<meta property=\"article:modified_time\" content=\"2026-04-13T17:47:34+00:00\" \/>\n<meta name=\"twitter:card\" content=\"summary_large_image\" \/>\n<script type=\"application\/ld+json\" class=\"yoast-schema-graph\">{\"@context\":\"https:\/\/schema.org\",\"@graph\":[{\"@type\":\"WebPage\",\"@id\":\"https:\/\/www.rxbriefcase.com\/product\/bien-identifier-la-fibromyalgie-etapes-cles-vers-un-diagnostic-prompt-et-precis\/?courseid=\",\"url\":\"https:\/\/www.rxbriefcase.com\/product\/bien-identifier-la-fibromyalgie-etapes-cles-vers-un-diagnostic-prompt-et-precis\/?courseid=\",\"name\":\"Bien identifier la fibromyalgie : \u00c9tapes cl\u00e9s vers un diagnostic prompt et pr\u00e9cis - RxBriefCase\",\"isPartOf\":{\"@id\":\"https:\/\/www.rxbriefcase.com\/#website\"},\"datePublished\":\"2025-12-01T16:59:58+00:00\",\"dateModified\":\"2026-04-13T17:47:34+00:00\",\"breadcrumb\":{\"@id\":\"https:\/\/www.rxbriefcase.com\/product\/bien-identifier-la-fibromyalgie-etapes-cles-vers-un-diagnostic-prompt-et-precis\/?courseid=#breadcrumb\"},\"inLanguage\":\"fr-CA\",\"potentialAction\":[{\"@type\":\"ReadAction\",\"target\":[\"https:\/\/www.rxbriefcase.com\/product\/bien-identifier-la-fibromyalgie-etapes-cles-vers-un-diagnostic-prompt-et-precis\/?courseid=\"]}]},{\"@type\":\"BreadcrumbList\",\"@id\":\"https:\/\/www.rxbriefcase.com\/product\/bien-identifier-la-fibromyalgie-etapes-cles-vers-un-diagnostic-prompt-et-precis\/?courseid=#breadcrumb\",\"itemListElement\":[{\"@type\":\"ListItem\",\"position\":1,\"name\":\"Home\",\"item\":\"https:\/\/www.rxbriefcase.com\/\"},{\"@type\":\"ListItem\",\"position\":2,\"name\":\"Shop\",\"item\":\"https:\/\/www.rxbriefcase.com\/shop\/\"},{\"@type\":\"ListItem\",\"position\":3,\"name\":\"Bien identifier la fibromyalgie : \u00c9tapes cl\u00e9s vers un diagnostic prompt et pr\u00e9cis\"}]},{\"@type\":\"WebSite\",\"@id\":\"https:\/\/www.rxbriefcase.com\/#website\",\"url\":\"https:\/\/www.rxbriefcase.com\/\",\"name\":\"RxBriefCase\",\"description\":\"\",\"publisher\":{\"@id\":\"https:\/\/www.rxbriefcase.com\/#organization\"},\"potentialAction\":[{\"@type\":\"SearchAction\",\"target\":{\"@type\":\"EntryPoint\",\"urlTemplate\":\"https:\/\/www.rxbriefcase.com\/?s={search_term_string}\"},\"query-input\":{\"@type\":\"PropertyValueSpecification\",\"valueRequired\":true,\"valueName\":\"search_term_string\"}}],\"inLanguage\":\"fr-CA\"},{\"@type\":\"Organization\",\"@id\":\"https:\/\/www.rxbriefcase.com\/#organization\",\"name\":\"RxBriefCase\",\"url\":\"https:\/\/www.rxbriefcase.com\/\",\"logo\":{\"@type\":\"ImageObject\",\"inLanguage\":\"fr-CA\",\"@id\":\"https:\/\/www.rxbriefcase.com\/#\/schema\/logo\/image\/\",\"url\":\"https:\/\/www.rxbriefcase.com\/wp-content\/uploads\/2024\/07\/logo.webp\",\"contentUrl\":\"https:\/\/www.rxbriefcase.com\/wp-content\/uploads\/2024\/07\/logo.webp\",\"width\":190,\"height\":36,\"caption\":\"RxBriefCase\"},\"image\":{\"@id\":\"https:\/\/www.rxbriefcase.com\/#\/schema\/logo\/image\/\"}}]}<\/script>\n<!-- \/ Yoast SEO plugin. -->","yoast_head_json":{"title":"Bien identifier la fibromyalgie : \u00c9tapes cl\u00e9s vers un diagnostic prompt et pr\u00e9cis - RxBriefCase","robots":{"index":"noindex","follow":"follow"},"og_locale":"fr_CA","og_type":"article","og_title":"Bien identifier la fibromyalgie : \u00c9tapes cl\u00e9s vers un diagnostic prompt et pr\u00e9cis - RxBriefCase","og_description":"Ce micro-apprentissage a \u00e9t\u00e9 con\u00e7u pour offrir aux fournisseurs de soins les connaissances et strat\u00e9gies a \u00e9t\u00e9 con\u00e7u pour offrir aux prestataires de soins les connaissances et strat\u00e9gies essentielles permettant de poser un diagnostic de fibromyalgie, de mani\u00e8re juste, pr\u00e9cise et en temps opportun. Le programme d\u00e9crit comment surmonter les d\u00e9fis li\u00e9s au diagnostic et [&hellip;]","og_url":"https:\/\/www.rxbriefcase.com\/fr\/product\/bien-identifier-la-fibromyalgie-etapes-cles-vers-un-diagnostic-prompt-et-precis\/?courseid=","og_site_name":"RxBriefCase","article_modified_time":"2026-04-13T17:47:34+00:00","twitter_card":"summary_large_image","schema":{"@context":"https:\/\/schema.org","@graph":[{"@type":"WebPage","@id":"https:\/\/www.rxbriefcase.com\/product\/bien-identifier-la-fibromyalgie-etapes-cles-vers-un-diagnostic-prompt-et-precis\/?courseid=","url":"https:\/\/www.rxbriefcase.com\/product\/bien-identifier-la-fibromyalgie-etapes-cles-vers-un-diagnostic-prompt-et-precis\/?courseid=","name":"Bien identifier la fibromyalgie : \u00c9tapes cl\u00e9s vers un diagnostic prompt et pr\u00e9cis - RxBriefCase","isPartOf":{"@id":"https:\/\/www.rxbriefcase.com\/#website"},"datePublished":"2025-12-01T16:59:58+00:00","dateModified":"2026-04-13T17:47:34+00:00","breadcrumb":{"@id":"https:\/\/www.rxbriefcase.com\/product\/bien-identifier-la-fibromyalgie-etapes-cles-vers-un-diagnostic-prompt-et-precis\/?courseid=#breadcrumb"},"inLanguage":"fr-CA","potentialAction":[{"@type":"ReadAction","target":["https:\/\/www.rxbriefcase.com\/product\/bien-identifier-la-fibromyalgie-etapes-cles-vers-un-diagnostic-prompt-et-precis\/?courseid="]}]},{"@type":"BreadcrumbList","@id":"https:\/\/www.rxbriefcase.com\/product\/bien-identifier-la-fibromyalgie-etapes-cles-vers-un-diagnostic-prompt-et-precis\/?courseid=#breadcrumb","itemListElement":[{"@type":"ListItem","position":1,"name":"Home","item":"https:\/\/www.rxbriefcase.com\/"},{"@type":"ListItem","position":2,"name":"Shop","item":"https:\/\/www.rxbriefcase.com\/shop\/"},{"@type":"ListItem","position":3,"name":"Bien identifier la fibromyalgie : \u00c9tapes cl\u00e9s vers un diagnostic prompt et pr\u00e9cis"}]},{"@type":"WebSite","@id":"https:\/\/www.rxbriefcase.com\/#website","url":"https:\/\/www.rxbriefcase.com\/","name":"Mallette Rx","description":"","publisher":{"@id":"https:\/\/www.rxbriefcase.com\/#organization"},"potentialAction":[{"@type":"SearchAction","target":{"@type":"EntryPoint","urlTemplate":"https:\/\/www.rxbriefcase.com\/?s={search_term_string}"},"query-input":{"@type":"PropertyValueSpecification","valueRequired":true,"valueName":"search_term_string"}}],"inLanguage":"fr-CA"},{"@type":"Organization","@id":"https:\/\/www.rxbriefcase.com\/#organization","name":"Mallette Rx","url":"https:\/\/www.rxbriefcase.com\/","logo":{"@type":"ImageObject","inLanguage":"fr-CA","@id":"https:\/\/www.rxbriefcase.com\/#\/schema\/logo\/image\/","url":"https:\/\/www.rxbriefcase.com\/wp-content\/uploads\/2024\/07\/logo.webp","contentUrl":"https:\/\/www.rxbriefcase.com\/wp-content\/uploads\/2024\/07\/logo.webp","width":190,"height":36,"caption":"RxBriefCase"},"image":{"@id":"https:\/\/www.rxbriefcase.com\/#\/schema\/logo\/image\/"}}]}},"_links":{"self":[{"href":"https:\/\/www.rxbriefcase.com\/fr\/wp-json\/wp\/v2\/product\/36732","targetHints":{"allow":["GET"]}}],"collection":[{"href":"https:\/\/www.rxbriefcase.com\/fr\/wp-json\/wp\/v2\/product"}],"about":[{"href":"https:\/\/www.rxbriefcase.com\/fr\/wp-json\/wp\/v2\/types\/product"}],"replies":[{"embeddable":true,"href":"https:\/\/www.rxbriefcase.com\/fr\/wp-json\/wp\/v2\/comments?post=36732"}],"wp:attachment":[{"href":"https:\/\/www.rxbriefcase.com\/fr\/wp-json\/wp\/v2\/media?parent=36732"}],"wp:term":[{"taxonomy":"product_brand","embeddable":true,"href":"https:\/\/www.rxbriefcase.com\/fr\/wp-json\/wp\/v2\/product_brand?post=36732"},{"taxonomy":"product_cat","embeddable":true,"href":"https:\/\/www.rxbriefcase.com\/fr\/wp-json\/wp\/v2\/product_cat?post=36732"},{"taxonomy":"product_tag","embeddable":true,"href":"https:\/\/www.rxbriefcase.com\/fr\/wp-json\/wp\/v2\/product_tag?post=36732"}],"curies":[{"name":"wp","href":"https:\/\/api.w.org\/{rel}","templated":true}]}}