{"id":36148,"date":"2025-11-28T13:49:00","date_gmt":"2025-11-28T18:49:00","guid":{"rendered":"https:\/\/www.rxbriefcase.com\/product\/aucun-nourrisson-laisse-sans-protection-chaque-nourrisson-chaque-dose-chaque-saison\/?courseid="},"modified":"2026-04-13T12:47:34","modified_gmt":"2026-04-13T17:47:34","slug":"aucun-nourrisson-laisse-sans-protection-chaque-nourrisson-chaque-dose-chaque-saison","status":"publish","type":"product","link":"https:\/\/www.rxbriefcase.com\/fr\/product\/aucun-nourrisson-laisse-sans-protection-chaque-nourrisson-chaque-dose-chaque-saison\/?courseid=","title":{"rendered":"Aucun nourrisson laiss\u00e9 sans protection : chaque nourrisson, chaque dose, chaque saison"},"content":{"rendered":"<p>Les nourrissons canadiens sont fortement touch\u00e9s par le VRS chaque saison, mais une protection en temps opportun est d\u00e9sormais possible pour tous gr\u00e2ce aux soins de routine. Dans cette s\u00e9ance concise ax\u00e9e sur la pratique, les experts traduisent les plus r\u00e9centes recommandations et les donn\u00e9es probantes du monde r\u00e9el en actions concr\u00e8tes pour les soins primaires, notamment quand et comment offrir l\u2019immunisation contre le VRS aux nourrissons, comment adopter une approche pr\u00e9somptive lors des discussions avec les parents, et des strat\u00e9gies pratiques de rappel pour les nourrissons n\u00e9s en \u00e9t\u00e9 ou ayant manqu\u00e9 la dose \u00e0 l\u2019h\u00f4pital.<\/p>\n<hr>\n<p>Ce programme a re\u00e7u un soutien financier de Sanofi sous forme d\u2019une subvention \u00e9ducative sans restriction.\u00a0<\/p>","protected":false},"excerpt":{"rendered":"<p>Les nourrissons canadiens sont fortement touch\u00e9s par le VRS chaque saison, mais une protection en temps opportun est d\u00e9sormais possible pour tous gr\u00e2ce aux soins de routine. Dans cette s\u00e9ance concise ax\u00e9e sur la pratique, les experts traduisent les plus r\u00e9centes recommandations et les donn\u00e9es probantes du monde r\u00e9el en actions concr\u00e8tes pour les soins [&hellip;]<\/p>\n","protected":false},"featured_media":0,"comment_status":"closed","ping_status":"closed","template":"","meta":{"_acf_changed":false,"inline_featured_image":false},"product_brand":[],"product_cat":[],"product_tag":[],"class_list":{"0":"post-36148","1":"product","2":"type-product","3":"status-publish","6":"first","7":"instock","8":"downloadable","9":"virtual","10":"taxable","11":"purchasable","12":"product-type-simple"},"acf":[],"yoast_head":"<!-- This site is optimized with the Yoast SEO plugin v27.2 - https:\/\/yoast.com\/product\/yoast-seo-wordpress\/ -->\n<title>Aucun nourrisson laiss\u00e9 sans protection : chaque nourrisson, chaque dose, chaque saison - RxBriefCase<\/title>\n<meta name=\"robots\" content=\"noindex, follow\" \/>\n<meta property=\"og:locale\" content=\"fr_CA\" \/>\n<meta property=\"og:type\" content=\"article\" \/>\n<meta property=\"og:title\" content=\"Aucun nourrisson laiss\u00e9 sans protection : chaque nourrisson, chaque dose, chaque saison - RxBriefCase\" \/>\n<meta property=\"og:description\" content=\"Les nourrissons canadiens sont fortement touch\u00e9s par le VRS chaque saison, mais une protection en temps opportun est d\u00e9sormais possible pour tous gr\u00e2ce aux soins de routine. Dans cette s\u00e9ance concise ax\u00e9e sur la pratique, les experts traduisent les plus r\u00e9centes recommandations et les donn\u00e9es probantes du monde r\u00e9el en actions concr\u00e8tes pour les soins [&hellip;]\" \/>\n<meta property=\"og:url\" content=\"https:\/\/www.rxbriefcase.com\/fr\/product\/aucun-nourrisson-laisse-sans-protection-chaque-nourrisson-chaque-dose-chaque-saison\/?courseid=\" \/>\n<meta property=\"og:site_name\" content=\"RxBriefCase\" \/>\n<meta property=\"article:modified_time\" content=\"2026-04-13T17:47:34+00:00\" \/>\n<meta name=\"twitter:card\" content=\"summary_large_image\" \/>\n<meta name=\"twitter:label1\" content=\"Est. reading time\" \/>\n\t<meta name=\"twitter:data1\" content=\"1 minute\" \/>\n<script type=\"application\/ld+json\" class=\"yoast-schema-graph\">{\"@context\":\"https:\/\/schema.org\",\"@graph\":[{\"@type\":\"WebPage\",\"@id\":\"https:\/\/www.rxbriefcase.com\/product\/aucun-nourrisson-laisse-sans-protection-chaque-nourrisson-chaque-dose-chaque-saison\/?courseid=\",\"url\":\"https:\/\/www.rxbriefcase.com\/product\/aucun-nourrisson-laisse-sans-protection-chaque-nourrisson-chaque-dose-chaque-saison\/?courseid=\",\"name\":\"Aucun nourrisson laiss\u00e9 sans protection : chaque nourrisson, chaque dose, chaque saison - RxBriefCase\",\"isPartOf\":{\"@id\":\"https:\/\/www.rxbriefcase.com\/#website\"},\"datePublished\":\"2025-11-28T18:49:00+00:00\",\"dateModified\":\"2026-04-13T17:47:34+00:00\",\"breadcrumb\":{\"@id\":\"https:\/\/www.rxbriefcase.com\/product\/aucun-nourrisson-laisse-sans-protection-chaque-nourrisson-chaque-dose-chaque-saison\/?courseid=#breadcrumb\"},\"inLanguage\":\"fr-CA\",\"potentialAction\":[{\"@type\":\"ReadAction\",\"target\":[\"https:\/\/www.rxbriefcase.com\/product\/aucun-nourrisson-laisse-sans-protection-chaque-nourrisson-chaque-dose-chaque-saison\/?courseid=\"]}]},{\"@type\":\"BreadcrumbList\",\"@id\":\"https:\/\/www.rxbriefcase.com\/product\/aucun-nourrisson-laisse-sans-protection-chaque-nourrisson-chaque-dose-chaque-saison\/?courseid=#breadcrumb\",\"itemListElement\":[{\"@type\":\"ListItem\",\"position\":1,\"name\":\"Home\",\"item\":\"https:\/\/www.rxbriefcase.com\/\"},{\"@type\":\"ListItem\",\"position\":2,\"name\":\"Shop\",\"item\":\"https:\/\/www.rxbriefcase.com\/shop\/\"},{\"@type\":\"ListItem\",\"position\":3,\"name\":\"Aucun nourrisson laiss\u00e9 sans protection : chaque nourrisson, chaque dose, chaque saison\"}]},{\"@type\":\"WebSite\",\"@id\":\"https:\/\/www.rxbriefcase.com\/#website\",\"url\":\"https:\/\/www.rxbriefcase.com\/\",\"name\":\"RxBriefCase\",\"description\":\"\",\"publisher\":{\"@id\":\"https:\/\/www.rxbriefcase.com\/#organization\"},\"potentialAction\":[{\"@type\":\"SearchAction\",\"target\":{\"@type\":\"EntryPoint\",\"urlTemplate\":\"https:\/\/www.rxbriefcase.com\/?s={search_term_string}\"},\"query-input\":{\"@type\":\"PropertyValueSpecification\",\"valueRequired\":true,\"valueName\":\"search_term_string\"}}],\"inLanguage\":\"fr-CA\"},{\"@type\":\"Organization\",\"@id\":\"https:\/\/www.rxbriefcase.com\/#organization\",\"name\":\"RxBriefCase\",\"url\":\"https:\/\/www.rxbriefcase.com\/\",\"logo\":{\"@type\":\"ImageObject\",\"inLanguage\":\"fr-CA\",\"@id\":\"https:\/\/www.rxbriefcase.com\/#\/schema\/logo\/image\/\",\"url\":\"https:\/\/www.rxbriefcase.com\/wp-content\/uploads\/2024\/07\/logo.webp\",\"contentUrl\":\"https:\/\/www.rxbriefcase.com\/wp-content\/uploads\/2024\/07\/logo.webp\",\"width\":190,\"height\":36,\"caption\":\"RxBriefCase\"},\"image\":{\"@id\":\"https:\/\/www.rxbriefcase.com\/#\/schema\/logo\/image\/\"}}]}<\/script>\n<!-- \/ Yoast SEO plugin. -->","yoast_head_json":{"title":"Aucun nourrisson laiss\u00e9 sans protection : chaque nourrisson, chaque dose, chaque saison - RxBriefCase","robots":{"index":"noindex","follow":"follow"},"og_locale":"fr_CA","og_type":"article","og_title":"Aucun nourrisson laiss\u00e9 sans protection : chaque nourrisson, chaque dose, chaque saison - RxBriefCase","og_description":"Les nourrissons canadiens sont fortement touch\u00e9s par le VRS chaque saison, mais une protection en temps opportun est d\u00e9sormais possible pour tous gr\u00e2ce aux soins de routine. Dans cette s\u00e9ance concise ax\u00e9e sur la pratique, les experts traduisent les plus r\u00e9centes recommandations et les donn\u00e9es probantes du monde r\u00e9el en actions concr\u00e8tes pour les soins [&hellip;]","og_url":"https:\/\/www.rxbriefcase.com\/fr\/product\/aucun-nourrisson-laisse-sans-protection-chaque-nourrisson-chaque-dose-chaque-saison\/?courseid=","og_site_name":"RxBriefCase","article_modified_time":"2026-04-13T17:47:34+00:00","twitter_card":"summary_large_image","twitter_misc":{"Est. reading time":"1 minute"},"schema":{"@context":"https:\/\/schema.org","@graph":[{"@type":"WebPage","@id":"https:\/\/www.rxbriefcase.com\/product\/aucun-nourrisson-laisse-sans-protection-chaque-nourrisson-chaque-dose-chaque-saison\/?courseid=","url":"https:\/\/www.rxbriefcase.com\/product\/aucun-nourrisson-laisse-sans-protection-chaque-nourrisson-chaque-dose-chaque-saison\/?courseid=","name":"Aucun nourrisson laiss\u00e9 sans protection : chaque nourrisson, chaque dose, chaque saison - RxBriefCase","isPartOf":{"@id":"https:\/\/www.rxbriefcase.com\/#website"},"datePublished":"2025-11-28T18:49:00+00:00","dateModified":"2026-04-13T17:47:34+00:00","breadcrumb":{"@id":"https:\/\/www.rxbriefcase.com\/product\/aucun-nourrisson-laisse-sans-protection-chaque-nourrisson-chaque-dose-chaque-saison\/?courseid=#breadcrumb"},"inLanguage":"fr-CA","potentialAction":[{"@type":"ReadAction","target":["https:\/\/www.rxbriefcase.com\/product\/aucun-nourrisson-laisse-sans-protection-chaque-nourrisson-chaque-dose-chaque-saison\/?courseid="]}]},{"@type":"BreadcrumbList","@id":"https:\/\/www.rxbriefcase.com\/product\/aucun-nourrisson-laisse-sans-protection-chaque-nourrisson-chaque-dose-chaque-saison\/?courseid=#breadcrumb","itemListElement":[{"@type":"ListItem","position":1,"name":"Home","item":"https:\/\/www.rxbriefcase.com\/"},{"@type":"ListItem","position":2,"name":"Shop","item":"https:\/\/www.rxbriefcase.com\/shop\/"},{"@type":"ListItem","position":3,"name":"Aucun nourrisson laiss\u00e9 sans protection : chaque nourrisson, chaque dose, chaque saison"}]},{"@type":"WebSite","@id":"https:\/\/www.rxbriefcase.com\/#website","url":"https:\/\/www.rxbriefcase.com\/","name":"Mallette Rx","description":"","publisher":{"@id":"https:\/\/www.rxbriefcase.com\/#organization"},"potentialAction":[{"@type":"SearchAction","target":{"@type":"EntryPoint","urlTemplate":"https:\/\/www.rxbriefcase.com\/?s={search_term_string}"},"query-input":{"@type":"PropertyValueSpecification","valueRequired":true,"valueName":"search_term_string"}}],"inLanguage":"fr-CA"},{"@type":"Organization","@id":"https:\/\/www.rxbriefcase.com\/#organization","name":"Mallette Rx","url":"https:\/\/www.rxbriefcase.com\/","logo":{"@type":"ImageObject","inLanguage":"fr-CA","@id":"https:\/\/www.rxbriefcase.com\/#\/schema\/logo\/image\/","url":"https:\/\/www.rxbriefcase.com\/wp-content\/uploads\/2024\/07\/logo.webp","contentUrl":"https:\/\/www.rxbriefcase.com\/wp-content\/uploads\/2024\/07\/logo.webp","width":190,"height":36,"caption":"RxBriefCase"},"image":{"@id":"https:\/\/www.rxbriefcase.com\/#\/schema\/logo\/image\/"}}]}},"_links":{"self":[{"href":"https:\/\/www.rxbriefcase.com\/fr\/wp-json\/wp\/v2\/product\/36148","targetHints":{"allow":["GET"]}}],"collection":[{"href":"https:\/\/www.rxbriefcase.com\/fr\/wp-json\/wp\/v2\/product"}],"about":[{"href":"https:\/\/www.rxbriefcase.com\/fr\/wp-json\/wp\/v2\/types\/product"}],"replies":[{"embeddable":true,"href":"https:\/\/www.rxbriefcase.com\/fr\/wp-json\/wp\/v2\/comments?post=36148"}],"wp:attachment":[{"href":"https:\/\/www.rxbriefcase.com\/fr\/wp-json\/wp\/v2\/media?parent=36148"}],"wp:term":[{"taxonomy":"product_brand","embeddable":true,"href":"https:\/\/www.rxbriefcase.com\/fr\/wp-json\/wp\/v2\/product_brand?post=36148"},{"taxonomy":"product_cat","embeddable":true,"href":"https:\/\/www.rxbriefcase.com\/fr\/wp-json\/wp\/v2\/product_cat?post=36148"},{"taxonomy":"product_tag","embeddable":true,"href":"https:\/\/www.rxbriefcase.com\/fr\/wp-json\/wp\/v2\/product_tag?post=36148"}],"curies":[{"name":"wp","href":"https:\/\/api.w.org\/{rel}","templated":true}]}}