{"id":36107,"date":"2025-11-28T11:56:08","date_gmt":"2025-11-28T16:56:08","guid":{"rendered":"https:\/\/www.rxbriefcase.com\/product\/hausse-des-its-au-canada-accroitre-le-role-du-pharmacien-dans-la-prevention-et-le-traitement-des-its\/?courseid="},"modified":"2026-04-13T12:47:34","modified_gmt":"2026-04-13T17:47:34","slug":"hausse-des-its-au-canada-accroitre-le-role-du-pharmacien-dans-la-prevention-et-le-traitement-des-its","status":"publish","type":"product","link":"https:\/\/www.rxbriefcase.com\/fr\/product\/hausse-des-its-au-canada-accroitre-le-role-du-pharmacien-dans-la-prevention-et-le-traitement-des-its\/?courseid=","title":{"rendered":"Hausse des ITS au Canada : Accro\u00eetre le r\u00f4le du pharmacien dans la pr\u00e9vention et le traitement des ITS"},"content":{"rendered":"<p>Ce programme agr\u00e9\u00e9 de formation m\u00e9dicale continue, d\u2019une dur\u00e9e de 30 minutes, s\u2019adresse aux professionnels de soins de sant\u00e9 primaires du Canada. Il a \u00e9t\u00e9 con\u00e7u pour offrir des conseils pratiques sur la pr\u00e9vention et la prise en charge des infections transmises sexuellement (ITS), particuli\u00e8rement des ITS d\u2019origine bact\u00e9rienne, en contexte de soins primaires. \u00c0 l\u2019aide d\u2019une \u00e9tude de cas de patient, cette formation explore le r\u00f4le essentiel que jouent les praticiens de soins primaires pour freiner la hausse des ITS bact\u00e9riennes au Canada, avec une emphase particuli\u00e8re sur la mise en place d\u2019un cadre de pratique structur\u00e9 permettant d\u2019appuyer les soins.<\/p>","protected":false},"excerpt":{"rendered":"<p>Ce programme agr\u00e9\u00e9 de formation m\u00e9dicale continue, d\u2019une dur\u00e9e de 30 minutes, s\u2019adresse aux professionnels de soins de sant\u00e9 primaires du Canada. Il a \u00e9t\u00e9 con\u00e7u pour offrir des conseils pratiques sur la pr\u00e9vention et la prise en charge des infections transmises sexuellement (ITS), particuli\u00e8rement des ITS d\u2019origine bact\u00e9rienne, en contexte de soins primaires. \u00c0 [&hellip;]<\/p>\n","protected":false},"featured_media":0,"comment_status":"closed","ping_status":"closed","template":"","meta":{"_acf_changed":false,"inline_featured_image":false},"product_brand":[],"product_cat":[],"product_tag":[],"class_list":{"0":"post-36107","1":"product","2":"type-product","3":"status-publish","6":"first","7":"instock","8":"downloadable","9":"virtual","10":"taxable","11":"purchasable","12":"product-type-simple"},"acf":[],"yoast_head":"<!-- This site is optimized with the Yoast SEO plugin v27.2 - https:\/\/yoast.com\/product\/yoast-seo-wordpress\/ -->\n<title>Hausse des ITS au Canada : Accro\u00eetre le r\u00f4le du pharmacien dans la pr\u00e9vention et le traitement des ITS - RxBriefCase<\/title>\n<meta name=\"robots\" content=\"noindex, follow\" \/>\n<meta property=\"og:locale\" content=\"fr_CA\" \/>\n<meta property=\"og:type\" content=\"article\" \/>\n<meta property=\"og:title\" content=\"Hausse des ITS au Canada : Accro\u00eetre le r\u00f4le du pharmacien dans la pr\u00e9vention et le traitement des ITS - RxBriefCase\" \/>\n<meta property=\"og:description\" content=\"Ce programme agr\u00e9\u00e9 de formation m\u00e9dicale continue, d\u2019une dur\u00e9e de 30 minutes, s\u2019adresse aux professionnels de soins de sant\u00e9 primaires du Canada. Il a \u00e9t\u00e9 con\u00e7u pour offrir des conseils pratiques sur la pr\u00e9vention et la prise en charge des infections transmises sexuellement (ITS), particuli\u00e8rement des ITS d\u2019origine bact\u00e9rienne, en contexte de soins primaires. \u00c0 [&hellip;]\" \/>\n<meta property=\"og:url\" content=\"https:\/\/www.rxbriefcase.com\/fr\/product\/hausse-des-its-au-canada-accroitre-le-role-du-pharmacien-dans-la-prevention-et-le-traitement-des-its\/?courseid=\" \/>\n<meta property=\"og:site_name\" content=\"RxBriefCase\" \/>\n<meta property=\"article:modified_time\" content=\"2026-04-13T17:47:34+00:00\" \/>\n<meta name=\"twitter:card\" content=\"summary_large_image\" \/>\n<meta name=\"twitter:label1\" content=\"Est. reading time\" \/>\n\t<meta name=\"twitter:data1\" content=\"1 minute\" \/>\n<script type=\"application\/ld+json\" class=\"yoast-schema-graph\">{\"@context\":\"https:\/\/schema.org\",\"@graph\":[{\"@type\":\"WebPage\",\"@id\":\"https:\/\/www.rxbriefcase.com\/product\/hausse-des-its-au-canada-accroitre-le-role-du-pharmacien-dans-la-prevention-et-le-traitement-des-its\/?courseid=\",\"url\":\"https:\/\/www.rxbriefcase.com\/product\/hausse-des-its-au-canada-accroitre-le-role-du-pharmacien-dans-la-prevention-et-le-traitement-des-its\/?courseid=\",\"name\":\"Hausse des ITS au Canada : Accro\u00eetre le r\u00f4le du pharmacien dans la pr\u00e9vention et le traitement des ITS - RxBriefCase\",\"isPartOf\":{\"@id\":\"https:\/\/www.rxbriefcase.com\/#website\"},\"datePublished\":\"2025-11-28T16:56:08+00:00\",\"dateModified\":\"2026-04-13T17:47:34+00:00\",\"breadcrumb\":{\"@id\":\"https:\/\/www.rxbriefcase.com\/product\/hausse-des-its-au-canada-accroitre-le-role-du-pharmacien-dans-la-prevention-et-le-traitement-des-its\/?courseid=#breadcrumb\"},\"inLanguage\":\"fr-CA\",\"potentialAction\":[{\"@type\":\"ReadAction\",\"target\":[\"https:\/\/www.rxbriefcase.com\/product\/hausse-des-its-au-canada-accroitre-le-role-du-pharmacien-dans-la-prevention-et-le-traitement-des-its\/?courseid=\"]}]},{\"@type\":\"BreadcrumbList\",\"@id\":\"https:\/\/www.rxbriefcase.com\/product\/hausse-des-its-au-canada-accroitre-le-role-du-pharmacien-dans-la-prevention-et-le-traitement-des-its\/?courseid=#breadcrumb\",\"itemListElement\":[{\"@type\":\"ListItem\",\"position\":1,\"name\":\"Home\",\"item\":\"https:\/\/www.rxbriefcase.com\/\"},{\"@type\":\"ListItem\",\"position\":2,\"name\":\"Shop\",\"item\":\"https:\/\/www.rxbriefcase.com\/shop\/\"},{\"@type\":\"ListItem\",\"position\":3,\"name\":\"Hausse des ITS au Canada : Accro\u00eetre le r\u00f4le du pharmacien dans la pr\u00e9vention et le traitement des ITS\"}]},{\"@type\":\"WebSite\",\"@id\":\"https:\/\/www.rxbriefcase.com\/#website\",\"url\":\"https:\/\/www.rxbriefcase.com\/\",\"name\":\"RxBriefCase\",\"description\":\"\",\"publisher\":{\"@id\":\"https:\/\/www.rxbriefcase.com\/#organization\"},\"potentialAction\":[{\"@type\":\"SearchAction\",\"target\":{\"@type\":\"EntryPoint\",\"urlTemplate\":\"https:\/\/www.rxbriefcase.com\/?s={search_term_string}\"},\"query-input\":{\"@type\":\"PropertyValueSpecification\",\"valueRequired\":true,\"valueName\":\"search_term_string\"}}],\"inLanguage\":\"fr-CA\"},{\"@type\":\"Organization\",\"@id\":\"https:\/\/www.rxbriefcase.com\/#organization\",\"name\":\"RxBriefCase\",\"url\":\"https:\/\/www.rxbriefcase.com\/\",\"logo\":{\"@type\":\"ImageObject\",\"inLanguage\":\"fr-CA\",\"@id\":\"https:\/\/www.rxbriefcase.com\/#\/schema\/logo\/image\/\",\"url\":\"https:\/\/www.rxbriefcase.com\/wp-content\/uploads\/2024\/07\/logo.webp\",\"contentUrl\":\"https:\/\/www.rxbriefcase.com\/wp-content\/uploads\/2024\/07\/logo.webp\",\"width\":190,\"height\":36,\"caption\":\"RxBriefCase\"},\"image\":{\"@id\":\"https:\/\/www.rxbriefcase.com\/#\/schema\/logo\/image\/\"}}]}<\/script>\n<!-- \/ Yoast SEO plugin. -->","yoast_head_json":{"title":"Hausse des ITS au Canada : Accro\u00eetre le r\u00f4le du pharmacien dans la pr\u00e9vention et le traitement des ITS - RxBriefCase","robots":{"index":"noindex","follow":"follow"},"og_locale":"fr_CA","og_type":"article","og_title":"Hausse des ITS au Canada : Accro\u00eetre le r\u00f4le du pharmacien dans la pr\u00e9vention et le traitement des ITS - RxBriefCase","og_description":"Ce programme agr\u00e9\u00e9 de formation m\u00e9dicale continue, d\u2019une dur\u00e9e de 30 minutes, s\u2019adresse aux professionnels de soins de sant\u00e9 primaires du Canada. Il a \u00e9t\u00e9 con\u00e7u pour offrir des conseils pratiques sur la pr\u00e9vention et la prise en charge des infections transmises sexuellement (ITS), particuli\u00e8rement des ITS d\u2019origine bact\u00e9rienne, en contexte de soins primaires. \u00c0 [&hellip;]","og_url":"https:\/\/www.rxbriefcase.com\/fr\/product\/hausse-des-its-au-canada-accroitre-le-role-du-pharmacien-dans-la-prevention-et-le-traitement-des-its\/?courseid=","og_site_name":"RxBriefCase","article_modified_time":"2026-04-13T17:47:34+00:00","twitter_card":"summary_large_image","twitter_misc":{"Est. reading time":"1 minute"},"schema":{"@context":"https:\/\/schema.org","@graph":[{"@type":"WebPage","@id":"https:\/\/www.rxbriefcase.com\/product\/hausse-des-its-au-canada-accroitre-le-role-du-pharmacien-dans-la-prevention-et-le-traitement-des-its\/?courseid=","url":"https:\/\/www.rxbriefcase.com\/product\/hausse-des-its-au-canada-accroitre-le-role-du-pharmacien-dans-la-prevention-et-le-traitement-des-its\/?courseid=","name":"Hausse des ITS au Canada : Accro\u00eetre le r\u00f4le du pharmacien dans la pr\u00e9vention et le traitement des ITS - RxBriefCase","isPartOf":{"@id":"https:\/\/www.rxbriefcase.com\/#website"},"datePublished":"2025-11-28T16:56:08+00:00","dateModified":"2026-04-13T17:47:34+00:00","breadcrumb":{"@id":"https:\/\/www.rxbriefcase.com\/product\/hausse-des-its-au-canada-accroitre-le-role-du-pharmacien-dans-la-prevention-et-le-traitement-des-its\/?courseid=#breadcrumb"},"inLanguage":"fr-CA","potentialAction":[{"@type":"ReadAction","target":["https:\/\/www.rxbriefcase.com\/product\/hausse-des-its-au-canada-accroitre-le-role-du-pharmacien-dans-la-prevention-et-le-traitement-des-its\/?courseid="]}]},{"@type":"BreadcrumbList","@id":"https:\/\/www.rxbriefcase.com\/product\/hausse-des-its-au-canada-accroitre-le-role-du-pharmacien-dans-la-prevention-et-le-traitement-des-its\/?courseid=#breadcrumb","itemListElement":[{"@type":"ListItem","position":1,"name":"Home","item":"https:\/\/www.rxbriefcase.com\/"},{"@type":"ListItem","position":2,"name":"Shop","item":"https:\/\/www.rxbriefcase.com\/shop\/"},{"@type":"ListItem","position":3,"name":"Hausse des ITS au Canada : Accro\u00eetre le r\u00f4le du pharmacien dans la pr\u00e9vention et le traitement des ITS"}]},{"@type":"WebSite","@id":"https:\/\/www.rxbriefcase.com\/#website","url":"https:\/\/www.rxbriefcase.com\/","name":"Mallette Rx","description":"","publisher":{"@id":"https:\/\/www.rxbriefcase.com\/#organization"},"potentialAction":[{"@type":"SearchAction","target":{"@type":"EntryPoint","urlTemplate":"https:\/\/www.rxbriefcase.com\/?s={search_term_string}"},"query-input":{"@type":"PropertyValueSpecification","valueRequired":true,"valueName":"search_term_string"}}],"inLanguage":"fr-CA"},{"@type":"Organization","@id":"https:\/\/www.rxbriefcase.com\/#organization","name":"Mallette Rx","url":"https:\/\/www.rxbriefcase.com\/","logo":{"@type":"ImageObject","inLanguage":"fr-CA","@id":"https:\/\/www.rxbriefcase.com\/#\/schema\/logo\/image\/","url":"https:\/\/www.rxbriefcase.com\/wp-content\/uploads\/2024\/07\/logo.webp","contentUrl":"https:\/\/www.rxbriefcase.com\/wp-content\/uploads\/2024\/07\/logo.webp","width":190,"height":36,"caption":"RxBriefCase"},"image":{"@id":"https:\/\/www.rxbriefcase.com\/#\/schema\/logo\/image\/"}}]}},"_links":{"self":[{"href":"https:\/\/www.rxbriefcase.com\/fr\/wp-json\/wp\/v2\/product\/36107","targetHints":{"allow":["GET"]}}],"collection":[{"href":"https:\/\/www.rxbriefcase.com\/fr\/wp-json\/wp\/v2\/product"}],"about":[{"href":"https:\/\/www.rxbriefcase.com\/fr\/wp-json\/wp\/v2\/types\/product"}],"replies":[{"embeddable":true,"href":"https:\/\/www.rxbriefcase.com\/fr\/wp-json\/wp\/v2\/comments?post=36107"}],"wp:attachment":[{"href":"https:\/\/www.rxbriefcase.com\/fr\/wp-json\/wp\/v2\/media?parent=36107"}],"wp:term":[{"taxonomy":"product_brand","embeddable":true,"href":"https:\/\/www.rxbriefcase.com\/fr\/wp-json\/wp\/v2\/product_brand?post=36107"},{"taxonomy":"product_cat","embeddable":true,"href":"https:\/\/www.rxbriefcase.com\/fr\/wp-json\/wp\/v2\/product_cat?post=36107"},{"taxonomy":"product_tag","embeddable":true,"href":"https:\/\/www.rxbriefcase.com\/fr\/wp-json\/wp\/v2\/product_tag?post=36107"}],"curies":[{"name":"wp","href":"https:\/\/api.w.org\/{rel}","templated":true}]}}