{"id":35069,"date":"2025-11-25T10:02:07","date_gmt":"2025-11-25T15:02:07","guid":{"rendered":"https:\/\/www.rxbriefcase.com\/product\/optimisation-de-la-medication-guide-de-la-deprescription\/?courseid="},"modified":"2026-04-13T12:47:33","modified_gmt":"2026-04-13T17:47:33","slug":"optimisation-de-la-medication-guide-de-la-deprescription","status":"publish","type":"product","link":"https:\/\/www.rxbriefcase.com\/fr\/product\/optimisation-de-la-medication-guide-de-la-deprescription\/?courseid=","title":{"rendered":"Optimisation de la m\u00e9dication : Guide de la d\u00e9prescription"},"content":{"rendered":"<p>La polypharmacie, bien qu\u2019elle puisse \u00eatre parfois n\u00e9cessaire, peut souvent conduire \u00e0 des \u00e9v\u00e9nements ind\u00e9sirables li\u00e9s aux m\u00e9dicaments, \u00e0 des co\u00fbts plus \u00e9lev\u00e9s et \u00e0 des atteintes cognitives ou fonctionnelles. Ce programme de formation porte sur les risques li\u00e9s \u00e0 la polypharmacie et propose des outils pour appuyer les cliniciens dans l\u2019identification de la polypharmacie lorsque celle-ci devient probl\u00e9matique, et la r\u00e9duction de la polypharmacie, notamment au moyen de la d\u00e9prescription. Se basant sur un cas de patient, ce programme de formation passe en revue les \u00e9tapes pratiques qui permettent de revoir, \u00e9valuer et r\u00e9duire la m\u00e9dication de fa\u00e7on s\u00e9curitaire, dans le but d\u2019outiller les cliniciens et les aider \u00e0 optimiser l\u2019utilisation des m\u00e9dicaments dans la pratique.<\/p>","protected":false},"excerpt":{"rendered":"<p>La polypharmacie, bien qu\u2019elle puisse \u00eatre parfois n\u00e9cessaire, peut souvent conduire \u00e0 des \u00e9v\u00e9nements ind\u00e9sirables li\u00e9s aux m\u00e9dicaments, \u00e0 des co\u00fbts plus \u00e9lev\u00e9s et \u00e0 des atteintes cognitives ou fonctionnelles. Ce programme de formation porte sur les risques li\u00e9s \u00e0 la polypharmacie et propose des outils pour appuyer les cliniciens dans l\u2019identification de la polypharmacie [&hellip;]<\/p>\n","protected":false},"featured_media":0,"comment_status":"closed","ping_status":"closed","template":"","meta":{"_acf_changed":false,"inline_featured_image":false},"product_brand":[],"product_cat":[],"product_tag":[],"class_list":{"0":"post-35069","1":"product","2":"type-product","3":"status-publish","6":"first","7":"instock","8":"downloadable","9":"virtual","10":"taxable","11":"purchasable","12":"product-type-simple"},"acf":[],"yoast_head":"<!-- This site is optimized with the Yoast SEO plugin v27.2 - https:\/\/yoast.com\/product\/yoast-seo-wordpress\/ -->\n<title>Optimisation de la m\u00e9dication : Guide de la d\u00e9prescription - RxBriefCase<\/title>\n<meta name=\"robots\" content=\"noindex, follow\" \/>\n<meta property=\"og:locale\" content=\"fr_CA\" \/>\n<meta property=\"og:type\" content=\"article\" \/>\n<meta property=\"og:title\" content=\"Optimisation de la m\u00e9dication : Guide de la d\u00e9prescription - RxBriefCase\" \/>\n<meta property=\"og:description\" content=\"La polypharmacie, bien qu\u2019elle puisse \u00eatre parfois n\u00e9cessaire, peut souvent conduire \u00e0 des \u00e9v\u00e9nements ind\u00e9sirables li\u00e9s aux m\u00e9dicaments, \u00e0 des co\u00fbts plus \u00e9lev\u00e9s et \u00e0 des atteintes cognitives ou fonctionnelles. Ce programme de formation porte sur les risques li\u00e9s \u00e0 la polypharmacie et propose des outils pour appuyer les cliniciens dans l\u2019identification de la polypharmacie [&hellip;]\" \/>\n<meta property=\"og:url\" content=\"https:\/\/www.rxbriefcase.com\/fr\/product\/optimisation-de-la-medication-guide-de-la-deprescription\/?courseid=\" \/>\n<meta property=\"og:site_name\" content=\"RxBriefCase\" \/>\n<meta property=\"article:modified_time\" content=\"2026-04-13T17:47:33+00:00\" \/>\n<meta name=\"twitter:card\" content=\"summary_large_image\" \/>\n<meta name=\"twitter:label1\" content=\"Est. reading time\" \/>\n\t<meta name=\"twitter:data1\" content=\"1 minute\" \/>\n<script type=\"application\/ld+json\" class=\"yoast-schema-graph\">{\"@context\":\"https:\/\/schema.org\",\"@graph\":[{\"@type\":\"WebPage\",\"@id\":\"https:\/\/www.rxbriefcase.com\/product\/optimisation-de-la-medication-guide-de-la-deprescription\/?courseid=\",\"url\":\"https:\/\/www.rxbriefcase.com\/product\/optimisation-de-la-medication-guide-de-la-deprescription\/?courseid=\",\"name\":\"Optimisation de la m\u00e9dication : Guide de la d\u00e9prescription - RxBriefCase\",\"isPartOf\":{\"@id\":\"https:\/\/www.rxbriefcase.com\/#website\"},\"datePublished\":\"2025-11-25T15:02:07+00:00\",\"dateModified\":\"2026-04-13T17:47:33+00:00\",\"breadcrumb\":{\"@id\":\"https:\/\/www.rxbriefcase.com\/product\/optimisation-de-la-medication-guide-de-la-deprescription\/?courseid=#breadcrumb\"},\"inLanguage\":\"fr-CA\",\"potentialAction\":[{\"@type\":\"ReadAction\",\"target\":[\"https:\/\/www.rxbriefcase.com\/product\/optimisation-de-la-medication-guide-de-la-deprescription\/?courseid=\"]}]},{\"@type\":\"BreadcrumbList\",\"@id\":\"https:\/\/www.rxbriefcase.com\/product\/optimisation-de-la-medication-guide-de-la-deprescription\/?courseid=#breadcrumb\",\"itemListElement\":[{\"@type\":\"ListItem\",\"position\":1,\"name\":\"Home\",\"item\":\"https:\/\/www.rxbriefcase.com\/\"},{\"@type\":\"ListItem\",\"position\":2,\"name\":\"Shop\",\"item\":\"https:\/\/www.rxbriefcase.com\/shop\/\"},{\"@type\":\"ListItem\",\"position\":3,\"name\":\"Optimisation de la m\u00e9dication : Guide de la d\u00e9prescription\"}]},{\"@type\":\"WebSite\",\"@id\":\"https:\/\/www.rxbriefcase.com\/#website\",\"url\":\"https:\/\/www.rxbriefcase.com\/\",\"name\":\"RxBriefCase\",\"description\":\"\",\"publisher\":{\"@id\":\"https:\/\/www.rxbriefcase.com\/#organization\"},\"potentialAction\":[{\"@type\":\"SearchAction\",\"target\":{\"@type\":\"EntryPoint\",\"urlTemplate\":\"https:\/\/www.rxbriefcase.com\/?s={search_term_string}\"},\"query-input\":{\"@type\":\"PropertyValueSpecification\",\"valueRequired\":true,\"valueName\":\"search_term_string\"}}],\"inLanguage\":\"fr-CA\"},{\"@type\":\"Organization\",\"@id\":\"https:\/\/www.rxbriefcase.com\/#organization\",\"name\":\"RxBriefCase\",\"url\":\"https:\/\/www.rxbriefcase.com\/\",\"logo\":{\"@type\":\"ImageObject\",\"inLanguage\":\"fr-CA\",\"@id\":\"https:\/\/www.rxbriefcase.com\/#\/schema\/logo\/image\/\",\"url\":\"https:\/\/www.rxbriefcase.com\/wp-content\/uploads\/2024\/07\/logo.webp\",\"contentUrl\":\"https:\/\/www.rxbriefcase.com\/wp-content\/uploads\/2024\/07\/logo.webp\",\"width\":190,\"height\":36,\"caption\":\"RxBriefCase\"},\"image\":{\"@id\":\"https:\/\/www.rxbriefcase.com\/#\/schema\/logo\/image\/\"}}]}<\/script>\n<!-- \/ Yoast SEO plugin. -->","yoast_head_json":{"title":"Optimisation de la m\u00e9dication : Guide de la d\u00e9prescription - RxBriefCase","robots":{"index":"noindex","follow":"follow"},"og_locale":"fr_CA","og_type":"article","og_title":"Optimisation de la m\u00e9dication : Guide de la d\u00e9prescription - RxBriefCase","og_description":"La polypharmacie, bien qu\u2019elle puisse \u00eatre parfois n\u00e9cessaire, peut souvent conduire \u00e0 des \u00e9v\u00e9nements ind\u00e9sirables li\u00e9s aux m\u00e9dicaments, \u00e0 des co\u00fbts plus \u00e9lev\u00e9s et \u00e0 des atteintes cognitives ou fonctionnelles. Ce programme de formation porte sur les risques li\u00e9s \u00e0 la polypharmacie et propose des outils pour appuyer les cliniciens dans l\u2019identification de la polypharmacie [&hellip;]","og_url":"https:\/\/www.rxbriefcase.com\/fr\/product\/optimisation-de-la-medication-guide-de-la-deprescription\/?courseid=","og_site_name":"RxBriefCase","article_modified_time":"2026-04-13T17:47:33+00:00","twitter_card":"summary_large_image","twitter_misc":{"Est. reading time":"1 minute"},"schema":{"@context":"https:\/\/schema.org","@graph":[{"@type":"WebPage","@id":"https:\/\/www.rxbriefcase.com\/product\/optimisation-de-la-medication-guide-de-la-deprescription\/?courseid=","url":"https:\/\/www.rxbriefcase.com\/product\/optimisation-de-la-medication-guide-de-la-deprescription\/?courseid=","name":"Optimisation de la m\u00e9dication : Guide de la d\u00e9prescription - RxBriefCase","isPartOf":{"@id":"https:\/\/www.rxbriefcase.com\/#website"},"datePublished":"2025-11-25T15:02:07+00:00","dateModified":"2026-04-13T17:47:33+00:00","breadcrumb":{"@id":"https:\/\/www.rxbriefcase.com\/product\/optimisation-de-la-medication-guide-de-la-deprescription\/?courseid=#breadcrumb"},"inLanguage":"fr-CA","potentialAction":[{"@type":"ReadAction","target":["https:\/\/www.rxbriefcase.com\/product\/optimisation-de-la-medication-guide-de-la-deprescription\/?courseid="]}]},{"@type":"BreadcrumbList","@id":"https:\/\/www.rxbriefcase.com\/product\/optimisation-de-la-medication-guide-de-la-deprescription\/?courseid=#breadcrumb","itemListElement":[{"@type":"ListItem","position":1,"name":"Home","item":"https:\/\/www.rxbriefcase.com\/"},{"@type":"ListItem","position":2,"name":"Shop","item":"https:\/\/www.rxbriefcase.com\/shop\/"},{"@type":"ListItem","position":3,"name":"Optimisation de la m\u00e9dication : Guide de la d\u00e9prescription"}]},{"@type":"WebSite","@id":"https:\/\/www.rxbriefcase.com\/#website","url":"https:\/\/www.rxbriefcase.com\/","name":"Mallette Rx","description":"","publisher":{"@id":"https:\/\/www.rxbriefcase.com\/#organization"},"potentialAction":[{"@type":"SearchAction","target":{"@type":"EntryPoint","urlTemplate":"https:\/\/www.rxbriefcase.com\/?s={search_term_string}"},"query-input":{"@type":"PropertyValueSpecification","valueRequired":true,"valueName":"search_term_string"}}],"inLanguage":"fr-CA"},{"@type":"Organization","@id":"https:\/\/www.rxbriefcase.com\/#organization","name":"Mallette Rx","url":"https:\/\/www.rxbriefcase.com\/","logo":{"@type":"ImageObject","inLanguage":"fr-CA","@id":"https:\/\/www.rxbriefcase.com\/#\/schema\/logo\/image\/","url":"https:\/\/www.rxbriefcase.com\/wp-content\/uploads\/2024\/07\/logo.webp","contentUrl":"https:\/\/www.rxbriefcase.com\/wp-content\/uploads\/2024\/07\/logo.webp","width":190,"height":36,"caption":"RxBriefCase"},"image":{"@id":"https:\/\/www.rxbriefcase.com\/#\/schema\/logo\/image\/"}}]}},"_links":{"self":[{"href":"https:\/\/www.rxbriefcase.com\/fr\/wp-json\/wp\/v2\/product\/35069","targetHints":{"allow":["GET"]}}],"collection":[{"href":"https:\/\/www.rxbriefcase.com\/fr\/wp-json\/wp\/v2\/product"}],"about":[{"href":"https:\/\/www.rxbriefcase.com\/fr\/wp-json\/wp\/v2\/types\/product"}],"replies":[{"embeddable":true,"href":"https:\/\/www.rxbriefcase.com\/fr\/wp-json\/wp\/v2\/comments?post=35069"}],"wp:attachment":[{"href":"https:\/\/www.rxbriefcase.com\/fr\/wp-json\/wp\/v2\/media?parent=35069"}],"wp:term":[{"taxonomy":"product_brand","embeddable":true,"href":"https:\/\/www.rxbriefcase.com\/fr\/wp-json\/wp\/v2\/product_brand?post=35069"},{"taxonomy":"product_cat","embeddable":true,"href":"https:\/\/www.rxbriefcase.com\/fr\/wp-json\/wp\/v2\/product_cat?post=35069"},{"taxonomy":"product_tag","embeddable":true,"href":"https:\/\/www.rxbriefcase.com\/fr\/wp-json\/wp\/v2\/product_tag?post=35069"}],"curies":[{"name":"wp","href":"https:\/\/api.w.org\/{rel}","templated":true}]}}