{"id":33795,"date":"2025-11-21T09:53:04","date_gmt":"2025-11-21T14:53:04","guid":{"rendered":"https:\/\/www.rxbriefcase.com\/product\/autonomiser-les-patientes-atteintes-du-sopk-laccent-sur-la-sante-mentale\/?courseid="},"modified":"2026-04-13T12:47:33","modified_gmt":"2026-04-13T17:47:33","slug":"autonomiser-les-patientes-atteintes-du-sopk-laccent-sur-la-sante-mentale","status":"publish","type":"product","link":"https:\/\/www.rxbriefcase.com\/fr\/product\/autonomiser-les-patientes-atteintes-du-sopk-laccent-sur-la-sante-mentale\/?courseid=","title":{"rendered":"Autonomiser les patientes atteintes du SOPK : l&#8217;accent sur la sant\u00e9 mentale"},"content":{"rendered":"<p>Il s&#8217;agit d&#8217;une microformation de 5 minutes destin\u00e9e aux professionnels de la sant\u00e9, ax\u00e9e sur l&#8217;am\u00e9lioration de la prise en charge de la sant\u00e9 mentale des patientes atteintes du syndrome des ovaires polykystiques (SOPK). Cette formation met en lumi\u00e8re l&#8217;intersection critique entre le SOPK et la sant\u00e9 mentale, y compris les risques accrus d&#8217;anxi\u00e9t\u00e9 et de d\u00e9pression, ainsi que l&#8217;impact sur le bien-\u00eatre g\u00e9n\u00e9ral des patientes. Ce bref aper\u00e7u fournit des strat\u00e9gies pratiques pour la mise en \u0153uvre d&#8217;interventions th\u00e9rapeutiques, de modifications du mode de vie et de traitements pharmacologiques adapt\u00e9s aux besoins uniques des personnes atteintes du SOPK. En favorisant les soins collaboratifs et la prise de d\u00e9cision partag\u00e9e, cette microformation vise \u00e0 doter les fournisseurs de soins de sant\u00e9 des connaissances et des outils essentiels pour aider les patientes \u00e0 g\u00e9rer leurs d\u00e9fis de sant\u00e9 mentale, am\u00e9liorant ainsi leur qualit\u00e9 de vie et leurs r\u00e9sultats en mati\u00e8re de sant\u00e9.<\/p>","protected":false},"excerpt":{"rendered":"<p>Il s&#8217;agit d&#8217;une microformation de 5 minutes destin\u00e9e aux professionnels de la sant\u00e9, ax\u00e9e sur l&#8217;am\u00e9lioration de la prise en charge de la sant\u00e9 mentale des patientes atteintes du syndrome des ovaires polykystiques (SOPK). Cette formation met en lumi\u00e8re l&#8217;intersection critique entre le SOPK et la sant\u00e9 mentale, y compris les risques accrus d&#8217;anxi\u00e9t\u00e9 et [&hellip;]<\/p>\n","protected":false},"featured_media":0,"comment_status":"closed","ping_status":"closed","template":"","meta":{"_acf_changed":false,"inline_featured_image":false},"product_brand":[],"product_cat":[],"product_tag":[],"class_list":{"0":"post-33795","1":"product","2":"type-product","3":"status-publish","6":"first","7":"instock","8":"downloadable","9":"virtual","10":"taxable","11":"purchasable","12":"product-type-simple"},"acf":[],"yoast_head":"<!-- This site is optimized with the Yoast SEO plugin v27.2 - https:\/\/yoast.com\/product\/yoast-seo-wordpress\/ -->\n<title>Autonomiser les patientes atteintes du SOPK : l&#039;accent sur la sant\u00e9 mentale - RxBriefCase<\/title>\n<meta name=\"robots\" content=\"noindex, follow\" \/>\n<meta property=\"og:locale\" content=\"fr_CA\" \/>\n<meta property=\"og:type\" content=\"article\" \/>\n<meta property=\"og:title\" content=\"Autonomiser les patientes atteintes du SOPK : l&#039;accent sur la sant\u00e9 mentale - RxBriefCase\" \/>\n<meta property=\"og:description\" content=\"Il s&#8217;agit d&#8217;une microformation de 5 minutes destin\u00e9e aux professionnels de la sant\u00e9, ax\u00e9e sur l&#8217;am\u00e9lioration de la prise en charge de la sant\u00e9 mentale des patientes atteintes du syndrome des ovaires polykystiques (SOPK). Cette formation met en lumi\u00e8re l&#8217;intersection critique entre le SOPK et la sant\u00e9 mentale, y compris les risques accrus d&#8217;anxi\u00e9t\u00e9 et [&hellip;]\" \/>\n<meta property=\"og:url\" content=\"https:\/\/www.rxbriefcase.com\/fr\/product\/autonomiser-les-patientes-atteintes-du-sopk-laccent-sur-la-sante-mentale\/?courseid=\" \/>\n<meta property=\"og:site_name\" content=\"RxBriefCase\" \/>\n<meta property=\"article:modified_time\" content=\"2026-04-13T17:47:33+00:00\" \/>\n<meta name=\"twitter:card\" content=\"summary_large_image\" \/>\n<meta name=\"twitter:label1\" content=\"Est. reading time\" \/>\n\t<meta name=\"twitter:data1\" content=\"1 minute\" \/>\n<script type=\"application\/ld+json\" class=\"yoast-schema-graph\">{\"@context\":\"https:\/\/schema.org\",\"@graph\":[{\"@type\":\"WebPage\",\"@id\":\"https:\/\/www.rxbriefcase.com\/product\/autonomiser-les-patientes-atteintes-du-sopk-laccent-sur-la-sante-mentale\/?courseid=\",\"url\":\"https:\/\/www.rxbriefcase.com\/product\/autonomiser-les-patientes-atteintes-du-sopk-laccent-sur-la-sante-mentale\/?courseid=\",\"name\":\"Autonomiser les patientes atteintes du SOPK : l'accent sur la sant\u00e9 mentale - RxBriefCase\",\"isPartOf\":{\"@id\":\"https:\/\/www.rxbriefcase.com\/#website\"},\"datePublished\":\"2025-11-21T14:53:04+00:00\",\"dateModified\":\"2026-04-13T17:47:33+00:00\",\"breadcrumb\":{\"@id\":\"https:\/\/www.rxbriefcase.com\/product\/autonomiser-les-patientes-atteintes-du-sopk-laccent-sur-la-sante-mentale\/?courseid=#breadcrumb\"},\"inLanguage\":\"fr-CA\",\"potentialAction\":[{\"@type\":\"ReadAction\",\"target\":[\"https:\/\/www.rxbriefcase.com\/product\/autonomiser-les-patientes-atteintes-du-sopk-laccent-sur-la-sante-mentale\/?courseid=\"]}]},{\"@type\":\"BreadcrumbList\",\"@id\":\"https:\/\/www.rxbriefcase.com\/product\/autonomiser-les-patientes-atteintes-du-sopk-laccent-sur-la-sante-mentale\/?courseid=#breadcrumb\",\"itemListElement\":[{\"@type\":\"ListItem\",\"position\":1,\"name\":\"Home\",\"item\":\"https:\/\/www.rxbriefcase.com\/\"},{\"@type\":\"ListItem\",\"position\":2,\"name\":\"Shop\",\"item\":\"https:\/\/www.rxbriefcase.com\/shop\/\"},{\"@type\":\"ListItem\",\"position\":3,\"name\":\"Autonomiser les patientes atteintes du SOPK : l&#8217;accent sur la sant\u00e9 mentale\"}]},{\"@type\":\"WebSite\",\"@id\":\"https:\/\/www.rxbriefcase.com\/#website\",\"url\":\"https:\/\/www.rxbriefcase.com\/\",\"name\":\"RxBriefCase\",\"description\":\"\",\"publisher\":{\"@id\":\"https:\/\/www.rxbriefcase.com\/#organization\"},\"potentialAction\":[{\"@type\":\"SearchAction\",\"target\":{\"@type\":\"EntryPoint\",\"urlTemplate\":\"https:\/\/www.rxbriefcase.com\/?s={search_term_string}\"},\"query-input\":{\"@type\":\"PropertyValueSpecification\",\"valueRequired\":true,\"valueName\":\"search_term_string\"}}],\"inLanguage\":\"fr-CA\"},{\"@type\":\"Organization\",\"@id\":\"https:\/\/www.rxbriefcase.com\/#organization\",\"name\":\"RxBriefCase\",\"url\":\"https:\/\/www.rxbriefcase.com\/\",\"logo\":{\"@type\":\"ImageObject\",\"inLanguage\":\"fr-CA\",\"@id\":\"https:\/\/www.rxbriefcase.com\/#\/schema\/logo\/image\/\",\"url\":\"https:\/\/www.rxbriefcase.com\/wp-content\/uploads\/2024\/07\/logo.webp\",\"contentUrl\":\"https:\/\/www.rxbriefcase.com\/wp-content\/uploads\/2024\/07\/logo.webp\",\"width\":190,\"height\":36,\"caption\":\"RxBriefCase\"},\"image\":{\"@id\":\"https:\/\/www.rxbriefcase.com\/#\/schema\/logo\/image\/\"}}]}<\/script>\n<!-- \/ Yoast SEO plugin. -->","yoast_head_json":{"title":"Autonomiser les patientes atteintes du SOPK : l'accent sur la sant\u00e9 mentale - RxBriefCase","robots":{"index":"noindex","follow":"follow"},"og_locale":"fr_CA","og_type":"article","og_title":"Autonomiser les patientes atteintes du SOPK : l'accent sur la sant\u00e9 mentale - RxBriefCase","og_description":"Il s&#8217;agit d&#8217;une microformation de 5 minutes destin\u00e9e aux professionnels de la sant\u00e9, ax\u00e9e sur l&#8217;am\u00e9lioration de la prise en charge de la sant\u00e9 mentale des patientes atteintes du syndrome des ovaires polykystiques (SOPK). Cette formation met en lumi\u00e8re l&#8217;intersection critique entre le SOPK et la sant\u00e9 mentale, y compris les risques accrus d&#8217;anxi\u00e9t\u00e9 et [&hellip;]","og_url":"https:\/\/www.rxbriefcase.com\/fr\/product\/autonomiser-les-patientes-atteintes-du-sopk-laccent-sur-la-sante-mentale\/?courseid=","og_site_name":"RxBriefCase","article_modified_time":"2026-04-13T17:47:33+00:00","twitter_card":"summary_large_image","twitter_misc":{"Est. reading time":"1 minute"},"schema":{"@context":"https:\/\/schema.org","@graph":[{"@type":"WebPage","@id":"https:\/\/www.rxbriefcase.com\/product\/autonomiser-les-patientes-atteintes-du-sopk-laccent-sur-la-sante-mentale\/?courseid=","url":"https:\/\/www.rxbriefcase.com\/product\/autonomiser-les-patientes-atteintes-du-sopk-laccent-sur-la-sante-mentale\/?courseid=","name":"Autonomiser les patientes atteintes du SOPK : l'accent sur la sant\u00e9 mentale - RxBriefCase","isPartOf":{"@id":"https:\/\/www.rxbriefcase.com\/#website"},"datePublished":"2025-11-21T14:53:04+00:00","dateModified":"2026-04-13T17:47:33+00:00","breadcrumb":{"@id":"https:\/\/www.rxbriefcase.com\/product\/autonomiser-les-patientes-atteintes-du-sopk-laccent-sur-la-sante-mentale\/?courseid=#breadcrumb"},"inLanguage":"fr-CA","potentialAction":[{"@type":"ReadAction","target":["https:\/\/www.rxbriefcase.com\/product\/autonomiser-les-patientes-atteintes-du-sopk-laccent-sur-la-sante-mentale\/?courseid="]}]},{"@type":"BreadcrumbList","@id":"https:\/\/www.rxbriefcase.com\/product\/autonomiser-les-patientes-atteintes-du-sopk-laccent-sur-la-sante-mentale\/?courseid=#breadcrumb","itemListElement":[{"@type":"ListItem","position":1,"name":"Home","item":"https:\/\/www.rxbriefcase.com\/"},{"@type":"ListItem","position":2,"name":"Shop","item":"https:\/\/www.rxbriefcase.com\/shop\/"},{"@type":"ListItem","position":3,"name":"Autonomiser les patientes atteintes du SOPK : l&#8217;accent sur la sant\u00e9 mentale"}]},{"@type":"WebSite","@id":"https:\/\/www.rxbriefcase.com\/#website","url":"https:\/\/www.rxbriefcase.com\/","name":"Mallette Rx","description":"","publisher":{"@id":"https:\/\/www.rxbriefcase.com\/#organization"},"potentialAction":[{"@type":"SearchAction","target":{"@type":"EntryPoint","urlTemplate":"https:\/\/www.rxbriefcase.com\/?s={search_term_string}"},"query-input":{"@type":"PropertyValueSpecification","valueRequired":true,"valueName":"search_term_string"}}],"inLanguage":"fr-CA"},{"@type":"Organization","@id":"https:\/\/www.rxbriefcase.com\/#organization","name":"Mallette Rx","url":"https:\/\/www.rxbriefcase.com\/","logo":{"@type":"ImageObject","inLanguage":"fr-CA","@id":"https:\/\/www.rxbriefcase.com\/#\/schema\/logo\/image\/","url":"https:\/\/www.rxbriefcase.com\/wp-content\/uploads\/2024\/07\/logo.webp","contentUrl":"https:\/\/www.rxbriefcase.com\/wp-content\/uploads\/2024\/07\/logo.webp","width":190,"height":36,"caption":"RxBriefCase"},"image":{"@id":"https:\/\/www.rxbriefcase.com\/#\/schema\/logo\/image\/"}}]}},"_links":{"self":[{"href":"https:\/\/www.rxbriefcase.com\/fr\/wp-json\/wp\/v2\/product\/33795","targetHints":{"allow":["GET"]}}],"collection":[{"href":"https:\/\/www.rxbriefcase.com\/fr\/wp-json\/wp\/v2\/product"}],"about":[{"href":"https:\/\/www.rxbriefcase.com\/fr\/wp-json\/wp\/v2\/types\/product"}],"replies":[{"embeddable":true,"href":"https:\/\/www.rxbriefcase.com\/fr\/wp-json\/wp\/v2\/comments?post=33795"}],"wp:attachment":[{"href":"https:\/\/www.rxbriefcase.com\/fr\/wp-json\/wp\/v2\/media?parent=33795"}],"wp:term":[{"taxonomy":"product_brand","embeddable":true,"href":"https:\/\/www.rxbriefcase.com\/fr\/wp-json\/wp\/v2\/product_brand?post=33795"},{"taxonomy":"product_cat","embeddable":true,"href":"https:\/\/www.rxbriefcase.com\/fr\/wp-json\/wp\/v2\/product_cat?post=33795"},{"taxonomy":"product_tag","embeddable":true,"href":"https:\/\/www.rxbriefcase.com\/fr\/wp-json\/wp\/v2\/product_tag?post=33795"}],"curies":[{"name":"wp","href":"https:\/\/api.w.org\/{rel}","templated":true}]}}