{"id":32977,"date":"2025-11-18T14:26:40","date_gmt":"2025-11-18T19:26:40","guid":{"rendered":"https:\/\/www.rxbriefcase.com\/product\/prise-en-charge-du-syndrome-de-la-maladie-de-lyme-post-traitement-smlpt\/?courseid="},"modified":"2026-04-13T12:47:33","modified_gmt":"2026-04-13T17:47:33","slug":"prise-en-charge-du-syndrome-de-la-maladie-de-lyme-post-traitement-smlpt","status":"publish","type":"product","link":"https:\/\/www.rxbriefcase.com\/fr\/product\/prise-en-charge-du-syndrome-de-la-maladie-de-lyme-post-traitement-smlpt\/?courseid=","title":{"rendered":"Prise en charge du syndrome\u00a0de la maladie de\u00a0Lyme post-traitement (SMLPT)"},"content":{"rendered":"<p>Dans cette vid\u00e9o, la Dre Sofia Nastis d\u00e9crit la prise en charge du syndrome de la maladie de Lyme post-traitement (SMLPT). Cette pr\u00e9sentation met en lumi\u00e8re la pr\u00e9valence de ce syndrome, les d\u00e9fis qu\u2019il pr\u00e9sente ainsi que les strat\u00e9gies connues \u00e0 ce jour permettant d\u2019optimiser le traitement symptomatique et les soins de soutien chez les personnes aux prises avec cette condition.<\/p>","protected":false},"excerpt":{"rendered":"<p>Dans cette vid\u00e9o, la Dre Sofia Nastis d\u00e9crit la prise en charge du syndrome de la maladie de Lyme post-traitement (SMLPT). Cette pr\u00e9sentation met en lumi\u00e8re la pr\u00e9valence de ce syndrome, les d\u00e9fis qu\u2019il pr\u00e9sente ainsi que les strat\u00e9gies connues \u00e0 ce jour permettant d\u2019optimiser le traitement symptomatique et les soins de soutien chez les [&hellip;]<\/p>\n","protected":false},"featured_media":0,"comment_status":"closed","ping_status":"closed","template":"","meta":{"_acf_changed":false,"inline_featured_image":false},"product_brand":[],"product_cat":[],"product_tag":[],"class_list":{"0":"post-32977","1":"product","2":"type-product","3":"status-publish","6":"first","7":"instock","8":"downloadable","9":"virtual","10":"taxable","11":"purchasable","12":"product-type-simple"},"acf":[],"yoast_head":"<!-- This site is optimized with the Yoast SEO plugin v27.2 - https:\/\/yoast.com\/product\/yoast-seo-wordpress\/ -->\n<title>Prise en charge du syndrome\u00a0de la maladie de\u00a0Lyme post-traitement (SMLPT) - RxBriefCase<\/title>\n<meta name=\"robots\" content=\"noindex, follow\" \/>\n<meta property=\"og:locale\" content=\"fr_CA\" \/>\n<meta property=\"og:type\" content=\"article\" \/>\n<meta property=\"og:title\" content=\"Prise en charge du syndrome\u00a0de la maladie de\u00a0Lyme post-traitement (SMLPT) - RxBriefCase\" \/>\n<meta property=\"og:description\" content=\"Dans cette vid\u00e9o, la Dre Sofia Nastis d\u00e9crit la prise en charge du syndrome de la maladie de Lyme post-traitement (SMLPT). Cette pr\u00e9sentation met en lumi\u00e8re la pr\u00e9valence de ce syndrome, les d\u00e9fis qu\u2019il pr\u00e9sente ainsi que les strat\u00e9gies connues \u00e0 ce jour permettant d\u2019optimiser le traitement symptomatique et les soins de soutien chez les [&hellip;]\" \/>\n<meta property=\"og:url\" content=\"https:\/\/www.rxbriefcase.com\/fr\/product\/prise-en-charge-du-syndrome-de-la-maladie-de-lyme-post-traitement-smlpt\/?courseid=\" \/>\n<meta property=\"og:site_name\" content=\"RxBriefCase\" \/>\n<meta property=\"article:modified_time\" content=\"2026-04-13T17:47:33+00:00\" \/>\n<meta name=\"twitter:card\" content=\"summary_large_image\" \/>\n<script type=\"application\/ld+json\" class=\"yoast-schema-graph\">{\"@context\":\"https:\/\/schema.org\",\"@graph\":[{\"@type\":\"WebPage\",\"@id\":\"https:\/\/www.rxbriefcase.com\/product\/prise-en-charge-du-syndrome-de-la-maladie-de-lyme-post-traitement-smlpt\/?courseid=\",\"url\":\"https:\/\/www.rxbriefcase.com\/product\/prise-en-charge-du-syndrome-de-la-maladie-de-lyme-post-traitement-smlpt\/?courseid=\",\"name\":\"Prise en charge du syndrome\u00a0de la maladie de\u00a0Lyme post-traitement (SMLPT) - RxBriefCase\",\"isPartOf\":{\"@id\":\"https:\/\/www.rxbriefcase.com\/#website\"},\"datePublished\":\"2025-11-18T19:26:40+00:00\",\"dateModified\":\"2026-04-13T17:47:33+00:00\",\"breadcrumb\":{\"@id\":\"https:\/\/www.rxbriefcase.com\/product\/prise-en-charge-du-syndrome-de-la-maladie-de-lyme-post-traitement-smlpt\/?courseid=#breadcrumb\"},\"inLanguage\":\"fr-CA\",\"potentialAction\":[{\"@type\":\"ReadAction\",\"target\":[\"https:\/\/www.rxbriefcase.com\/product\/prise-en-charge-du-syndrome-de-la-maladie-de-lyme-post-traitement-smlpt\/?courseid=\"]}]},{\"@type\":\"BreadcrumbList\",\"@id\":\"https:\/\/www.rxbriefcase.com\/product\/prise-en-charge-du-syndrome-de-la-maladie-de-lyme-post-traitement-smlpt\/?courseid=#breadcrumb\",\"itemListElement\":[{\"@type\":\"ListItem\",\"position\":1,\"name\":\"Home\",\"item\":\"https:\/\/www.rxbriefcase.com\/\"},{\"@type\":\"ListItem\",\"position\":2,\"name\":\"Shop\",\"item\":\"https:\/\/www.rxbriefcase.com\/shop\/\"},{\"@type\":\"ListItem\",\"position\":3,\"name\":\"Prise en charge du syndrome\u00a0de la maladie de\u00a0Lyme post-traitement (SMLPT)\"}]},{\"@type\":\"WebSite\",\"@id\":\"https:\/\/www.rxbriefcase.com\/#website\",\"url\":\"https:\/\/www.rxbriefcase.com\/\",\"name\":\"RxBriefCase\",\"description\":\"\",\"publisher\":{\"@id\":\"https:\/\/www.rxbriefcase.com\/#organization\"},\"potentialAction\":[{\"@type\":\"SearchAction\",\"target\":{\"@type\":\"EntryPoint\",\"urlTemplate\":\"https:\/\/www.rxbriefcase.com\/?s={search_term_string}\"},\"query-input\":{\"@type\":\"PropertyValueSpecification\",\"valueRequired\":true,\"valueName\":\"search_term_string\"}}],\"inLanguage\":\"fr-CA\"},{\"@type\":\"Organization\",\"@id\":\"https:\/\/www.rxbriefcase.com\/#organization\",\"name\":\"RxBriefCase\",\"url\":\"https:\/\/www.rxbriefcase.com\/\",\"logo\":{\"@type\":\"ImageObject\",\"inLanguage\":\"fr-CA\",\"@id\":\"https:\/\/www.rxbriefcase.com\/#\/schema\/logo\/image\/\",\"url\":\"https:\/\/www.rxbriefcase.com\/wp-content\/uploads\/2024\/07\/logo.webp\",\"contentUrl\":\"https:\/\/www.rxbriefcase.com\/wp-content\/uploads\/2024\/07\/logo.webp\",\"width\":190,\"height\":36,\"caption\":\"RxBriefCase\"},\"image\":{\"@id\":\"https:\/\/www.rxbriefcase.com\/#\/schema\/logo\/image\/\"}}]}<\/script>\n<!-- \/ Yoast SEO plugin. -->","yoast_head_json":{"title":"Prise en charge du syndrome\u00a0de la maladie de\u00a0Lyme post-traitement (SMLPT) - RxBriefCase","robots":{"index":"noindex","follow":"follow"},"og_locale":"fr_CA","og_type":"article","og_title":"Prise en charge du syndrome\u00a0de la maladie de\u00a0Lyme post-traitement (SMLPT) - RxBriefCase","og_description":"Dans cette vid\u00e9o, la Dre Sofia Nastis d\u00e9crit la prise en charge du syndrome de la maladie de Lyme post-traitement (SMLPT). Cette pr\u00e9sentation met en lumi\u00e8re la pr\u00e9valence de ce syndrome, les d\u00e9fis qu\u2019il pr\u00e9sente ainsi que les strat\u00e9gies connues \u00e0 ce jour permettant d\u2019optimiser le traitement symptomatique et les soins de soutien chez les [&hellip;]","og_url":"https:\/\/www.rxbriefcase.com\/fr\/product\/prise-en-charge-du-syndrome-de-la-maladie-de-lyme-post-traitement-smlpt\/?courseid=","og_site_name":"RxBriefCase","article_modified_time":"2026-04-13T17:47:33+00:00","twitter_card":"summary_large_image","schema":{"@context":"https:\/\/schema.org","@graph":[{"@type":"WebPage","@id":"https:\/\/www.rxbriefcase.com\/product\/prise-en-charge-du-syndrome-de-la-maladie-de-lyme-post-traitement-smlpt\/?courseid=","url":"https:\/\/www.rxbriefcase.com\/product\/prise-en-charge-du-syndrome-de-la-maladie-de-lyme-post-traitement-smlpt\/?courseid=","name":"Prise en charge du syndrome\u00a0de la maladie de\u00a0Lyme post-traitement (SMLPT) - RxBriefCase","isPartOf":{"@id":"https:\/\/www.rxbriefcase.com\/#website"},"datePublished":"2025-11-18T19:26:40+00:00","dateModified":"2026-04-13T17:47:33+00:00","breadcrumb":{"@id":"https:\/\/www.rxbriefcase.com\/product\/prise-en-charge-du-syndrome-de-la-maladie-de-lyme-post-traitement-smlpt\/?courseid=#breadcrumb"},"inLanguage":"fr-CA","potentialAction":[{"@type":"ReadAction","target":["https:\/\/www.rxbriefcase.com\/product\/prise-en-charge-du-syndrome-de-la-maladie-de-lyme-post-traitement-smlpt\/?courseid="]}]},{"@type":"BreadcrumbList","@id":"https:\/\/www.rxbriefcase.com\/product\/prise-en-charge-du-syndrome-de-la-maladie-de-lyme-post-traitement-smlpt\/?courseid=#breadcrumb","itemListElement":[{"@type":"ListItem","position":1,"name":"Home","item":"https:\/\/www.rxbriefcase.com\/"},{"@type":"ListItem","position":2,"name":"Shop","item":"https:\/\/www.rxbriefcase.com\/shop\/"},{"@type":"ListItem","position":3,"name":"Prise en charge du syndrome\u00a0de la maladie de\u00a0Lyme post-traitement (SMLPT)"}]},{"@type":"WebSite","@id":"https:\/\/www.rxbriefcase.com\/#website","url":"https:\/\/www.rxbriefcase.com\/","name":"Mallette Rx","description":"","publisher":{"@id":"https:\/\/www.rxbriefcase.com\/#organization"},"potentialAction":[{"@type":"SearchAction","target":{"@type":"EntryPoint","urlTemplate":"https:\/\/www.rxbriefcase.com\/?s={search_term_string}"},"query-input":{"@type":"PropertyValueSpecification","valueRequired":true,"valueName":"search_term_string"}}],"inLanguage":"fr-CA"},{"@type":"Organization","@id":"https:\/\/www.rxbriefcase.com\/#organization","name":"Mallette Rx","url":"https:\/\/www.rxbriefcase.com\/","logo":{"@type":"ImageObject","inLanguage":"fr-CA","@id":"https:\/\/www.rxbriefcase.com\/#\/schema\/logo\/image\/","url":"https:\/\/www.rxbriefcase.com\/wp-content\/uploads\/2024\/07\/logo.webp","contentUrl":"https:\/\/www.rxbriefcase.com\/wp-content\/uploads\/2024\/07\/logo.webp","width":190,"height":36,"caption":"RxBriefCase"},"image":{"@id":"https:\/\/www.rxbriefcase.com\/#\/schema\/logo\/image\/"}}]}},"_links":{"self":[{"href":"https:\/\/www.rxbriefcase.com\/fr\/wp-json\/wp\/v2\/product\/32977","targetHints":{"allow":["GET"]}}],"collection":[{"href":"https:\/\/www.rxbriefcase.com\/fr\/wp-json\/wp\/v2\/product"}],"about":[{"href":"https:\/\/www.rxbriefcase.com\/fr\/wp-json\/wp\/v2\/types\/product"}],"replies":[{"embeddable":true,"href":"https:\/\/www.rxbriefcase.com\/fr\/wp-json\/wp\/v2\/comments?post=32977"}],"wp:attachment":[{"href":"https:\/\/www.rxbriefcase.com\/fr\/wp-json\/wp\/v2\/media?parent=32977"}],"wp:term":[{"taxonomy":"product_brand","embeddable":true,"href":"https:\/\/www.rxbriefcase.com\/fr\/wp-json\/wp\/v2\/product_brand?post=32977"},{"taxonomy":"product_cat","embeddable":true,"href":"https:\/\/www.rxbriefcase.com\/fr\/wp-json\/wp\/v2\/product_cat?post=32977"},{"taxonomy":"product_tag","embeddable":true,"href":"https:\/\/www.rxbriefcase.com\/fr\/wp-json\/wp\/v2\/product_tag?post=32977"}],"curies":[{"name":"wp","href":"https:\/\/api.w.org\/{rel}","templated":true}]}}