{"id":32668,"date":"2025-11-17T15:08:47","date_gmt":"2025-11-17T20:08:47","guid":{"rendered":"https:\/\/www.rxbriefcase.com\/product\/prevention-des-its-bacteriennes-strategies-cles-en-contexte-de-soins-primaires\/?courseid="},"modified":"2026-04-13T12:47:32","modified_gmt":"2026-04-13T17:47:32","slug":"prevention-des-its-bacteriennes-strategies-cles-en-contexte-de-soins-primaires","status":"publish","type":"product","link":"https:\/\/www.rxbriefcase.com\/fr\/product\/prevention-des-its-bacteriennes-strategies-cles-en-contexte-de-soins-primaires\/?courseid=","title":{"rendered":"Pr\u00e9vention des ITS bact\u00e9riennes : Strat\u00e9gies cl\u00e9s en contexte de soins primaires"},"content":{"rendered":"<p>Ce court programme de micro-apprentissage, destin\u00e9 aux professionnels de la sant\u00e9 canadiens, porte sur la hausse des taux d\u2019ITS bact\u00e9riennes au Canada, incluant la chlamydia, la gonorrh\u00e9e et la syphilis. Il propose des strat\u00e9gies pratiques visant \u00e0 am\u00e9liorer les soins aux patients et \u00e0 r\u00e9duire les risques pour la sant\u00e9 publique associ\u00e9e \u00e0 ces infections.<\/p>","protected":false},"excerpt":{"rendered":"<p>Ce court programme de micro-apprentissage, destin\u00e9 aux professionnels de la sant\u00e9 canadiens, porte sur la hausse des taux d\u2019ITS bact\u00e9riennes au Canada, incluant la chlamydia, la gonorrh\u00e9e et la syphilis. Il propose des strat\u00e9gies pratiques visant \u00e0 am\u00e9liorer les soins aux patients et \u00e0 r\u00e9duire les risques pour la sant\u00e9 publique associ\u00e9e \u00e0 ces infections.<\/p>","protected":false},"featured_media":0,"comment_status":"closed","ping_status":"closed","template":"","meta":{"_acf_changed":false,"inline_featured_image":false},"product_brand":[],"product_cat":[],"product_tag":[],"class_list":{"0":"post-32668","1":"product","2":"type-product","3":"status-publish","6":"first","7":"instock","8":"downloadable","9":"virtual","10":"taxable","11":"purchasable","12":"product-type-simple"},"acf":[],"yoast_head":"<!-- This site is optimized with the Yoast SEO plugin v27.2 - https:\/\/yoast.com\/product\/yoast-seo-wordpress\/ -->\n<title>Pr\u00e9vention des ITS bact\u00e9riennes : Strat\u00e9gies cl\u00e9s en contexte de soins primaires - RxBriefCase<\/title>\n<meta name=\"robots\" content=\"noindex, follow\" \/>\n<meta property=\"og:locale\" content=\"fr_CA\" \/>\n<meta property=\"og:type\" content=\"article\" \/>\n<meta property=\"og:title\" content=\"Pr\u00e9vention des ITS bact\u00e9riennes : Strat\u00e9gies cl\u00e9s en contexte de soins primaires - RxBriefCase\" \/>\n<meta property=\"og:description\" content=\"Ce court programme de micro-apprentissage, destin\u00e9 aux professionnels de la sant\u00e9 canadiens, porte sur la hausse des taux d\u2019ITS bact\u00e9riennes au Canada, incluant la chlamydia, la gonorrh\u00e9e et la syphilis. Il propose des strat\u00e9gies pratiques visant \u00e0 am\u00e9liorer les soins aux patients et \u00e0 r\u00e9duire les risques pour la sant\u00e9 publique associ\u00e9e \u00e0 ces infections.\" \/>\n<meta property=\"og:url\" content=\"https:\/\/www.rxbriefcase.com\/fr\/product\/prevention-des-its-bacteriennes-strategies-cles-en-contexte-de-soins-primaires\/?courseid=\" \/>\n<meta property=\"og:site_name\" content=\"RxBriefCase\" \/>\n<meta property=\"article:modified_time\" content=\"2026-04-13T17:47:32+00:00\" \/>\n<meta name=\"twitter:card\" content=\"summary_large_image\" \/>\n<script type=\"application\/ld+json\" class=\"yoast-schema-graph\">{\"@context\":\"https:\/\/schema.org\",\"@graph\":[{\"@type\":\"WebPage\",\"@id\":\"https:\/\/www.rxbriefcase.com\/product\/prevention-des-its-bacteriennes-strategies-cles-en-contexte-de-soins-primaires\/?courseid=\",\"url\":\"https:\/\/www.rxbriefcase.com\/product\/prevention-des-its-bacteriennes-strategies-cles-en-contexte-de-soins-primaires\/?courseid=\",\"name\":\"Pr\u00e9vention des ITS bact\u00e9riennes : Strat\u00e9gies cl\u00e9s en contexte de soins primaires - RxBriefCase\",\"isPartOf\":{\"@id\":\"https:\/\/www.rxbriefcase.com\/#website\"},\"datePublished\":\"2025-11-17T20:08:47+00:00\",\"dateModified\":\"2026-04-13T17:47:32+00:00\",\"breadcrumb\":{\"@id\":\"https:\/\/www.rxbriefcase.com\/product\/prevention-des-its-bacteriennes-strategies-cles-en-contexte-de-soins-primaires\/?courseid=#breadcrumb\"},\"inLanguage\":\"fr-CA\",\"potentialAction\":[{\"@type\":\"ReadAction\",\"target\":[\"https:\/\/www.rxbriefcase.com\/product\/prevention-des-its-bacteriennes-strategies-cles-en-contexte-de-soins-primaires\/?courseid=\"]}]},{\"@type\":\"BreadcrumbList\",\"@id\":\"https:\/\/www.rxbriefcase.com\/product\/prevention-des-its-bacteriennes-strategies-cles-en-contexte-de-soins-primaires\/?courseid=#breadcrumb\",\"itemListElement\":[{\"@type\":\"ListItem\",\"position\":1,\"name\":\"Home\",\"item\":\"https:\/\/www.rxbriefcase.com\/\"},{\"@type\":\"ListItem\",\"position\":2,\"name\":\"Shop\",\"item\":\"https:\/\/www.rxbriefcase.com\/shop\/\"},{\"@type\":\"ListItem\",\"position\":3,\"name\":\"Pr\u00e9vention des ITS bact\u00e9riennes : Strat\u00e9gies cl\u00e9s en contexte de soins primaires\"}]},{\"@type\":\"WebSite\",\"@id\":\"https:\/\/www.rxbriefcase.com\/#website\",\"url\":\"https:\/\/www.rxbriefcase.com\/\",\"name\":\"RxBriefCase\",\"description\":\"\",\"publisher\":{\"@id\":\"https:\/\/www.rxbriefcase.com\/#organization\"},\"potentialAction\":[{\"@type\":\"SearchAction\",\"target\":{\"@type\":\"EntryPoint\",\"urlTemplate\":\"https:\/\/www.rxbriefcase.com\/?s={search_term_string}\"},\"query-input\":{\"@type\":\"PropertyValueSpecification\",\"valueRequired\":true,\"valueName\":\"search_term_string\"}}],\"inLanguage\":\"fr-CA\"},{\"@type\":\"Organization\",\"@id\":\"https:\/\/www.rxbriefcase.com\/#organization\",\"name\":\"RxBriefCase\",\"url\":\"https:\/\/www.rxbriefcase.com\/\",\"logo\":{\"@type\":\"ImageObject\",\"inLanguage\":\"fr-CA\",\"@id\":\"https:\/\/www.rxbriefcase.com\/#\/schema\/logo\/image\/\",\"url\":\"https:\/\/www.rxbriefcase.com\/wp-content\/uploads\/2024\/07\/logo.webp\",\"contentUrl\":\"https:\/\/www.rxbriefcase.com\/wp-content\/uploads\/2024\/07\/logo.webp\",\"width\":190,\"height\":36,\"caption\":\"RxBriefCase\"},\"image\":{\"@id\":\"https:\/\/www.rxbriefcase.com\/#\/schema\/logo\/image\/\"}}]}<\/script>\n<!-- \/ Yoast SEO plugin. -->","yoast_head_json":{"title":"Pr\u00e9vention des ITS bact\u00e9riennes : Strat\u00e9gies cl\u00e9s en contexte de soins primaires - RxBriefCase","robots":{"index":"noindex","follow":"follow"},"og_locale":"fr_CA","og_type":"article","og_title":"Pr\u00e9vention des ITS bact\u00e9riennes : Strat\u00e9gies cl\u00e9s en contexte de soins primaires - RxBriefCase","og_description":"Ce court programme de micro-apprentissage, destin\u00e9 aux professionnels de la sant\u00e9 canadiens, porte sur la hausse des taux d\u2019ITS bact\u00e9riennes au Canada, incluant la chlamydia, la gonorrh\u00e9e et la syphilis. Il propose des strat\u00e9gies pratiques visant \u00e0 am\u00e9liorer les soins aux patients et \u00e0 r\u00e9duire les risques pour la sant\u00e9 publique associ\u00e9e \u00e0 ces infections.","og_url":"https:\/\/www.rxbriefcase.com\/fr\/product\/prevention-des-its-bacteriennes-strategies-cles-en-contexte-de-soins-primaires\/?courseid=","og_site_name":"RxBriefCase","article_modified_time":"2026-04-13T17:47:32+00:00","twitter_card":"summary_large_image","schema":{"@context":"https:\/\/schema.org","@graph":[{"@type":"WebPage","@id":"https:\/\/www.rxbriefcase.com\/product\/prevention-des-its-bacteriennes-strategies-cles-en-contexte-de-soins-primaires\/?courseid=","url":"https:\/\/www.rxbriefcase.com\/product\/prevention-des-its-bacteriennes-strategies-cles-en-contexte-de-soins-primaires\/?courseid=","name":"Pr\u00e9vention des ITS bact\u00e9riennes : Strat\u00e9gies cl\u00e9s en contexte de soins primaires - RxBriefCase","isPartOf":{"@id":"https:\/\/www.rxbriefcase.com\/#website"},"datePublished":"2025-11-17T20:08:47+00:00","dateModified":"2026-04-13T17:47:32+00:00","breadcrumb":{"@id":"https:\/\/www.rxbriefcase.com\/product\/prevention-des-its-bacteriennes-strategies-cles-en-contexte-de-soins-primaires\/?courseid=#breadcrumb"},"inLanguage":"fr-CA","potentialAction":[{"@type":"ReadAction","target":["https:\/\/www.rxbriefcase.com\/product\/prevention-des-its-bacteriennes-strategies-cles-en-contexte-de-soins-primaires\/?courseid="]}]},{"@type":"BreadcrumbList","@id":"https:\/\/www.rxbriefcase.com\/product\/prevention-des-its-bacteriennes-strategies-cles-en-contexte-de-soins-primaires\/?courseid=#breadcrumb","itemListElement":[{"@type":"ListItem","position":1,"name":"Home","item":"https:\/\/www.rxbriefcase.com\/"},{"@type":"ListItem","position":2,"name":"Shop","item":"https:\/\/www.rxbriefcase.com\/shop\/"},{"@type":"ListItem","position":3,"name":"Pr\u00e9vention des ITS bact\u00e9riennes : Strat\u00e9gies cl\u00e9s en contexte de soins primaires"}]},{"@type":"WebSite","@id":"https:\/\/www.rxbriefcase.com\/#website","url":"https:\/\/www.rxbriefcase.com\/","name":"Mallette Rx","description":"","publisher":{"@id":"https:\/\/www.rxbriefcase.com\/#organization"},"potentialAction":[{"@type":"SearchAction","target":{"@type":"EntryPoint","urlTemplate":"https:\/\/www.rxbriefcase.com\/?s={search_term_string}"},"query-input":{"@type":"PropertyValueSpecification","valueRequired":true,"valueName":"search_term_string"}}],"inLanguage":"fr-CA"},{"@type":"Organization","@id":"https:\/\/www.rxbriefcase.com\/#organization","name":"Mallette Rx","url":"https:\/\/www.rxbriefcase.com\/","logo":{"@type":"ImageObject","inLanguage":"fr-CA","@id":"https:\/\/www.rxbriefcase.com\/#\/schema\/logo\/image\/","url":"https:\/\/www.rxbriefcase.com\/wp-content\/uploads\/2024\/07\/logo.webp","contentUrl":"https:\/\/www.rxbriefcase.com\/wp-content\/uploads\/2024\/07\/logo.webp","width":190,"height":36,"caption":"RxBriefCase"},"image":{"@id":"https:\/\/www.rxbriefcase.com\/#\/schema\/logo\/image\/"}}]}},"_links":{"self":[{"href":"https:\/\/www.rxbriefcase.com\/fr\/wp-json\/wp\/v2\/product\/32668","targetHints":{"allow":["GET"]}}],"collection":[{"href":"https:\/\/www.rxbriefcase.com\/fr\/wp-json\/wp\/v2\/product"}],"about":[{"href":"https:\/\/www.rxbriefcase.com\/fr\/wp-json\/wp\/v2\/types\/product"}],"replies":[{"embeddable":true,"href":"https:\/\/www.rxbriefcase.com\/fr\/wp-json\/wp\/v2\/comments?post=32668"}],"wp:attachment":[{"href":"https:\/\/www.rxbriefcase.com\/fr\/wp-json\/wp\/v2\/media?parent=32668"}],"wp:term":[{"taxonomy":"product_brand","embeddable":true,"href":"https:\/\/www.rxbriefcase.com\/fr\/wp-json\/wp\/v2\/product_brand?post=32668"},{"taxonomy":"product_cat","embeddable":true,"href":"https:\/\/www.rxbriefcase.com\/fr\/wp-json\/wp\/v2\/product_cat?post=32668"},{"taxonomy":"product_tag","embeddable":true,"href":"https:\/\/www.rxbriefcase.com\/fr\/wp-json\/wp\/v2\/product_tag?post=32668"}],"curies":[{"name":"wp","href":"https:\/\/api.w.org\/{rel}","templated":true}]}}