{"id":29879,"date":"2025-11-10T14:28:40","date_gmt":"2025-11-10T19:28:40","guid":{"rendered":"https:\/\/www.rxbriefcase.com\/product\/au-dela-de-la-gestion-glycemique-role-du-pharmacien-dans-loptimisation-des-resultats-cardiovasculaires-et-renaux-chez-les-personnes-atteintes-de-diabete-de-type-2-non-accredite\/?courseid="},"modified":"2026-04-13T12:47:31","modified_gmt":"2026-04-13T17:47:31","slug":"au-dela-de-la-gestion-glycemique-role-du-pharmacien-dans-loptimisation-des-resultats-cardiovasculaires-et-renaux-chez-les-personnes-atteintes-de-diabete-de-type-2-non-accredite","status":"publish","type":"product","link":"https:\/\/www.rxbriefcase.com\/fr\/product\/au-dela-de-la-gestion-glycemique-role-du-pharmacien-dans-loptimisation-des-resultats-cardiovasculaires-et-renaux-chez-les-personnes-atteintes-de-diabete-de-type-2-non-accredite\/?courseid=","title":{"rendered":"Au-del\u00e0 de la gestion glyc\u00e9mique : R\u00f4le du pharmacien dans l\u2019optimisation des r\u00e9sultats cardiovasculaires et r\u00e9naux chez les personnes atteintes de diab\u00e8te de type 2 (non accr\u00e9dit\u00e9)"},"content":{"rendered":"<p dir=\"ltr\" style=\"text-align: left\">La prise en charge optimale des personnes aux prises avec le diab\u00e8te de type 2 a gagn\u00e9 en complexit\u00e9 au cours des quelques derni\u00e8res ann\u00e9es. Elle doit porter non seulement sur la gestion de la glyc\u00e9mie, mais aussi sur des interventions visant \u00e0 ralentir le d\u00e9veloppement et la progression des complications telles que la maladie cardiovasculaire et l\u2019insuffisance r\u00e9nale chronique. Ce programme a pour but d\u2019offrir aux cliniciens une mise \u00e0 jour rapide sur la prise en charge optimale des personnes atteintes de diab\u00e8te de type 2 qui pr\u00e9sentent une insuffisance r\u00e9nale chronique ou qui courent un risque \u00e9lev\u00e9 de maladie cardiovasculaire. Ce programme de formation pratique bas\u00e9 sur des cas de patients offre une mise \u00e0 jour rapide qui permet d\u2019appliquer en pratique des soins inform\u00e9s par les donn\u00e9es probantes.\u00a0<\/p>","protected":false},"excerpt":{"rendered":"<p>La prise en charge optimale des personnes aux prises avec le diab\u00e8te de type 2 a gagn\u00e9 en complexit\u00e9 au cours des quelques derni\u00e8res ann\u00e9es. Elle doit porter non seulement sur la gestion de la glyc\u00e9mie, mais aussi sur des interventions visant \u00e0 ralentir le d\u00e9veloppement et la progression des complications telles que la maladie [&hellip;]<\/p>\n","protected":false},"featured_media":0,"comment_status":"closed","ping_status":"closed","template":"","meta":{"_acf_changed":false,"inline_featured_image":false},"product_brand":[],"product_cat":[],"product_tag":[],"class_list":{"0":"post-29879","1":"product","2":"type-product","3":"status-publish","6":"first","7":"instock","8":"downloadable","9":"virtual","10":"taxable","11":"purchasable","12":"product-type-simple"},"acf":[],"yoast_head":"<!-- This site is optimized with the Yoast SEO plugin v27.2 - https:\/\/yoast.com\/product\/yoast-seo-wordpress\/ -->\n<title>Au-del\u00e0 de la gestion glyc\u00e9mique : R\u00f4le du pharmacien dans l\u2019optimisation des r\u00e9sultats cardiovasculaires et r\u00e9naux chez les personnes atteintes de diab\u00e8te de type 2 (non accr\u00e9dit\u00e9) - RxBriefCase<\/title>\n<meta name=\"robots\" content=\"noindex, follow\" \/>\n<meta property=\"og:locale\" content=\"fr_CA\" \/>\n<meta property=\"og:type\" content=\"article\" \/>\n<meta property=\"og:title\" content=\"Au-del\u00e0 de la gestion glyc\u00e9mique : R\u00f4le du pharmacien dans l\u2019optimisation des r\u00e9sultats cardiovasculaires et r\u00e9naux chez les personnes atteintes de diab\u00e8te de type 2 (non accr\u00e9dit\u00e9) - RxBriefCase\" \/>\n<meta property=\"og:description\" content=\"La prise en charge optimale des personnes aux prises avec le diab\u00e8te de type 2 a gagn\u00e9 en complexit\u00e9 au cours des quelques derni\u00e8res ann\u00e9es. Elle doit porter non seulement sur la gestion de la glyc\u00e9mie, mais aussi sur des interventions visant \u00e0 ralentir le d\u00e9veloppement et la progression des complications telles que la maladie [&hellip;]\" \/>\n<meta property=\"og:url\" content=\"https:\/\/www.rxbriefcase.com\/fr\/product\/au-dela-de-la-gestion-glycemique-role-du-pharmacien-dans-loptimisation-des-resultats-cardiovasculaires-et-renaux-chez-les-personnes-atteintes-de-diabete-de-type-2-non-accredite\/?courseid=\" \/>\n<meta property=\"og:site_name\" content=\"RxBriefCase\" \/>\n<meta property=\"article:modified_time\" content=\"2026-04-13T17:47:31+00:00\" \/>\n<meta name=\"twitter:card\" content=\"summary_large_image\" \/>\n<meta name=\"twitter:label1\" content=\"Est. reading time\" \/>\n\t<meta name=\"twitter:data1\" content=\"1 minute\" \/>\n<script type=\"application\/ld+json\" class=\"yoast-schema-graph\">{\"@context\":\"https:\/\/schema.org\",\"@graph\":[{\"@type\":\"WebPage\",\"@id\":\"https:\/\/www.rxbriefcase.com\/product\/au-dela-de-la-gestion-glycemique-role-du-pharmacien-dans-loptimisation-des-resultats-cardiovasculaires-et-renaux-chez-les-personnes-atteintes-de-diabete-de-type-2-non-accredite\/?courseid=\",\"url\":\"https:\/\/www.rxbriefcase.com\/product\/au-dela-de-la-gestion-glycemique-role-du-pharmacien-dans-loptimisation-des-resultats-cardiovasculaires-et-renaux-chez-les-personnes-atteintes-de-diabete-de-type-2-non-accredite\/?courseid=\",\"name\":\"Au-del\u00e0 de la gestion glyc\u00e9mique : R\u00f4le du pharmacien dans l\u2019optimisation des r\u00e9sultats cardiovasculaires et r\u00e9naux chez les personnes atteintes de diab\u00e8te de type 2 (non accr\u00e9dit\u00e9) - RxBriefCase\",\"isPartOf\":{\"@id\":\"https:\/\/www.rxbriefcase.com\/#website\"},\"datePublished\":\"2025-11-10T19:28:40+00:00\",\"dateModified\":\"2026-04-13T17:47:31+00:00\",\"breadcrumb\":{\"@id\":\"https:\/\/www.rxbriefcase.com\/product\/au-dela-de-la-gestion-glycemique-role-du-pharmacien-dans-loptimisation-des-resultats-cardiovasculaires-et-renaux-chez-les-personnes-atteintes-de-diabete-de-type-2-non-accredite\/?courseid=#breadcrumb\"},\"inLanguage\":\"fr-CA\",\"potentialAction\":[{\"@type\":\"ReadAction\",\"target\":[\"https:\/\/www.rxbriefcase.com\/product\/au-dela-de-la-gestion-glycemique-role-du-pharmacien-dans-loptimisation-des-resultats-cardiovasculaires-et-renaux-chez-les-personnes-atteintes-de-diabete-de-type-2-non-accredite\/?courseid=\"]}]},{\"@type\":\"BreadcrumbList\",\"@id\":\"https:\/\/www.rxbriefcase.com\/product\/au-dela-de-la-gestion-glycemique-role-du-pharmacien-dans-loptimisation-des-resultats-cardiovasculaires-et-renaux-chez-les-personnes-atteintes-de-diabete-de-type-2-non-accredite\/?courseid=#breadcrumb\",\"itemListElement\":[{\"@type\":\"ListItem\",\"position\":1,\"name\":\"Home\",\"item\":\"https:\/\/www.rxbriefcase.com\/\"},{\"@type\":\"ListItem\",\"position\":2,\"name\":\"Shop\",\"item\":\"https:\/\/www.rxbriefcase.com\/shop\/\"},{\"@type\":\"ListItem\",\"position\":3,\"name\":\"Au-del\u00e0 de la gestion glyc\u00e9mique : R\u00f4le du pharmacien dans l\u2019optimisation des r\u00e9sultats cardiovasculaires et r\u00e9naux chez les personnes atteintes de diab\u00e8te de type 2 (non accr\u00e9dit\u00e9)\"}]},{\"@type\":\"WebSite\",\"@id\":\"https:\/\/www.rxbriefcase.com\/#website\",\"url\":\"https:\/\/www.rxbriefcase.com\/\",\"name\":\"RxBriefCase\",\"description\":\"\",\"publisher\":{\"@id\":\"https:\/\/www.rxbriefcase.com\/#organization\"},\"potentialAction\":[{\"@type\":\"SearchAction\",\"target\":{\"@type\":\"EntryPoint\",\"urlTemplate\":\"https:\/\/www.rxbriefcase.com\/?s={search_term_string}\"},\"query-input\":{\"@type\":\"PropertyValueSpecification\",\"valueRequired\":true,\"valueName\":\"search_term_string\"}}],\"inLanguage\":\"fr-CA\"},{\"@type\":\"Organization\",\"@id\":\"https:\/\/www.rxbriefcase.com\/#organization\",\"name\":\"RxBriefCase\",\"url\":\"https:\/\/www.rxbriefcase.com\/\",\"logo\":{\"@type\":\"ImageObject\",\"inLanguage\":\"fr-CA\",\"@id\":\"https:\/\/www.rxbriefcase.com\/#\/schema\/logo\/image\/\",\"url\":\"https:\/\/www.rxbriefcase.com\/wp-content\/uploads\/2024\/07\/logo.webp\",\"contentUrl\":\"https:\/\/www.rxbriefcase.com\/wp-content\/uploads\/2024\/07\/logo.webp\",\"width\":190,\"height\":36,\"caption\":\"RxBriefCase\"},\"image\":{\"@id\":\"https:\/\/www.rxbriefcase.com\/#\/schema\/logo\/image\/\"}}]}<\/script>\n<!-- \/ Yoast SEO plugin. -->","yoast_head_json":{"title":"Au-del\u00e0 de la gestion glyc\u00e9mique : R\u00f4le du pharmacien dans l\u2019optimisation des r\u00e9sultats cardiovasculaires et r\u00e9naux chez les personnes atteintes de diab\u00e8te de type 2 (non accr\u00e9dit\u00e9) - RxBriefCase","robots":{"index":"noindex","follow":"follow"},"og_locale":"fr_CA","og_type":"article","og_title":"Au-del\u00e0 de la gestion glyc\u00e9mique : R\u00f4le du pharmacien dans l\u2019optimisation des r\u00e9sultats cardiovasculaires et r\u00e9naux chez les personnes atteintes de diab\u00e8te de type 2 (non accr\u00e9dit\u00e9) - RxBriefCase","og_description":"La prise en charge optimale des personnes aux prises avec le diab\u00e8te de type 2 a gagn\u00e9 en complexit\u00e9 au cours des quelques derni\u00e8res ann\u00e9es. Elle doit porter non seulement sur la gestion de la glyc\u00e9mie, mais aussi sur des interventions visant \u00e0 ralentir le d\u00e9veloppement et la progression des complications telles que la maladie [&hellip;]","og_url":"https:\/\/www.rxbriefcase.com\/fr\/product\/au-dela-de-la-gestion-glycemique-role-du-pharmacien-dans-loptimisation-des-resultats-cardiovasculaires-et-renaux-chez-les-personnes-atteintes-de-diabete-de-type-2-non-accredite\/?courseid=","og_site_name":"RxBriefCase","article_modified_time":"2026-04-13T17:47:31+00:00","twitter_card":"summary_large_image","twitter_misc":{"Est. reading time":"1 minute"},"schema":{"@context":"https:\/\/schema.org","@graph":[{"@type":"WebPage","@id":"https:\/\/www.rxbriefcase.com\/product\/au-dela-de-la-gestion-glycemique-role-du-pharmacien-dans-loptimisation-des-resultats-cardiovasculaires-et-renaux-chez-les-personnes-atteintes-de-diabete-de-type-2-non-accredite\/?courseid=","url":"https:\/\/www.rxbriefcase.com\/product\/au-dela-de-la-gestion-glycemique-role-du-pharmacien-dans-loptimisation-des-resultats-cardiovasculaires-et-renaux-chez-les-personnes-atteintes-de-diabete-de-type-2-non-accredite\/?courseid=","name":"Au-del\u00e0 de la gestion glyc\u00e9mique : R\u00f4le du pharmacien dans l\u2019optimisation des r\u00e9sultats cardiovasculaires et r\u00e9naux chez les personnes atteintes de diab\u00e8te de type 2 (non accr\u00e9dit\u00e9) - RxBriefCase","isPartOf":{"@id":"https:\/\/www.rxbriefcase.com\/#website"},"datePublished":"2025-11-10T19:28:40+00:00","dateModified":"2026-04-13T17:47:31+00:00","breadcrumb":{"@id":"https:\/\/www.rxbriefcase.com\/product\/au-dela-de-la-gestion-glycemique-role-du-pharmacien-dans-loptimisation-des-resultats-cardiovasculaires-et-renaux-chez-les-personnes-atteintes-de-diabete-de-type-2-non-accredite\/?courseid=#breadcrumb"},"inLanguage":"fr-CA","potentialAction":[{"@type":"ReadAction","target":["https:\/\/www.rxbriefcase.com\/product\/au-dela-de-la-gestion-glycemique-role-du-pharmacien-dans-loptimisation-des-resultats-cardiovasculaires-et-renaux-chez-les-personnes-atteintes-de-diabete-de-type-2-non-accredite\/?courseid="]}]},{"@type":"BreadcrumbList","@id":"https:\/\/www.rxbriefcase.com\/product\/au-dela-de-la-gestion-glycemique-role-du-pharmacien-dans-loptimisation-des-resultats-cardiovasculaires-et-renaux-chez-les-personnes-atteintes-de-diabete-de-type-2-non-accredite\/?courseid=#breadcrumb","itemListElement":[{"@type":"ListItem","position":1,"name":"Home","item":"https:\/\/www.rxbriefcase.com\/"},{"@type":"ListItem","position":2,"name":"Shop","item":"https:\/\/www.rxbriefcase.com\/shop\/"},{"@type":"ListItem","position":3,"name":"Au-del\u00e0 de la gestion glyc\u00e9mique : R\u00f4le du pharmacien dans l\u2019optimisation des r\u00e9sultats cardiovasculaires et r\u00e9naux chez les personnes atteintes de diab\u00e8te de type 2 (non accr\u00e9dit\u00e9)"}]},{"@type":"WebSite","@id":"https:\/\/www.rxbriefcase.com\/#website","url":"https:\/\/www.rxbriefcase.com\/","name":"Mallette Rx","description":"","publisher":{"@id":"https:\/\/www.rxbriefcase.com\/#organization"},"potentialAction":[{"@type":"SearchAction","target":{"@type":"EntryPoint","urlTemplate":"https:\/\/www.rxbriefcase.com\/?s={search_term_string}"},"query-input":{"@type":"PropertyValueSpecification","valueRequired":true,"valueName":"search_term_string"}}],"inLanguage":"fr-CA"},{"@type":"Organization","@id":"https:\/\/www.rxbriefcase.com\/#organization","name":"Mallette Rx","url":"https:\/\/www.rxbriefcase.com\/","logo":{"@type":"ImageObject","inLanguage":"fr-CA","@id":"https:\/\/www.rxbriefcase.com\/#\/schema\/logo\/image\/","url":"https:\/\/www.rxbriefcase.com\/wp-content\/uploads\/2024\/07\/logo.webp","contentUrl":"https:\/\/www.rxbriefcase.com\/wp-content\/uploads\/2024\/07\/logo.webp","width":190,"height":36,"caption":"RxBriefCase"},"image":{"@id":"https:\/\/www.rxbriefcase.com\/#\/schema\/logo\/image\/"}}]}},"_links":{"self":[{"href":"https:\/\/www.rxbriefcase.com\/fr\/wp-json\/wp\/v2\/product\/29879","targetHints":{"allow":["GET"]}}],"collection":[{"href":"https:\/\/www.rxbriefcase.com\/fr\/wp-json\/wp\/v2\/product"}],"about":[{"href":"https:\/\/www.rxbriefcase.com\/fr\/wp-json\/wp\/v2\/types\/product"}],"replies":[{"embeddable":true,"href":"https:\/\/www.rxbriefcase.com\/fr\/wp-json\/wp\/v2\/comments?post=29879"}],"wp:attachment":[{"href":"https:\/\/www.rxbriefcase.com\/fr\/wp-json\/wp\/v2\/media?parent=29879"}],"wp:term":[{"taxonomy":"product_brand","embeddable":true,"href":"https:\/\/www.rxbriefcase.com\/fr\/wp-json\/wp\/v2\/product_brand?post=29879"},{"taxonomy":"product_cat","embeddable":true,"href":"https:\/\/www.rxbriefcase.com\/fr\/wp-json\/wp\/v2\/product_cat?post=29879"},{"taxonomy":"product_tag","embeddable":true,"href":"https:\/\/www.rxbriefcase.com\/fr\/wp-json\/wp\/v2\/product_tag?post=29879"}],"curies":[{"name":"wp","href":"https:\/\/api.w.org\/{rel}","templated":true}]}}