{"id":28320,"date":"2025-11-05T12:25:00","date_gmt":"2025-11-05T17:25:00","guid":{"rendered":"https:\/\/www.rxbriefcase.com\/product\/une-revue-des-soins-pour-le-sopk-des-symptomes-aux-solutions\/?courseid="},"modified":"2026-04-13T12:47:30","modified_gmt":"2026-04-13T17:47:30","slug":"une-revue-des-soins-pour-le-sopk-des-symptomes-aux-solutions","status":"publish","type":"product","link":"https:\/\/www.rxbriefcase.com\/fr\/product\/une-revue-des-soins-pour-le-sopk-des-symptomes-aux-solutions\/?courseid=","title":{"rendered":"Une revue des soins pour le SOPK\u00a0: des sympt\u00f4mes aux solutions"},"content":{"rendered":"<p style=\"font-size: 14.0pt;font-family: Calibri;font-variant: normal;color: #383838;text-transform: none;font-weight: normal;font-style: normal\">Ce programme de formation m\u00e9dicale continue accr\u00e9dit\u00e9 d\u2019une dur\u00e9e de 30\u00a0minutes est destin\u00e9 aux professionnels de la sant\u00e9 canadiens. Ce programme est con\u00e7u pour fournir les derni\u00e8res recommandations fond\u00e9es sur des donn\u00e9es probantes concernant l\u2019\u00e9valuation, le diagnostic et la prise en charge du syndrome des ovaires polykystiques (SOPK) chez les femmes adultes. Gr\u00e2ce \u00e0 une approche bas\u00e9e sur des cas concrets, ce programme explorera la manifestation clinique, les crit\u00e8res diagnostiques et les meilleures pratiques actuelles de la prise en charge du SOPK, avec une attention particuli\u00e8re port\u00e9e aux strat\u00e9gies pratiques pour des soins individualis\u00e9s aux patientes.<\/p>","protected":false},"excerpt":{"rendered":"<p>Ce programme de formation m\u00e9dicale continue accr\u00e9dit\u00e9 d\u2019une dur\u00e9e de 30\u00a0minutes est destin\u00e9 aux professionnels de la sant\u00e9 canadiens. Ce programme est con\u00e7u pour fournir les derni\u00e8res recommandations fond\u00e9es sur des donn\u00e9es probantes concernant l\u2019\u00e9valuation, le diagnostic et la prise en charge du syndrome des ovaires polykystiques (SOPK) chez les femmes adultes. Gr\u00e2ce \u00e0 une [&hellip;]<\/p>\n","protected":false},"featured_media":0,"comment_status":"closed","ping_status":"closed","template":"","meta":{"_acf_changed":false,"inline_featured_image":false},"product_brand":[],"product_cat":[],"product_tag":[],"class_list":{"0":"post-28320","1":"product","2":"type-product","3":"status-publish","6":"first","7":"instock","8":"downloadable","9":"virtual","10":"taxable","11":"purchasable","12":"product-type-simple"},"acf":[],"yoast_head":"<!-- This site is optimized with the Yoast SEO plugin v27.2 - https:\/\/yoast.com\/product\/yoast-seo-wordpress\/ -->\n<title>Une revue des soins pour le SOPK\u00a0: des sympt\u00f4mes aux solutions - RxBriefCase<\/title>\n<meta name=\"robots\" content=\"noindex, follow\" \/>\n<meta property=\"og:locale\" content=\"fr_CA\" \/>\n<meta property=\"og:type\" content=\"article\" \/>\n<meta property=\"og:title\" content=\"Une revue des soins pour le SOPK\u00a0: des sympt\u00f4mes aux solutions - RxBriefCase\" \/>\n<meta property=\"og:description\" content=\"Ce programme de formation m\u00e9dicale continue accr\u00e9dit\u00e9 d\u2019une dur\u00e9e de 30\u00a0minutes est destin\u00e9 aux professionnels de la sant\u00e9 canadiens. Ce programme est con\u00e7u pour fournir les derni\u00e8res recommandations fond\u00e9es sur des donn\u00e9es probantes concernant l\u2019\u00e9valuation, le diagnostic et la prise en charge du syndrome des ovaires polykystiques (SOPK) chez les femmes adultes. Gr\u00e2ce \u00e0 une [&hellip;]\" \/>\n<meta property=\"og:url\" content=\"https:\/\/www.rxbriefcase.com\/fr\/product\/une-revue-des-soins-pour-le-sopk-des-symptomes-aux-solutions\/?courseid=\" \/>\n<meta property=\"og:site_name\" content=\"RxBriefCase\" \/>\n<meta property=\"article:modified_time\" content=\"2026-04-13T17:47:30+00:00\" \/>\n<meta name=\"twitter:card\" content=\"summary_large_image\" \/>\n<meta name=\"twitter:label1\" content=\"Est. reading time\" \/>\n\t<meta name=\"twitter:data1\" content=\"1 minute\" \/>\n<script type=\"application\/ld+json\" class=\"yoast-schema-graph\">{\"@context\":\"https:\/\/schema.org\",\"@graph\":[{\"@type\":\"WebPage\",\"@id\":\"https:\/\/www.rxbriefcase.com\/product\/une-revue-des-soins-pour-le-sopk-des-symptomes-aux-solutions\/?courseid=\",\"url\":\"https:\/\/www.rxbriefcase.com\/product\/une-revue-des-soins-pour-le-sopk-des-symptomes-aux-solutions\/?courseid=\",\"name\":\"Une revue des soins pour le SOPK\u00a0: des sympt\u00f4mes aux solutions - RxBriefCase\",\"isPartOf\":{\"@id\":\"https:\/\/www.rxbriefcase.com\/#website\"},\"datePublished\":\"2025-11-05T17:25:00+00:00\",\"dateModified\":\"2026-04-13T17:47:30+00:00\",\"breadcrumb\":{\"@id\":\"https:\/\/www.rxbriefcase.com\/product\/une-revue-des-soins-pour-le-sopk-des-symptomes-aux-solutions\/?courseid=#breadcrumb\"},\"inLanguage\":\"fr-CA\",\"potentialAction\":[{\"@type\":\"ReadAction\",\"target\":[\"https:\/\/www.rxbriefcase.com\/product\/une-revue-des-soins-pour-le-sopk-des-symptomes-aux-solutions\/?courseid=\"]}]},{\"@type\":\"BreadcrumbList\",\"@id\":\"https:\/\/www.rxbriefcase.com\/product\/une-revue-des-soins-pour-le-sopk-des-symptomes-aux-solutions\/?courseid=#breadcrumb\",\"itemListElement\":[{\"@type\":\"ListItem\",\"position\":1,\"name\":\"Home\",\"item\":\"https:\/\/www.rxbriefcase.com\/\"},{\"@type\":\"ListItem\",\"position\":2,\"name\":\"Shop\",\"item\":\"https:\/\/www.rxbriefcase.com\/shop\/\"},{\"@type\":\"ListItem\",\"position\":3,\"name\":\"Une revue des soins pour le SOPK\u00a0: des sympt\u00f4mes aux solutions\"}]},{\"@type\":\"WebSite\",\"@id\":\"https:\/\/www.rxbriefcase.com\/#website\",\"url\":\"https:\/\/www.rxbriefcase.com\/\",\"name\":\"RxBriefCase\",\"description\":\"\",\"publisher\":{\"@id\":\"https:\/\/www.rxbriefcase.com\/#organization\"},\"potentialAction\":[{\"@type\":\"SearchAction\",\"target\":{\"@type\":\"EntryPoint\",\"urlTemplate\":\"https:\/\/www.rxbriefcase.com\/?s={search_term_string}\"},\"query-input\":{\"@type\":\"PropertyValueSpecification\",\"valueRequired\":true,\"valueName\":\"search_term_string\"}}],\"inLanguage\":\"fr-CA\"},{\"@type\":\"Organization\",\"@id\":\"https:\/\/www.rxbriefcase.com\/#organization\",\"name\":\"RxBriefCase\",\"url\":\"https:\/\/www.rxbriefcase.com\/\",\"logo\":{\"@type\":\"ImageObject\",\"inLanguage\":\"fr-CA\",\"@id\":\"https:\/\/www.rxbriefcase.com\/#\/schema\/logo\/image\/\",\"url\":\"https:\/\/www.rxbriefcase.com\/wp-content\/uploads\/2024\/07\/logo.webp\",\"contentUrl\":\"https:\/\/www.rxbriefcase.com\/wp-content\/uploads\/2024\/07\/logo.webp\",\"width\":190,\"height\":36,\"caption\":\"RxBriefCase\"},\"image\":{\"@id\":\"https:\/\/www.rxbriefcase.com\/#\/schema\/logo\/image\/\"}}]}<\/script>\n<!-- \/ Yoast SEO plugin. -->","yoast_head_json":{"title":"Une revue des soins pour le SOPK\u00a0: des sympt\u00f4mes aux solutions - RxBriefCase","robots":{"index":"noindex","follow":"follow"},"og_locale":"fr_CA","og_type":"article","og_title":"Une revue des soins pour le SOPK\u00a0: des sympt\u00f4mes aux solutions - RxBriefCase","og_description":"Ce programme de formation m\u00e9dicale continue accr\u00e9dit\u00e9 d\u2019une dur\u00e9e de 30\u00a0minutes est destin\u00e9 aux professionnels de la sant\u00e9 canadiens. Ce programme est con\u00e7u pour fournir les derni\u00e8res recommandations fond\u00e9es sur des donn\u00e9es probantes concernant l\u2019\u00e9valuation, le diagnostic et la prise en charge du syndrome des ovaires polykystiques (SOPK) chez les femmes adultes. Gr\u00e2ce \u00e0 une [&hellip;]","og_url":"https:\/\/www.rxbriefcase.com\/fr\/product\/une-revue-des-soins-pour-le-sopk-des-symptomes-aux-solutions\/?courseid=","og_site_name":"RxBriefCase","article_modified_time":"2026-04-13T17:47:30+00:00","twitter_card":"summary_large_image","twitter_misc":{"Est. reading time":"1 minute"},"schema":{"@context":"https:\/\/schema.org","@graph":[{"@type":"WebPage","@id":"https:\/\/www.rxbriefcase.com\/product\/une-revue-des-soins-pour-le-sopk-des-symptomes-aux-solutions\/?courseid=","url":"https:\/\/www.rxbriefcase.com\/product\/une-revue-des-soins-pour-le-sopk-des-symptomes-aux-solutions\/?courseid=","name":"Une revue des soins pour le SOPK\u00a0: des sympt\u00f4mes aux solutions - RxBriefCase","isPartOf":{"@id":"https:\/\/www.rxbriefcase.com\/#website"},"datePublished":"2025-11-05T17:25:00+00:00","dateModified":"2026-04-13T17:47:30+00:00","breadcrumb":{"@id":"https:\/\/www.rxbriefcase.com\/product\/une-revue-des-soins-pour-le-sopk-des-symptomes-aux-solutions\/?courseid=#breadcrumb"},"inLanguage":"fr-CA","potentialAction":[{"@type":"ReadAction","target":["https:\/\/www.rxbriefcase.com\/product\/une-revue-des-soins-pour-le-sopk-des-symptomes-aux-solutions\/?courseid="]}]},{"@type":"BreadcrumbList","@id":"https:\/\/www.rxbriefcase.com\/product\/une-revue-des-soins-pour-le-sopk-des-symptomes-aux-solutions\/?courseid=#breadcrumb","itemListElement":[{"@type":"ListItem","position":1,"name":"Home","item":"https:\/\/www.rxbriefcase.com\/"},{"@type":"ListItem","position":2,"name":"Shop","item":"https:\/\/www.rxbriefcase.com\/shop\/"},{"@type":"ListItem","position":3,"name":"Une revue des soins pour le SOPK\u00a0: des sympt\u00f4mes aux solutions"}]},{"@type":"WebSite","@id":"https:\/\/www.rxbriefcase.com\/#website","url":"https:\/\/www.rxbriefcase.com\/","name":"Mallette Rx","description":"","publisher":{"@id":"https:\/\/www.rxbriefcase.com\/#organization"},"potentialAction":[{"@type":"SearchAction","target":{"@type":"EntryPoint","urlTemplate":"https:\/\/www.rxbriefcase.com\/?s={search_term_string}"},"query-input":{"@type":"PropertyValueSpecification","valueRequired":true,"valueName":"search_term_string"}}],"inLanguage":"fr-CA"},{"@type":"Organization","@id":"https:\/\/www.rxbriefcase.com\/#organization","name":"Mallette Rx","url":"https:\/\/www.rxbriefcase.com\/","logo":{"@type":"ImageObject","inLanguage":"fr-CA","@id":"https:\/\/www.rxbriefcase.com\/#\/schema\/logo\/image\/","url":"https:\/\/www.rxbriefcase.com\/wp-content\/uploads\/2024\/07\/logo.webp","contentUrl":"https:\/\/www.rxbriefcase.com\/wp-content\/uploads\/2024\/07\/logo.webp","width":190,"height":36,"caption":"RxBriefCase"},"image":{"@id":"https:\/\/www.rxbriefcase.com\/#\/schema\/logo\/image\/"}}]}},"_links":{"self":[{"href":"https:\/\/www.rxbriefcase.com\/fr\/wp-json\/wp\/v2\/product\/28320","targetHints":{"allow":["GET"]}}],"collection":[{"href":"https:\/\/www.rxbriefcase.com\/fr\/wp-json\/wp\/v2\/product"}],"about":[{"href":"https:\/\/www.rxbriefcase.com\/fr\/wp-json\/wp\/v2\/types\/product"}],"replies":[{"embeddable":true,"href":"https:\/\/www.rxbriefcase.com\/fr\/wp-json\/wp\/v2\/comments?post=28320"}],"wp:attachment":[{"href":"https:\/\/www.rxbriefcase.com\/fr\/wp-json\/wp\/v2\/media?parent=28320"}],"wp:term":[{"taxonomy":"product_brand","embeddable":true,"href":"https:\/\/www.rxbriefcase.com\/fr\/wp-json\/wp\/v2\/product_brand?post=28320"},{"taxonomy":"product_cat","embeddable":true,"href":"https:\/\/www.rxbriefcase.com\/fr\/wp-json\/wp\/v2\/product_cat?post=28320"},{"taxonomy":"product_tag","embeddable":true,"href":"https:\/\/www.rxbriefcase.com\/fr\/wp-json\/wp\/v2\/product_tag?post=28320"}],"curies":[{"name":"wp","href":"https:\/\/api.w.org\/{rel}","templated":true}]}}