{"id":27385,"date":"2025-11-03T10:02:13","date_gmt":"2025-11-03T15:02:13","guid":{"rendered":"https:\/\/www.rxbriefcase.com\/product\/reconnaissance-et-traitement-de-la-maladie-de-lyme-renseignements-cliniques-pour-les-pharmaciens\/?courseid="},"modified":"2026-04-13T12:47:30","modified_gmt":"2026-04-13T17:47:30","slug":"reconnaissance-et-traitement-de-la-maladie-de-lyme-renseignements-cliniques-pour-les-pharmaciens","status":"publish","type":"product","link":"https:\/\/www.rxbriefcase.com\/fr\/product\/reconnaissance-et-traitement-de-la-maladie-de-lyme-renseignements-cliniques-pour-les-pharmaciens\/?courseid=","title":{"rendered":"Reconnaissance et traitement de la maladie de Lyme :\u00a0Renseignements cliniques pour les pharmaciens"},"content":{"rendered":"<p>Chaque ann\u00e9e, un nombre croissant de canadiens re\u00e7oivent un diagnostic de maladie de Lyme. Ce programme a pour but d\u2019aider les cliniciens \u00e0 identifier et \u00e0 traiter efficacement la maladie de Lyme chez leurs patients. Ce programme passe en revue la pr\u00e9sentation clinique de la maladie de Lyme et son traitement, avec l\u2019objectif global d\u2019appuyer les cliniciens et d\u2019optimiser la reconnaissance et le traitement pr\u00e9coces de cette condition.<\/p>","protected":false},"excerpt":{"rendered":"<p>Chaque ann\u00e9e, un nombre croissant de canadiens re\u00e7oivent un diagnostic de maladie de Lyme. Ce programme a pour but d\u2019aider les cliniciens \u00e0 identifier et \u00e0 traiter efficacement la maladie de Lyme chez leurs patients. Ce programme passe en revue la pr\u00e9sentation clinique de la maladie de Lyme et son traitement, avec l\u2019objectif global d\u2019appuyer [&hellip;]<\/p>\n","protected":false},"featured_media":0,"comment_status":"closed","ping_status":"closed","template":"","meta":{"_acf_changed":false,"inline_featured_image":false},"product_brand":[],"product_cat":[],"product_tag":[],"class_list":{"0":"post-27385","1":"product","2":"type-product","3":"status-publish","6":"first","7":"instock","8":"downloadable","9":"virtual","10":"taxable","11":"purchasable","12":"product-type-simple"},"acf":[],"yoast_head":"<!-- This site is optimized with the Yoast SEO plugin v27.2 - https:\/\/yoast.com\/product\/yoast-seo-wordpress\/ -->\n<title>Reconnaissance et traitement de la maladie de Lyme :\u00a0Renseignements cliniques pour les pharmaciens - RxBriefCase<\/title>\n<meta name=\"robots\" content=\"noindex, follow\" \/>\n<meta property=\"og:locale\" content=\"fr_CA\" \/>\n<meta property=\"og:type\" content=\"article\" \/>\n<meta property=\"og:title\" content=\"Reconnaissance et traitement de la maladie de Lyme :\u00a0Renseignements cliniques pour les pharmaciens - RxBriefCase\" \/>\n<meta property=\"og:description\" content=\"Chaque ann\u00e9e, un nombre croissant de canadiens re\u00e7oivent un diagnostic de maladie de Lyme. Ce programme a pour but d\u2019aider les cliniciens \u00e0 identifier et \u00e0 traiter efficacement la maladie de Lyme chez leurs patients. Ce programme passe en revue la pr\u00e9sentation clinique de la maladie de Lyme et son traitement, avec l\u2019objectif global d\u2019appuyer [&hellip;]\" \/>\n<meta property=\"og:url\" content=\"https:\/\/www.rxbriefcase.com\/fr\/product\/reconnaissance-et-traitement-de-la-maladie-de-lyme-renseignements-cliniques-pour-les-pharmaciens\/?courseid=\" \/>\n<meta property=\"og:site_name\" content=\"RxBriefCase\" \/>\n<meta property=\"article:modified_time\" content=\"2026-04-13T17:47:30+00:00\" \/>\n<meta name=\"twitter:card\" content=\"summary_large_image\" \/>\n<script type=\"application\/ld+json\" class=\"yoast-schema-graph\">{\"@context\":\"https:\/\/schema.org\",\"@graph\":[{\"@type\":\"WebPage\",\"@id\":\"https:\/\/www.rxbriefcase.com\/product\/reconnaissance-et-traitement-de-la-maladie-de-lyme-renseignements-cliniques-pour-les-pharmaciens\/?courseid=\",\"url\":\"https:\/\/www.rxbriefcase.com\/product\/reconnaissance-et-traitement-de-la-maladie-de-lyme-renseignements-cliniques-pour-les-pharmaciens\/?courseid=\",\"name\":\"Reconnaissance et traitement de la maladie de Lyme :\u00a0Renseignements cliniques pour les pharmaciens - RxBriefCase\",\"isPartOf\":{\"@id\":\"https:\/\/www.rxbriefcase.com\/#website\"},\"datePublished\":\"2025-11-03T15:02:13+00:00\",\"dateModified\":\"2026-04-13T17:47:30+00:00\",\"breadcrumb\":{\"@id\":\"https:\/\/www.rxbriefcase.com\/product\/reconnaissance-et-traitement-de-la-maladie-de-lyme-renseignements-cliniques-pour-les-pharmaciens\/?courseid=#breadcrumb\"},\"inLanguage\":\"fr-CA\",\"potentialAction\":[{\"@type\":\"ReadAction\",\"target\":[\"https:\/\/www.rxbriefcase.com\/product\/reconnaissance-et-traitement-de-la-maladie-de-lyme-renseignements-cliniques-pour-les-pharmaciens\/?courseid=\"]}]},{\"@type\":\"BreadcrumbList\",\"@id\":\"https:\/\/www.rxbriefcase.com\/product\/reconnaissance-et-traitement-de-la-maladie-de-lyme-renseignements-cliniques-pour-les-pharmaciens\/?courseid=#breadcrumb\",\"itemListElement\":[{\"@type\":\"ListItem\",\"position\":1,\"name\":\"Home\",\"item\":\"https:\/\/www.rxbriefcase.com\/\"},{\"@type\":\"ListItem\",\"position\":2,\"name\":\"Shop\",\"item\":\"https:\/\/www.rxbriefcase.com\/shop\/\"},{\"@type\":\"ListItem\",\"position\":3,\"name\":\"Reconnaissance et traitement de la maladie de Lyme :\u00a0Renseignements cliniques pour les pharmaciens\"}]},{\"@type\":\"WebSite\",\"@id\":\"https:\/\/www.rxbriefcase.com\/#website\",\"url\":\"https:\/\/www.rxbriefcase.com\/\",\"name\":\"RxBriefCase\",\"description\":\"\",\"publisher\":{\"@id\":\"https:\/\/www.rxbriefcase.com\/#organization\"},\"potentialAction\":[{\"@type\":\"SearchAction\",\"target\":{\"@type\":\"EntryPoint\",\"urlTemplate\":\"https:\/\/www.rxbriefcase.com\/?s={search_term_string}\"},\"query-input\":{\"@type\":\"PropertyValueSpecification\",\"valueRequired\":true,\"valueName\":\"search_term_string\"}}],\"inLanguage\":\"fr-CA\"},{\"@type\":\"Organization\",\"@id\":\"https:\/\/www.rxbriefcase.com\/#organization\",\"name\":\"RxBriefCase\",\"url\":\"https:\/\/www.rxbriefcase.com\/\",\"logo\":{\"@type\":\"ImageObject\",\"inLanguage\":\"fr-CA\",\"@id\":\"https:\/\/www.rxbriefcase.com\/#\/schema\/logo\/image\/\",\"url\":\"https:\/\/www.rxbriefcase.com\/wp-content\/uploads\/2024\/07\/logo.webp\",\"contentUrl\":\"https:\/\/www.rxbriefcase.com\/wp-content\/uploads\/2024\/07\/logo.webp\",\"width\":190,\"height\":36,\"caption\":\"RxBriefCase\"},\"image\":{\"@id\":\"https:\/\/www.rxbriefcase.com\/#\/schema\/logo\/image\/\"}}]}<\/script>\n<!-- \/ Yoast SEO plugin. -->","yoast_head_json":{"title":"Reconnaissance et traitement de la maladie de Lyme :\u00a0Renseignements cliniques pour les pharmaciens - RxBriefCase","robots":{"index":"noindex","follow":"follow"},"og_locale":"fr_CA","og_type":"article","og_title":"Reconnaissance et traitement de la maladie de Lyme :\u00a0Renseignements cliniques pour les pharmaciens - RxBriefCase","og_description":"Chaque ann\u00e9e, un nombre croissant de canadiens re\u00e7oivent un diagnostic de maladie de Lyme. Ce programme a pour but d\u2019aider les cliniciens \u00e0 identifier et \u00e0 traiter efficacement la maladie de Lyme chez leurs patients. Ce programme passe en revue la pr\u00e9sentation clinique de la maladie de Lyme et son traitement, avec l\u2019objectif global d\u2019appuyer [&hellip;]","og_url":"https:\/\/www.rxbriefcase.com\/fr\/product\/reconnaissance-et-traitement-de-la-maladie-de-lyme-renseignements-cliniques-pour-les-pharmaciens\/?courseid=","og_site_name":"RxBriefCase","article_modified_time":"2026-04-13T17:47:30+00:00","twitter_card":"summary_large_image","schema":{"@context":"https:\/\/schema.org","@graph":[{"@type":"WebPage","@id":"https:\/\/www.rxbriefcase.com\/product\/reconnaissance-et-traitement-de-la-maladie-de-lyme-renseignements-cliniques-pour-les-pharmaciens\/?courseid=","url":"https:\/\/www.rxbriefcase.com\/product\/reconnaissance-et-traitement-de-la-maladie-de-lyme-renseignements-cliniques-pour-les-pharmaciens\/?courseid=","name":"Reconnaissance et traitement de la maladie de Lyme :\u00a0Renseignements cliniques pour les pharmaciens - RxBriefCase","isPartOf":{"@id":"https:\/\/www.rxbriefcase.com\/#website"},"datePublished":"2025-11-03T15:02:13+00:00","dateModified":"2026-04-13T17:47:30+00:00","breadcrumb":{"@id":"https:\/\/www.rxbriefcase.com\/product\/reconnaissance-et-traitement-de-la-maladie-de-lyme-renseignements-cliniques-pour-les-pharmaciens\/?courseid=#breadcrumb"},"inLanguage":"fr-CA","potentialAction":[{"@type":"ReadAction","target":["https:\/\/www.rxbriefcase.com\/product\/reconnaissance-et-traitement-de-la-maladie-de-lyme-renseignements-cliniques-pour-les-pharmaciens\/?courseid="]}]},{"@type":"BreadcrumbList","@id":"https:\/\/www.rxbriefcase.com\/product\/reconnaissance-et-traitement-de-la-maladie-de-lyme-renseignements-cliniques-pour-les-pharmaciens\/?courseid=#breadcrumb","itemListElement":[{"@type":"ListItem","position":1,"name":"Home","item":"https:\/\/www.rxbriefcase.com\/"},{"@type":"ListItem","position":2,"name":"Shop","item":"https:\/\/www.rxbriefcase.com\/shop\/"},{"@type":"ListItem","position":3,"name":"Reconnaissance et traitement de la maladie de Lyme :\u00a0Renseignements cliniques pour les pharmaciens"}]},{"@type":"WebSite","@id":"https:\/\/www.rxbriefcase.com\/#website","url":"https:\/\/www.rxbriefcase.com\/","name":"Mallette Rx","description":"","publisher":{"@id":"https:\/\/www.rxbriefcase.com\/#organization"},"potentialAction":[{"@type":"SearchAction","target":{"@type":"EntryPoint","urlTemplate":"https:\/\/www.rxbriefcase.com\/?s={search_term_string}"},"query-input":{"@type":"PropertyValueSpecification","valueRequired":true,"valueName":"search_term_string"}}],"inLanguage":"fr-CA"},{"@type":"Organization","@id":"https:\/\/www.rxbriefcase.com\/#organization","name":"Mallette Rx","url":"https:\/\/www.rxbriefcase.com\/","logo":{"@type":"ImageObject","inLanguage":"fr-CA","@id":"https:\/\/www.rxbriefcase.com\/#\/schema\/logo\/image\/","url":"https:\/\/www.rxbriefcase.com\/wp-content\/uploads\/2024\/07\/logo.webp","contentUrl":"https:\/\/www.rxbriefcase.com\/wp-content\/uploads\/2024\/07\/logo.webp","width":190,"height":36,"caption":"RxBriefCase"},"image":{"@id":"https:\/\/www.rxbriefcase.com\/#\/schema\/logo\/image\/"}}]}},"_links":{"self":[{"href":"https:\/\/www.rxbriefcase.com\/fr\/wp-json\/wp\/v2\/product\/27385","targetHints":{"allow":["GET"]}}],"collection":[{"href":"https:\/\/www.rxbriefcase.com\/fr\/wp-json\/wp\/v2\/product"}],"about":[{"href":"https:\/\/www.rxbriefcase.com\/fr\/wp-json\/wp\/v2\/types\/product"}],"replies":[{"embeddable":true,"href":"https:\/\/www.rxbriefcase.com\/fr\/wp-json\/wp\/v2\/comments?post=27385"}],"wp:attachment":[{"href":"https:\/\/www.rxbriefcase.com\/fr\/wp-json\/wp\/v2\/media?parent=27385"}],"wp:term":[{"taxonomy":"product_brand","embeddable":true,"href":"https:\/\/www.rxbriefcase.com\/fr\/wp-json\/wp\/v2\/product_brand?post=27385"},{"taxonomy":"product_cat","embeddable":true,"href":"https:\/\/www.rxbriefcase.com\/fr\/wp-json\/wp\/v2\/product_cat?post=27385"},{"taxonomy":"product_tag","embeddable":true,"href":"https:\/\/www.rxbriefcase.com\/fr\/wp-json\/wp\/v2\/product_tag?post=27385"}],"curies":[{"name":"wp","href":"https:\/\/api.w.org\/{rel}","templated":true}]}}