{"id":25840,"date":"2025-10-29T10:08:52","date_gmt":"2025-10-29T15:08:52","guid":{"rendered":"https:\/\/www.rxbriefcase.com\/product\/proteger-les-nourrissons-contre-le-vrs-aucun-bebe-ne-doit-passer-entre-les-mailles-du-filet\/?courseid="},"modified":"2026-04-13T12:47:29","modified_gmt":"2026-04-13T17:47:29","slug":"proteger-les-nourrissons-contre-le-vrs-aucun-bebe-ne-doit-passer-entre-les-mailles-du-filet","status":"publish","type":"product","link":"https:\/\/www.rxbriefcase.com\/fr\/product\/proteger-les-nourrissons-contre-le-vrs-aucun-bebe-ne-doit-passer-entre-les-mailles-du-filet\/?courseid=","title":{"rendered":"Prot\u00e9ger les nourrissons contre le VRS : aucun b\u00e9b\u00e9 ne doit passer entre les mailles du filet"},"content":{"rendered":"<p>Le virus respiratoire syncytial (VRS) est la principale cause d\u2019hospitalisation chez les nourrissons au Canada, mais plusieurs demeurent non prot\u00e9g\u00e9s apr\u00e8s leur cong\u00e9 de l\u2019h\u00f4pital. Dans cette courte s\u00e9ance de 5 minutes, la D<sup>re<\/sup> Jane Healey pr\u00e9sente des approches simples et fond\u00e9es sur des donn\u00e9es probantes pour aider les professionnels de la sant\u00e9 \u00e0 combler les lacunes de protection en int\u00e9grant le nirs\u00e9vimab (Beyfortus) aux visites de routine des nouveau-n\u00e9s et des nourrissons, afin d\u2019assurer que chaque b\u00e9b\u00e9 soit prot\u00e9g\u00e9 tout au long de la saison du VRS.<\/p>\n<hr>\n<p dir=\"ltr\" style=\"text-align: left\">Ce programme a b\u00e9n\u00e9fici\u00e9 d\u2019un soutien financier de la part de Sanofi Canada sous forme de bourse \u00e0 vis\u00e9e \u00e9ducative sans restriction.<\/p>","protected":false},"excerpt":{"rendered":"<p>Le virus respiratoire syncytial (VRS) est la principale cause d\u2019hospitalisation chez les nourrissons au Canada, mais plusieurs demeurent non prot\u00e9g\u00e9s apr\u00e8s leur cong\u00e9 de l\u2019h\u00f4pital. Dans cette courte s\u00e9ance de 5 minutes, la Dre Jane Healey pr\u00e9sente des approches simples et fond\u00e9es sur des donn\u00e9es probantes pour aider les professionnels de la sant\u00e9 \u00e0 combler [&hellip;]<\/p>\n","protected":false},"featured_media":0,"comment_status":"closed","ping_status":"closed","template":"","meta":{"_acf_changed":false,"inline_featured_image":false},"product_brand":[],"product_cat":[],"product_tag":[],"class_list":{"0":"post-25840","1":"product","2":"type-product","3":"status-publish","6":"first","7":"instock","8":"downloadable","9":"virtual","10":"taxable","11":"purchasable","12":"product-type-simple"},"acf":[],"yoast_head":"<!-- This site is optimized with the Yoast SEO plugin v27.2 - https:\/\/yoast.com\/product\/yoast-seo-wordpress\/ -->\n<title>Prot\u00e9ger les nourrissons contre le VRS : aucun b\u00e9b\u00e9 ne doit passer entre les mailles du filet - RxBriefCase<\/title>\n<meta name=\"robots\" content=\"noindex, follow\" \/>\n<meta property=\"og:locale\" content=\"fr_CA\" \/>\n<meta property=\"og:type\" content=\"article\" \/>\n<meta property=\"og:title\" content=\"Prot\u00e9ger les nourrissons contre le VRS : aucun b\u00e9b\u00e9 ne doit passer entre les mailles du filet - RxBriefCase\" \/>\n<meta property=\"og:description\" content=\"Le virus respiratoire syncytial (VRS) est la principale cause d\u2019hospitalisation chez les nourrissons au Canada, mais plusieurs demeurent non prot\u00e9g\u00e9s apr\u00e8s leur cong\u00e9 de l\u2019h\u00f4pital. Dans cette courte s\u00e9ance de 5 minutes, la Dre Jane Healey pr\u00e9sente des approches simples et fond\u00e9es sur des donn\u00e9es probantes pour aider les professionnels de la sant\u00e9 \u00e0 combler [&hellip;]\" \/>\n<meta property=\"og:url\" content=\"https:\/\/www.rxbriefcase.com\/fr\/product\/proteger-les-nourrissons-contre-le-vrs-aucun-bebe-ne-doit-passer-entre-les-mailles-du-filet\/?courseid=\" \/>\n<meta property=\"og:site_name\" content=\"RxBriefCase\" \/>\n<meta property=\"article:modified_time\" content=\"2026-04-13T17:47:29+00:00\" \/>\n<meta name=\"twitter:card\" content=\"summary_large_image\" \/>\n<meta name=\"twitter:label1\" content=\"Est. reading time\" \/>\n\t<meta name=\"twitter:data1\" content=\"1 minute\" \/>\n<script type=\"application\/ld+json\" class=\"yoast-schema-graph\">{\"@context\":\"https:\/\/schema.org\",\"@graph\":[{\"@type\":\"WebPage\",\"@id\":\"https:\/\/www.rxbriefcase.com\/product\/proteger-les-nourrissons-contre-le-vrs-aucun-bebe-ne-doit-passer-entre-les-mailles-du-filet\/?courseid=\",\"url\":\"https:\/\/www.rxbriefcase.com\/product\/proteger-les-nourrissons-contre-le-vrs-aucun-bebe-ne-doit-passer-entre-les-mailles-du-filet\/?courseid=\",\"name\":\"Prot\u00e9ger les nourrissons contre le VRS : aucun b\u00e9b\u00e9 ne doit passer entre les mailles du filet - RxBriefCase\",\"isPartOf\":{\"@id\":\"https:\/\/www.rxbriefcase.com\/#website\"},\"datePublished\":\"2025-10-29T15:08:52+00:00\",\"dateModified\":\"2026-04-13T17:47:29+00:00\",\"breadcrumb\":{\"@id\":\"https:\/\/www.rxbriefcase.com\/product\/proteger-les-nourrissons-contre-le-vrs-aucun-bebe-ne-doit-passer-entre-les-mailles-du-filet\/?courseid=#breadcrumb\"},\"inLanguage\":\"fr-CA\",\"potentialAction\":[{\"@type\":\"ReadAction\",\"target\":[\"https:\/\/www.rxbriefcase.com\/product\/proteger-les-nourrissons-contre-le-vrs-aucun-bebe-ne-doit-passer-entre-les-mailles-du-filet\/?courseid=\"]}]},{\"@type\":\"BreadcrumbList\",\"@id\":\"https:\/\/www.rxbriefcase.com\/product\/proteger-les-nourrissons-contre-le-vrs-aucun-bebe-ne-doit-passer-entre-les-mailles-du-filet\/?courseid=#breadcrumb\",\"itemListElement\":[{\"@type\":\"ListItem\",\"position\":1,\"name\":\"Home\",\"item\":\"https:\/\/www.rxbriefcase.com\/\"},{\"@type\":\"ListItem\",\"position\":2,\"name\":\"Shop\",\"item\":\"https:\/\/www.rxbriefcase.com\/shop\/\"},{\"@type\":\"ListItem\",\"position\":3,\"name\":\"Prot\u00e9ger les nourrissons contre le VRS : aucun b\u00e9b\u00e9 ne doit passer entre les mailles du filet\"}]},{\"@type\":\"WebSite\",\"@id\":\"https:\/\/www.rxbriefcase.com\/#website\",\"url\":\"https:\/\/www.rxbriefcase.com\/\",\"name\":\"RxBriefCase\",\"description\":\"\",\"publisher\":{\"@id\":\"https:\/\/www.rxbriefcase.com\/#organization\"},\"potentialAction\":[{\"@type\":\"SearchAction\",\"target\":{\"@type\":\"EntryPoint\",\"urlTemplate\":\"https:\/\/www.rxbriefcase.com\/?s={search_term_string}\"},\"query-input\":{\"@type\":\"PropertyValueSpecification\",\"valueRequired\":true,\"valueName\":\"search_term_string\"}}],\"inLanguage\":\"fr-CA\"},{\"@type\":\"Organization\",\"@id\":\"https:\/\/www.rxbriefcase.com\/#organization\",\"name\":\"RxBriefCase\",\"url\":\"https:\/\/www.rxbriefcase.com\/\",\"logo\":{\"@type\":\"ImageObject\",\"inLanguage\":\"fr-CA\",\"@id\":\"https:\/\/www.rxbriefcase.com\/#\/schema\/logo\/image\/\",\"url\":\"https:\/\/www.rxbriefcase.com\/wp-content\/uploads\/2024\/07\/logo.webp\",\"contentUrl\":\"https:\/\/www.rxbriefcase.com\/wp-content\/uploads\/2024\/07\/logo.webp\",\"width\":190,\"height\":36,\"caption\":\"RxBriefCase\"},\"image\":{\"@id\":\"https:\/\/www.rxbriefcase.com\/#\/schema\/logo\/image\/\"}}]}<\/script>\n<!-- \/ Yoast SEO plugin. -->","yoast_head_json":{"title":"Prot\u00e9ger les nourrissons contre le VRS : aucun b\u00e9b\u00e9 ne doit passer entre les mailles du filet - RxBriefCase","robots":{"index":"noindex","follow":"follow"},"og_locale":"fr_CA","og_type":"article","og_title":"Prot\u00e9ger les nourrissons contre le VRS : aucun b\u00e9b\u00e9 ne doit passer entre les mailles du filet - RxBriefCase","og_description":"Le virus respiratoire syncytial (VRS) est la principale cause d\u2019hospitalisation chez les nourrissons au Canada, mais plusieurs demeurent non prot\u00e9g\u00e9s apr\u00e8s leur cong\u00e9 de l\u2019h\u00f4pital. Dans cette courte s\u00e9ance de 5 minutes, la Dre Jane Healey pr\u00e9sente des approches simples et fond\u00e9es sur des donn\u00e9es probantes pour aider les professionnels de la sant\u00e9 \u00e0 combler [&hellip;]","og_url":"https:\/\/www.rxbriefcase.com\/fr\/product\/proteger-les-nourrissons-contre-le-vrs-aucun-bebe-ne-doit-passer-entre-les-mailles-du-filet\/?courseid=","og_site_name":"RxBriefCase","article_modified_time":"2026-04-13T17:47:29+00:00","twitter_card":"summary_large_image","twitter_misc":{"Est. reading time":"1 minute"},"schema":{"@context":"https:\/\/schema.org","@graph":[{"@type":"WebPage","@id":"https:\/\/www.rxbriefcase.com\/product\/proteger-les-nourrissons-contre-le-vrs-aucun-bebe-ne-doit-passer-entre-les-mailles-du-filet\/?courseid=","url":"https:\/\/www.rxbriefcase.com\/product\/proteger-les-nourrissons-contre-le-vrs-aucun-bebe-ne-doit-passer-entre-les-mailles-du-filet\/?courseid=","name":"Prot\u00e9ger les nourrissons contre le VRS : aucun b\u00e9b\u00e9 ne doit passer entre les mailles du filet - RxBriefCase","isPartOf":{"@id":"https:\/\/www.rxbriefcase.com\/#website"},"datePublished":"2025-10-29T15:08:52+00:00","dateModified":"2026-04-13T17:47:29+00:00","breadcrumb":{"@id":"https:\/\/www.rxbriefcase.com\/product\/proteger-les-nourrissons-contre-le-vrs-aucun-bebe-ne-doit-passer-entre-les-mailles-du-filet\/?courseid=#breadcrumb"},"inLanguage":"fr-CA","potentialAction":[{"@type":"ReadAction","target":["https:\/\/www.rxbriefcase.com\/product\/proteger-les-nourrissons-contre-le-vrs-aucun-bebe-ne-doit-passer-entre-les-mailles-du-filet\/?courseid="]}]},{"@type":"BreadcrumbList","@id":"https:\/\/www.rxbriefcase.com\/product\/proteger-les-nourrissons-contre-le-vrs-aucun-bebe-ne-doit-passer-entre-les-mailles-du-filet\/?courseid=#breadcrumb","itemListElement":[{"@type":"ListItem","position":1,"name":"Home","item":"https:\/\/www.rxbriefcase.com\/"},{"@type":"ListItem","position":2,"name":"Shop","item":"https:\/\/www.rxbriefcase.com\/shop\/"},{"@type":"ListItem","position":3,"name":"Prot\u00e9ger les nourrissons contre le VRS : aucun b\u00e9b\u00e9 ne doit passer entre les mailles du filet"}]},{"@type":"WebSite","@id":"https:\/\/www.rxbriefcase.com\/#website","url":"https:\/\/www.rxbriefcase.com\/","name":"Mallette Rx","description":"","publisher":{"@id":"https:\/\/www.rxbriefcase.com\/#organization"},"potentialAction":[{"@type":"SearchAction","target":{"@type":"EntryPoint","urlTemplate":"https:\/\/www.rxbriefcase.com\/?s={search_term_string}"},"query-input":{"@type":"PropertyValueSpecification","valueRequired":true,"valueName":"search_term_string"}}],"inLanguage":"fr-CA"},{"@type":"Organization","@id":"https:\/\/www.rxbriefcase.com\/#organization","name":"Mallette Rx","url":"https:\/\/www.rxbriefcase.com\/","logo":{"@type":"ImageObject","inLanguage":"fr-CA","@id":"https:\/\/www.rxbriefcase.com\/#\/schema\/logo\/image\/","url":"https:\/\/www.rxbriefcase.com\/wp-content\/uploads\/2024\/07\/logo.webp","contentUrl":"https:\/\/www.rxbriefcase.com\/wp-content\/uploads\/2024\/07\/logo.webp","width":190,"height":36,"caption":"RxBriefCase"},"image":{"@id":"https:\/\/www.rxbriefcase.com\/#\/schema\/logo\/image\/"}}]}},"_links":{"self":[{"href":"https:\/\/www.rxbriefcase.com\/fr\/wp-json\/wp\/v2\/product\/25840","targetHints":{"allow":["GET"]}}],"collection":[{"href":"https:\/\/www.rxbriefcase.com\/fr\/wp-json\/wp\/v2\/product"}],"about":[{"href":"https:\/\/www.rxbriefcase.com\/fr\/wp-json\/wp\/v2\/types\/product"}],"replies":[{"embeddable":true,"href":"https:\/\/www.rxbriefcase.com\/fr\/wp-json\/wp\/v2\/comments?post=25840"}],"wp:attachment":[{"href":"https:\/\/www.rxbriefcase.com\/fr\/wp-json\/wp\/v2\/media?parent=25840"}],"wp:term":[{"taxonomy":"product_brand","embeddable":true,"href":"https:\/\/www.rxbriefcase.com\/fr\/wp-json\/wp\/v2\/product_brand?post=25840"},{"taxonomy":"product_cat","embeddable":true,"href":"https:\/\/www.rxbriefcase.com\/fr\/wp-json\/wp\/v2\/product_cat?post=25840"},{"taxonomy":"product_tag","embeddable":true,"href":"https:\/\/www.rxbriefcase.com\/fr\/wp-json\/wp\/v2\/product_tag?post=25840"}],"curies":[{"name":"wp","href":"https:\/\/api.w.org\/{rel}","templated":true}]}}