{"id":25520,"date":"2025-10-28T10:30:07","date_gmt":"2025-10-28T15:30:07","guid":{"rendered":"https:\/\/www.rxbriefcase.com\/product\/ameliorer-les-resultats-en-matiere-de-rgo-un-guide-pour-levaluation-diagnostique-le-traitement-et-le-suivi-2\/?courseid="},"modified":"2026-04-13T12:47:29","modified_gmt":"2026-04-13T17:47:29","slug":"ameliorer-les-resultats-en-matiere-de-rgo-un-guide-pour-levaluation-diagnostique-le-traitement-et-le-suivi-2","status":"publish","type":"product","link":"https:\/\/www.rxbriefcase.com\/fr\/product\/ameliorer-les-resultats-en-matiere-de-rgo-un-guide-pour-levaluation-diagnostique-le-traitement-et-le-suivi-2\/?courseid=","title":{"rendered":"Am\u00e9liorer les r\u00e9sultats en mati\u00e8re de RGO\u00a0: un guide pour l\u2019\u00e9valuation diagnostique, le traitement et le suivi"},"content":{"rendered":"<p dir=\"ltr\" style=\"text-align: left\">Ce programme de formation m\u00e9dicale continue en ligne accr\u00e9dit\u00e9 d\u2019une dur\u00e9e de 30 minutes est destin\u00e9 aux professionnels de la sant\u00e9 canadiens. L\u2019objectif du programme est de fournir aux cliniciens des connaissances sur la prise en charge du reflux gastro-\u0153sophagien (RGO) dans le cadre des soins de sant\u00e9 primaires. Le RGO repr\u00e9sente un fardeau important pour la sant\u00e9 publique et est l\u2019une des pathologies les plus couramment trait\u00e9es dans le cadre des soins de sant\u00e9 primaires. Il s\u2019agit d\u2019une affection courante, qui se d\u00e9veloppe lorsque les reflux du contenu de l\u2019estomac provoquent des sympt\u00f4mes incommodants (tels que des br\u00fblures d\u2019estomac et des r\u00e9gurgitations) et\/ou des complications (telles qu\u2019un endobrachy\u0153sophage, une \u0153sophagite, un ulc\u00e8re et un ad\u00e9nocarcinome de l\u2019\u0153sophage). Son traitement vise \u00e0 att\u00e9nuer les sympt\u00f4mes et \u00e0 r\u00e9duire le risque de complications. Le pr\u00e9sent programme fournira aux participants des renseignements essentiels et des recommandations pratiques concernant les patients souffrant de RGO.\u00a0\u00a0<\/p>","protected":false},"excerpt":{"rendered":"<p>Ce programme de formation m\u00e9dicale continue en ligne accr\u00e9dit\u00e9 d\u2019une dur\u00e9e de 30 minutes est destin\u00e9 aux professionnels de la sant\u00e9 canadiens. L\u2019objectif du programme est de fournir aux cliniciens des connaissances sur la prise en charge du reflux gastro-\u0153sophagien (RGO) dans le cadre des soins de sant\u00e9 primaires. Le RGO repr\u00e9sente un fardeau important [&hellip;]<\/p>\n","protected":false},"featured_media":0,"comment_status":"closed","ping_status":"closed","template":"","meta":{"_acf_changed":false,"inline_featured_image":false},"product_brand":[],"product_cat":[],"product_tag":[],"class_list":{"0":"post-25520","1":"product","2":"type-product","3":"status-publish","6":"first","7":"instock","8":"downloadable","9":"virtual","10":"taxable","11":"purchasable","12":"product-type-simple"},"acf":[],"yoast_head":"<!-- This site is optimized with the Yoast SEO plugin v27.2 - https:\/\/yoast.com\/product\/yoast-seo-wordpress\/ -->\n<title>Am\u00e9liorer les r\u00e9sultats en mati\u00e8re de RGO\u00a0: un guide pour l\u2019\u00e9valuation diagnostique, le traitement et le suivi - RxBriefCase<\/title>\n<meta name=\"robots\" content=\"noindex, follow\" \/>\n<meta property=\"og:locale\" content=\"fr_CA\" \/>\n<meta property=\"og:type\" content=\"article\" \/>\n<meta property=\"og:title\" content=\"Am\u00e9liorer les r\u00e9sultats en mati\u00e8re de RGO\u00a0: un guide pour l\u2019\u00e9valuation diagnostique, le traitement et le suivi - RxBriefCase\" \/>\n<meta property=\"og:description\" content=\"Ce programme de formation m\u00e9dicale continue en ligne accr\u00e9dit\u00e9 d\u2019une dur\u00e9e de 30 minutes est destin\u00e9 aux professionnels de la sant\u00e9 canadiens. L\u2019objectif du programme est de fournir aux cliniciens des connaissances sur la prise en charge du reflux gastro-\u0153sophagien (RGO) dans le cadre des soins de sant\u00e9 primaires. Le RGO repr\u00e9sente un fardeau important [&hellip;]\" \/>\n<meta property=\"og:url\" content=\"https:\/\/www.rxbriefcase.com\/fr\/product\/ameliorer-les-resultats-en-matiere-de-rgo-un-guide-pour-levaluation-diagnostique-le-traitement-et-le-suivi-2\/?courseid=\" \/>\n<meta property=\"og:site_name\" content=\"RxBriefCase\" \/>\n<meta property=\"article:modified_time\" content=\"2026-04-13T17:47:29+00:00\" \/>\n<meta name=\"twitter:card\" content=\"summary_large_image\" \/>\n<meta name=\"twitter:label1\" content=\"Est. reading time\" \/>\n\t<meta name=\"twitter:data1\" content=\"1 minute\" \/>\n<script type=\"application\/ld+json\" class=\"yoast-schema-graph\">{\"@context\":\"https:\/\/schema.org\",\"@graph\":[{\"@type\":\"WebPage\",\"@id\":\"https:\/\/www.rxbriefcase.com\/product\/ameliorer-les-resultats-en-matiere-de-rgo-un-guide-pour-levaluation-diagnostique-le-traitement-et-le-suivi-2\/?courseid=\",\"url\":\"https:\/\/www.rxbriefcase.com\/product\/ameliorer-les-resultats-en-matiere-de-rgo-un-guide-pour-levaluation-diagnostique-le-traitement-et-le-suivi-2\/?courseid=\",\"name\":\"Am\u00e9liorer les r\u00e9sultats en mati\u00e8re de RGO\u00a0: un guide pour l\u2019\u00e9valuation diagnostique, le traitement et le suivi - RxBriefCase\",\"isPartOf\":{\"@id\":\"https:\/\/www.rxbriefcase.com\/#website\"},\"datePublished\":\"2025-10-28T15:30:07+00:00\",\"dateModified\":\"2026-04-13T17:47:29+00:00\",\"breadcrumb\":{\"@id\":\"https:\/\/www.rxbriefcase.com\/product\/ameliorer-les-resultats-en-matiere-de-rgo-un-guide-pour-levaluation-diagnostique-le-traitement-et-le-suivi-2\/?courseid=#breadcrumb\"},\"inLanguage\":\"fr-CA\",\"potentialAction\":[{\"@type\":\"ReadAction\",\"target\":[\"https:\/\/www.rxbriefcase.com\/product\/ameliorer-les-resultats-en-matiere-de-rgo-un-guide-pour-levaluation-diagnostique-le-traitement-et-le-suivi-2\/?courseid=\"]}]},{\"@type\":\"BreadcrumbList\",\"@id\":\"https:\/\/www.rxbriefcase.com\/product\/ameliorer-les-resultats-en-matiere-de-rgo-un-guide-pour-levaluation-diagnostique-le-traitement-et-le-suivi-2\/?courseid=#breadcrumb\",\"itemListElement\":[{\"@type\":\"ListItem\",\"position\":1,\"name\":\"Home\",\"item\":\"https:\/\/www.rxbriefcase.com\/\"},{\"@type\":\"ListItem\",\"position\":2,\"name\":\"Shop\",\"item\":\"https:\/\/www.rxbriefcase.com\/shop\/\"},{\"@type\":\"ListItem\",\"position\":3,\"name\":\"Am\u00e9liorer les r\u00e9sultats en mati\u00e8re de RGO\u00a0: un guide pour l\u2019\u00e9valuation diagnostique, le traitement et le suivi\"}]},{\"@type\":\"WebSite\",\"@id\":\"https:\/\/www.rxbriefcase.com\/#website\",\"url\":\"https:\/\/www.rxbriefcase.com\/\",\"name\":\"RxBriefCase\",\"description\":\"\",\"publisher\":{\"@id\":\"https:\/\/www.rxbriefcase.com\/#organization\"},\"potentialAction\":[{\"@type\":\"SearchAction\",\"target\":{\"@type\":\"EntryPoint\",\"urlTemplate\":\"https:\/\/www.rxbriefcase.com\/?s={search_term_string}\"},\"query-input\":{\"@type\":\"PropertyValueSpecification\",\"valueRequired\":true,\"valueName\":\"search_term_string\"}}],\"inLanguage\":\"fr-CA\"},{\"@type\":\"Organization\",\"@id\":\"https:\/\/www.rxbriefcase.com\/#organization\",\"name\":\"RxBriefCase\",\"url\":\"https:\/\/www.rxbriefcase.com\/\",\"logo\":{\"@type\":\"ImageObject\",\"inLanguage\":\"fr-CA\",\"@id\":\"https:\/\/www.rxbriefcase.com\/#\/schema\/logo\/image\/\",\"url\":\"https:\/\/www.rxbriefcase.com\/wp-content\/uploads\/2024\/07\/logo.webp\",\"contentUrl\":\"https:\/\/www.rxbriefcase.com\/wp-content\/uploads\/2024\/07\/logo.webp\",\"width\":190,\"height\":36,\"caption\":\"RxBriefCase\"},\"image\":{\"@id\":\"https:\/\/www.rxbriefcase.com\/#\/schema\/logo\/image\/\"}}]}<\/script>\n<!-- \/ Yoast SEO plugin. -->","yoast_head_json":{"title":"Am\u00e9liorer les r\u00e9sultats en mati\u00e8re de RGO\u00a0: un guide pour l\u2019\u00e9valuation diagnostique, le traitement et le suivi - RxBriefCase","robots":{"index":"noindex","follow":"follow"},"og_locale":"fr_CA","og_type":"article","og_title":"Am\u00e9liorer les r\u00e9sultats en mati\u00e8re de RGO\u00a0: un guide pour l\u2019\u00e9valuation diagnostique, le traitement et le suivi - RxBriefCase","og_description":"Ce programme de formation m\u00e9dicale continue en ligne accr\u00e9dit\u00e9 d\u2019une dur\u00e9e de 30 minutes est destin\u00e9 aux professionnels de la sant\u00e9 canadiens. L\u2019objectif du programme est de fournir aux cliniciens des connaissances sur la prise en charge du reflux gastro-\u0153sophagien (RGO) dans le cadre des soins de sant\u00e9 primaires. Le RGO repr\u00e9sente un fardeau important [&hellip;]","og_url":"https:\/\/www.rxbriefcase.com\/fr\/product\/ameliorer-les-resultats-en-matiere-de-rgo-un-guide-pour-levaluation-diagnostique-le-traitement-et-le-suivi-2\/?courseid=","og_site_name":"RxBriefCase","article_modified_time":"2026-04-13T17:47:29+00:00","twitter_card":"summary_large_image","twitter_misc":{"Est. reading time":"1 minute"},"schema":{"@context":"https:\/\/schema.org","@graph":[{"@type":"WebPage","@id":"https:\/\/www.rxbriefcase.com\/product\/ameliorer-les-resultats-en-matiere-de-rgo-un-guide-pour-levaluation-diagnostique-le-traitement-et-le-suivi-2\/?courseid=","url":"https:\/\/www.rxbriefcase.com\/product\/ameliorer-les-resultats-en-matiere-de-rgo-un-guide-pour-levaluation-diagnostique-le-traitement-et-le-suivi-2\/?courseid=","name":"Am\u00e9liorer les r\u00e9sultats en mati\u00e8re de RGO\u00a0: un guide pour l\u2019\u00e9valuation diagnostique, le traitement et le suivi - RxBriefCase","isPartOf":{"@id":"https:\/\/www.rxbriefcase.com\/#website"},"datePublished":"2025-10-28T15:30:07+00:00","dateModified":"2026-04-13T17:47:29+00:00","breadcrumb":{"@id":"https:\/\/www.rxbriefcase.com\/product\/ameliorer-les-resultats-en-matiere-de-rgo-un-guide-pour-levaluation-diagnostique-le-traitement-et-le-suivi-2\/?courseid=#breadcrumb"},"inLanguage":"fr-CA","potentialAction":[{"@type":"ReadAction","target":["https:\/\/www.rxbriefcase.com\/product\/ameliorer-les-resultats-en-matiere-de-rgo-un-guide-pour-levaluation-diagnostique-le-traitement-et-le-suivi-2\/?courseid="]}]},{"@type":"BreadcrumbList","@id":"https:\/\/www.rxbriefcase.com\/product\/ameliorer-les-resultats-en-matiere-de-rgo-un-guide-pour-levaluation-diagnostique-le-traitement-et-le-suivi-2\/?courseid=#breadcrumb","itemListElement":[{"@type":"ListItem","position":1,"name":"Home","item":"https:\/\/www.rxbriefcase.com\/"},{"@type":"ListItem","position":2,"name":"Shop","item":"https:\/\/www.rxbriefcase.com\/shop\/"},{"@type":"ListItem","position":3,"name":"Am\u00e9liorer les r\u00e9sultats en mati\u00e8re de RGO\u00a0: un guide pour l\u2019\u00e9valuation diagnostique, le traitement et le suivi"}]},{"@type":"WebSite","@id":"https:\/\/www.rxbriefcase.com\/#website","url":"https:\/\/www.rxbriefcase.com\/","name":"Mallette Rx","description":"","publisher":{"@id":"https:\/\/www.rxbriefcase.com\/#organization"},"potentialAction":[{"@type":"SearchAction","target":{"@type":"EntryPoint","urlTemplate":"https:\/\/www.rxbriefcase.com\/?s={search_term_string}"},"query-input":{"@type":"PropertyValueSpecification","valueRequired":true,"valueName":"search_term_string"}}],"inLanguage":"fr-CA"},{"@type":"Organization","@id":"https:\/\/www.rxbriefcase.com\/#organization","name":"Mallette Rx","url":"https:\/\/www.rxbriefcase.com\/","logo":{"@type":"ImageObject","inLanguage":"fr-CA","@id":"https:\/\/www.rxbriefcase.com\/#\/schema\/logo\/image\/","url":"https:\/\/www.rxbriefcase.com\/wp-content\/uploads\/2024\/07\/logo.webp","contentUrl":"https:\/\/www.rxbriefcase.com\/wp-content\/uploads\/2024\/07\/logo.webp","width":190,"height":36,"caption":"RxBriefCase"},"image":{"@id":"https:\/\/www.rxbriefcase.com\/#\/schema\/logo\/image\/"}}]}},"_links":{"self":[{"href":"https:\/\/www.rxbriefcase.com\/fr\/wp-json\/wp\/v2\/product\/25520","targetHints":{"allow":["GET"]}}],"collection":[{"href":"https:\/\/www.rxbriefcase.com\/fr\/wp-json\/wp\/v2\/product"}],"about":[{"href":"https:\/\/www.rxbriefcase.com\/fr\/wp-json\/wp\/v2\/types\/product"}],"replies":[{"embeddable":true,"href":"https:\/\/www.rxbriefcase.com\/fr\/wp-json\/wp\/v2\/comments?post=25520"}],"wp:attachment":[{"href":"https:\/\/www.rxbriefcase.com\/fr\/wp-json\/wp\/v2\/media?parent=25520"}],"wp:term":[{"taxonomy":"product_brand","embeddable":true,"href":"https:\/\/www.rxbriefcase.com\/fr\/wp-json\/wp\/v2\/product_brand?post=25520"},{"taxonomy":"product_cat","embeddable":true,"href":"https:\/\/www.rxbriefcase.com\/fr\/wp-json\/wp\/v2\/product_cat?post=25520"},{"taxonomy":"product_tag","embeddable":true,"href":"https:\/\/www.rxbriefcase.com\/fr\/wp-json\/wp\/v2\/product_tag?post=25520"}],"curies":[{"name":"wp","href":"https:\/\/api.w.org\/{rel}","templated":true}]}}