{"id":24159,"date":"2025-10-23T10:03:21","date_gmt":"2025-10-23T15:03:21","guid":{"rendered":"https:\/\/www.rxbriefcase.com\/product\/deballer-les-pastilles-informer-les-pharmaciens-sur-les-options-medicamenteuses-et-non-medicamenteuses\/?courseid="},"modified":"2026-04-13T12:47:28","modified_gmt":"2026-04-13T17:47:28","slug":"deballer-les-pastilles-informer-les-pharmaciens-sur-les-options-medicamenteuses-et-non-medicamenteuses","status":"publish","type":"product","link":"https:\/\/www.rxbriefcase.com\/fr\/product\/deballer-les-pastilles-informer-les-pharmaciens-sur-les-options-medicamenteuses-et-non-medicamenteuses\/?courseid=","title":{"rendered":"D\u00e9baller les pastilles : Informer les pharmaciens sur les options m\u00e9dicamenteuses et non-m\u00e9dicamenteuses"},"content":{"rendered":"<p>Ce programme en ligne de formation m\u00e9dicale continue (FMC) a pour but d\u2019aider les pharmaciens \u00e0 prendre en charge les patients qui cherchent \u00e0 soulager leurs sympt\u00f4mes de mal de gorge. Portant une attention particuli\u00e8re sur les produits sous forme de pastilles, ce programme offre aux pharmaciens des conseils pratiques sur comment personnaliser les soins, comment conseiller les patients qui se pr\u00e9sentent avec un mal de gorge et comment offrir les recommandations les plus appropri\u00e9es qui procureront un soulagement efficace du mal de gorge.<\/p>\n<hr>\n<p>Ce programme a b\u00e9n\u00e9fici\u00e9 d\u2019un soutien financier de Mead Johnson\u00a0Canada sous forme de bourse \u00e0 vis\u00e9e \u00e9ducative sans restriction.<\/p>","protected":false},"excerpt":{"rendered":"<p>Ce programme en ligne de formation m\u00e9dicale continue (FMC) a pour but d\u2019aider les pharmaciens \u00e0 prendre en charge les patients qui cherchent \u00e0 soulager leurs sympt\u00f4mes de mal de gorge. Portant une attention particuli\u00e8re sur les produits sous forme de pastilles, ce programme offre aux pharmaciens des conseils pratiques sur comment personnaliser les soins, [&hellip;]<\/p>\n","protected":false},"featured_media":0,"comment_status":"closed","ping_status":"closed","template":"","meta":{"_acf_changed":false,"inline_featured_image":false},"product_brand":[],"product_cat":[],"product_tag":[],"class_list":{"0":"post-24159","1":"product","2":"type-product","3":"status-publish","6":"first","7":"instock","8":"downloadable","9":"virtual","10":"taxable","11":"purchasable","12":"product-type-simple"},"acf":[],"yoast_head":"<!-- This site is optimized with the Yoast SEO plugin v27.2 - https:\/\/yoast.com\/product\/yoast-seo-wordpress\/ -->\n<title>D\u00e9baller les pastilles : Informer les pharmaciens sur les options m\u00e9dicamenteuses et non-m\u00e9dicamenteuses - RxBriefCase<\/title>\n<meta name=\"robots\" content=\"noindex, follow\" \/>\n<meta property=\"og:locale\" content=\"fr_CA\" \/>\n<meta property=\"og:type\" content=\"article\" \/>\n<meta property=\"og:title\" content=\"D\u00e9baller les pastilles : Informer les pharmaciens sur les options m\u00e9dicamenteuses et non-m\u00e9dicamenteuses - RxBriefCase\" \/>\n<meta property=\"og:description\" content=\"Ce programme en ligne de formation m\u00e9dicale continue (FMC) a pour but d\u2019aider les pharmaciens \u00e0 prendre en charge les patients qui cherchent \u00e0 soulager leurs sympt\u00f4mes de mal de gorge. Portant une attention particuli\u00e8re sur les produits sous forme de pastilles, ce programme offre aux pharmaciens des conseils pratiques sur comment personnaliser les soins, [&hellip;]\" \/>\n<meta property=\"og:url\" content=\"https:\/\/www.rxbriefcase.com\/fr\/product\/deballer-les-pastilles-informer-les-pharmaciens-sur-les-options-medicamenteuses-et-non-medicamenteuses\/?courseid=\" \/>\n<meta property=\"og:site_name\" content=\"RxBriefCase\" \/>\n<meta property=\"article:modified_time\" content=\"2026-04-13T17:47:28+00:00\" \/>\n<meta name=\"twitter:card\" content=\"summary_large_image\" \/>\n<meta name=\"twitter:label1\" content=\"Est. reading time\" \/>\n\t<meta name=\"twitter:data1\" content=\"1 minute\" \/>\n<script type=\"application\/ld+json\" class=\"yoast-schema-graph\">{\"@context\":\"https:\/\/schema.org\",\"@graph\":[{\"@type\":\"WebPage\",\"@id\":\"https:\/\/www.rxbriefcase.com\/product\/deballer-les-pastilles-informer-les-pharmaciens-sur-les-options-medicamenteuses-et-non-medicamenteuses\/?courseid=\",\"url\":\"https:\/\/www.rxbriefcase.com\/product\/deballer-les-pastilles-informer-les-pharmaciens-sur-les-options-medicamenteuses-et-non-medicamenteuses\/?courseid=\",\"name\":\"D\u00e9baller les pastilles : Informer les pharmaciens sur les options m\u00e9dicamenteuses et non-m\u00e9dicamenteuses - RxBriefCase\",\"isPartOf\":{\"@id\":\"https:\/\/www.rxbriefcase.com\/#website\"},\"datePublished\":\"2025-10-23T15:03:21+00:00\",\"dateModified\":\"2026-04-13T17:47:28+00:00\",\"breadcrumb\":{\"@id\":\"https:\/\/www.rxbriefcase.com\/product\/deballer-les-pastilles-informer-les-pharmaciens-sur-les-options-medicamenteuses-et-non-medicamenteuses\/?courseid=#breadcrumb\"},\"inLanguage\":\"fr-CA\",\"potentialAction\":[{\"@type\":\"ReadAction\",\"target\":[\"https:\/\/www.rxbriefcase.com\/product\/deballer-les-pastilles-informer-les-pharmaciens-sur-les-options-medicamenteuses-et-non-medicamenteuses\/?courseid=\"]}]},{\"@type\":\"BreadcrumbList\",\"@id\":\"https:\/\/www.rxbriefcase.com\/product\/deballer-les-pastilles-informer-les-pharmaciens-sur-les-options-medicamenteuses-et-non-medicamenteuses\/?courseid=#breadcrumb\",\"itemListElement\":[{\"@type\":\"ListItem\",\"position\":1,\"name\":\"Home\",\"item\":\"https:\/\/www.rxbriefcase.com\/\"},{\"@type\":\"ListItem\",\"position\":2,\"name\":\"Shop\",\"item\":\"https:\/\/www.rxbriefcase.com\/shop\/\"},{\"@type\":\"ListItem\",\"position\":3,\"name\":\"D\u00e9baller les pastilles : Informer les pharmaciens sur les options m\u00e9dicamenteuses et non-m\u00e9dicamenteuses\"}]},{\"@type\":\"WebSite\",\"@id\":\"https:\/\/www.rxbriefcase.com\/#website\",\"url\":\"https:\/\/www.rxbriefcase.com\/\",\"name\":\"RxBriefCase\",\"description\":\"\",\"publisher\":{\"@id\":\"https:\/\/www.rxbriefcase.com\/#organization\"},\"potentialAction\":[{\"@type\":\"SearchAction\",\"target\":{\"@type\":\"EntryPoint\",\"urlTemplate\":\"https:\/\/www.rxbriefcase.com\/?s={search_term_string}\"},\"query-input\":{\"@type\":\"PropertyValueSpecification\",\"valueRequired\":true,\"valueName\":\"search_term_string\"}}],\"inLanguage\":\"fr-CA\"},{\"@type\":\"Organization\",\"@id\":\"https:\/\/www.rxbriefcase.com\/#organization\",\"name\":\"RxBriefCase\",\"url\":\"https:\/\/www.rxbriefcase.com\/\",\"logo\":{\"@type\":\"ImageObject\",\"inLanguage\":\"fr-CA\",\"@id\":\"https:\/\/www.rxbriefcase.com\/#\/schema\/logo\/image\/\",\"url\":\"https:\/\/www.rxbriefcase.com\/wp-content\/uploads\/2024\/07\/logo.webp\",\"contentUrl\":\"https:\/\/www.rxbriefcase.com\/wp-content\/uploads\/2024\/07\/logo.webp\",\"width\":190,\"height\":36,\"caption\":\"RxBriefCase\"},\"image\":{\"@id\":\"https:\/\/www.rxbriefcase.com\/#\/schema\/logo\/image\/\"}}]}<\/script>\n<!-- \/ Yoast SEO plugin. -->","yoast_head_json":{"title":"D\u00e9baller les pastilles : Informer les pharmaciens sur les options m\u00e9dicamenteuses et non-m\u00e9dicamenteuses - RxBriefCase","robots":{"index":"noindex","follow":"follow"},"og_locale":"fr_CA","og_type":"article","og_title":"D\u00e9baller les pastilles : Informer les pharmaciens sur les options m\u00e9dicamenteuses et non-m\u00e9dicamenteuses - RxBriefCase","og_description":"Ce programme en ligne de formation m\u00e9dicale continue (FMC) a pour but d\u2019aider les pharmaciens \u00e0 prendre en charge les patients qui cherchent \u00e0 soulager leurs sympt\u00f4mes de mal de gorge. Portant une attention particuli\u00e8re sur les produits sous forme de pastilles, ce programme offre aux pharmaciens des conseils pratiques sur comment personnaliser les soins, [&hellip;]","og_url":"https:\/\/www.rxbriefcase.com\/fr\/product\/deballer-les-pastilles-informer-les-pharmaciens-sur-les-options-medicamenteuses-et-non-medicamenteuses\/?courseid=","og_site_name":"RxBriefCase","article_modified_time":"2026-04-13T17:47:28+00:00","twitter_card":"summary_large_image","twitter_misc":{"Est. reading time":"1 minute"},"schema":{"@context":"https:\/\/schema.org","@graph":[{"@type":"WebPage","@id":"https:\/\/www.rxbriefcase.com\/product\/deballer-les-pastilles-informer-les-pharmaciens-sur-les-options-medicamenteuses-et-non-medicamenteuses\/?courseid=","url":"https:\/\/www.rxbriefcase.com\/product\/deballer-les-pastilles-informer-les-pharmaciens-sur-les-options-medicamenteuses-et-non-medicamenteuses\/?courseid=","name":"D\u00e9baller les pastilles : Informer les pharmaciens sur les options m\u00e9dicamenteuses et non-m\u00e9dicamenteuses - RxBriefCase","isPartOf":{"@id":"https:\/\/www.rxbriefcase.com\/#website"},"datePublished":"2025-10-23T15:03:21+00:00","dateModified":"2026-04-13T17:47:28+00:00","breadcrumb":{"@id":"https:\/\/www.rxbriefcase.com\/product\/deballer-les-pastilles-informer-les-pharmaciens-sur-les-options-medicamenteuses-et-non-medicamenteuses\/?courseid=#breadcrumb"},"inLanguage":"fr-CA","potentialAction":[{"@type":"ReadAction","target":["https:\/\/www.rxbriefcase.com\/product\/deballer-les-pastilles-informer-les-pharmaciens-sur-les-options-medicamenteuses-et-non-medicamenteuses\/?courseid="]}]},{"@type":"BreadcrumbList","@id":"https:\/\/www.rxbriefcase.com\/product\/deballer-les-pastilles-informer-les-pharmaciens-sur-les-options-medicamenteuses-et-non-medicamenteuses\/?courseid=#breadcrumb","itemListElement":[{"@type":"ListItem","position":1,"name":"Home","item":"https:\/\/www.rxbriefcase.com\/"},{"@type":"ListItem","position":2,"name":"Shop","item":"https:\/\/www.rxbriefcase.com\/shop\/"},{"@type":"ListItem","position":3,"name":"D\u00e9baller les pastilles : Informer les pharmaciens sur les options m\u00e9dicamenteuses et non-m\u00e9dicamenteuses"}]},{"@type":"WebSite","@id":"https:\/\/www.rxbriefcase.com\/#website","url":"https:\/\/www.rxbriefcase.com\/","name":"Mallette Rx","description":"","publisher":{"@id":"https:\/\/www.rxbriefcase.com\/#organization"},"potentialAction":[{"@type":"SearchAction","target":{"@type":"EntryPoint","urlTemplate":"https:\/\/www.rxbriefcase.com\/?s={search_term_string}"},"query-input":{"@type":"PropertyValueSpecification","valueRequired":true,"valueName":"search_term_string"}}],"inLanguage":"fr-CA"},{"@type":"Organization","@id":"https:\/\/www.rxbriefcase.com\/#organization","name":"Mallette Rx","url":"https:\/\/www.rxbriefcase.com\/","logo":{"@type":"ImageObject","inLanguage":"fr-CA","@id":"https:\/\/www.rxbriefcase.com\/#\/schema\/logo\/image\/","url":"https:\/\/www.rxbriefcase.com\/wp-content\/uploads\/2024\/07\/logo.webp","contentUrl":"https:\/\/www.rxbriefcase.com\/wp-content\/uploads\/2024\/07\/logo.webp","width":190,"height":36,"caption":"RxBriefCase"},"image":{"@id":"https:\/\/www.rxbriefcase.com\/#\/schema\/logo\/image\/"}}]}},"_links":{"self":[{"href":"https:\/\/www.rxbriefcase.com\/fr\/wp-json\/wp\/v2\/product\/24159","targetHints":{"allow":["GET"]}}],"collection":[{"href":"https:\/\/www.rxbriefcase.com\/fr\/wp-json\/wp\/v2\/product"}],"about":[{"href":"https:\/\/www.rxbriefcase.com\/fr\/wp-json\/wp\/v2\/types\/product"}],"replies":[{"embeddable":true,"href":"https:\/\/www.rxbriefcase.com\/fr\/wp-json\/wp\/v2\/comments?post=24159"}],"wp:attachment":[{"href":"https:\/\/www.rxbriefcase.com\/fr\/wp-json\/wp\/v2\/media?parent=24159"}],"wp:term":[{"taxonomy":"product_brand","embeddable":true,"href":"https:\/\/www.rxbriefcase.com\/fr\/wp-json\/wp\/v2\/product_brand?post=24159"},{"taxonomy":"product_cat","embeddable":true,"href":"https:\/\/www.rxbriefcase.com\/fr\/wp-json\/wp\/v2\/product_cat?post=24159"},{"taxonomy":"product_tag","embeddable":true,"href":"https:\/\/www.rxbriefcase.com\/fr\/wp-json\/wp\/v2\/product_tag?post=24159"}],"curies":[{"name":"wp","href":"https:\/\/api.w.org\/{rel}","templated":true}]}}