{"id":18372,"date":"2025-09-25T08:37:19","date_gmt":"2025-09-25T13:37:19","guid":{"rendered":"https:\/\/www.rxbriefcase.com\/product\/ne-laissez-aucun-nourrisson-sans-protection-strategies-pretes-a-lemploi-pour-la-saison-vrs-2025-26\/?courseid="},"modified":"2026-04-13T12:47:25","modified_gmt":"2026-04-13T17:47:25","slug":"ne-laissez-aucun-nourrisson-sans-protection-strategies-pretes-a-lemploi-pour-la-saison-vrs-2025-26","status":"publish","type":"product","link":"https:\/\/www.rxbriefcase.com\/fr\/product\/ne-laissez-aucun-nourrisson-sans-protection-strategies-pretes-a-lemploi-pour-la-saison-vrs-2025-26\/?courseid=","title":{"rendered":"Ne laissez aucun nourrisson sans protection : Strat\u00e9gies pr\u00eates \u00e0 l\u2019emploi pour la saison VRS 2025-26"},"content":{"rendered":"<p>Le VRS frappe t\u00f4t, mais vous pouvez frapper en premier. Ne laissez aucun nourrisson sans protection : Strat\u00e9gies pr\u00eates \u00e0 l\u2019emploi pour la saison VRS 2025-26 est un cours concis bas\u00e9 sur les cas, qui distille les recommandations d\u2019immunisation universelle du CCNI, la protection contre le VRS durant toute la saison et les conversations d\u2019offres pr\u00e9somptives \u00e9prouv\u00e9es pour rehausser l\u2019acceptation des parents, en un mode d\u2019op\u00e9ration facile \u00e0 mettre en oeuvre. En moins d\u2019une heure, vous apprendrez comment rapidement identifier et rappeler chaque nourrisson \u00e0 risque, et vous serez outill\u00e9(e) de strat\u00e9gies pr\u00eates-\u00e0-l\u2019emploi pour s\u2019assurer qu\u2019aucun b\u00e9b\u00e9 dans votre pratique ne doive affronter le VRS sans protection.<\/p>\n<hr>\n<p>Ce programme a b\u00e9n\u00e9fici\u00e9 d\u2019un soutien financier de la part de Sanofi Canada sous forme de bourse \u00e0 vis\u00e9e \u00e9ducative sans restriction.<\/p>","protected":false},"excerpt":{"rendered":"<p>Le VRS frappe t\u00f4t, mais vous pouvez frapper en premier. Ne laissez aucun nourrisson sans protection : Strat\u00e9gies pr\u00eates \u00e0 l\u2019emploi pour la saison VRS 2025-26 est un cours concis bas\u00e9 sur les cas, qui distille les recommandations d\u2019immunisation universelle du CCNI, la protection contre le VRS durant toute la saison et les conversations d\u2019offres [&hellip;]<\/p>\n","protected":false},"featured_media":0,"comment_status":"closed","ping_status":"closed","template":"","meta":{"_acf_changed":false,"inline_featured_image":false},"product_brand":[],"product_cat":[],"product_tag":[],"class_list":{"0":"post-18372","1":"product","2":"type-product","3":"status-publish","6":"first","7":"instock","8":"downloadable","9":"virtual","10":"taxable","11":"purchasable","12":"product-type-simple"},"acf":[],"yoast_head":"<!-- This site is optimized with the Yoast SEO plugin v27.2 - https:\/\/yoast.com\/product\/yoast-seo-wordpress\/ -->\n<title>Ne laissez aucun nourrisson sans protection : Strat\u00e9gies pr\u00eates \u00e0 l\u2019emploi pour la saison VRS 2025-26 - RxBriefCase<\/title>\n<meta name=\"robots\" content=\"noindex, follow\" \/>\n<meta property=\"og:locale\" content=\"fr_CA\" \/>\n<meta property=\"og:type\" content=\"article\" \/>\n<meta property=\"og:title\" content=\"Ne laissez aucun nourrisson sans protection : Strat\u00e9gies pr\u00eates \u00e0 l\u2019emploi pour la saison VRS 2025-26 - RxBriefCase\" \/>\n<meta property=\"og:description\" content=\"Le VRS frappe t\u00f4t, mais vous pouvez frapper en premier. Ne laissez aucun nourrisson sans protection : Strat\u00e9gies pr\u00eates \u00e0 l\u2019emploi pour la saison VRS 2025-26 est un cours concis bas\u00e9 sur les cas, qui distille les recommandations d\u2019immunisation universelle du CCNI, la protection contre le VRS durant toute la saison et les conversations d\u2019offres [&hellip;]\" \/>\n<meta property=\"og:url\" content=\"https:\/\/www.rxbriefcase.com\/fr\/product\/ne-laissez-aucun-nourrisson-sans-protection-strategies-pretes-a-lemploi-pour-la-saison-vrs-2025-26\/?courseid=\" \/>\n<meta property=\"og:site_name\" content=\"RxBriefCase\" \/>\n<meta property=\"article:modified_time\" content=\"2026-04-13T17:47:25+00:00\" \/>\n<meta name=\"twitter:card\" content=\"summary_large_image\" \/>\n<meta name=\"twitter:label1\" content=\"Est. reading time\" \/>\n\t<meta name=\"twitter:data1\" content=\"1 minute\" \/>\n<script type=\"application\/ld+json\" class=\"yoast-schema-graph\">{\"@context\":\"https:\/\/schema.org\",\"@graph\":[{\"@type\":\"WebPage\",\"@id\":\"https:\/\/www.rxbriefcase.com\/product\/ne-laissez-aucun-nourrisson-sans-protection-strategies-pretes-a-lemploi-pour-la-saison-vrs-2025-26\/?courseid=\",\"url\":\"https:\/\/www.rxbriefcase.com\/product\/ne-laissez-aucun-nourrisson-sans-protection-strategies-pretes-a-lemploi-pour-la-saison-vrs-2025-26\/?courseid=\",\"name\":\"Ne laissez aucun nourrisson sans protection : Strat\u00e9gies pr\u00eates \u00e0 l\u2019emploi pour la saison VRS 2025-26 - RxBriefCase\",\"isPartOf\":{\"@id\":\"https:\/\/www.rxbriefcase.com\/#website\"},\"datePublished\":\"2025-09-25T13:37:19+00:00\",\"dateModified\":\"2026-04-13T17:47:25+00:00\",\"breadcrumb\":{\"@id\":\"https:\/\/www.rxbriefcase.com\/product\/ne-laissez-aucun-nourrisson-sans-protection-strategies-pretes-a-lemploi-pour-la-saison-vrs-2025-26\/?courseid=#breadcrumb\"},\"inLanguage\":\"fr-CA\",\"potentialAction\":[{\"@type\":\"ReadAction\",\"target\":[\"https:\/\/www.rxbriefcase.com\/product\/ne-laissez-aucun-nourrisson-sans-protection-strategies-pretes-a-lemploi-pour-la-saison-vrs-2025-26\/?courseid=\"]}]},{\"@type\":\"BreadcrumbList\",\"@id\":\"https:\/\/www.rxbriefcase.com\/product\/ne-laissez-aucun-nourrisson-sans-protection-strategies-pretes-a-lemploi-pour-la-saison-vrs-2025-26\/?courseid=#breadcrumb\",\"itemListElement\":[{\"@type\":\"ListItem\",\"position\":1,\"name\":\"Home\",\"item\":\"https:\/\/www.rxbriefcase.com\/\"},{\"@type\":\"ListItem\",\"position\":2,\"name\":\"Shop\",\"item\":\"https:\/\/www.rxbriefcase.com\/shop\/\"},{\"@type\":\"ListItem\",\"position\":3,\"name\":\"Ne laissez aucun nourrisson sans protection : Strat\u00e9gies pr\u00eates \u00e0 l\u2019emploi pour la saison VRS 2025-26\"}]},{\"@type\":\"WebSite\",\"@id\":\"https:\/\/www.rxbriefcase.com\/#website\",\"url\":\"https:\/\/www.rxbriefcase.com\/\",\"name\":\"RxBriefCase\",\"description\":\"\",\"publisher\":{\"@id\":\"https:\/\/www.rxbriefcase.com\/#organization\"},\"potentialAction\":[{\"@type\":\"SearchAction\",\"target\":{\"@type\":\"EntryPoint\",\"urlTemplate\":\"https:\/\/www.rxbriefcase.com\/?s={search_term_string}\"},\"query-input\":{\"@type\":\"PropertyValueSpecification\",\"valueRequired\":true,\"valueName\":\"search_term_string\"}}],\"inLanguage\":\"fr-CA\"},{\"@type\":\"Organization\",\"@id\":\"https:\/\/www.rxbriefcase.com\/#organization\",\"name\":\"RxBriefCase\",\"url\":\"https:\/\/www.rxbriefcase.com\/\",\"logo\":{\"@type\":\"ImageObject\",\"inLanguage\":\"fr-CA\",\"@id\":\"https:\/\/www.rxbriefcase.com\/#\/schema\/logo\/image\/\",\"url\":\"https:\/\/www.rxbriefcase.com\/wp-content\/uploads\/2024\/07\/logo.webp\",\"contentUrl\":\"https:\/\/www.rxbriefcase.com\/wp-content\/uploads\/2024\/07\/logo.webp\",\"width\":190,\"height\":36,\"caption\":\"RxBriefCase\"},\"image\":{\"@id\":\"https:\/\/www.rxbriefcase.com\/#\/schema\/logo\/image\/\"}}]}<\/script>\n<!-- \/ Yoast SEO plugin. -->","yoast_head_json":{"title":"Ne laissez aucun nourrisson sans protection : Strat\u00e9gies pr\u00eates \u00e0 l\u2019emploi pour la saison VRS 2025-26 - RxBriefCase","robots":{"index":"noindex","follow":"follow"},"og_locale":"fr_CA","og_type":"article","og_title":"Ne laissez aucun nourrisson sans protection : Strat\u00e9gies pr\u00eates \u00e0 l\u2019emploi pour la saison VRS 2025-26 - RxBriefCase","og_description":"Le VRS frappe t\u00f4t, mais vous pouvez frapper en premier. Ne laissez aucun nourrisson sans protection : Strat\u00e9gies pr\u00eates \u00e0 l\u2019emploi pour la saison VRS 2025-26 est un cours concis bas\u00e9 sur les cas, qui distille les recommandations d\u2019immunisation universelle du CCNI, la protection contre le VRS durant toute la saison et les conversations d\u2019offres [&hellip;]","og_url":"https:\/\/www.rxbriefcase.com\/fr\/product\/ne-laissez-aucun-nourrisson-sans-protection-strategies-pretes-a-lemploi-pour-la-saison-vrs-2025-26\/?courseid=","og_site_name":"RxBriefCase","article_modified_time":"2026-04-13T17:47:25+00:00","twitter_card":"summary_large_image","twitter_misc":{"Est. reading time":"1 minute"},"schema":{"@context":"https:\/\/schema.org","@graph":[{"@type":"WebPage","@id":"https:\/\/www.rxbriefcase.com\/product\/ne-laissez-aucun-nourrisson-sans-protection-strategies-pretes-a-lemploi-pour-la-saison-vrs-2025-26\/?courseid=","url":"https:\/\/www.rxbriefcase.com\/product\/ne-laissez-aucun-nourrisson-sans-protection-strategies-pretes-a-lemploi-pour-la-saison-vrs-2025-26\/?courseid=","name":"Ne laissez aucun nourrisson sans protection : Strat\u00e9gies pr\u00eates \u00e0 l\u2019emploi pour la saison VRS 2025-26 - RxBriefCase","isPartOf":{"@id":"https:\/\/www.rxbriefcase.com\/#website"},"datePublished":"2025-09-25T13:37:19+00:00","dateModified":"2026-04-13T17:47:25+00:00","breadcrumb":{"@id":"https:\/\/www.rxbriefcase.com\/product\/ne-laissez-aucun-nourrisson-sans-protection-strategies-pretes-a-lemploi-pour-la-saison-vrs-2025-26\/?courseid=#breadcrumb"},"inLanguage":"fr-CA","potentialAction":[{"@type":"ReadAction","target":["https:\/\/www.rxbriefcase.com\/product\/ne-laissez-aucun-nourrisson-sans-protection-strategies-pretes-a-lemploi-pour-la-saison-vrs-2025-26\/?courseid="]}]},{"@type":"BreadcrumbList","@id":"https:\/\/www.rxbriefcase.com\/product\/ne-laissez-aucun-nourrisson-sans-protection-strategies-pretes-a-lemploi-pour-la-saison-vrs-2025-26\/?courseid=#breadcrumb","itemListElement":[{"@type":"ListItem","position":1,"name":"Home","item":"https:\/\/www.rxbriefcase.com\/"},{"@type":"ListItem","position":2,"name":"Shop","item":"https:\/\/www.rxbriefcase.com\/shop\/"},{"@type":"ListItem","position":3,"name":"Ne laissez aucun nourrisson sans protection : Strat\u00e9gies pr\u00eates \u00e0 l\u2019emploi pour la saison VRS 2025-26"}]},{"@type":"WebSite","@id":"https:\/\/www.rxbriefcase.com\/#website","url":"https:\/\/www.rxbriefcase.com\/","name":"Mallette Rx","description":"","publisher":{"@id":"https:\/\/www.rxbriefcase.com\/#organization"},"potentialAction":[{"@type":"SearchAction","target":{"@type":"EntryPoint","urlTemplate":"https:\/\/www.rxbriefcase.com\/?s={search_term_string}"},"query-input":{"@type":"PropertyValueSpecification","valueRequired":true,"valueName":"search_term_string"}}],"inLanguage":"fr-CA"},{"@type":"Organization","@id":"https:\/\/www.rxbriefcase.com\/#organization","name":"Mallette Rx","url":"https:\/\/www.rxbriefcase.com\/","logo":{"@type":"ImageObject","inLanguage":"fr-CA","@id":"https:\/\/www.rxbriefcase.com\/#\/schema\/logo\/image\/","url":"https:\/\/www.rxbriefcase.com\/wp-content\/uploads\/2024\/07\/logo.webp","contentUrl":"https:\/\/www.rxbriefcase.com\/wp-content\/uploads\/2024\/07\/logo.webp","width":190,"height":36,"caption":"RxBriefCase"},"image":{"@id":"https:\/\/www.rxbriefcase.com\/#\/schema\/logo\/image\/"}}]}},"_links":{"self":[{"href":"https:\/\/www.rxbriefcase.com\/fr\/wp-json\/wp\/v2\/product\/18372","targetHints":{"allow":["GET"]}}],"collection":[{"href":"https:\/\/www.rxbriefcase.com\/fr\/wp-json\/wp\/v2\/product"}],"about":[{"href":"https:\/\/www.rxbriefcase.com\/fr\/wp-json\/wp\/v2\/types\/product"}],"replies":[{"embeddable":true,"href":"https:\/\/www.rxbriefcase.com\/fr\/wp-json\/wp\/v2\/comments?post=18372"}],"wp:attachment":[{"href":"https:\/\/www.rxbriefcase.com\/fr\/wp-json\/wp\/v2\/media?parent=18372"}],"wp:term":[{"taxonomy":"product_brand","embeddable":true,"href":"https:\/\/www.rxbriefcase.com\/fr\/wp-json\/wp\/v2\/product_brand?post=18372"},{"taxonomy":"product_cat","embeddable":true,"href":"https:\/\/www.rxbriefcase.com\/fr\/wp-json\/wp\/v2\/product_cat?post=18372"},{"taxonomy":"product_tag","embeddable":true,"href":"https:\/\/www.rxbriefcase.com\/fr\/wp-json\/wp\/v2\/product_tag?post=18372"}],"curies":[{"name":"wp","href":"https:\/\/api.w.org\/{rel}","templated":true}]}}