{"id":17421,"date":"2025-09-19T16:11:36","date_gmt":"2025-09-19T21:11:36","guid":{"rendered":"https:\/\/www.rxbriefcase.com\/product\/prism-pratique-de-reflexion-sur-les-interventions-en-sgum\/?courseid="},"modified":"2026-04-13T12:47:24","modified_gmt":"2026-04-13T17:47:24","slug":"prism-pratique-de-reflexion-sur-les-interventions-en-sgum","status":"publish","type":"product","link":"https:\/\/www.rxbriefcase.com\/fr\/product\/prism-pratique-de-reflexion-sur-les-interventions-en-sgum\/?courseid=","title":{"rendered":"PRISM \u2013 Pratique de R\u00e9flexion sur les Interventions en SGUM"},"content":{"rendered":"<p dir=\"ltr\" style=\"text-align: left\"><span lang=\"FR-CA\" xml:lang=\"FR-CA\" data-contrast=\"auto\">Ce programme d\u2019\u00e9valuation de la pratique est con\u00e7u pour aider les gyn\u00e9cologues et omnipraticiens canadiens \u00e0 rehausser les soins des patientes dans les cas de syndrome g\u00e9nito-urinaire de la m\u00e9nopause (SG<\/span><span lang=\"FR-CA\" xml:lang=\"FR-CA\" data-contrast=\"auto\">U<\/span><span lang=\"FR-CA\" xml:lang=\"FR-CA\" data-contrast=\"auto\">M)\/<\/span><span lang=\"FR-CA\" xml:lang=\"FR-CA\" data-contrast=\"auto\">vulvo-vaginite atrophique (VVA) (aussi appel\u00e9e atrophie vulvovaginale<\/span><span lang=\"FR-CA\" xml:lang=\"FR-CA\" data-contrast=\"auto\">). Au moyen de sondages de r\u00e9flexion et de perspectives centr\u00e9es sur les patientes, les participants sont amen\u00e9s \u00e0 \u00e9valuer et \u00e0 affiner leurs approches de prise en charge, avec pour objectif de mieux arrimer les traitements choisis avec les besoins des patientes et d\u2019am\u00e9liorer les r\u00e9sultats cliniques.<\/span><span data-ccp-props=\"{&quot;335559738&quot;:240,&quot;335559739&quot;:240}\">\u00a0<\/span><\/p>\n<p dir=\"ltr\">\n<div>\n<p role=\"heading\"><strong><span lang=\"FR-CA\" xml:lang=\"FR-CA\" data-contrast=\"none\"><span data-ccp-parastyle=\"heading 3\">Compo<\/span><span data-ccp-parastyle=\"heading 3\">santes du programme<\/span><\/span><span data-ccp-props=\"{&quot;134245418&quot;:true,&quot;134245529&quot;:true,&quot;335559738&quot;:281,&quot;335559739&quot;:281}\">\u00a0<\/span><\/strong><\/p>\n<\/div>\n<div>\n<ul>\n<li><span lang=\"FR-CA\" style=\"font-size: 0.9375rem;font-family: Verdana, Arial, Helvetica, sans-serif\" xml:lang=\"FR-CA\" data-contrast=\"auto\"><strong>Composante \u00e9ducative<\/strong> :<\/span><span lang=\"FR-CA\" style=\"font-size: 0.9375rem;font-family: Verdana, Arial, Helvetica, sans-serif\" xml:lang=\"FR-CA\" data-contrast=\"auto\"> Le prestataire de soins re\u00e7oit des informations fondamentales, probantes et pratiques sur le SG<\/span><span lang=\"FR-CA\" style=\"font-size: 0.9375rem;font-family: Verdana, Arial, Helvetica, sans-serif\" xml:lang=\"FR-CA\" data-contrast=\"auto\">U<\/span><span lang=\"FR-CA\" style=\"font-size: 0.9375rem;font-family: Verdana, Arial, Helvetica, sans-serif\" xml:lang=\"FR-CA\" data-contrast=\"auto\">M et la VVA<\/span><span style=\"font-size: 0.9375rem;font-family: Verdana, Arial, Helvetica, sans-serif\" data-ccp-props=\"{&quot;335559738&quot;:240,&quot;335559739&quot;:240}\">\u00a0<\/span><\/li>\n<li><span lang=\"FR-CA\" style=\"font-size: 0.9375rem;font-family: Verdana, Arial, Helvetica, sans-serif\" xml:lang=\"FR-CA\" data-contrast=\"auto\"><strong>Sondage de r\u00e9flexion initial <\/strong>:<\/span><span lang=\"FR-CA\" style=\"font-size: 0.9375rem;font-family: Verdana, Arial, Helvetica, sans-serif\" xml:lang=\"FR-CA\" data-contrast=\"auto\"> Le prestataire de soins d\u00e9crit ses strat\u00e9gies actuelles de prise en charge du SG<\/span><span lang=\"FR-CA\" style=\"font-size: 0.9375rem;font-family: Verdana, Arial, Helvetica, sans-serif\" xml:lang=\"FR-CA\" data-contrast=\"auto\">U<\/span><span lang=\"FR-CA\" style=\"font-size: 0.9375rem;font-family: Verdana, Arial, Helvetica, sans-serif\" xml:lang=\"FR-CA\" data-contrast=\"auto\">M et de la VVA.<\/span><span style=\"font-size: 0.9375rem;font-family: Verdana, Arial, Helvetica, sans-serif\" data-ccp-props=\"{&quot;335559738&quot;:240,&quot;335559739&quot;:240}\">\u00a0<\/span><\/li>\n<li><span lang=\"FR-CA\" style=\"font-size: 0.9375rem;font-family: Verdana, Arial, Helvetica, sans-serif\" xml:lang=\"FR-CA\" data-contrast=\"auto\"><strong>\u00c9valuations des patientes<\/strong>\u202f:<\/span><span lang=\"FR-CA\" style=\"font-size: 0.9375rem;font-family: Verdana, Arial, Helvetica, sans-serif\" xml:lang=\"FR-CA\" data-contrast=\"auto\"> Les perspectives des patientes sont recueillies au moyen d\u2019un outil d\u2019\u00e9valuation normalis\u00e9.<\/span><span style=\"font-size: 0.9375rem;font-family: Verdana, Arial, Helvetica, sans-serif\" data-ccp-props=\"{&quot;335559738&quot;:240,&quot;335559739&quot;:240}\">\u00a0<br \/><\/span><\/li>\n<li><span lang=\"FR-CA\" style=\"font-size: 0.9375rem;font-family: Verdana, Arial, Helvetica, sans-serif\" xml:lang=\"FR-CA\" data-contrast=\"auto\"><strong>Sondage de suivi<\/strong> <\/span><span lang=\"FR-CA\" style=\"font-size: 0.9375rem;font-family: Verdana, Arial, Helvetica, sans-serif\" xml:lang=\"FR-CA\" data-contrast=\"auto\">: Le prestataire de soins d\u00e9crit le changement de ses approches de prise en charge en fonction des sympt\u00f4mes, exp\u00e9riences et priorit\u00e9s exprim\u00e9s par les patientes.<\/span><span style=\"font-size: 0.9375rem;font-family: Verdana, Arial, Helvetica, sans-serif\" data-ccp-props=\"{&quot;335559738&quot;:240,&quot;335559739&quot;:240}\">\u00a0<\/span><\/li>\n<\/ul>\n<\/div>\n<div>\u00a0<\/div>\n<div>\u00a0<\/div>\n<div>\u00a0<\/div>\n<\/p>\n<hr>\n<p>Ce programme a re\u00e7u le soutien financier de Lupin Pharma Canada sous la forme d\u2019une subvention \u00e9ducative sans restriction.<\/p>","protected":false},"excerpt":{"rendered":"<p>Ce programme d\u2019\u00e9valuation de la pratique est con\u00e7u pour aider les gyn\u00e9cologues et omnipraticiens canadiens \u00e0 rehausser les soins des patientes dans les cas de syndrome g\u00e9nito-urinaire de la m\u00e9nopause (SGUM)\/vulvo-vaginite atrophique (VVA) (aussi appel\u00e9e atrophie vulvovaginale). Au moyen de sondages de r\u00e9flexion et de perspectives centr\u00e9es sur les patientes, les participants sont amen\u00e9s \u00e0 [&hellip;]<\/p>\n","protected":false},"featured_media":0,"comment_status":"closed","ping_status":"closed","template":"","meta":{"_acf_changed":false,"inline_featured_image":false},"product_brand":[],"product_cat":[],"product_tag":[],"class_list":{"0":"post-17421","1":"product","2":"type-product","3":"status-publish","6":"first","7":"instock","8":"downloadable","9":"virtual","10":"taxable","11":"purchasable","12":"product-type-simple"},"acf":[],"yoast_head":"<!-- This site is optimized with the Yoast SEO plugin v27.2 - https:\/\/yoast.com\/product\/yoast-seo-wordpress\/ -->\n<title>PRISM \u2013 Pratique de R\u00e9flexion sur les Interventions en SGUM - RxBriefCase<\/title>\n<meta name=\"robots\" content=\"noindex, follow\" \/>\n<meta property=\"og:locale\" content=\"fr_CA\" \/>\n<meta property=\"og:type\" content=\"article\" \/>\n<meta property=\"og:title\" content=\"PRISM \u2013 Pratique de R\u00e9flexion sur les Interventions en SGUM - RxBriefCase\" \/>\n<meta property=\"og:description\" content=\"Ce programme d\u2019\u00e9valuation de la pratique est con\u00e7u pour aider les gyn\u00e9cologues et omnipraticiens canadiens \u00e0 rehausser les soins des patientes dans les cas de syndrome g\u00e9nito-urinaire de la m\u00e9nopause (SGUM)\/vulvo-vaginite atrophique (VVA) (aussi appel\u00e9e atrophie vulvovaginale). Au moyen de sondages de r\u00e9flexion et de perspectives centr\u00e9es sur les patientes, les participants sont amen\u00e9s \u00e0 [&hellip;]\" \/>\n<meta property=\"og:url\" content=\"https:\/\/www.rxbriefcase.com\/fr\/product\/prism-pratique-de-reflexion-sur-les-interventions-en-sgum\/?courseid=\" \/>\n<meta property=\"og:site_name\" content=\"RxBriefCase\" \/>\n<meta property=\"article:modified_time\" content=\"2026-04-13T17:47:24+00:00\" \/>\n<meta name=\"twitter:card\" content=\"summary_large_image\" \/>\n<meta name=\"twitter:label1\" content=\"Est. reading time\" \/>\n\t<meta name=\"twitter:data1\" content=\"1 minute\" \/>\n<script type=\"application\/ld+json\" class=\"yoast-schema-graph\">{\"@context\":\"https:\/\/schema.org\",\"@graph\":[{\"@type\":\"WebPage\",\"@id\":\"https:\/\/www.rxbriefcase.com\/product\/prism-pratique-de-reflexion-sur-les-interventions-en-sgum\/?courseid=\",\"url\":\"https:\/\/www.rxbriefcase.com\/product\/prism-pratique-de-reflexion-sur-les-interventions-en-sgum\/?courseid=\",\"name\":\"PRISM \u2013 Pratique de R\u00e9flexion sur les Interventions en SGUM - RxBriefCase\",\"isPartOf\":{\"@id\":\"https:\/\/www.rxbriefcase.com\/#website\"},\"datePublished\":\"2025-09-19T21:11:36+00:00\",\"dateModified\":\"2026-04-13T17:47:24+00:00\",\"breadcrumb\":{\"@id\":\"https:\/\/www.rxbriefcase.com\/product\/prism-pratique-de-reflexion-sur-les-interventions-en-sgum\/?courseid=#breadcrumb\"},\"inLanguage\":\"fr-CA\",\"potentialAction\":[{\"@type\":\"ReadAction\",\"target\":[\"https:\/\/www.rxbriefcase.com\/product\/prism-pratique-de-reflexion-sur-les-interventions-en-sgum\/?courseid=\"]}]},{\"@type\":\"BreadcrumbList\",\"@id\":\"https:\/\/www.rxbriefcase.com\/product\/prism-pratique-de-reflexion-sur-les-interventions-en-sgum\/?courseid=#breadcrumb\",\"itemListElement\":[{\"@type\":\"ListItem\",\"position\":1,\"name\":\"Home\",\"item\":\"https:\/\/www.rxbriefcase.com\/\"},{\"@type\":\"ListItem\",\"position\":2,\"name\":\"Shop\",\"item\":\"https:\/\/www.rxbriefcase.com\/shop\/\"},{\"@type\":\"ListItem\",\"position\":3,\"name\":\"PRISM \u2013 Pratique de R\u00e9flexion sur les Interventions en SGUM\"}]},{\"@type\":\"WebSite\",\"@id\":\"https:\/\/www.rxbriefcase.com\/#website\",\"url\":\"https:\/\/www.rxbriefcase.com\/\",\"name\":\"RxBriefCase\",\"description\":\"\",\"publisher\":{\"@id\":\"https:\/\/www.rxbriefcase.com\/#organization\"},\"potentialAction\":[{\"@type\":\"SearchAction\",\"target\":{\"@type\":\"EntryPoint\",\"urlTemplate\":\"https:\/\/www.rxbriefcase.com\/?s={search_term_string}\"},\"query-input\":{\"@type\":\"PropertyValueSpecification\",\"valueRequired\":true,\"valueName\":\"search_term_string\"}}],\"inLanguage\":\"fr-CA\"},{\"@type\":\"Organization\",\"@id\":\"https:\/\/www.rxbriefcase.com\/#organization\",\"name\":\"RxBriefCase\",\"url\":\"https:\/\/www.rxbriefcase.com\/\",\"logo\":{\"@type\":\"ImageObject\",\"inLanguage\":\"fr-CA\",\"@id\":\"https:\/\/www.rxbriefcase.com\/#\/schema\/logo\/image\/\",\"url\":\"https:\/\/www.rxbriefcase.com\/wp-content\/uploads\/2024\/07\/logo.webp\",\"contentUrl\":\"https:\/\/www.rxbriefcase.com\/wp-content\/uploads\/2024\/07\/logo.webp\",\"width\":190,\"height\":36,\"caption\":\"RxBriefCase\"},\"image\":{\"@id\":\"https:\/\/www.rxbriefcase.com\/#\/schema\/logo\/image\/\"}}]}<\/script>\n<!-- \/ Yoast SEO plugin. -->","yoast_head_json":{"title":"PRISM \u2013 Pratique de R\u00e9flexion sur les Interventions en SGUM - RxBriefCase","robots":{"index":"noindex","follow":"follow"},"og_locale":"fr_CA","og_type":"article","og_title":"PRISM \u2013 Pratique de R\u00e9flexion sur les Interventions en SGUM - RxBriefCase","og_description":"Ce programme d\u2019\u00e9valuation de la pratique est con\u00e7u pour aider les gyn\u00e9cologues et omnipraticiens canadiens \u00e0 rehausser les soins des patientes dans les cas de syndrome g\u00e9nito-urinaire de la m\u00e9nopause (SGUM)\/vulvo-vaginite atrophique (VVA) (aussi appel\u00e9e atrophie vulvovaginale). Au moyen de sondages de r\u00e9flexion et de perspectives centr\u00e9es sur les patientes, les participants sont amen\u00e9s \u00e0 [&hellip;]","og_url":"https:\/\/www.rxbriefcase.com\/fr\/product\/prism-pratique-de-reflexion-sur-les-interventions-en-sgum\/?courseid=","og_site_name":"RxBriefCase","article_modified_time":"2026-04-13T17:47:24+00:00","twitter_card":"summary_large_image","twitter_misc":{"Est. reading time":"1 minute"},"schema":{"@context":"https:\/\/schema.org","@graph":[{"@type":"WebPage","@id":"https:\/\/www.rxbriefcase.com\/product\/prism-pratique-de-reflexion-sur-les-interventions-en-sgum\/?courseid=","url":"https:\/\/www.rxbriefcase.com\/product\/prism-pratique-de-reflexion-sur-les-interventions-en-sgum\/?courseid=","name":"PRISM \u2013 Pratique de R\u00e9flexion sur les Interventions en SGUM - RxBriefCase","isPartOf":{"@id":"https:\/\/www.rxbriefcase.com\/#website"},"datePublished":"2025-09-19T21:11:36+00:00","dateModified":"2026-04-13T17:47:24+00:00","breadcrumb":{"@id":"https:\/\/www.rxbriefcase.com\/product\/prism-pratique-de-reflexion-sur-les-interventions-en-sgum\/?courseid=#breadcrumb"},"inLanguage":"fr-CA","potentialAction":[{"@type":"ReadAction","target":["https:\/\/www.rxbriefcase.com\/product\/prism-pratique-de-reflexion-sur-les-interventions-en-sgum\/?courseid="]}]},{"@type":"BreadcrumbList","@id":"https:\/\/www.rxbriefcase.com\/product\/prism-pratique-de-reflexion-sur-les-interventions-en-sgum\/?courseid=#breadcrumb","itemListElement":[{"@type":"ListItem","position":1,"name":"Home","item":"https:\/\/www.rxbriefcase.com\/"},{"@type":"ListItem","position":2,"name":"Shop","item":"https:\/\/www.rxbriefcase.com\/shop\/"},{"@type":"ListItem","position":3,"name":"PRISM \u2013 Pratique de R\u00e9flexion sur les Interventions en SGUM"}]},{"@type":"WebSite","@id":"https:\/\/www.rxbriefcase.com\/#website","url":"https:\/\/www.rxbriefcase.com\/","name":"Mallette Rx","description":"","publisher":{"@id":"https:\/\/www.rxbriefcase.com\/#organization"},"potentialAction":[{"@type":"SearchAction","target":{"@type":"EntryPoint","urlTemplate":"https:\/\/www.rxbriefcase.com\/?s={search_term_string}"},"query-input":{"@type":"PropertyValueSpecification","valueRequired":true,"valueName":"search_term_string"}}],"inLanguage":"fr-CA"},{"@type":"Organization","@id":"https:\/\/www.rxbriefcase.com\/#organization","name":"Mallette Rx","url":"https:\/\/www.rxbriefcase.com\/","logo":{"@type":"ImageObject","inLanguage":"fr-CA","@id":"https:\/\/www.rxbriefcase.com\/#\/schema\/logo\/image\/","url":"https:\/\/www.rxbriefcase.com\/wp-content\/uploads\/2024\/07\/logo.webp","contentUrl":"https:\/\/www.rxbriefcase.com\/wp-content\/uploads\/2024\/07\/logo.webp","width":190,"height":36,"caption":"RxBriefCase"},"image":{"@id":"https:\/\/www.rxbriefcase.com\/#\/schema\/logo\/image\/"}}]}},"_links":{"self":[{"href":"https:\/\/www.rxbriefcase.com\/fr\/wp-json\/wp\/v2\/product\/17421","targetHints":{"allow":["GET"]}}],"collection":[{"href":"https:\/\/www.rxbriefcase.com\/fr\/wp-json\/wp\/v2\/product"}],"about":[{"href":"https:\/\/www.rxbriefcase.com\/fr\/wp-json\/wp\/v2\/types\/product"}],"replies":[{"embeddable":true,"href":"https:\/\/www.rxbriefcase.com\/fr\/wp-json\/wp\/v2\/comments?post=17421"}],"wp:attachment":[{"href":"https:\/\/www.rxbriefcase.com\/fr\/wp-json\/wp\/v2\/media?parent=17421"}],"wp:term":[{"taxonomy":"product_brand","embeddable":true,"href":"https:\/\/www.rxbriefcase.com\/fr\/wp-json\/wp\/v2\/product_brand?post=17421"},{"taxonomy":"product_cat","embeddable":true,"href":"https:\/\/www.rxbriefcase.com\/fr\/wp-json\/wp\/v2\/product_cat?post=17421"},{"taxonomy":"product_tag","embeddable":true,"href":"https:\/\/www.rxbriefcase.com\/fr\/wp-json\/wp\/v2\/product_tag?post=17421"}],"curies":[{"name":"wp","href":"https:\/\/api.w.org\/{rel}","templated":true}]}}