{"id":1645,"date":"2024-12-10T12:06:35","date_gmt":"2024-12-10T12:06:35","guid":{"rendered":"https:\/\/www.rxbriefcase.com\/product\/pharmaciens-lessentiel-sur-le-chikungunya-guide-de-prevention-et-de-prise-en-charge\/?courseid="},"modified":"2026-04-13T12:47:05","modified_gmt":"2026-04-13T17:47:05","slug":"pharmaciens-lessentiel-sur-le-chikungunya-guide-de-prevention-et-de-prise-en-charge","status":"publish","type":"product","link":"https:\/\/www.rxbriefcase.com\/fr\/product\/pharmaciens-lessentiel-sur-le-chikungunya-guide-de-prevention-et-de-prise-en-charge\/?courseid=","title":{"rendered":"(Pharmaciens) L\u2019essentiel sur le chikungunya : Guide de pr\u00e9vention et de prise en charge"},"content":{"rendered":"<p>L\u2019alphavirus du chikungunya (VCHIK) transmis par les moustiques est l\u2019agent responsable de la maladie du chikungunya (CHIK), une condition dont le taux de mortalit\u00e9 est faible mais dont le taux de morbidit\u00e9 aigu\u00eb et chronique est \u00e9lev\u00e9. Le fardeau de cette maladie est g\u00e9n\u00e9ralement \u00e9lev\u00e9. Les taux d\u2019infection par le VCHIK ont augment\u00e9 au cours des derni\u00e8res ann\u00e9es, et on s\u2019attend \u00e0 ce que cette tendance \u00e0 la hausse se poursuive, alors que les habitats des vecteurs du virus continuent de s\u2019\u00e9tendre. Ce programme offre aux participants des connaissances de base sur le VCHIK, incluant son \u00e9pid\u00e9miologie, ses manifestations cliniques, son diagnostic, sa prise en charge actuelle et les strat\u00e9gies de pr\u00e9vention, incluant des vaccins en d\u00e9veloppement. L\u2019objectif de cette formation est de permettre aux apprenants de rehausser leurs connaissances au sujet de cette maladie, de d\u00e9velopper leur habilit\u00e9 \u00e0 poser un diagnostic, \u00e0 mettre en \u0153uvre des strat\u00e9gies de prise en charge et \u00e0 contribuer aux efforts de sant\u00e9 publique visant \u00e0 prot\u00e9ger la population contre ce virus.\n<\/p>\n<hr>\n<p>Ce programme a b\u00e9n\u00e9fici\u00e9 d\u2019une bourse \u00e0 vis\u00e9e \u00e9ducative ou d\u2019un soutien en nature de la part de Valneva.<\/p>","protected":false},"excerpt":{"rendered":"<p>L\u2019alphavirus du chikungunya (VCHIK) transmis par les moustiques est l\u2019agent responsable de la maladie du chikungunya (CHIK), une condition dont le taux de mortalit\u00e9 est faible mais dont le taux de morbidit\u00e9 aigu\u00eb et chronique est \u00e9lev\u00e9. Le fardeau de cette maladie est g\u00e9n\u00e9ralement \u00e9lev\u00e9. Les taux d\u2019infection par le VCHIK ont augment\u00e9 au cours [&hellip;]<\/p>\n","protected":false},"featured_media":0,"comment_status":"open","ping_status":"closed","template":"","meta":{"_acf_changed":false,"inline_featured_image":false},"product_brand":[],"product_cat":[],"product_tag":[],"class_list":{"0":"post-1645","1":"product","2":"type-product","3":"status-publish","6":"first","7":"instock","8":"downloadable","9":"virtual","10":"taxable","11":"purchasable","12":"product-type-simple"},"acf":[],"yoast_head":"<!-- This site is optimized with the Yoast SEO plugin v27.2 - https:\/\/yoast.com\/product\/yoast-seo-wordpress\/ -->\n<title>(Pharmaciens) L\u2019essentiel sur le chikungunya : Guide de pr\u00e9vention et de prise en charge - RxBriefCase<\/title>\n<meta name=\"robots\" content=\"noindex, follow\" \/>\n<meta property=\"og:locale\" content=\"fr_CA\" \/>\n<meta property=\"og:type\" content=\"article\" \/>\n<meta property=\"og:title\" content=\"(Pharmaciens) L\u2019essentiel sur le chikungunya : Guide de pr\u00e9vention et de prise en charge - RxBriefCase\" \/>\n<meta property=\"og:description\" content=\"L\u2019alphavirus du chikungunya (VCHIK) transmis par les moustiques est l\u2019agent responsable de la maladie du chikungunya (CHIK), une condition dont le taux de mortalit\u00e9 est faible mais dont le taux de morbidit\u00e9 aigu\u00eb et chronique est \u00e9lev\u00e9. Le fardeau de cette maladie est g\u00e9n\u00e9ralement \u00e9lev\u00e9. Les taux d\u2019infection par le VCHIK ont augment\u00e9 au cours [&hellip;]\" \/>\n<meta property=\"og:url\" content=\"https:\/\/www.rxbriefcase.com\/fr\/product\/pharmaciens-lessentiel-sur-le-chikungunya-guide-de-prevention-et-de-prise-en-charge\/?courseid=\" \/>\n<meta property=\"og:site_name\" content=\"RxBriefCase\" \/>\n<meta property=\"article:modified_time\" content=\"2026-04-13T17:47:05+00:00\" \/>\n<meta name=\"twitter:card\" content=\"summary_large_image\" \/>\n<meta name=\"twitter:label1\" content=\"Est. reading time\" \/>\n\t<meta name=\"twitter:data1\" content=\"1 minute\" \/>\n<script type=\"application\/ld+json\" class=\"yoast-schema-graph\">{\"@context\":\"https:\/\/schema.org\",\"@graph\":[{\"@type\":\"WebPage\",\"@id\":\"https:\/\/www.rxbriefcase.com\/product\/pharmaciens-lessentiel-sur-le-chikungunya-guide-de-prevention-et-de-prise-en-charge\/?courseid=\",\"url\":\"https:\/\/www.rxbriefcase.com\/product\/pharmaciens-lessentiel-sur-le-chikungunya-guide-de-prevention-et-de-prise-en-charge\/?courseid=\",\"name\":\"(Pharmaciens) L\u2019essentiel sur le chikungunya : Guide de pr\u00e9vention et de prise en charge - RxBriefCase\",\"isPartOf\":{\"@id\":\"https:\/\/www.rxbriefcase.com\/#website\"},\"datePublished\":\"2024-12-10T12:06:35+00:00\",\"dateModified\":\"2026-04-13T17:47:05+00:00\",\"breadcrumb\":{\"@id\":\"https:\/\/www.rxbriefcase.com\/product\/pharmaciens-lessentiel-sur-le-chikungunya-guide-de-prevention-et-de-prise-en-charge\/?courseid=#breadcrumb\"},\"inLanguage\":\"fr-CA\",\"potentialAction\":[{\"@type\":\"ReadAction\",\"target\":[\"https:\/\/www.rxbriefcase.com\/product\/pharmaciens-lessentiel-sur-le-chikungunya-guide-de-prevention-et-de-prise-en-charge\/?courseid=\"]}]},{\"@type\":\"BreadcrumbList\",\"@id\":\"https:\/\/www.rxbriefcase.com\/product\/pharmaciens-lessentiel-sur-le-chikungunya-guide-de-prevention-et-de-prise-en-charge\/?courseid=#breadcrumb\",\"itemListElement\":[{\"@type\":\"ListItem\",\"position\":1,\"name\":\"Home\",\"item\":\"https:\/\/www.rxbriefcase.com\/\"},{\"@type\":\"ListItem\",\"position\":2,\"name\":\"Shop\",\"item\":\"https:\/\/www.rxbriefcase.com\/shop\/\"},{\"@type\":\"ListItem\",\"position\":3,\"name\":\"(Pharmaciens) L\u2019essentiel sur le chikungunya : Guide de pr\u00e9vention et de prise en charge\"}]},{\"@type\":\"WebSite\",\"@id\":\"https:\/\/www.rxbriefcase.com\/#website\",\"url\":\"https:\/\/www.rxbriefcase.com\/\",\"name\":\"RxBriefCase\",\"description\":\"\",\"publisher\":{\"@id\":\"https:\/\/www.rxbriefcase.com\/#organization\"},\"potentialAction\":[{\"@type\":\"SearchAction\",\"target\":{\"@type\":\"EntryPoint\",\"urlTemplate\":\"https:\/\/www.rxbriefcase.com\/?s={search_term_string}\"},\"query-input\":{\"@type\":\"PropertyValueSpecification\",\"valueRequired\":true,\"valueName\":\"search_term_string\"}}],\"inLanguage\":\"fr-CA\"},{\"@type\":\"Organization\",\"@id\":\"https:\/\/www.rxbriefcase.com\/#organization\",\"name\":\"RxBriefCase\",\"url\":\"https:\/\/www.rxbriefcase.com\/\",\"logo\":{\"@type\":\"ImageObject\",\"inLanguage\":\"fr-CA\",\"@id\":\"https:\/\/www.rxbriefcase.com\/#\/schema\/logo\/image\/\",\"url\":\"https:\/\/www.rxbriefcase.com\/wp-content\/uploads\/2024\/07\/logo.webp\",\"contentUrl\":\"https:\/\/www.rxbriefcase.com\/wp-content\/uploads\/2024\/07\/logo.webp\",\"width\":190,\"height\":36,\"caption\":\"RxBriefCase\"},\"image\":{\"@id\":\"https:\/\/www.rxbriefcase.com\/#\/schema\/logo\/image\/\"}}]}<\/script>\n<!-- \/ Yoast SEO plugin. -->","yoast_head_json":{"title":"(Pharmaciens) L\u2019essentiel sur le chikungunya : Guide de pr\u00e9vention et de prise en charge - RxBriefCase","robots":{"index":"noindex","follow":"follow"},"og_locale":"fr_CA","og_type":"article","og_title":"(Pharmaciens) L\u2019essentiel sur le chikungunya : Guide de pr\u00e9vention et de prise en charge - RxBriefCase","og_description":"L\u2019alphavirus du chikungunya (VCHIK) transmis par les moustiques est l\u2019agent responsable de la maladie du chikungunya (CHIK), une condition dont le taux de mortalit\u00e9 est faible mais dont le taux de morbidit\u00e9 aigu\u00eb et chronique est \u00e9lev\u00e9. Le fardeau de cette maladie est g\u00e9n\u00e9ralement \u00e9lev\u00e9. Les taux d\u2019infection par le VCHIK ont augment\u00e9 au cours [&hellip;]","og_url":"https:\/\/www.rxbriefcase.com\/fr\/product\/pharmaciens-lessentiel-sur-le-chikungunya-guide-de-prevention-et-de-prise-en-charge\/?courseid=","og_site_name":"RxBriefCase","article_modified_time":"2026-04-13T17:47:05+00:00","twitter_card":"summary_large_image","twitter_misc":{"Est. reading time":"1 minute"},"schema":{"@context":"https:\/\/schema.org","@graph":[{"@type":"WebPage","@id":"https:\/\/www.rxbriefcase.com\/product\/pharmaciens-lessentiel-sur-le-chikungunya-guide-de-prevention-et-de-prise-en-charge\/?courseid=","url":"https:\/\/www.rxbriefcase.com\/product\/pharmaciens-lessentiel-sur-le-chikungunya-guide-de-prevention-et-de-prise-en-charge\/?courseid=","name":"(Pharmaciens) L\u2019essentiel sur le chikungunya : Guide de pr\u00e9vention et de prise en charge - RxBriefCase","isPartOf":{"@id":"https:\/\/www.rxbriefcase.com\/#website"},"datePublished":"2024-12-10T12:06:35+00:00","dateModified":"2026-04-13T17:47:05+00:00","breadcrumb":{"@id":"https:\/\/www.rxbriefcase.com\/product\/pharmaciens-lessentiel-sur-le-chikungunya-guide-de-prevention-et-de-prise-en-charge\/?courseid=#breadcrumb"},"inLanguage":"fr-CA","potentialAction":[{"@type":"ReadAction","target":["https:\/\/www.rxbriefcase.com\/product\/pharmaciens-lessentiel-sur-le-chikungunya-guide-de-prevention-et-de-prise-en-charge\/?courseid="]}]},{"@type":"BreadcrumbList","@id":"https:\/\/www.rxbriefcase.com\/product\/pharmaciens-lessentiel-sur-le-chikungunya-guide-de-prevention-et-de-prise-en-charge\/?courseid=#breadcrumb","itemListElement":[{"@type":"ListItem","position":1,"name":"Home","item":"https:\/\/www.rxbriefcase.com\/"},{"@type":"ListItem","position":2,"name":"Shop","item":"https:\/\/www.rxbriefcase.com\/shop\/"},{"@type":"ListItem","position":3,"name":"(Pharmaciens) L\u2019essentiel sur le chikungunya : Guide de pr\u00e9vention et de prise en charge"}]},{"@type":"WebSite","@id":"https:\/\/www.rxbriefcase.com\/#website","url":"https:\/\/www.rxbriefcase.com\/","name":"Mallette Rx","description":"","publisher":{"@id":"https:\/\/www.rxbriefcase.com\/#organization"},"potentialAction":[{"@type":"SearchAction","target":{"@type":"EntryPoint","urlTemplate":"https:\/\/www.rxbriefcase.com\/?s={search_term_string}"},"query-input":{"@type":"PropertyValueSpecification","valueRequired":true,"valueName":"search_term_string"}}],"inLanguage":"fr-CA"},{"@type":"Organization","@id":"https:\/\/www.rxbriefcase.com\/#organization","name":"Mallette Rx","url":"https:\/\/www.rxbriefcase.com\/","logo":{"@type":"ImageObject","inLanguage":"fr-CA","@id":"https:\/\/www.rxbriefcase.com\/#\/schema\/logo\/image\/","url":"https:\/\/www.rxbriefcase.com\/wp-content\/uploads\/2024\/07\/logo.webp","contentUrl":"https:\/\/www.rxbriefcase.com\/wp-content\/uploads\/2024\/07\/logo.webp","width":190,"height":36,"caption":"RxBriefCase"},"image":{"@id":"https:\/\/www.rxbriefcase.com\/#\/schema\/logo\/image\/"}}]}},"_links":{"self":[{"href":"https:\/\/www.rxbriefcase.com\/fr\/wp-json\/wp\/v2\/product\/1645","targetHints":{"allow":["GET"]}}],"collection":[{"href":"https:\/\/www.rxbriefcase.com\/fr\/wp-json\/wp\/v2\/product"}],"about":[{"href":"https:\/\/www.rxbriefcase.com\/fr\/wp-json\/wp\/v2\/types\/product"}],"replies":[{"embeddable":true,"href":"https:\/\/www.rxbriefcase.com\/fr\/wp-json\/wp\/v2\/comments?post=1645"}],"wp:attachment":[{"href":"https:\/\/www.rxbriefcase.com\/fr\/wp-json\/wp\/v2\/media?parent=1645"}],"wp:term":[{"taxonomy":"product_brand","embeddable":true,"href":"https:\/\/www.rxbriefcase.com\/fr\/wp-json\/wp\/v2\/product_brand?post=1645"},{"taxonomy":"product_cat","embeddable":true,"href":"https:\/\/www.rxbriefcase.com\/fr\/wp-json\/wp\/v2\/product_cat?post=1645"},{"taxonomy":"product_tag","embeddable":true,"href":"https:\/\/www.rxbriefcase.com\/fr\/wp-json\/wp\/v2\/product_tag?post=1645"}],"curies":[{"name":"wp","href":"https:\/\/api.w.org\/{rel}","templated":true}]}}