{"id":1636,"date":"2024-12-10T12:05:04","date_gmt":"2024-12-10T12:05:04","guid":{"rendered":"https:\/\/www.rxbriefcase.com\/product\/optimiser-les-resultats-chez-les-patients-avec-syndrome-de-lintestin-irritable-en-pratique-de-pharmacie\/?courseid="},"modified":"2026-05-04T11:37:55","modified_gmt":"2026-05-04T16:37:55","slug":"optimiser-les-resultats-chez-les-patients-avec-syndrome-de-lintestin-irritable-en-pratique-de-pharmacie","status":"publish","type":"product","link":"https:\/\/www.rxbriefcase.com\/fr\/product\/optimiser-les-resultats-chez-les-patients-avec-syndrome-de-lintestin-irritable-en-pratique-de-pharmacie\/?courseid=","title":{"rendered":"Optimiser les r\u00e9sultats chez les patients avec syndrome de l\u2019intestin irritable en pratique de pharmacie"},"content":{"rendered":"<p dir=\"ltr\" style=\"text-align: left\">Le syndrome de l\u2019intestin irritable (SII) \u00e9galement appel\u00e9 syndrome du c\u00f4lon irritable (SCI) est un trouble gastro-intestinal commun caract\u00e9ris\u00e9 par des douleurs abdominales r\u00e9currentes, une alt\u00e9ration des habitudes intestinales (donnant lieu \u00e0 la constipation, la diarrh\u00e9e, ou les deux), et les ballonnements. L\u2019objectif de la prise en charge du SII est d\u2019am\u00e9liorer les sympt\u00f4mes du SII, pr\u00e9venir les complications associ\u00e9es aux tests et aux traitements qui s\u2019av\u00e8rent moins utiles, et am\u00e9liorer la qualit\u00e9 de vie du patient.&nbsp;<\/p>\n<p dir=\"ltr\" style=\"text-align: left\">Ce programme offre aux participants les informations essentielles sur les traitements recommand\u00e9s pour les patients aux prises avec le SII.<\/p>","protected":false},"excerpt":{"rendered":"<p>Le syndrome de l\u2019intestin irritable (SII) \u00e9galement appel\u00e9 syndrome du c\u00f4lon irritable (SCI) est un trouble gastro-intestinal commun caract\u00e9ris\u00e9 par des douleurs abdominales r\u00e9currentes, une alt\u00e9ration des habitudes intestinales (donnant lieu \u00e0 la constipation, la diarrh\u00e9e, ou les deux), et les ballonnements. L\u2019objectif de la prise en charge du SII est d\u2019am\u00e9liorer les sympt\u00f4mes du [&hellip;]<\/p>\n","protected":false},"featured_media":0,"comment_status":"open","ping_status":"closed","template":"","meta":{"_acf_changed":false,"inline_featured_image":false},"product_brand":[],"product_cat":[],"product_tag":[],"class_list":{"0":"post-1636","1":"product","2":"type-product","3":"status-publish","6":"first","7":"instock","8":"downloadable","9":"virtual","10":"taxable","11":"purchasable","12":"product-type-simple"},"acf":[],"yoast_head":"<!-- This site is optimized with the Yoast SEO plugin v27.2 - https:\/\/yoast.com\/product\/yoast-seo-wordpress\/ -->\n<title>Optimiser les r\u00e9sultats chez les patients avec syndrome de l\u2019intestin irritable en pratique de pharmacie - RxBriefCase<\/title>\n<meta name=\"robots\" content=\"noindex, follow\" \/>\n<meta property=\"og:locale\" content=\"fr_CA\" \/>\n<meta property=\"og:type\" content=\"article\" \/>\n<meta property=\"og:title\" content=\"Optimiser les r\u00e9sultats chez les patients avec syndrome de l\u2019intestin irritable en pratique de pharmacie - RxBriefCase\" \/>\n<meta property=\"og:description\" content=\"Le syndrome de l\u2019intestin irritable (SII) \u00e9galement appel\u00e9 syndrome du c\u00f4lon irritable (SCI) est un trouble gastro-intestinal commun caract\u00e9ris\u00e9 par des douleurs abdominales r\u00e9currentes, une alt\u00e9ration des habitudes intestinales (donnant lieu \u00e0 la constipation, la diarrh\u00e9e, ou les deux), et les ballonnements. L\u2019objectif de la prise en charge du SII est d\u2019am\u00e9liorer les sympt\u00f4mes du [&hellip;]\" \/>\n<meta property=\"og:url\" content=\"https:\/\/www.rxbriefcase.com\/fr\/product\/optimiser-les-resultats-chez-les-patients-avec-syndrome-de-lintestin-irritable-en-pratique-de-pharmacie\/?courseid=\" \/>\n<meta property=\"og:site_name\" content=\"RxBriefCase\" \/>\n<meta property=\"article:modified_time\" content=\"2026-05-04T16:37:55+00:00\" \/>\n<meta name=\"twitter:card\" content=\"summary_large_image\" \/>\n<meta name=\"twitter:label1\" content=\"Est. reading time\" \/>\n\t<meta name=\"twitter:data1\" content=\"1 minute\" \/>\n<script type=\"application\/ld+json\" class=\"yoast-schema-graph\">{\"@context\":\"https:\/\/schema.org\",\"@graph\":[{\"@type\":\"WebPage\",\"@id\":\"https:\/\/www.rxbriefcase.com\/product\/optimiser-les-resultats-chez-les-patients-avec-syndrome-de-lintestin-irritable-en-pratique-de-pharmacie\/?courseid=\",\"url\":\"https:\/\/www.rxbriefcase.com\/product\/optimiser-les-resultats-chez-les-patients-avec-syndrome-de-lintestin-irritable-en-pratique-de-pharmacie\/?courseid=\",\"name\":\"Optimiser les r\u00e9sultats chez les patients avec syndrome de l\u2019intestin irritable en pratique de pharmacie - RxBriefCase\",\"isPartOf\":{\"@id\":\"https:\/\/www.rxbriefcase.com\/#website\"},\"datePublished\":\"2024-12-10T12:05:04+00:00\",\"dateModified\":\"2026-05-04T16:37:55+00:00\",\"breadcrumb\":{\"@id\":\"https:\/\/www.rxbriefcase.com\/product\/optimiser-les-resultats-chez-les-patients-avec-syndrome-de-lintestin-irritable-en-pratique-de-pharmacie\/?courseid=#breadcrumb\"},\"inLanguage\":\"fr-CA\",\"potentialAction\":[{\"@type\":\"ReadAction\",\"target\":[\"https:\/\/www.rxbriefcase.com\/product\/optimiser-les-resultats-chez-les-patients-avec-syndrome-de-lintestin-irritable-en-pratique-de-pharmacie\/?courseid=\"]}]},{\"@type\":\"BreadcrumbList\",\"@id\":\"https:\/\/www.rxbriefcase.com\/product\/optimiser-les-resultats-chez-les-patients-avec-syndrome-de-lintestin-irritable-en-pratique-de-pharmacie\/?courseid=#breadcrumb\",\"itemListElement\":[{\"@type\":\"ListItem\",\"position\":1,\"name\":\"Home\",\"item\":\"https:\/\/www.rxbriefcase.com\/\"},{\"@type\":\"ListItem\",\"position\":2,\"name\":\"Shop\",\"item\":\"https:\/\/www.rxbriefcase.com\/shop\/\"},{\"@type\":\"ListItem\",\"position\":3,\"name\":\"Optimiser les r\u00e9sultats chez les patients avec syndrome de l\u2019intestin irritable en pratique de pharmacie\"}]},{\"@type\":\"WebSite\",\"@id\":\"https:\/\/www.rxbriefcase.com\/#website\",\"url\":\"https:\/\/www.rxbriefcase.com\/\",\"name\":\"RxBriefCase\",\"description\":\"\",\"publisher\":{\"@id\":\"https:\/\/www.rxbriefcase.com\/#organization\"},\"potentialAction\":[{\"@type\":\"SearchAction\",\"target\":{\"@type\":\"EntryPoint\",\"urlTemplate\":\"https:\/\/www.rxbriefcase.com\/?s={search_term_string}\"},\"query-input\":{\"@type\":\"PropertyValueSpecification\",\"valueRequired\":true,\"valueName\":\"search_term_string\"}}],\"inLanguage\":\"fr-CA\"},{\"@type\":\"Organization\",\"@id\":\"https:\/\/www.rxbriefcase.com\/#organization\",\"name\":\"RxBriefCase\",\"url\":\"https:\/\/www.rxbriefcase.com\/\",\"logo\":{\"@type\":\"ImageObject\",\"inLanguage\":\"fr-CA\",\"@id\":\"https:\/\/www.rxbriefcase.com\/#\/schema\/logo\/image\/\",\"url\":\"https:\/\/www.rxbriefcase.com\/wp-content\/uploads\/2024\/07\/logo.webp\",\"contentUrl\":\"https:\/\/www.rxbriefcase.com\/wp-content\/uploads\/2024\/07\/logo.webp\",\"width\":190,\"height\":36,\"caption\":\"RxBriefCase\"},\"image\":{\"@id\":\"https:\/\/www.rxbriefcase.com\/#\/schema\/logo\/image\/\"}}]}<\/script>\n<!-- \/ Yoast SEO plugin. -->","yoast_head_json":{"title":"Optimiser les r\u00e9sultats chez les patients avec syndrome de l\u2019intestin irritable en pratique de pharmacie - RxBriefCase","robots":{"index":"noindex","follow":"follow"},"og_locale":"fr_CA","og_type":"article","og_title":"Optimiser les r\u00e9sultats chez les patients avec syndrome de l\u2019intestin irritable en pratique de pharmacie - RxBriefCase","og_description":"Le syndrome de l\u2019intestin irritable (SII) \u00e9galement appel\u00e9 syndrome du c\u00f4lon irritable (SCI) est un trouble gastro-intestinal commun caract\u00e9ris\u00e9 par des douleurs abdominales r\u00e9currentes, une alt\u00e9ration des habitudes intestinales (donnant lieu \u00e0 la constipation, la diarrh\u00e9e, ou les deux), et les ballonnements. L\u2019objectif de la prise en charge du SII est d\u2019am\u00e9liorer les sympt\u00f4mes du [&hellip;]","og_url":"https:\/\/www.rxbriefcase.com\/fr\/product\/optimiser-les-resultats-chez-les-patients-avec-syndrome-de-lintestin-irritable-en-pratique-de-pharmacie\/?courseid=","og_site_name":"RxBriefCase","article_modified_time":"2026-05-04T16:37:55+00:00","twitter_card":"summary_large_image","twitter_misc":{"Est. reading time":"1 minute"},"schema":{"@context":"https:\/\/schema.org","@graph":[{"@type":"WebPage","@id":"https:\/\/www.rxbriefcase.com\/product\/optimiser-les-resultats-chez-les-patients-avec-syndrome-de-lintestin-irritable-en-pratique-de-pharmacie\/?courseid=","url":"https:\/\/www.rxbriefcase.com\/product\/optimiser-les-resultats-chez-les-patients-avec-syndrome-de-lintestin-irritable-en-pratique-de-pharmacie\/?courseid=","name":"Optimiser les r\u00e9sultats chez les patients avec syndrome de l\u2019intestin irritable en pratique de pharmacie - RxBriefCase","isPartOf":{"@id":"https:\/\/www.rxbriefcase.com\/#website"},"datePublished":"2024-12-10T12:05:04+00:00","dateModified":"2026-05-04T16:37:55+00:00","breadcrumb":{"@id":"https:\/\/www.rxbriefcase.com\/product\/optimiser-les-resultats-chez-les-patients-avec-syndrome-de-lintestin-irritable-en-pratique-de-pharmacie\/?courseid=#breadcrumb"},"inLanguage":"fr-CA","potentialAction":[{"@type":"ReadAction","target":["https:\/\/www.rxbriefcase.com\/product\/optimiser-les-resultats-chez-les-patients-avec-syndrome-de-lintestin-irritable-en-pratique-de-pharmacie\/?courseid="]}]},{"@type":"BreadcrumbList","@id":"https:\/\/www.rxbriefcase.com\/product\/optimiser-les-resultats-chez-les-patients-avec-syndrome-de-lintestin-irritable-en-pratique-de-pharmacie\/?courseid=#breadcrumb","itemListElement":[{"@type":"ListItem","position":1,"name":"Home","item":"https:\/\/www.rxbriefcase.com\/"},{"@type":"ListItem","position":2,"name":"Shop","item":"https:\/\/www.rxbriefcase.com\/shop\/"},{"@type":"ListItem","position":3,"name":"Optimiser les r\u00e9sultats chez les patients avec syndrome de l\u2019intestin irritable en pratique de pharmacie"}]},{"@type":"WebSite","@id":"https:\/\/www.rxbriefcase.com\/#website","url":"https:\/\/www.rxbriefcase.com\/","name":"Mallette Rx","description":"","publisher":{"@id":"https:\/\/www.rxbriefcase.com\/#organization"},"potentialAction":[{"@type":"SearchAction","target":{"@type":"EntryPoint","urlTemplate":"https:\/\/www.rxbriefcase.com\/?s={search_term_string}"},"query-input":{"@type":"PropertyValueSpecification","valueRequired":true,"valueName":"search_term_string"}}],"inLanguage":"fr-CA"},{"@type":"Organization","@id":"https:\/\/www.rxbriefcase.com\/#organization","name":"Mallette Rx","url":"https:\/\/www.rxbriefcase.com\/","logo":{"@type":"ImageObject","inLanguage":"fr-CA","@id":"https:\/\/www.rxbriefcase.com\/#\/schema\/logo\/image\/","url":"https:\/\/www.rxbriefcase.com\/wp-content\/uploads\/2024\/07\/logo.webp","contentUrl":"https:\/\/www.rxbriefcase.com\/wp-content\/uploads\/2024\/07\/logo.webp","width":190,"height":36,"caption":"RxBriefCase"},"image":{"@id":"https:\/\/www.rxbriefcase.com\/#\/schema\/logo\/image\/"}}]}},"_links":{"self":[{"href":"https:\/\/www.rxbriefcase.com\/fr\/wp-json\/wp\/v2\/product\/1636","targetHints":{"allow":["GET"]}}],"collection":[{"href":"https:\/\/www.rxbriefcase.com\/fr\/wp-json\/wp\/v2\/product"}],"about":[{"href":"https:\/\/www.rxbriefcase.com\/fr\/wp-json\/wp\/v2\/types\/product"}],"replies":[{"embeddable":true,"href":"https:\/\/www.rxbriefcase.com\/fr\/wp-json\/wp\/v2\/comments?post=1636"}],"wp:attachment":[{"href":"https:\/\/www.rxbriefcase.com\/fr\/wp-json\/wp\/v2\/media?parent=1636"}],"wp:term":[{"taxonomy":"product_brand","embeddable":true,"href":"https:\/\/www.rxbriefcase.com\/fr\/wp-json\/wp\/v2\/product_brand?post=1636"},{"taxonomy":"product_cat","embeddable":true,"href":"https:\/\/www.rxbriefcase.com\/fr\/wp-json\/wp\/v2\/product_cat?post=1636"},{"taxonomy":"product_tag","embeddable":true,"href":"https:\/\/www.rxbriefcase.com\/fr\/wp-json\/wp\/v2\/product_tag?post=1636"}],"curies":[{"name":"wp","href":"https:\/\/api.w.org\/{rel}","templated":true}]}}