{"id":1633,"date":"2024-12-10T12:04:57","date_gmt":"2024-12-10T12:04:57","guid":{"rendered":"https:\/\/www.rxbriefcase.com\/product\/optimiser-la-prise-en-charge-de-la-depression-en-pratique-de-la-pharmacie\/?courseid="},"modified":"2026-04-13T12:47:05","modified_gmt":"2026-04-13T17:47:05","slug":"optimiser-la-prise-en-charge-de-la-depression-en-pratique-de-la-pharmacie","status":"publish","type":"product","link":"https:\/\/www.rxbriefcase.com\/fr\/product\/optimiser-la-prise-en-charge-de-la-depression-en-pratique-de-la-pharmacie\/?courseid=","title":{"rendered":"Optimiser la prise en charge de la d\u00e9pression en pratique de la pharmacie"},"content":{"rendered":"<p>La d\u00e9pression (TDM*) peut exercer un effet marqu\u00e9 sur la sant\u00e9 d\u2019une personne, pouvant entra\u00eener un dysfonctionnement social et professionnel, une capacit\u00e9 r\u00e9duite d\u2019auto-prise en charge des comorbidit\u00e9s, une diminution de la qualit\u00e9 de vie et une hausse du risque de d\u00e9c\u00e8s par suicide. Ce programme a pour objectif d\u2019appuyer les cliniciens et les aider \u00e0 efficacement identifier et traiter la d\u00e9pression chez leurs patients.<\/p>\n<p>Ce programme de formation passe en revue les signes et sympt\u00f4mes de la d\u00e9pression et d\u00e9crit la gamme des options th\u00e9rapeutiques disponibles, en tenant compte des approches tant pharmacologiques que non-pharmacologiques. \u00c0 la fin de cette s\u00e9ance d\u2019apprentissage, le clinicien sera mieux par\u00e9 pour offrir des soins complets et efficaces \u00e0 ses patients aux prises avec la d\u00e9pression.<\/p>\n<p><em>*Trouble d\u00e9pressif majeur<\/em><\/p>","protected":false},"excerpt":{"rendered":"<p>La d\u00e9pression (TDM*) peut exercer un effet marqu\u00e9 sur la sant\u00e9 d\u2019une personne, pouvant entra\u00eener un dysfonctionnement social et professionnel, une capacit\u00e9 r\u00e9duite d\u2019auto-prise en charge des comorbidit\u00e9s, une diminution de la qualit\u00e9 de vie et une hausse du risque de d\u00e9c\u00e8s par suicide. Ce programme a pour objectif d\u2019appuyer les cliniciens et les aider [&hellip;]<\/p>\n","protected":false},"featured_media":0,"comment_status":"open","ping_status":"closed","template":"","meta":{"_acf_changed":false,"inline_featured_image":false},"product_brand":[],"product_cat":[],"product_tag":[],"class_list":{"0":"post-1633","1":"product","2":"type-product","3":"status-publish","6":"first","7":"instock","8":"downloadable","9":"virtual","10":"taxable","11":"purchasable","12":"product-type-simple"},"acf":[],"yoast_head":"<!-- This site is optimized with the Yoast SEO plugin v27.2 - https:\/\/yoast.com\/product\/yoast-seo-wordpress\/ -->\n<title>Optimiser la prise en charge de la d\u00e9pression en pratique de la pharmacie - RxBriefCase<\/title>\n<meta name=\"robots\" content=\"noindex, follow\" \/>\n<meta property=\"og:locale\" content=\"fr_CA\" \/>\n<meta property=\"og:type\" content=\"article\" \/>\n<meta property=\"og:title\" content=\"Optimiser la prise en charge de la d\u00e9pression en pratique de la pharmacie - RxBriefCase\" \/>\n<meta property=\"og:description\" content=\"La d\u00e9pression (TDM*) peut exercer un effet marqu\u00e9 sur la sant\u00e9 d\u2019une personne, pouvant entra\u00eener un dysfonctionnement social et professionnel, une capacit\u00e9 r\u00e9duite d\u2019auto-prise en charge des comorbidit\u00e9s, une diminution de la qualit\u00e9 de vie et une hausse du risque de d\u00e9c\u00e8s par suicide. Ce programme a pour objectif d\u2019appuyer les cliniciens et les aider [&hellip;]\" \/>\n<meta property=\"og:url\" content=\"https:\/\/www.rxbriefcase.com\/fr\/product\/optimiser-la-prise-en-charge-de-la-depression-en-pratique-de-la-pharmacie\/?courseid=\" \/>\n<meta property=\"og:site_name\" content=\"RxBriefCase\" \/>\n<meta property=\"article:modified_time\" content=\"2026-04-13T17:47:05+00:00\" \/>\n<meta name=\"twitter:card\" content=\"summary_large_image\" \/>\n<meta name=\"twitter:label1\" content=\"Est. reading time\" \/>\n\t<meta name=\"twitter:data1\" content=\"1 minute\" \/>\n<script type=\"application\/ld+json\" class=\"yoast-schema-graph\">{\"@context\":\"https:\/\/schema.org\",\"@graph\":[{\"@type\":\"WebPage\",\"@id\":\"https:\/\/www.rxbriefcase.com\/product\/optimiser-la-prise-en-charge-de-la-depression-en-pratique-de-la-pharmacie\/?courseid=\",\"url\":\"https:\/\/www.rxbriefcase.com\/product\/optimiser-la-prise-en-charge-de-la-depression-en-pratique-de-la-pharmacie\/?courseid=\",\"name\":\"Optimiser la prise en charge de la d\u00e9pression en pratique de la pharmacie - RxBriefCase\",\"isPartOf\":{\"@id\":\"https:\/\/www.rxbriefcase.com\/#website\"},\"datePublished\":\"2024-12-10T12:04:57+00:00\",\"dateModified\":\"2026-04-13T17:47:05+00:00\",\"breadcrumb\":{\"@id\":\"https:\/\/www.rxbriefcase.com\/product\/optimiser-la-prise-en-charge-de-la-depression-en-pratique-de-la-pharmacie\/?courseid=#breadcrumb\"},\"inLanguage\":\"fr-CA\",\"potentialAction\":[{\"@type\":\"ReadAction\",\"target\":[\"https:\/\/www.rxbriefcase.com\/product\/optimiser-la-prise-en-charge-de-la-depression-en-pratique-de-la-pharmacie\/?courseid=\"]}]},{\"@type\":\"BreadcrumbList\",\"@id\":\"https:\/\/www.rxbriefcase.com\/product\/optimiser-la-prise-en-charge-de-la-depression-en-pratique-de-la-pharmacie\/?courseid=#breadcrumb\",\"itemListElement\":[{\"@type\":\"ListItem\",\"position\":1,\"name\":\"Home\",\"item\":\"https:\/\/www.rxbriefcase.com\/\"},{\"@type\":\"ListItem\",\"position\":2,\"name\":\"Shop\",\"item\":\"https:\/\/www.rxbriefcase.com\/shop\/\"},{\"@type\":\"ListItem\",\"position\":3,\"name\":\"Optimiser la prise en charge de la d\u00e9pression en pratique de la pharmacie\"}]},{\"@type\":\"WebSite\",\"@id\":\"https:\/\/www.rxbriefcase.com\/#website\",\"url\":\"https:\/\/www.rxbriefcase.com\/\",\"name\":\"RxBriefCase\",\"description\":\"\",\"publisher\":{\"@id\":\"https:\/\/www.rxbriefcase.com\/#organization\"},\"potentialAction\":[{\"@type\":\"SearchAction\",\"target\":{\"@type\":\"EntryPoint\",\"urlTemplate\":\"https:\/\/www.rxbriefcase.com\/?s={search_term_string}\"},\"query-input\":{\"@type\":\"PropertyValueSpecification\",\"valueRequired\":true,\"valueName\":\"search_term_string\"}}],\"inLanguage\":\"fr-CA\"},{\"@type\":\"Organization\",\"@id\":\"https:\/\/www.rxbriefcase.com\/#organization\",\"name\":\"RxBriefCase\",\"url\":\"https:\/\/www.rxbriefcase.com\/\",\"logo\":{\"@type\":\"ImageObject\",\"inLanguage\":\"fr-CA\",\"@id\":\"https:\/\/www.rxbriefcase.com\/#\/schema\/logo\/image\/\",\"url\":\"https:\/\/www.rxbriefcase.com\/wp-content\/uploads\/2024\/07\/logo.webp\",\"contentUrl\":\"https:\/\/www.rxbriefcase.com\/wp-content\/uploads\/2024\/07\/logo.webp\",\"width\":190,\"height\":36,\"caption\":\"RxBriefCase\"},\"image\":{\"@id\":\"https:\/\/www.rxbriefcase.com\/#\/schema\/logo\/image\/\"}}]}<\/script>\n<!-- \/ Yoast SEO plugin. -->","yoast_head_json":{"title":"Optimiser la prise en charge de la d\u00e9pression en pratique de la pharmacie - RxBriefCase","robots":{"index":"noindex","follow":"follow"},"og_locale":"fr_CA","og_type":"article","og_title":"Optimiser la prise en charge de la d\u00e9pression en pratique de la pharmacie - RxBriefCase","og_description":"La d\u00e9pression (TDM*) peut exercer un effet marqu\u00e9 sur la sant\u00e9 d\u2019une personne, pouvant entra\u00eener un dysfonctionnement social et professionnel, une capacit\u00e9 r\u00e9duite d\u2019auto-prise en charge des comorbidit\u00e9s, une diminution de la qualit\u00e9 de vie et une hausse du risque de d\u00e9c\u00e8s par suicide. Ce programme a pour objectif d\u2019appuyer les cliniciens et les aider [&hellip;]","og_url":"https:\/\/www.rxbriefcase.com\/fr\/product\/optimiser-la-prise-en-charge-de-la-depression-en-pratique-de-la-pharmacie\/?courseid=","og_site_name":"RxBriefCase","article_modified_time":"2026-04-13T17:47:05+00:00","twitter_card":"summary_large_image","twitter_misc":{"Est. reading time":"1 minute"},"schema":{"@context":"https:\/\/schema.org","@graph":[{"@type":"WebPage","@id":"https:\/\/www.rxbriefcase.com\/product\/optimiser-la-prise-en-charge-de-la-depression-en-pratique-de-la-pharmacie\/?courseid=","url":"https:\/\/www.rxbriefcase.com\/product\/optimiser-la-prise-en-charge-de-la-depression-en-pratique-de-la-pharmacie\/?courseid=","name":"Optimiser la prise en charge de la d\u00e9pression en pratique de la pharmacie - RxBriefCase","isPartOf":{"@id":"https:\/\/www.rxbriefcase.com\/#website"},"datePublished":"2024-12-10T12:04:57+00:00","dateModified":"2026-04-13T17:47:05+00:00","breadcrumb":{"@id":"https:\/\/www.rxbriefcase.com\/product\/optimiser-la-prise-en-charge-de-la-depression-en-pratique-de-la-pharmacie\/?courseid=#breadcrumb"},"inLanguage":"fr-CA","potentialAction":[{"@type":"ReadAction","target":["https:\/\/www.rxbriefcase.com\/product\/optimiser-la-prise-en-charge-de-la-depression-en-pratique-de-la-pharmacie\/?courseid="]}]},{"@type":"BreadcrumbList","@id":"https:\/\/www.rxbriefcase.com\/product\/optimiser-la-prise-en-charge-de-la-depression-en-pratique-de-la-pharmacie\/?courseid=#breadcrumb","itemListElement":[{"@type":"ListItem","position":1,"name":"Home","item":"https:\/\/www.rxbriefcase.com\/"},{"@type":"ListItem","position":2,"name":"Shop","item":"https:\/\/www.rxbriefcase.com\/shop\/"},{"@type":"ListItem","position":3,"name":"Optimiser la prise en charge de la d\u00e9pression en pratique de la pharmacie"}]},{"@type":"WebSite","@id":"https:\/\/www.rxbriefcase.com\/#website","url":"https:\/\/www.rxbriefcase.com\/","name":"Mallette Rx","description":"","publisher":{"@id":"https:\/\/www.rxbriefcase.com\/#organization"},"potentialAction":[{"@type":"SearchAction","target":{"@type":"EntryPoint","urlTemplate":"https:\/\/www.rxbriefcase.com\/?s={search_term_string}"},"query-input":{"@type":"PropertyValueSpecification","valueRequired":true,"valueName":"search_term_string"}}],"inLanguage":"fr-CA"},{"@type":"Organization","@id":"https:\/\/www.rxbriefcase.com\/#organization","name":"Mallette Rx","url":"https:\/\/www.rxbriefcase.com\/","logo":{"@type":"ImageObject","inLanguage":"fr-CA","@id":"https:\/\/www.rxbriefcase.com\/#\/schema\/logo\/image\/","url":"https:\/\/www.rxbriefcase.com\/wp-content\/uploads\/2024\/07\/logo.webp","contentUrl":"https:\/\/www.rxbriefcase.com\/wp-content\/uploads\/2024\/07\/logo.webp","width":190,"height":36,"caption":"RxBriefCase"},"image":{"@id":"https:\/\/www.rxbriefcase.com\/#\/schema\/logo\/image\/"}}]}},"_links":{"self":[{"href":"https:\/\/www.rxbriefcase.com\/fr\/wp-json\/wp\/v2\/product\/1633","targetHints":{"allow":["GET"]}}],"collection":[{"href":"https:\/\/www.rxbriefcase.com\/fr\/wp-json\/wp\/v2\/product"}],"about":[{"href":"https:\/\/www.rxbriefcase.com\/fr\/wp-json\/wp\/v2\/types\/product"}],"replies":[{"embeddable":true,"href":"https:\/\/www.rxbriefcase.com\/fr\/wp-json\/wp\/v2\/comments?post=1633"}],"wp:attachment":[{"href":"https:\/\/www.rxbriefcase.com\/fr\/wp-json\/wp\/v2\/media?parent=1633"}],"wp:term":[{"taxonomy":"product_brand","embeddable":true,"href":"https:\/\/www.rxbriefcase.com\/fr\/wp-json\/wp\/v2\/product_brand?post=1633"},{"taxonomy":"product_cat","embeddable":true,"href":"https:\/\/www.rxbriefcase.com\/fr\/wp-json\/wp\/v2\/product_cat?post=1633"},{"taxonomy":"product_tag","embeddable":true,"href":"https:\/\/www.rxbriefcase.com\/fr\/wp-json\/wp\/v2\/product_tag?post=1633"}],"curies":[{"name":"wp","href":"https:\/\/api.w.org\/{rel}","templated":true}]}}