{"id":13125,"date":"2025-08-18T10:01:01","date_gmt":"2025-08-18T15:01:01","guid":{"rendered":"https:\/\/www.rxbriefcase.com\/product\/proteger-en-toute-confiance-guide-des-parents-sur-la-prevention-du-vrs-chez-les-nourrissons\/?courseid="},"modified":"2026-04-13T12:47:20","modified_gmt":"2026-04-13T17:47:20","slug":"proteger-en-toute-confiance-guide-des-parents-sur-la-prevention-du-vrs-chez-les-nourrissons","status":"publish","type":"product","link":"https:\/\/www.rxbriefcase.com\/fr\/product\/proteger-en-toute-confiance-guide-des-parents-sur-la-prevention-du-vrs-chez-les-nourrissons\/?courseid=","title":{"rendered":"Prot\u00e9ger en toute confiance : Guide des parents sur la pr\u00e9vention du VRS chez les nourrissons"},"content":{"rendered":"<p dir=\"ltr\" style=\"text-align: left\"><em>Prot\u00e9ger en toute confiance : Guide des parents sur la pr\u00e9vention du VRS chez les nourrissons<\/em> est une courte animation \u00e9ducative, fond\u00e9e sur des donn\u00e9es probantes, con\u00e7ue pour aider les parents \u00e0 comprendre les bienfaits de l\u2019immunisation contre le VRS chez les nourrissons. Gr\u00e2ce \u00e0 une conversation chaleureuse et rassurante entre un professionnel de la sant\u00e9 et de nouveaux parents, le programme r\u00e9pond aux questions fr\u00e9quentes, explique le risque de maladie grave li\u00e9e au VRS et souligne l\u2019innocuit\u00e9 et l\u2019efficacit\u00e9 du nirsevimab (Beyfortus<sup>\u00ae<\/sup>) en tant qu\u2019anticorps protecteur administr\u00e9 en une seule dose.<\/p>\n<hr>\n<p dir=\"ltr\" style=\"text-align: left\">Ce programme a b\u00e9n\u00e9fici\u00e9 d\u2019un soutien financier de la part de Sanofi Canada sous forme de bourse \u00e0 vis\u00e9e \u00e9ducative sans restriction.<\/p>","protected":false},"excerpt":{"rendered":"<p>Prot\u00e9ger en toute confiance : Guide des parents sur la pr\u00e9vention du VRS chez les nourrissons est une courte animation \u00e9ducative, fond\u00e9e sur des donn\u00e9es probantes, con\u00e7ue pour aider les parents \u00e0 comprendre les bienfaits de l\u2019immunisation contre le VRS chez les nourrissons. Gr\u00e2ce \u00e0 une conversation chaleureuse et rassurante entre un professionnel de la [&hellip;]<\/p>\n","protected":false},"featured_media":0,"comment_status":"closed","ping_status":"closed","template":"","meta":{"_acf_changed":false,"inline_featured_image":false},"product_brand":[],"product_cat":[],"product_tag":[],"class_list":{"0":"post-13125","1":"product","2":"type-product","3":"status-publish","6":"first","7":"instock","8":"downloadable","9":"virtual","10":"taxable","11":"purchasable","12":"product-type-simple"},"acf":[],"yoast_head":"<!-- This site is optimized with the Yoast SEO plugin v27.2 - https:\/\/yoast.com\/product\/yoast-seo-wordpress\/ -->\n<title>Prot\u00e9ger en toute confiance : Guide des parents sur la pr\u00e9vention du VRS chez les nourrissons - RxBriefCase<\/title>\n<meta name=\"robots\" content=\"noindex, follow\" \/>\n<meta property=\"og:locale\" content=\"fr_CA\" \/>\n<meta property=\"og:type\" content=\"article\" \/>\n<meta property=\"og:title\" content=\"Prot\u00e9ger en toute confiance : Guide des parents sur la pr\u00e9vention du VRS chez les nourrissons - RxBriefCase\" \/>\n<meta property=\"og:description\" content=\"Prot\u00e9ger en toute confiance : Guide des parents sur la pr\u00e9vention du VRS chez les nourrissons est une courte animation \u00e9ducative, fond\u00e9e sur des donn\u00e9es probantes, con\u00e7ue pour aider les parents \u00e0 comprendre les bienfaits de l\u2019immunisation contre le VRS chez les nourrissons. Gr\u00e2ce \u00e0 une conversation chaleureuse et rassurante entre un professionnel de la [&hellip;]\" \/>\n<meta property=\"og:url\" content=\"https:\/\/www.rxbriefcase.com\/fr\/product\/proteger-en-toute-confiance-guide-des-parents-sur-la-prevention-du-vrs-chez-les-nourrissons\/?courseid=\" \/>\n<meta property=\"og:site_name\" content=\"RxBriefCase\" \/>\n<meta property=\"article:modified_time\" content=\"2026-04-13T17:47:20+00:00\" \/>\n<meta name=\"twitter:card\" content=\"summary_large_image\" \/>\n<meta name=\"twitter:label1\" content=\"Est. reading time\" \/>\n\t<meta name=\"twitter:data1\" content=\"1 minute\" \/>\n<script type=\"application\/ld+json\" class=\"yoast-schema-graph\">{\"@context\":\"https:\/\/schema.org\",\"@graph\":[{\"@type\":\"WebPage\",\"@id\":\"https:\/\/www.rxbriefcase.com\/product\/proteger-en-toute-confiance-guide-des-parents-sur-la-prevention-du-vrs-chez-les-nourrissons\/?courseid=\",\"url\":\"https:\/\/www.rxbriefcase.com\/product\/proteger-en-toute-confiance-guide-des-parents-sur-la-prevention-du-vrs-chez-les-nourrissons\/?courseid=\",\"name\":\"Prot\u00e9ger en toute confiance : Guide des parents sur la pr\u00e9vention du VRS chez les nourrissons - RxBriefCase\",\"isPartOf\":{\"@id\":\"https:\/\/www.rxbriefcase.com\/#website\"},\"datePublished\":\"2025-08-18T15:01:01+00:00\",\"dateModified\":\"2026-04-13T17:47:20+00:00\",\"breadcrumb\":{\"@id\":\"https:\/\/www.rxbriefcase.com\/product\/proteger-en-toute-confiance-guide-des-parents-sur-la-prevention-du-vrs-chez-les-nourrissons\/?courseid=#breadcrumb\"},\"inLanguage\":\"fr-CA\",\"potentialAction\":[{\"@type\":\"ReadAction\",\"target\":[\"https:\/\/www.rxbriefcase.com\/product\/proteger-en-toute-confiance-guide-des-parents-sur-la-prevention-du-vrs-chez-les-nourrissons\/?courseid=\"]}]},{\"@type\":\"BreadcrumbList\",\"@id\":\"https:\/\/www.rxbriefcase.com\/product\/proteger-en-toute-confiance-guide-des-parents-sur-la-prevention-du-vrs-chez-les-nourrissons\/?courseid=#breadcrumb\",\"itemListElement\":[{\"@type\":\"ListItem\",\"position\":1,\"name\":\"Home\",\"item\":\"https:\/\/www.rxbriefcase.com\/\"},{\"@type\":\"ListItem\",\"position\":2,\"name\":\"Shop\",\"item\":\"https:\/\/www.rxbriefcase.com\/shop\/\"},{\"@type\":\"ListItem\",\"position\":3,\"name\":\"Prot\u00e9ger en toute confiance : Guide des parents sur la pr\u00e9vention du VRS chez les nourrissons\"}]},{\"@type\":\"WebSite\",\"@id\":\"https:\/\/www.rxbriefcase.com\/#website\",\"url\":\"https:\/\/www.rxbriefcase.com\/\",\"name\":\"RxBriefCase\",\"description\":\"\",\"publisher\":{\"@id\":\"https:\/\/www.rxbriefcase.com\/#organization\"},\"potentialAction\":[{\"@type\":\"SearchAction\",\"target\":{\"@type\":\"EntryPoint\",\"urlTemplate\":\"https:\/\/www.rxbriefcase.com\/?s={search_term_string}\"},\"query-input\":{\"@type\":\"PropertyValueSpecification\",\"valueRequired\":true,\"valueName\":\"search_term_string\"}}],\"inLanguage\":\"fr-CA\"},{\"@type\":\"Organization\",\"@id\":\"https:\/\/www.rxbriefcase.com\/#organization\",\"name\":\"RxBriefCase\",\"url\":\"https:\/\/www.rxbriefcase.com\/\",\"logo\":{\"@type\":\"ImageObject\",\"inLanguage\":\"fr-CA\",\"@id\":\"https:\/\/www.rxbriefcase.com\/#\/schema\/logo\/image\/\",\"url\":\"https:\/\/www.rxbriefcase.com\/wp-content\/uploads\/2024\/07\/logo.webp\",\"contentUrl\":\"https:\/\/www.rxbriefcase.com\/wp-content\/uploads\/2024\/07\/logo.webp\",\"width\":190,\"height\":36,\"caption\":\"RxBriefCase\"},\"image\":{\"@id\":\"https:\/\/www.rxbriefcase.com\/#\/schema\/logo\/image\/\"}}]}<\/script>\n<!-- \/ Yoast SEO plugin. -->","yoast_head_json":{"title":"Prot\u00e9ger en toute confiance : Guide des parents sur la pr\u00e9vention du VRS chez les nourrissons - RxBriefCase","robots":{"index":"noindex","follow":"follow"},"og_locale":"fr_CA","og_type":"article","og_title":"Prot\u00e9ger en toute confiance : Guide des parents sur la pr\u00e9vention du VRS chez les nourrissons - RxBriefCase","og_description":"Prot\u00e9ger en toute confiance : Guide des parents sur la pr\u00e9vention du VRS chez les nourrissons est une courte animation \u00e9ducative, fond\u00e9e sur des donn\u00e9es probantes, con\u00e7ue pour aider les parents \u00e0 comprendre les bienfaits de l\u2019immunisation contre le VRS chez les nourrissons. Gr\u00e2ce \u00e0 une conversation chaleureuse et rassurante entre un professionnel de la [&hellip;]","og_url":"https:\/\/www.rxbriefcase.com\/fr\/product\/proteger-en-toute-confiance-guide-des-parents-sur-la-prevention-du-vrs-chez-les-nourrissons\/?courseid=","og_site_name":"RxBriefCase","article_modified_time":"2026-04-13T17:47:20+00:00","twitter_card":"summary_large_image","twitter_misc":{"Est. reading time":"1 minute"},"schema":{"@context":"https:\/\/schema.org","@graph":[{"@type":"WebPage","@id":"https:\/\/www.rxbriefcase.com\/product\/proteger-en-toute-confiance-guide-des-parents-sur-la-prevention-du-vrs-chez-les-nourrissons\/?courseid=","url":"https:\/\/www.rxbriefcase.com\/product\/proteger-en-toute-confiance-guide-des-parents-sur-la-prevention-du-vrs-chez-les-nourrissons\/?courseid=","name":"Prot\u00e9ger en toute confiance : Guide des parents sur la pr\u00e9vention du VRS chez les nourrissons - RxBriefCase","isPartOf":{"@id":"https:\/\/www.rxbriefcase.com\/#website"},"datePublished":"2025-08-18T15:01:01+00:00","dateModified":"2026-04-13T17:47:20+00:00","breadcrumb":{"@id":"https:\/\/www.rxbriefcase.com\/product\/proteger-en-toute-confiance-guide-des-parents-sur-la-prevention-du-vrs-chez-les-nourrissons\/?courseid=#breadcrumb"},"inLanguage":"fr-CA","potentialAction":[{"@type":"ReadAction","target":["https:\/\/www.rxbriefcase.com\/product\/proteger-en-toute-confiance-guide-des-parents-sur-la-prevention-du-vrs-chez-les-nourrissons\/?courseid="]}]},{"@type":"BreadcrumbList","@id":"https:\/\/www.rxbriefcase.com\/product\/proteger-en-toute-confiance-guide-des-parents-sur-la-prevention-du-vrs-chez-les-nourrissons\/?courseid=#breadcrumb","itemListElement":[{"@type":"ListItem","position":1,"name":"Home","item":"https:\/\/www.rxbriefcase.com\/"},{"@type":"ListItem","position":2,"name":"Shop","item":"https:\/\/www.rxbriefcase.com\/shop\/"},{"@type":"ListItem","position":3,"name":"Prot\u00e9ger en toute confiance : Guide des parents sur la pr\u00e9vention du VRS chez les nourrissons"}]},{"@type":"WebSite","@id":"https:\/\/www.rxbriefcase.com\/#website","url":"https:\/\/www.rxbriefcase.com\/","name":"Mallette Rx","description":"","publisher":{"@id":"https:\/\/www.rxbriefcase.com\/#organization"},"potentialAction":[{"@type":"SearchAction","target":{"@type":"EntryPoint","urlTemplate":"https:\/\/www.rxbriefcase.com\/?s={search_term_string}"},"query-input":{"@type":"PropertyValueSpecification","valueRequired":true,"valueName":"search_term_string"}}],"inLanguage":"fr-CA"},{"@type":"Organization","@id":"https:\/\/www.rxbriefcase.com\/#organization","name":"Mallette Rx","url":"https:\/\/www.rxbriefcase.com\/","logo":{"@type":"ImageObject","inLanguage":"fr-CA","@id":"https:\/\/www.rxbriefcase.com\/#\/schema\/logo\/image\/","url":"https:\/\/www.rxbriefcase.com\/wp-content\/uploads\/2024\/07\/logo.webp","contentUrl":"https:\/\/www.rxbriefcase.com\/wp-content\/uploads\/2024\/07\/logo.webp","width":190,"height":36,"caption":"RxBriefCase"},"image":{"@id":"https:\/\/www.rxbriefcase.com\/#\/schema\/logo\/image\/"}}]}},"_links":{"self":[{"href":"https:\/\/www.rxbriefcase.com\/fr\/wp-json\/wp\/v2\/product\/13125","targetHints":{"allow":["GET"]}}],"collection":[{"href":"https:\/\/www.rxbriefcase.com\/fr\/wp-json\/wp\/v2\/product"}],"about":[{"href":"https:\/\/www.rxbriefcase.com\/fr\/wp-json\/wp\/v2\/types\/product"}],"replies":[{"embeddable":true,"href":"https:\/\/www.rxbriefcase.com\/fr\/wp-json\/wp\/v2\/comments?post=13125"}],"wp:attachment":[{"href":"https:\/\/www.rxbriefcase.com\/fr\/wp-json\/wp\/v2\/media?parent=13125"}],"wp:term":[{"taxonomy":"product_brand","embeddable":true,"href":"https:\/\/www.rxbriefcase.com\/fr\/wp-json\/wp\/v2\/product_brand?post=13125"},{"taxonomy":"product_cat","embeddable":true,"href":"https:\/\/www.rxbriefcase.com\/fr\/wp-json\/wp\/v2\/product_cat?post=13125"},{"taxonomy":"product_tag","embeddable":true,"href":"https:\/\/www.rxbriefcase.com\/fr\/wp-json\/wp\/v2\/product_tag?post=13125"}],"curies":[{"name":"wp","href":"https:\/\/api.w.org\/{rel}","templated":true}]}}