{"id":11855,"date":"2025-07-30T16:42:05","date_gmt":"2025-07-30T21:42:05","guid":{"rendered":"https:\/\/www.rxbriefcase.com\/product\/importance-clinique-des-considerations-liees-a-la-formulation-topique-dans-le-traitement-de-la-dermatite-atopique\/?courseid="},"modified":"2026-04-13T12:47:20","modified_gmt":"2026-04-13T17:47:20","slug":"importance-clinique-des-considerations-liees-a-la-formulation-topique-dans-le-traitement-de-la-dermatite-atopique","status":"publish","type":"product","link":"https:\/\/www.rxbriefcase.com\/fr\/product\/importance-clinique-des-considerations-liees-a-la-formulation-topique-dans-le-traitement-de-la-dermatite-atopique\/?courseid=","title":{"rendered":"Importance clinique des consid\u00e9rations li\u00e9es \u00e0 la formulation topique dans le traitement de la dermatite atopique"},"content":{"rendered":"<p dir=\"ltr\" style=\"text-align: left\">Les formulations topiques jouent un r\u00f4le cl\u00e9 dans la prise en charge efficace de la dermatite atopique (DA). Dans cette vid\u00e9o, nous discuterons de l\u2019importance de la formulation des m\u00e9dicaments dans le traitement de la DA et offrirons des strat\u00e9gies pratiques pour choisir et prescrire des formulations qui optimisent l\u2019efficacit\u00e9 tout en maximisant la tol\u00e9rance.<\/p>\n<hr>\n<p dir=\"ltr\" style=\"text-align: left\">Ce programme a b\u00e9n\u00e9fici\u00e9 du soutien financier d\u2019Arcutis Canada Inc. sous la forme d\u2019une subvention \u00e9ducative sans restriction. <\/p>","protected":false},"excerpt":{"rendered":"<p>Les formulations topiques jouent un r\u00f4le cl\u00e9 dans la prise en charge efficace de la dermatite atopique (DA). Dans cette vid\u00e9o, nous discuterons de l\u2019importance de la formulation des m\u00e9dicaments dans le traitement de la DA et offrirons des strat\u00e9gies pratiques pour choisir et prescrire des formulations qui optimisent l\u2019efficacit\u00e9 tout en maximisant la tol\u00e9rance. [&hellip;]<\/p>\n","protected":false},"featured_media":0,"comment_status":"closed","ping_status":"closed","template":"","meta":{"_acf_changed":false,"inline_featured_image":false},"product_brand":[],"product_cat":[],"product_tag":[],"class_list":{"0":"post-11855","1":"product","2":"type-product","3":"status-publish","6":"first","7":"instock","8":"downloadable","9":"virtual","10":"taxable","11":"purchasable","12":"product-type-simple"},"acf":[],"yoast_head":"<!-- This site is optimized with the Yoast SEO plugin v27.2 - https:\/\/yoast.com\/product\/yoast-seo-wordpress\/ -->\n<title>Importance clinique des consid\u00e9rations li\u00e9es \u00e0 la formulation topique dans le traitement de la dermatite atopique - RxBriefCase<\/title>\n<meta name=\"robots\" content=\"noindex, follow\" \/>\n<meta property=\"og:locale\" content=\"fr_CA\" \/>\n<meta property=\"og:type\" content=\"article\" \/>\n<meta property=\"og:title\" content=\"Importance clinique des consid\u00e9rations li\u00e9es \u00e0 la formulation topique dans le traitement de la dermatite atopique - RxBriefCase\" \/>\n<meta property=\"og:description\" content=\"Les formulations topiques jouent un r\u00f4le cl\u00e9 dans la prise en charge efficace de la dermatite atopique (DA). Dans cette vid\u00e9o, nous discuterons de l\u2019importance de la formulation des m\u00e9dicaments dans le traitement de la DA et offrirons des strat\u00e9gies pratiques pour choisir et prescrire des formulations qui optimisent l\u2019efficacit\u00e9 tout en maximisant la tol\u00e9rance. [&hellip;]\" \/>\n<meta property=\"og:url\" content=\"https:\/\/www.rxbriefcase.com\/fr\/product\/importance-clinique-des-considerations-liees-a-la-formulation-topique-dans-le-traitement-de-la-dermatite-atopique\/?courseid=\" \/>\n<meta property=\"og:site_name\" content=\"RxBriefCase\" \/>\n<meta property=\"article:modified_time\" content=\"2026-04-13T17:47:20+00:00\" \/>\n<meta name=\"twitter:card\" content=\"summary_large_image\" \/>\n<script type=\"application\/ld+json\" class=\"yoast-schema-graph\">{\"@context\":\"https:\/\/schema.org\",\"@graph\":[{\"@type\":\"WebPage\",\"@id\":\"https:\/\/www.rxbriefcase.com\/product\/importance-clinique-des-considerations-liees-a-la-formulation-topique-dans-le-traitement-de-la-dermatite-atopique\/?courseid=\",\"url\":\"https:\/\/www.rxbriefcase.com\/product\/importance-clinique-des-considerations-liees-a-la-formulation-topique-dans-le-traitement-de-la-dermatite-atopique\/?courseid=\",\"name\":\"Importance clinique des consid\u00e9rations li\u00e9es \u00e0 la formulation topique dans le traitement de la dermatite atopique - RxBriefCase\",\"isPartOf\":{\"@id\":\"https:\/\/www.rxbriefcase.com\/#website\"},\"datePublished\":\"2025-07-30T21:42:05+00:00\",\"dateModified\":\"2026-04-13T17:47:20+00:00\",\"breadcrumb\":{\"@id\":\"https:\/\/www.rxbriefcase.com\/product\/importance-clinique-des-considerations-liees-a-la-formulation-topique-dans-le-traitement-de-la-dermatite-atopique\/?courseid=#breadcrumb\"},\"inLanguage\":\"fr-CA\",\"potentialAction\":[{\"@type\":\"ReadAction\",\"target\":[\"https:\/\/www.rxbriefcase.com\/product\/importance-clinique-des-considerations-liees-a-la-formulation-topique-dans-le-traitement-de-la-dermatite-atopique\/?courseid=\"]}]},{\"@type\":\"BreadcrumbList\",\"@id\":\"https:\/\/www.rxbriefcase.com\/product\/importance-clinique-des-considerations-liees-a-la-formulation-topique-dans-le-traitement-de-la-dermatite-atopique\/?courseid=#breadcrumb\",\"itemListElement\":[{\"@type\":\"ListItem\",\"position\":1,\"name\":\"Home\",\"item\":\"https:\/\/www.rxbriefcase.com\/\"},{\"@type\":\"ListItem\",\"position\":2,\"name\":\"Shop\",\"item\":\"https:\/\/www.rxbriefcase.com\/shop\/\"},{\"@type\":\"ListItem\",\"position\":3,\"name\":\"Importance clinique des consid\u00e9rations li\u00e9es \u00e0 la formulation topique dans le traitement de la dermatite atopique\"}]},{\"@type\":\"WebSite\",\"@id\":\"https:\/\/www.rxbriefcase.com\/#website\",\"url\":\"https:\/\/www.rxbriefcase.com\/\",\"name\":\"RxBriefCase\",\"description\":\"\",\"publisher\":{\"@id\":\"https:\/\/www.rxbriefcase.com\/#organization\"},\"potentialAction\":[{\"@type\":\"SearchAction\",\"target\":{\"@type\":\"EntryPoint\",\"urlTemplate\":\"https:\/\/www.rxbriefcase.com\/?s={search_term_string}\"},\"query-input\":{\"@type\":\"PropertyValueSpecification\",\"valueRequired\":true,\"valueName\":\"search_term_string\"}}],\"inLanguage\":\"fr-CA\"},{\"@type\":\"Organization\",\"@id\":\"https:\/\/www.rxbriefcase.com\/#organization\",\"name\":\"RxBriefCase\",\"url\":\"https:\/\/www.rxbriefcase.com\/\",\"logo\":{\"@type\":\"ImageObject\",\"inLanguage\":\"fr-CA\",\"@id\":\"https:\/\/www.rxbriefcase.com\/#\/schema\/logo\/image\/\",\"url\":\"https:\/\/www.rxbriefcase.com\/wp-content\/uploads\/2024\/07\/logo.webp\",\"contentUrl\":\"https:\/\/www.rxbriefcase.com\/wp-content\/uploads\/2024\/07\/logo.webp\",\"width\":190,\"height\":36,\"caption\":\"RxBriefCase\"},\"image\":{\"@id\":\"https:\/\/www.rxbriefcase.com\/#\/schema\/logo\/image\/\"}}]}<\/script>\n<!-- \/ Yoast SEO plugin. -->","yoast_head_json":{"title":"Importance clinique des consid\u00e9rations li\u00e9es \u00e0 la formulation topique dans le traitement de la dermatite atopique - RxBriefCase","robots":{"index":"noindex","follow":"follow"},"og_locale":"fr_CA","og_type":"article","og_title":"Importance clinique des consid\u00e9rations li\u00e9es \u00e0 la formulation topique dans le traitement de la dermatite atopique - RxBriefCase","og_description":"Les formulations topiques jouent un r\u00f4le cl\u00e9 dans la prise en charge efficace de la dermatite atopique (DA). Dans cette vid\u00e9o, nous discuterons de l\u2019importance de la formulation des m\u00e9dicaments dans le traitement de la DA et offrirons des strat\u00e9gies pratiques pour choisir et prescrire des formulations qui optimisent l\u2019efficacit\u00e9 tout en maximisant la tol\u00e9rance. [&hellip;]","og_url":"https:\/\/www.rxbriefcase.com\/fr\/product\/importance-clinique-des-considerations-liees-a-la-formulation-topique-dans-le-traitement-de-la-dermatite-atopique\/?courseid=","og_site_name":"RxBriefCase","article_modified_time":"2026-04-13T17:47:20+00:00","twitter_card":"summary_large_image","schema":{"@context":"https:\/\/schema.org","@graph":[{"@type":"WebPage","@id":"https:\/\/www.rxbriefcase.com\/product\/importance-clinique-des-considerations-liees-a-la-formulation-topique-dans-le-traitement-de-la-dermatite-atopique\/?courseid=","url":"https:\/\/www.rxbriefcase.com\/product\/importance-clinique-des-considerations-liees-a-la-formulation-topique-dans-le-traitement-de-la-dermatite-atopique\/?courseid=","name":"Importance clinique des consid\u00e9rations li\u00e9es \u00e0 la formulation topique dans le traitement de la dermatite atopique - RxBriefCase","isPartOf":{"@id":"https:\/\/www.rxbriefcase.com\/#website"},"datePublished":"2025-07-30T21:42:05+00:00","dateModified":"2026-04-13T17:47:20+00:00","breadcrumb":{"@id":"https:\/\/www.rxbriefcase.com\/product\/importance-clinique-des-considerations-liees-a-la-formulation-topique-dans-le-traitement-de-la-dermatite-atopique\/?courseid=#breadcrumb"},"inLanguage":"fr-CA","potentialAction":[{"@type":"ReadAction","target":["https:\/\/www.rxbriefcase.com\/product\/importance-clinique-des-considerations-liees-a-la-formulation-topique-dans-le-traitement-de-la-dermatite-atopique\/?courseid="]}]},{"@type":"BreadcrumbList","@id":"https:\/\/www.rxbriefcase.com\/product\/importance-clinique-des-considerations-liees-a-la-formulation-topique-dans-le-traitement-de-la-dermatite-atopique\/?courseid=#breadcrumb","itemListElement":[{"@type":"ListItem","position":1,"name":"Home","item":"https:\/\/www.rxbriefcase.com\/"},{"@type":"ListItem","position":2,"name":"Shop","item":"https:\/\/www.rxbriefcase.com\/shop\/"},{"@type":"ListItem","position":3,"name":"Importance clinique des consid\u00e9rations li\u00e9es \u00e0 la formulation topique dans le traitement de la dermatite atopique"}]},{"@type":"WebSite","@id":"https:\/\/www.rxbriefcase.com\/#website","url":"https:\/\/www.rxbriefcase.com\/","name":"Mallette Rx","description":"","publisher":{"@id":"https:\/\/www.rxbriefcase.com\/#organization"},"potentialAction":[{"@type":"SearchAction","target":{"@type":"EntryPoint","urlTemplate":"https:\/\/www.rxbriefcase.com\/?s={search_term_string}"},"query-input":{"@type":"PropertyValueSpecification","valueRequired":true,"valueName":"search_term_string"}}],"inLanguage":"fr-CA"},{"@type":"Organization","@id":"https:\/\/www.rxbriefcase.com\/#organization","name":"Mallette Rx","url":"https:\/\/www.rxbriefcase.com\/","logo":{"@type":"ImageObject","inLanguage":"fr-CA","@id":"https:\/\/www.rxbriefcase.com\/#\/schema\/logo\/image\/","url":"https:\/\/www.rxbriefcase.com\/wp-content\/uploads\/2024\/07\/logo.webp","contentUrl":"https:\/\/www.rxbriefcase.com\/wp-content\/uploads\/2024\/07\/logo.webp","width":190,"height":36,"caption":"RxBriefCase"},"image":{"@id":"https:\/\/www.rxbriefcase.com\/#\/schema\/logo\/image\/"}}]}},"_links":{"self":[{"href":"https:\/\/www.rxbriefcase.com\/fr\/wp-json\/wp\/v2\/product\/11855","targetHints":{"allow":["GET"]}}],"collection":[{"href":"https:\/\/www.rxbriefcase.com\/fr\/wp-json\/wp\/v2\/product"}],"about":[{"href":"https:\/\/www.rxbriefcase.com\/fr\/wp-json\/wp\/v2\/types\/product"}],"replies":[{"embeddable":true,"href":"https:\/\/www.rxbriefcase.com\/fr\/wp-json\/wp\/v2\/comments?post=11855"}],"wp:attachment":[{"href":"https:\/\/www.rxbriefcase.com\/fr\/wp-json\/wp\/v2\/media?parent=11855"}],"wp:term":[{"taxonomy":"product_brand","embeddable":true,"href":"https:\/\/www.rxbriefcase.com\/fr\/wp-json\/wp\/v2\/product_brand?post=11855"},{"taxonomy":"product_cat","embeddable":true,"href":"https:\/\/www.rxbriefcase.com\/fr\/wp-json\/wp\/v2\/product_cat?post=11855"},{"taxonomy":"product_tag","embeddable":true,"href":"https:\/\/www.rxbriefcase.com\/fr\/wp-json\/wp\/v2\/product_tag?post=11855"}],"curies":[{"name":"wp","href":"https:\/\/api.w.org\/{rel}","templated":true}]}}