{"id":11691,"date":"2025-07-28T08:46:21","date_gmt":"2025-07-28T13:46:21","guid":{"rendered":"https:\/\/www.rxbriefcase.com\/product\/optimiser-la-prise-en-charge-de-la-cbp-traitements-emergents-stratification-du-risque-et-soins-centres-sur-le-patient\/?courseid="},"modified":"2026-04-13T12:47:19","modified_gmt":"2026-04-13T17:47:19","slug":"optimiser-la-prise-en-charge-de-la-cbp-traitements-emergents-stratification-du-risque-et-soins-centres-sur-le-patient","status":"publish","type":"product","link":"https:\/\/www.rxbriefcase.com\/fr\/product\/optimiser-la-prise-en-charge-de-la-cbp-traitements-emergents-stratification-du-risque-et-soins-centres-sur-le-patient\/?courseid=","title":{"rendered":"Optimiser la prise en charge de la CBP : traitements \u00e9mergents, stratification du risque et soins centr\u00e9s sur le patient"},"content":{"rendered":"<p dir=\"ltr\" style=\"text-align: left\">Ce programme de formation m\u00e9dicale continue (FMC) en ligne, accr\u00e9dit\u00e9 au titre de la section&nbsp;3 du programme de Maintien du certificat (MDC) du Coll\u00e8ge royal des m\u00e9decins et chirurgiens du Canada (CRMCC), s\u2019adresse aux professionnels de la sant\u00e9 du Canada. D\u2019une dur\u00e9e de 30&nbsp;minutes, il propose des recommandations fond\u00e9es sur les donn\u00e9es probantes pour la prise en charge de la cholangite biliaire primitive (CBP), avec un accent particulier sur la stratification du risque, l\u2019initiation d\u2019un traitement de deuxi\u00e8me intention et la gestion des sympt\u00f4mes. Reposant sur des cas cliniques concrets, ce programme pr\u00e9sente des strat\u00e9gies pour prendre des d\u00e9cisions th\u00e9rapeutiques en temps opportun, passe en revue les donn\u00e9es relatives aux traitements de deuxi\u00e8me intention (p. ex.&nbsp;: OCA, elafibranor) et souligne l\u2019importance d\u2019une approche multidisciplinaire pour optimiser les soins centr\u00e9s sur le patient.&nbsp;<\/p>\n<hr>\n<p dir=\"ltr\" style=\"text-align: left\">Ce programme a re\u00e7u une subvention \u00e9ducative de la part d&#8217;Ipsen Biopharmaceuticals Inc.<\/p>","protected":false},"excerpt":{"rendered":"<p>Ce programme de formation m\u00e9dicale continue (FMC) en ligne, accr\u00e9dit\u00e9 au titre de la section&nbsp;3 du programme de Maintien du certificat (MDC) du Coll\u00e8ge royal des m\u00e9decins et chirurgiens du Canada (CRMCC), s\u2019adresse aux professionnels de la sant\u00e9 du Canada. D\u2019une dur\u00e9e de 30&nbsp;minutes, il propose des recommandations fond\u00e9es sur les donn\u00e9es probantes pour la [&hellip;]<\/p>\n","protected":false},"featured_media":0,"comment_status":"closed","ping_status":"closed","template":"","meta":{"_acf_changed":false,"inline_featured_image":false},"product_brand":[],"product_cat":[],"product_tag":[],"class_list":{"0":"post-11691","1":"product","2":"type-product","3":"status-publish","6":"first","7":"instock","8":"downloadable","9":"virtual","10":"taxable","11":"purchasable","12":"product-type-simple"},"acf":[],"yoast_head":"<!-- This site is optimized with the Yoast SEO plugin v27.2 - https:\/\/yoast.com\/product\/yoast-seo-wordpress\/ -->\n<title>Optimiser la prise en charge de la CBP : traitements \u00e9mergents, stratification du risque et soins centr\u00e9s sur le patient - RxBriefCase<\/title>\n<meta name=\"robots\" content=\"noindex, follow\" \/>\n<meta property=\"og:locale\" content=\"fr_CA\" \/>\n<meta property=\"og:type\" content=\"article\" \/>\n<meta property=\"og:title\" content=\"Optimiser la prise en charge de la CBP : traitements \u00e9mergents, stratification du risque et soins centr\u00e9s sur le patient - RxBriefCase\" \/>\n<meta property=\"og:description\" content=\"Ce programme de formation m\u00e9dicale continue (FMC) en ligne, accr\u00e9dit\u00e9 au titre de la section&nbsp;3 du programme de Maintien du certificat (MDC) du Coll\u00e8ge royal des m\u00e9decins et chirurgiens du Canada (CRMCC), s\u2019adresse aux professionnels de la sant\u00e9 du Canada. D\u2019une dur\u00e9e de 30&nbsp;minutes, il propose des recommandations fond\u00e9es sur les donn\u00e9es probantes pour la [&hellip;]\" \/>\n<meta property=\"og:url\" content=\"https:\/\/www.rxbriefcase.com\/fr\/product\/optimiser-la-prise-en-charge-de-la-cbp-traitements-emergents-stratification-du-risque-et-soins-centres-sur-le-patient\/?courseid=\" \/>\n<meta property=\"og:site_name\" content=\"RxBriefCase\" \/>\n<meta property=\"article:modified_time\" content=\"2026-04-13T17:47:19+00:00\" \/>\n<meta name=\"twitter:card\" content=\"summary_large_image\" \/>\n<meta name=\"twitter:label1\" content=\"Est. reading time\" \/>\n\t<meta name=\"twitter:data1\" content=\"1 minute\" \/>\n<script type=\"application\/ld+json\" class=\"yoast-schema-graph\">{\"@context\":\"https:\/\/schema.org\",\"@graph\":[{\"@type\":\"WebPage\",\"@id\":\"https:\/\/www.rxbriefcase.com\/product\/optimiser-la-prise-en-charge-de-la-cbp-traitements-emergents-stratification-du-risque-et-soins-centres-sur-le-patient\/?courseid=\",\"url\":\"https:\/\/www.rxbriefcase.com\/product\/optimiser-la-prise-en-charge-de-la-cbp-traitements-emergents-stratification-du-risque-et-soins-centres-sur-le-patient\/?courseid=\",\"name\":\"Optimiser la prise en charge de la CBP : traitements \u00e9mergents, stratification du risque et soins centr\u00e9s sur le patient - RxBriefCase\",\"isPartOf\":{\"@id\":\"https:\/\/www.rxbriefcase.com\/#website\"},\"datePublished\":\"2025-07-28T13:46:21+00:00\",\"dateModified\":\"2026-04-13T17:47:19+00:00\",\"breadcrumb\":{\"@id\":\"https:\/\/www.rxbriefcase.com\/product\/optimiser-la-prise-en-charge-de-la-cbp-traitements-emergents-stratification-du-risque-et-soins-centres-sur-le-patient\/?courseid=#breadcrumb\"},\"inLanguage\":\"fr-CA\",\"potentialAction\":[{\"@type\":\"ReadAction\",\"target\":[\"https:\/\/www.rxbriefcase.com\/product\/optimiser-la-prise-en-charge-de-la-cbp-traitements-emergents-stratification-du-risque-et-soins-centres-sur-le-patient\/?courseid=\"]}]},{\"@type\":\"BreadcrumbList\",\"@id\":\"https:\/\/www.rxbriefcase.com\/product\/optimiser-la-prise-en-charge-de-la-cbp-traitements-emergents-stratification-du-risque-et-soins-centres-sur-le-patient\/?courseid=#breadcrumb\",\"itemListElement\":[{\"@type\":\"ListItem\",\"position\":1,\"name\":\"Home\",\"item\":\"https:\/\/www.rxbriefcase.com\/\"},{\"@type\":\"ListItem\",\"position\":2,\"name\":\"Shop\",\"item\":\"https:\/\/www.rxbriefcase.com\/shop\/\"},{\"@type\":\"ListItem\",\"position\":3,\"name\":\"Optimiser la prise en charge de la CBP : traitements \u00e9mergents, stratification du risque et soins centr\u00e9s sur le patient\"}]},{\"@type\":\"WebSite\",\"@id\":\"https:\/\/www.rxbriefcase.com\/#website\",\"url\":\"https:\/\/www.rxbriefcase.com\/\",\"name\":\"RxBriefCase\",\"description\":\"\",\"publisher\":{\"@id\":\"https:\/\/www.rxbriefcase.com\/#organization\"},\"potentialAction\":[{\"@type\":\"SearchAction\",\"target\":{\"@type\":\"EntryPoint\",\"urlTemplate\":\"https:\/\/www.rxbriefcase.com\/?s={search_term_string}\"},\"query-input\":{\"@type\":\"PropertyValueSpecification\",\"valueRequired\":true,\"valueName\":\"search_term_string\"}}],\"inLanguage\":\"fr-CA\"},{\"@type\":\"Organization\",\"@id\":\"https:\/\/www.rxbriefcase.com\/#organization\",\"name\":\"RxBriefCase\",\"url\":\"https:\/\/www.rxbriefcase.com\/\",\"logo\":{\"@type\":\"ImageObject\",\"inLanguage\":\"fr-CA\",\"@id\":\"https:\/\/www.rxbriefcase.com\/#\/schema\/logo\/image\/\",\"url\":\"https:\/\/www.rxbriefcase.com\/wp-content\/uploads\/2024\/07\/logo.webp\",\"contentUrl\":\"https:\/\/www.rxbriefcase.com\/wp-content\/uploads\/2024\/07\/logo.webp\",\"width\":190,\"height\":36,\"caption\":\"RxBriefCase\"},\"image\":{\"@id\":\"https:\/\/www.rxbriefcase.com\/#\/schema\/logo\/image\/\"}}]}<\/script>\n<!-- \/ Yoast SEO plugin. -->","yoast_head_json":{"title":"Optimiser la prise en charge de la CBP : traitements \u00e9mergents, stratification du risque et soins centr\u00e9s sur le patient - RxBriefCase","robots":{"index":"noindex","follow":"follow"},"og_locale":"fr_CA","og_type":"article","og_title":"Optimiser la prise en charge de la CBP : traitements \u00e9mergents, stratification du risque et soins centr\u00e9s sur le patient - RxBriefCase","og_description":"Ce programme de formation m\u00e9dicale continue (FMC) en ligne, accr\u00e9dit\u00e9 au titre de la section&nbsp;3 du programme de Maintien du certificat (MDC) du Coll\u00e8ge royal des m\u00e9decins et chirurgiens du Canada (CRMCC), s\u2019adresse aux professionnels de la sant\u00e9 du Canada. D\u2019une dur\u00e9e de 30&nbsp;minutes, il propose des recommandations fond\u00e9es sur les donn\u00e9es probantes pour la [&hellip;]","og_url":"https:\/\/www.rxbriefcase.com\/fr\/product\/optimiser-la-prise-en-charge-de-la-cbp-traitements-emergents-stratification-du-risque-et-soins-centres-sur-le-patient\/?courseid=","og_site_name":"RxBriefCase","article_modified_time":"2026-04-13T17:47:19+00:00","twitter_card":"summary_large_image","twitter_misc":{"Est. reading time":"1 minute"},"schema":{"@context":"https:\/\/schema.org","@graph":[{"@type":"WebPage","@id":"https:\/\/www.rxbriefcase.com\/product\/optimiser-la-prise-en-charge-de-la-cbp-traitements-emergents-stratification-du-risque-et-soins-centres-sur-le-patient\/?courseid=","url":"https:\/\/www.rxbriefcase.com\/product\/optimiser-la-prise-en-charge-de-la-cbp-traitements-emergents-stratification-du-risque-et-soins-centres-sur-le-patient\/?courseid=","name":"Optimiser la prise en charge de la CBP : traitements \u00e9mergents, stratification du risque et soins centr\u00e9s sur le patient - RxBriefCase","isPartOf":{"@id":"https:\/\/www.rxbriefcase.com\/#website"},"datePublished":"2025-07-28T13:46:21+00:00","dateModified":"2026-04-13T17:47:19+00:00","breadcrumb":{"@id":"https:\/\/www.rxbriefcase.com\/product\/optimiser-la-prise-en-charge-de-la-cbp-traitements-emergents-stratification-du-risque-et-soins-centres-sur-le-patient\/?courseid=#breadcrumb"},"inLanguage":"fr-CA","potentialAction":[{"@type":"ReadAction","target":["https:\/\/www.rxbriefcase.com\/product\/optimiser-la-prise-en-charge-de-la-cbp-traitements-emergents-stratification-du-risque-et-soins-centres-sur-le-patient\/?courseid="]}]},{"@type":"BreadcrumbList","@id":"https:\/\/www.rxbriefcase.com\/product\/optimiser-la-prise-en-charge-de-la-cbp-traitements-emergents-stratification-du-risque-et-soins-centres-sur-le-patient\/?courseid=#breadcrumb","itemListElement":[{"@type":"ListItem","position":1,"name":"Home","item":"https:\/\/www.rxbriefcase.com\/"},{"@type":"ListItem","position":2,"name":"Shop","item":"https:\/\/www.rxbriefcase.com\/shop\/"},{"@type":"ListItem","position":3,"name":"Optimiser la prise en charge de la CBP : traitements \u00e9mergents, stratification du risque et soins centr\u00e9s sur le patient"}]},{"@type":"WebSite","@id":"https:\/\/www.rxbriefcase.com\/#website","url":"https:\/\/www.rxbriefcase.com\/","name":"Mallette Rx","description":"","publisher":{"@id":"https:\/\/www.rxbriefcase.com\/#organization"},"potentialAction":[{"@type":"SearchAction","target":{"@type":"EntryPoint","urlTemplate":"https:\/\/www.rxbriefcase.com\/?s={search_term_string}"},"query-input":{"@type":"PropertyValueSpecification","valueRequired":true,"valueName":"search_term_string"}}],"inLanguage":"fr-CA"},{"@type":"Organization","@id":"https:\/\/www.rxbriefcase.com\/#organization","name":"Mallette Rx","url":"https:\/\/www.rxbriefcase.com\/","logo":{"@type":"ImageObject","inLanguage":"fr-CA","@id":"https:\/\/www.rxbriefcase.com\/#\/schema\/logo\/image\/","url":"https:\/\/www.rxbriefcase.com\/wp-content\/uploads\/2024\/07\/logo.webp","contentUrl":"https:\/\/www.rxbriefcase.com\/wp-content\/uploads\/2024\/07\/logo.webp","width":190,"height":36,"caption":"RxBriefCase"},"image":{"@id":"https:\/\/www.rxbriefcase.com\/#\/schema\/logo\/image\/"}}]}},"_links":{"self":[{"href":"https:\/\/www.rxbriefcase.com\/fr\/wp-json\/wp\/v2\/product\/11691","targetHints":{"allow":["GET"]}}],"collection":[{"href":"https:\/\/www.rxbriefcase.com\/fr\/wp-json\/wp\/v2\/product"}],"about":[{"href":"https:\/\/www.rxbriefcase.com\/fr\/wp-json\/wp\/v2\/types\/product"}],"replies":[{"embeddable":true,"href":"https:\/\/www.rxbriefcase.com\/fr\/wp-json\/wp\/v2\/comments?post=11691"}],"wp:attachment":[{"href":"https:\/\/www.rxbriefcase.com\/fr\/wp-json\/wp\/v2\/media?parent=11691"}],"wp:term":[{"taxonomy":"product_brand","embeddable":true,"href":"https:\/\/www.rxbriefcase.com\/fr\/wp-json\/wp\/v2\/product_brand?post=11691"},{"taxonomy":"product_cat","embeddable":true,"href":"https:\/\/www.rxbriefcase.com\/fr\/wp-json\/wp\/v2\/product_cat?post=11691"},{"taxonomy":"product_tag","embeddable":true,"href":"https:\/\/www.rxbriefcase.com\/fr\/wp-json\/wp\/v2\/product_tag?post=11691"}],"curies":[{"name":"wp","href":"https:\/\/api.w.org\/{rel}","templated":true}]}}