{"id":10275,"date":"2025-07-11T11:06:19","date_gmt":"2025-07-11T16:06:19","guid":{"rendered":"https:\/\/www.rxbriefcase.com\/product\/traitement-de-la-douleur-aigue-en-pratique-de-la-pharmacie-analgesiques-oraux-et-topiques\/?courseid="},"modified":"2026-04-13T12:47:19","modified_gmt":"2026-04-13T17:47:19","slug":"traitement-de-la-douleur-aigue-en-pratique-de-la-pharmacie-analgesiques-oraux-et-topiques","status":"publish","type":"product","link":"https:\/\/www.rxbriefcase.com\/fr\/product\/traitement-de-la-douleur-aigue-en-pratique-de-la-pharmacie-analgesiques-oraux-et-topiques\/?courseid=","title":{"rendered":"Traitement de la douleur aigu\u00eb en pratique de la pharmacie : Analg\u00e9siques oraux et topiques"},"content":{"rendered":"<p dir=\"ltr\" style=\"text-align: left\">Ce programme de formation m\u00e9dicale continue (FMC) a \u00e9t\u00e9 \u00e9labor\u00e9 dans le but d\u2019offrir aux pharmaciens canadiens et aux techniciens en pharmacie des conseils factuels sur l\u2019usage des analg\u00e9siques oraux et topiques pour la prise en charge de la douleur aigu\u00eb l\u00e9g\u00e8re \u00e0 mod\u00e9r\u00e9e. \u00c0 l\u2019aide d\u2019une approche bas\u00e9e sur des cas de patients, ce programme explore en d\u00e9tail l\u2019application clinique des analg\u00e9siques oraux et topiques, rectifie les id\u00e9es fausses au sujet de l\u2019innocuit\u00e9 des analg\u00e9siques \u00e0 prise orale en vente libre et propose des strat\u00e9gies permettant d\u2019att\u00e9nuer les risques, en adoptant des approches pratiques pour optimiser les soins prodigu\u00e9s aux patients.<\/p>\n<h3><strong>Caract\u00e9ristiques du cours&nbsp;:&nbsp;<\/strong><\/h3>\n<p dir=\"ltr\" style=\"font-size: 0.9375rem;color: #55598A\">&#8211; 3 cours vid\u00e9o,&nbsp;<br \/>&#8211; 3 questionnaires interactifs,&nbsp;<br \/>&#8211; 1 ressource t\u00e9l\u00e9chargeable.&nbsp;&nbsp;<\/p>\n<h3><strong>Contenu abord\u00e9 :&nbsp;<\/strong><\/h3>\n<p><span style=\"font-size: 0.9375rem;color: #55598A\"><b>Module 1:<\/b><\/span> Utilisation factuelle des analg\u00e9siques oraux pour la douleur aigu\u00eb l\u00e9g\u00e8re \u00e0 mod\u00e9r\u00e9e,&nbsp;<br \/>\n    <span style=\"font-size: 0.9375rem;color: #55598A\"><b>Module 2:<\/b><\/span> Rectifier les id\u00e9es fausses au sujet des AINS oraux en vente libre : Risques GI et CV,&nbsp;<br \/>\n    <span style=\"font-size: 0.9375rem;color: #55598A\"><b>Module 3:<\/b><\/span> Utilisation factuelle des analg\u00e9siques topiques pour la douleur aigu\u00eb.&nbsp;\n<\/p>\n<hr>\n<p dir=\"ltr\" style=\"text-align: left\">Ce programme de formation a \u00e9t\u00e9 produit gr\u00e2ce au soutien financier d\u2019Haleon sous forme de subvention \u00e0 l\u2019\u00e9ducation.<\/p>","protected":false},"excerpt":{"rendered":"<p>Ce programme de formation m\u00e9dicale continue (FMC) a \u00e9t\u00e9 \u00e9labor\u00e9 dans le but d\u2019offrir aux pharmaciens canadiens et aux techniciens en pharmacie des conseils factuels sur l\u2019usage des analg\u00e9siques oraux et topiques pour la prise en charge de la douleur aigu\u00eb l\u00e9g\u00e8re \u00e0 mod\u00e9r\u00e9e. \u00c0 l\u2019aide d\u2019une approche bas\u00e9e sur des cas de patients, ce [&hellip;]<\/p>\n","protected":false},"featured_media":0,"comment_status":"closed","ping_status":"closed","template":"","meta":{"_acf_changed":false,"inline_featured_image":false},"product_brand":[],"product_cat":[],"product_tag":[],"class_list":{"0":"post-10275","1":"product","2":"type-product","3":"status-publish","6":"first","7":"instock","8":"downloadable","9":"virtual","10":"taxable","11":"purchasable","12":"product-type-simple"},"acf":[],"yoast_head":"<!-- This site is optimized with the Yoast SEO plugin v27.2 - https:\/\/yoast.com\/product\/yoast-seo-wordpress\/ -->\n<title>Traitement de la douleur aigu\u00eb en pratique de la pharmacie : Analg\u00e9siques oraux et topiques - RxBriefCase<\/title>\n<meta name=\"robots\" content=\"noindex, follow\" \/>\n<meta property=\"og:locale\" content=\"fr_CA\" \/>\n<meta property=\"og:type\" content=\"article\" \/>\n<meta property=\"og:title\" content=\"Traitement de la douleur aigu\u00eb en pratique de la pharmacie : Analg\u00e9siques oraux et topiques - RxBriefCase\" \/>\n<meta property=\"og:description\" content=\"Ce programme de formation m\u00e9dicale continue (FMC) a \u00e9t\u00e9 \u00e9labor\u00e9 dans le but d\u2019offrir aux pharmaciens canadiens et aux techniciens en pharmacie des conseils factuels sur l\u2019usage des analg\u00e9siques oraux et topiques pour la prise en charge de la douleur aigu\u00eb l\u00e9g\u00e8re \u00e0 mod\u00e9r\u00e9e. \u00c0 l\u2019aide d\u2019une approche bas\u00e9e sur des cas de patients, ce [&hellip;]\" \/>\n<meta property=\"og:url\" content=\"https:\/\/www.rxbriefcase.com\/fr\/product\/traitement-de-la-douleur-aigue-en-pratique-de-la-pharmacie-analgesiques-oraux-et-topiques\/?courseid=\" \/>\n<meta property=\"og:site_name\" content=\"RxBriefCase\" \/>\n<meta property=\"article:modified_time\" content=\"2026-04-13T17:47:19+00:00\" \/>\n<meta name=\"twitter:card\" content=\"summary_large_image\" \/>\n<meta name=\"twitter:label1\" content=\"Est. reading time\" \/>\n\t<meta name=\"twitter:data1\" content=\"1 minute\" \/>\n<script type=\"application\/ld+json\" class=\"yoast-schema-graph\">{\"@context\":\"https:\/\/schema.org\",\"@graph\":[{\"@type\":\"WebPage\",\"@id\":\"https:\/\/www.rxbriefcase.com\/product\/traitement-de-la-douleur-aigue-en-pratique-de-la-pharmacie-analgesiques-oraux-et-topiques\/?courseid=\",\"url\":\"https:\/\/www.rxbriefcase.com\/product\/traitement-de-la-douleur-aigue-en-pratique-de-la-pharmacie-analgesiques-oraux-et-topiques\/?courseid=\",\"name\":\"Traitement de la douleur aigu\u00eb en pratique de la pharmacie : Analg\u00e9siques oraux et topiques - RxBriefCase\",\"isPartOf\":{\"@id\":\"https:\/\/www.rxbriefcase.com\/#website\"},\"datePublished\":\"2025-07-11T16:06:19+00:00\",\"dateModified\":\"2026-04-13T17:47:19+00:00\",\"breadcrumb\":{\"@id\":\"https:\/\/www.rxbriefcase.com\/product\/traitement-de-la-douleur-aigue-en-pratique-de-la-pharmacie-analgesiques-oraux-et-topiques\/?courseid=#breadcrumb\"},\"inLanguage\":\"fr-CA\",\"potentialAction\":[{\"@type\":\"ReadAction\",\"target\":[\"https:\/\/www.rxbriefcase.com\/product\/traitement-de-la-douleur-aigue-en-pratique-de-la-pharmacie-analgesiques-oraux-et-topiques\/?courseid=\"]}]},{\"@type\":\"BreadcrumbList\",\"@id\":\"https:\/\/www.rxbriefcase.com\/product\/traitement-de-la-douleur-aigue-en-pratique-de-la-pharmacie-analgesiques-oraux-et-topiques\/?courseid=#breadcrumb\",\"itemListElement\":[{\"@type\":\"ListItem\",\"position\":1,\"name\":\"Home\",\"item\":\"https:\/\/www.rxbriefcase.com\/\"},{\"@type\":\"ListItem\",\"position\":2,\"name\":\"Shop\",\"item\":\"https:\/\/www.rxbriefcase.com\/shop\/\"},{\"@type\":\"ListItem\",\"position\":3,\"name\":\"Traitement de la douleur aigu\u00eb en pratique de la pharmacie : Analg\u00e9siques oraux et topiques\"}]},{\"@type\":\"WebSite\",\"@id\":\"https:\/\/www.rxbriefcase.com\/#website\",\"url\":\"https:\/\/www.rxbriefcase.com\/\",\"name\":\"RxBriefCase\",\"description\":\"\",\"publisher\":{\"@id\":\"https:\/\/www.rxbriefcase.com\/#organization\"},\"potentialAction\":[{\"@type\":\"SearchAction\",\"target\":{\"@type\":\"EntryPoint\",\"urlTemplate\":\"https:\/\/www.rxbriefcase.com\/?s={search_term_string}\"},\"query-input\":{\"@type\":\"PropertyValueSpecification\",\"valueRequired\":true,\"valueName\":\"search_term_string\"}}],\"inLanguage\":\"fr-CA\"},{\"@type\":\"Organization\",\"@id\":\"https:\/\/www.rxbriefcase.com\/#organization\",\"name\":\"RxBriefCase\",\"url\":\"https:\/\/www.rxbriefcase.com\/\",\"logo\":{\"@type\":\"ImageObject\",\"inLanguage\":\"fr-CA\",\"@id\":\"https:\/\/www.rxbriefcase.com\/#\/schema\/logo\/image\/\",\"url\":\"https:\/\/www.rxbriefcase.com\/wp-content\/uploads\/2024\/07\/logo.webp\",\"contentUrl\":\"https:\/\/www.rxbriefcase.com\/wp-content\/uploads\/2024\/07\/logo.webp\",\"width\":190,\"height\":36,\"caption\":\"RxBriefCase\"},\"image\":{\"@id\":\"https:\/\/www.rxbriefcase.com\/#\/schema\/logo\/image\/\"}}]}<\/script>\n<!-- \/ Yoast SEO plugin. -->","yoast_head_json":{"title":"Traitement de la douleur aigu\u00eb en pratique de la pharmacie : Analg\u00e9siques oraux et topiques - RxBriefCase","robots":{"index":"noindex","follow":"follow"},"og_locale":"fr_CA","og_type":"article","og_title":"Traitement de la douleur aigu\u00eb en pratique de la pharmacie : Analg\u00e9siques oraux et topiques - RxBriefCase","og_description":"Ce programme de formation m\u00e9dicale continue (FMC) a \u00e9t\u00e9 \u00e9labor\u00e9 dans le but d\u2019offrir aux pharmaciens canadiens et aux techniciens en pharmacie des conseils factuels sur l\u2019usage des analg\u00e9siques oraux et topiques pour la prise en charge de la douleur aigu\u00eb l\u00e9g\u00e8re \u00e0 mod\u00e9r\u00e9e. \u00c0 l\u2019aide d\u2019une approche bas\u00e9e sur des cas de patients, ce [&hellip;]","og_url":"https:\/\/www.rxbriefcase.com\/fr\/product\/traitement-de-la-douleur-aigue-en-pratique-de-la-pharmacie-analgesiques-oraux-et-topiques\/?courseid=","og_site_name":"RxBriefCase","article_modified_time":"2026-04-13T17:47:19+00:00","twitter_card":"summary_large_image","twitter_misc":{"Est. reading time":"1 minute"},"schema":{"@context":"https:\/\/schema.org","@graph":[{"@type":"WebPage","@id":"https:\/\/www.rxbriefcase.com\/product\/traitement-de-la-douleur-aigue-en-pratique-de-la-pharmacie-analgesiques-oraux-et-topiques\/?courseid=","url":"https:\/\/www.rxbriefcase.com\/product\/traitement-de-la-douleur-aigue-en-pratique-de-la-pharmacie-analgesiques-oraux-et-topiques\/?courseid=","name":"Traitement de la douleur aigu\u00eb en pratique de la pharmacie : Analg\u00e9siques oraux et topiques - RxBriefCase","isPartOf":{"@id":"https:\/\/www.rxbriefcase.com\/#website"},"datePublished":"2025-07-11T16:06:19+00:00","dateModified":"2026-04-13T17:47:19+00:00","breadcrumb":{"@id":"https:\/\/www.rxbriefcase.com\/product\/traitement-de-la-douleur-aigue-en-pratique-de-la-pharmacie-analgesiques-oraux-et-topiques\/?courseid=#breadcrumb"},"inLanguage":"fr-CA","potentialAction":[{"@type":"ReadAction","target":["https:\/\/www.rxbriefcase.com\/product\/traitement-de-la-douleur-aigue-en-pratique-de-la-pharmacie-analgesiques-oraux-et-topiques\/?courseid="]}]},{"@type":"BreadcrumbList","@id":"https:\/\/www.rxbriefcase.com\/product\/traitement-de-la-douleur-aigue-en-pratique-de-la-pharmacie-analgesiques-oraux-et-topiques\/?courseid=#breadcrumb","itemListElement":[{"@type":"ListItem","position":1,"name":"Home","item":"https:\/\/www.rxbriefcase.com\/"},{"@type":"ListItem","position":2,"name":"Shop","item":"https:\/\/www.rxbriefcase.com\/shop\/"},{"@type":"ListItem","position":3,"name":"Traitement de la douleur aigu\u00eb en pratique de la pharmacie : Analg\u00e9siques oraux et topiques"}]},{"@type":"WebSite","@id":"https:\/\/www.rxbriefcase.com\/#website","url":"https:\/\/www.rxbriefcase.com\/","name":"Mallette Rx","description":"","publisher":{"@id":"https:\/\/www.rxbriefcase.com\/#organization"},"potentialAction":[{"@type":"SearchAction","target":{"@type":"EntryPoint","urlTemplate":"https:\/\/www.rxbriefcase.com\/?s={search_term_string}"},"query-input":{"@type":"PropertyValueSpecification","valueRequired":true,"valueName":"search_term_string"}}],"inLanguage":"fr-CA"},{"@type":"Organization","@id":"https:\/\/www.rxbriefcase.com\/#organization","name":"Mallette Rx","url":"https:\/\/www.rxbriefcase.com\/","logo":{"@type":"ImageObject","inLanguage":"fr-CA","@id":"https:\/\/www.rxbriefcase.com\/#\/schema\/logo\/image\/","url":"https:\/\/www.rxbriefcase.com\/wp-content\/uploads\/2024\/07\/logo.webp","contentUrl":"https:\/\/www.rxbriefcase.com\/wp-content\/uploads\/2024\/07\/logo.webp","width":190,"height":36,"caption":"RxBriefCase"},"image":{"@id":"https:\/\/www.rxbriefcase.com\/#\/schema\/logo\/image\/"}}]}},"_links":{"self":[{"href":"https:\/\/www.rxbriefcase.com\/fr\/wp-json\/wp\/v2\/product\/10275","targetHints":{"allow":["GET"]}}],"collection":[{"href":"https:\/\/www.rxbriefcase.com\/fr\/wp-json\/wp\/v2\/product"}],"about":[{"href":"https:\/\/www.rxbriefcase.com\/fr\/wp-json\/wp\/v2\/types\/product"}],"replies":[{"embeddable":true,"href":"https:\/\/www.rxbriefcase.com\/fr\/wp-json\/wp\/v2\/comments?post=10275"}],"wp:attachment":[{"href":"https:\/\/www.rxbriefcase.com\/fr\/wp-json\/wp\/v2\/media?parent=10275"}],"wp:term":[{"taxonomy":"product_brand","embeddable":true,"href":"https:\/\/www.rxbriefcase.com\/fr\/wp-json\/wp\/v2\/product_brand?post=10275"},{"taxonomy":"product_cat","embeddable":true,"href":"https:\/\/www.rxbriefcase.com\/fr\/wp-json\/wp\/v2\/product_cat?post=10275"},{"taxonomy":"product_tag","embeddable":true,"href":"https:\/\/www.rxbriefcase.com\/fr\/wp-json\/wp\/v2\/product_tag?post=10275"}],"curies":[{"name":"wp","href":"https:\/\/api.w.org\/{rel}","templated":true}]}}