{"id":644,"date":"2024-10-10T22:47:23","date_gmt":"2024-10-10T22:47:23","guid":{"rendered":"https:\/\/www.rxbriefcase.com\/?page_id=644"},"modified":"2025-01-31T13:00:43","modified_gmt":"2025-01-31T18:00:43","slug":"orders","status":"publish","type":"page","link":"https:\/\/www.rxbriefcase.com\/fr\/orders\/","title":{"rendered":"Ordres"},"content":{"rendered":"<div data-elementor-type=\"wp-page\" data-elementor-id=\"644\" class=\"elementor elementor-644\" data-elementor-post-type=\"page\">\n\t\t\t\t<div class=\"elementor-element elementor-element-1608570 e-flex e-con-boxed e-con e-parent\" data-id=\"1608570\" data-element_type=\"container\" data-e-type=\"container\">\n\t\t\t\t\t<div class=\"e-con-inner\">\n\t\t<div class=\"elementor-element elementor-element-7b50e58 e-con-full e-flex e-con e-child\" data-id=\"7b50e58\" data-element_type=\"container\" data-e-type=\"container\" data-settings=\"{&quot;background_background&quot;:&quot;classic&quot;}\">\n\t\t\t\t<div class=\"elementor-element elementor-element-f5ecf2e elementor-widget elementor-widget-heading\" data-id=\"f5ecf2e\" data-element_type=\"widget\" data-e-type=\"widget\" data-widget_type=\"heading.default\">\n\t\t\t\t<div class=\"elementor-widget-container\">\n\t\t\t\t\t<h2 class=\"elementor-heading-title elementor-size-default\">ORDERS<\/h2>\t\t\t\t<\/div>\n\t\t\t\t<\/div>\n\t\t\t\t<div class=\"elementor-element elementor-element-267781b elementor-widget elementor-widget-shortcode\" data-id=\"267781b\" data-element_type=\"widget\" data-e-type=\"widget\" data-widget_type=\"shortcode.default\">\n\t\t\t\t<div class=\"elementor-widget-container\">\n\t\t\t\t\t<p>Please log in to view your orders.<\/p>\r\n\t<style>\r\n\r\n\t<\/style>\r\n\r\n\t\t\t<div class=\"elementor-shortcode\"><\/div>\n\t\t\t\t\t\t<\/div>\n\t\t\t\t<\/div>\n\t\t<div class=\"elementor-element elementor-element-86ba0f0 e-con-full no-orders e-flex e-con e-child\" data-id=\"86ba0f0\" data-element_type=\"container\" data-e-type=\"container\" data-no-translation=\"\">\n\t\t\t\t<div class=\"elementor-element elementor-element-efe2b9f elementor-view-stacked elementor-shape-rounded elementor-position-inline-start elementor-mobile-position-inline-start elementor-widget elementor-widget-icon-box\" data-id=\"efe2b9f\" data-element_type=\"widget\" data-e-type=\"widget\" data-widget_type=\"icon-box.default\">\n\t\t\t\t<div class=\"elementor-widget-container\">\n\t\t\t\t\t\t\t<div class=\"elementor-icon-box-wrapper\">\n\n\t\t\t\t\t\t<div class=\"elementor-icon-box-icon\">\n\t\t\t\t<span  class=\"elementor-icon\">\n\t\t\t\t<svg xmlns=\"http:\/\/www.w3.org\/2000\/svg\" xmlns:xlink=\"http:\/\/www.w3.org\/1999\/xlink\" id=\"Layer_1\" x=\"0px\" y=\"0px\" viewbox=\"0 0 1080 1080\" style=\"enable-background:new 0 0 1080 1080;\" xml:space=\"preserve\"><g>\t<path d=\"M540,1005c-8.3,0-16.6-1.5-24.5-4.6c-18-7-27.8-20.2-40.3-36.8L409.5,876c-10.4-13.8-16.6-22.2-20.7-25.5  c-5.3-4.5-11.7-7.7-18.5-9.2c-5.1-1.2-15.5-1.2-32.8-1.2c-68.8,0-103.3,0-136.4-13.7c-44.4-18.4-79-53-97.4-97.4  C90,695.8,90,661.3,90,592.5V336c0-80.1,0-124.2,19.6-162.7c17.4-34.1,44.6-61.3,78.7-78.7C226.8,75,270.9,75,351,75h378  c80.1,0,124.2,0,162.7,19.6c34.1,17.4,61.3,44.6,78.7,78.7C990,211.8,990,255.9,990,336v256.5c0,68.8,0,103.3-13.7,136.4  c-18.4,44.4-53,79-97.4,97.4C845.8,840,811.3,840,742.5,840c-17.3,0-27.7,0-32.8,1.2c-6.8,1.6-13.2,4.8-18.5,9.3  c-4,3.4-10.3,11.7-20.7,25.5l-65.7,87.6c-12.5,16.7-22.4,29.8-40.3,36.8C556.6,1003.5,548.3,1005,540,1005z M481.5,822l58.5,78  l58.5-78c14.3-19.1,22.9-30.6,35-40.7c16-13.4,35.2-23,55.5-27.7c15.3-3.6,28.9-3.6,53.5-3.6c55.1,0,85.4,0,101.9-6.9  c22.2-9.2,39.5-26.5,48.7-48.7c6.9-16.5,6.9-46.9,6.9-101.9V336c0-66.2,0-102.6-9.8-121.9c-8.7-17-22.3-30.6-39.3-39.3  C831.6,165,795.2,165,729,165H351c-66.2,0-102.6,0-121.9,9.8c-17,8.7-30.6,22.3-39.3,39.3C180,233.4,180,269.8,180,336v256.5  c0,55.1,0,85.4,6.9,101.9c9.2,22.2,26.5,39.5,48.7,48.7c16.5,6.9,46.9,6.9,101.9,6.9c24.6,0,38.2,0,53.5,3.6  c20.3,4.8,39.5,14.4,55.5,27.7C458.6,791.4,466.7,802.3,481.5,822L481.5,822L481.5,822z M540.5,660H540c-24.9,0-45-20.1-45-45  c0-24.9,20.1-45,45-45h0.5c24.9,0,45,20.1,45,45C585.5,639.8,565.3,660,540.5,660z M540,502.5c-24.9,0-45-20.1-45-45V300  c0-24.9,20.1-45,45-45c24.9,0,45,20.1,45,45v157.5C585,482.3,564.9,502.5,540,502.5z\"><\/path><\/g><\/svg>\t\t\t\t<\/span>\n\t\t\t<\/div>\n\t\t\t\n\t\t\t\t\t\t<div class=\"elementor-icon-box-content\">\n\n\t\t\t\t\t\t\t\t\t<h3 class=\"elementor-icon-box-title\">\n\t\t\t\t\t\t<span  >\n\t\t\t\t\t\t\tAucune commande n'a encore \u00e9t\u00e9 pass\u00e9e\t\t\t\t\t\t<\/span>\n\t\t\t\t\t<\/h3>\n\t\t\t\t\n\t\t\t\t\n\t\t\t<\/div>\n\t\t\t\n\t\t<\/div>\n\t\t\t\t\t\t<\/div>\n\t\t\t\t<\/div>\n\t\t\t\t<div class=\"elementor-element elementor-element-13ebf0f elementor-widget elementor-widget-button\" data-id=\"13ebf0f\" data-element_type=\"widget\" data-e-type=\"widget\" data-widget_type=\"button.default\">\n\t\t\t\t<div class=\"elementor-widget-container\">\n\t\t\t\t\t\t\t\t\t<div class=\"elementor-button-wrapper\">\n\t\t\t\t\t<a class=\"elementor-button elementor-button-link elementor-size-sm\" href=\"https:\/\/www.rxbriefcase.com\/fr\/courses-catalog\/\">\n\t\t\t\t\t\t<span class=\"elementor-button-content-wrapper\">\n\t\t\t\t\t\t\t\t\t<span class=\"elementor-button-text\">Parcourir les cours<\/span>\n\t\t\t\t\t<\/span>\n\t\t\t\t\t<\/a>\n\t\t\t\t<\/div>\n\t\t\t\t\t\t\t\t<\/div>\n\t\t\t\t<\/div>\n\t\t\t\t<\/div>\n\t\t\t\t<\/div>\n\t\t\t\t\t<\/div>\n\t\t\t\t<\/div>\n\t\t\t\t<\/div>","protected":false},"excerpt":{"rendered":"<p>ORDERS No order has been made yet Browse Courses Aucune commande n&#8217;a encore \u00e9t\u00e9 pass\u00e9e Parcourir les cours<\/p>","protected":false},"author":25,"featured_media":0,"parent":0,"menu_order":0,"comment_status":"closed","ping_status":"closed","template":"elementor_header_footer","meta":{"_acf_changed":false,"inline_featured_image":false,"productId":0,"courseId":0,"footnotes":""},"class_list":["post-644","page","type-page","status-publish","hentry"],"acf":[],"yoast_head":"<!-- This site is optimized with the Yoast SEO plugin v27.2 - https:\/\/yoast.com\/product\/yoast-seo-wordpress\/ -->\n<title>Orders - RxBriefCase<\/title>\n<meta name=\"robots\" content=\"index, follow, max-snippet:-1, max-image-preview:large, max-video-preview:-1\" \/>\n<link rel=\"canonical\" href=\"https:\/\/www.rxbriefcase.com\/fr\/orders\/\" \/>\n<meta property=\"og:locale\" content=\"fr_CA\" \/>\n<meta property=\"og:type\" content=\"article\" \/>\n<meta property=\"og:title\" content=\"Orders - RxBriefCase\" \/>\n<meta property=\"og:description\" content=\"ORDERS No order has been made yet Browse Courses Aucune commande n&#8217;a encore \u00e9t\u00e9 pass\u00e9e Parcourir les cours\" \/>\n<meta property=\"og:url\" content=\"https:\/\/www.rxbriefcase.com\/fr\/orders\/\" \/>\n<meta property=\"og:site_name\" content=\"RxBriefCase\" \/>\n<meta property=\"article:modified_time\" content=\"2025-01-31T18:00:43+00:00\" \/>\n<meta name=\"twitter:card\" content=\"summary_large_image\" \/>\n<meta name=\"twitter:label1\" content=\"Est. reading time\" \/>\n\t<meta name=\"twitter:data1\" content=\"3 minutes\" \/>\n<script type=\"application\/ld+json\" class=\"yoast-schema-graph\">{\"@context\":\"https:\/\/schema.org\",\"@graph\":[{\"@type\":\"WebPage\",\"@id\":\"https:\/\/www.rxbriefcase.com\/orders\/\",\"url\":\"https:\/\/www.rxbriefcase.com\/orders\/\",\"name\":\"Orders - RxBriefCase\",\"isPartOf\":{\"@id\":\"https:\/\/www.rxbriefcase.com\/#website\"},\"datePublished\":\"2024-10-10T22:47:23+00:00\",\"dateModified\":\"2025-01-31T18:00:43+00:00\",\"breadcrumb\":{\"@id\":\"https:\/\/www.rxbriefcase.com\/orders\/#breadcrumb\"},\"inLanguage\":\"fr-CA\",\"potentialAction\":[{\"@type\":\"ReadAction\",\"target\":[\"https:\/\/www.rxbriefcase.com\/orders\/\"]}]},{\"@type\":\"BreadcrumbList\",\"@id\":\"https:\/\/www.rxbriefcase.com\/orders\/#breadcrumb\",\"itemListElement\":[{\"@type\":\"ListItem\",\"position\":1,\"name\":\"Home\",\"item\":\"https:\/\/www.rxbriefcase.com\/\"},{\"@type\":\"ListItem\",\"position\":2,\"name\":\"Orders\"}]},{\"@type\":\"WebSite\",\"@id\":\"https:\/\/www.rxbriefcase.com\/#website\",\"url\":\"https:\/\/www.rxbriefcase.com\/\",\"name\":\"RxBriefCase\",\"description\":\"\",\"publisher\":{\"@id\":\"https:\/\/www.rxbriefcase.com\/#organization\"},\"potentialAction\":[{\"@type\":\"SearchAction\",\"target\":{\"@type\":\"EntryPoint\",\"urlTemplate\":\"https:\/\/www.rxbriefcase.com\/?s={search_term_string}\"},\"query-input\":{\"@type\":\"PropertyValueSpecification\",\"valueRequired\":true,\"valueName\":\"search_term_string\"}}],\"inLanguage\":\"fr-CA\"},{\"@type\":\"Organization\",\"@id\":\"https:\/\/www.rxbriefcase.com\/#organization\",\"name\":\"RxBriefCase\",\"url\":\"https:\/\/www.rxbriefcase.com\/\",\"logo\":{\"@type\":\"ImageObject\",\"inLanguage\":\"fr-CA\",\"@id\":\"https:\/\/www.rxbriefcase.com\/#\/schema\/logo\/image\/\",\"url\":\"https:\/\/www.rxbriefcase.com\/wp-content\/uploads\/2024\/07\/logo.webp\",\"contentUrl\":\"https:\/\/www.rxbriefcase.com\/wp-content\/uploads\/2024\/07\/logo.webp\",\"width\":190,\"height\":36,\"caption\":\"RxBriefCase\"},\"image\":{\"@id\":\"https:\/\/www.rxbriefcase.com\/#\/schema\/logo\/image\/\"}}]}<\/script>\n<!-- \/ Yoast SEO plugin. -->","yoast_head_json":{"title":"Orders - RxBriefCase","robots":{"index":"index","follow":"follow","max-snippet":"max-snippet:-1","max-image-preview":"max-image-preview:large","max-video-preview":"max-video-preview:-1"},"canonical":"https:\/\/www.rxbriefcase.com\/fr\/orders\/","og_locale":"fr_CA","og_type":"article","og_title":"Orders - RxBriefCase","og_description":"ORDERS No order has been made yet Browse Courses Aucune commande n&#8217;a encore \u00e9t\u00e9 pass\u00e9e Parcourir les cours","og_url":"https:\/\/www.rxbriefcase.com\/fr\/orders\/","og_site_name":"RxBriefCase","article_modified_time":"2025-01-31T18:00:43+00:00","twitter_card":"summary_large_image","twitter_misc":{"Est. reading time":"3 minutes"},"schema":{"@context":"https:\/\/schema.org","@graph":[{"@type":"WebPage","@id":"https:\/\/www.rxbriefcase.com\/orders\/","url":"https:\/\/www.rxbriefcase.com\/orders\/","name":"Orders - RxBriefCase","isPartOf":{"@id":"https:\/\/www.rxbriefcase.com\/#website"},"datePublished":"2024-10-10T22:47:23+00:00","dateModified":"2025-01-31T18:00:43+00:00","breadcrumb":{"@id":"https:\/\/www.rxbriefcase.com\/orders\/#breadcrumb"},"inLanguage":"fr-CA","potentialAction":[{"@type":"ReadAction","target":["https:\/\/www.rxbriefcase.com\/orders\/"]}]},{"@type":"BreadcrumbList","@id":"https:\/\/www.rxbriefcase.com\/orders\/#breadcrumb","itemListElement":[{"@type":"ListItem","position":1,"name":"Home","item":"https:\/\/www.rxbriefcase.com\/"},{"@type":"ListItem","position":2,"name":"Orders"}]},{"@type":"WebSite","@id":"https:\/\/www.rxbriefcase.com\/#website","url":"https:\/\/www.rxbriefcase.com\/","name":"Mallette Rx","description":"","publisher":{"@id":"https:\/\/www.rxbriefcase.com\/#organization"},"potentialAction":[{"@type":"SearchAction","target":{"@type":"EntryPoint","urlTemplate":"https:\/\/www.rxbriefcase.com\/?s={search_term_string}"},"query-input":{"@type":"PropertyValueSpecification","valueRequired":true,"valueName":"search_term_string"}}],"inLanguage":"fr-CA"},{"@type":"Organization","@id":"https:\/\/www.rxbriefcase.com\/#organization","name":"Mallette Rx","url":"https:\/\/www.rxbriefcase.com\/","logo":{"@type":"ImageObject","inLanguage":"fr-CA","@id":"https:\/\/www.rxbriefcase.com\/#\/schema\/logo\/image\/","url":"https:\/\/www.rxbriefcase.com\/wp-content\/uploads\/2024\/07\/logo.webp","contentUrl":"https:\/\/www.rxbriefcase.com\/wp-content\/uploads\/2024\/07\/logo.webp","width":190,"height":36,"caption":"RxBriefCase"},"image":{"@id":"https:\/\/www.rxbriefcase.com\/#\/schema\/logo\/image\/"}}]}},"_links":{"self":[{"href":"https:\/\/www.rxbriefcase.com\/fr\/wp-json\/wp\/v2\/pages\/644","targetHints":{"allow":["GET"]}}],"collection":[{"href":"https:\/\/www.rxbriefcase.com\/fr\/wp-json\/wp\/v2\/pages"}],"about":[{"href":"https:\/\/www.rxbriefcase.com\/fr\/wp-json\/wp\/v2\/types\/page"}],"author":[{"embeddable":true,"href":"https:\/\/www.rxbriefcase.com\/fr\/wp-json\/wp\/v2\/users\/25"}],"replies":[{"embeddable":true,"href":"https:\/\/www.rxbriefcase.com\/fr\/wp-json\/wp\/v2\/comments?post=644"}],"version-history":[{"count":0,"href":"https:\/\/www.rxbriefcase.com\/fr\/wp-json\/wp\/v2\/pages\/644\/revisions"}],"wp:attachment":[{"href":"https:\/\/www.rxbriefcase.com\/fr\/wp-json\/wp\/v2\/media?parent=644"}],"curies":[{"name":"wp","href":"https:\/\/api.w.org\/{rel}","templated":true}]}}